{"id":70,"date":"2024-04-04T04:32:47","date_gmt":"2024-04-04T01:32:47","guid":{"rendered":"https:\/\/sisu.ut.ee\/teadustoo_alused\/teaduslik-ja-tavamotlemine\/"},"modified":"2024-04-17T16:12:40","modified_gmt":"2024-04-17T13:12:40","slug":"teaduslik-ja-tavamotlemine","status":"publish","type":"page","link":"https:\/\/sisu.ut.ee\/teadustoo_alused\/teaduslik-ja-tavamotlemine\/","title":{"rendered":"Teaduslik ja tavam\u00f5tlemine"},"content":{"rendered":"<p style=\"text-align: justify;\">K\u00f5ikidest maailma m\u00f5istmise viisidest on tavam\u00f5tlemine inimese jaoks k\u00f5ige tavalisem, igap\u00e4evasem. Seega on teadusliku m\u00f5tlemise iseloomustamiseks sobilik v\u00f5rrelda teaduslikku ja tavam\u00f5tlemist.<br>1. Teaduslik teadmine on ideaalis s\u00fcsteemne, p\u00fc\u00fcab vastuolulisi arvamusi lepitada, v\u00e4lja selgitada milline arvamus on \u00f5ige. Tavateadmine sisaldab tihti arvamusi, mis on omavahel vastuolus, aga inimest see ei h\u00e4iri. Teadlast peab vastuolu h\u00e4irima.<br>2. Teaduslik teadmine on ideaalis kontrollitav, selline mille puhul saab kindlaks teha, kas see on t\u00f5ene v\u00f5i v\u00e4\u00e4r. Tavateadmine sisaldab tihti arvamusi, mida ei saa kuidagi t\u00f5estada ega \u00fcmber l\u00fckata. Just v\u00f5imalust olla \u00fcmber l\u00fckatud (falsifitseeritavust) peetakse teadusliku teadmise eriti oluliseks tunnuseks.<br>3. Teaduslik teadmine on ideaalis saadud kindlate protseduuride abil, mis on avalikult teada ja mida on v\u00f5imalik korrata. Tavateadmine sisaldab tihti arvamusi, mille p\u00e4ritolu on arvamuse omanikule ebaselge, ta ei tea, miks ta arvab just seda mida ta arvab. Teadlane peab alati oskama p\u00f5hjendada, miks ta just seda arvab, mida ta arvab.<\/p>\n<p>Tavam\u00f5tlemine ja teaduslik m\u00f5tlemine l\u00e4hevad aeg ajalt omavahel konflikti, sest teadus v\u00f5ib tulla v\u00e4lja v\u00e4idetega, mida tavam\u00f5tlemine ei suuda uskuda v\u00f5i mis olid juba varem tavateadmise osaks. M\u00f5lemad olukorrad v\u00f5ivad tavainimesele j\u00e4tta mulje, nagu poleks teadusest mingit kasu. Kuidas sellisele kriitikale reaageerida, kuidas veenda \u00fcmber teaduse m\u00f5ttekuses kahtlevat tavainimest? Videoloeng pakub selleks m\u00f5ned juhtn\u00f6\u00f6rid.<\/p>\n<p style=\"text-align: justify;\">Siin on \u00fcks n\u00e4ide sellest, kuidas inimeste tavateadmised ei l\u00e4he kokku teaduslike uuringute tulemustega, ja milliseid halbu tagaj\u00e4rgi see v\u00f5ib esile kutsuda. Maria Murumaa-Mengel \u201c100 sekundi video: meedialood kallutavad netiperverdi kuvandi \u00e4\u00e4rmusesse\u201d.<\/p>\n<p style=\"text-align: justify;\"><a title=\"\" href=\"https:\/\/novaator.err.ee\/259843\/100-sekundi-video-meedialood-kallutavad-netiperverdi-kuvandi-aarmusesse\" target=\"_blank\" rel=\"noopener\" data-url=\"https:\/\/novaator.err.ee\/259843\/100-sekundi-video-meedialood-kallutavad-netiperverdi-kuvandi-aarmusesse\">https:\/\/novaator.err.ee\/259843\/100-sekundi-video-meedialood-kallutavad-netiperverdi-kuvandi-aarmusesse<\/a><\/p>\n<p style=\"text-align: justify;\">P\u00f5hjalikuma \u00fclevaate teadusliku ja tavam\u00f5tlemise erinevustest annab Andu R\u00e4mmeri artikkel \u201cSotsioloogiline vaatekoht ja common sense\u201d.<\/p>\n<p>\u00a0<\/p>\n\n\n<div class=\"wp-block-group attached-files-group is-layout-constrained wp-block-group-is-layout-constrained\">\n<div class=\"wp-block-file\"><a id=\"wp-block-file--media-2fc97569-6518-43dd-b72f-746ec5f64794\" href=\"https:\/\/sisu.ut.ee\/wp-content\/uploads\/sites\/290\/andu_rammer_-_sotsioloogiline_vaatekoht_ja_common_sense.pdf\" target=\"_blank\" rel=\"noreferrer noopener\">andu_rammer_-_sotsioloogiline_vaatekoht_ja_common_sense.pdf<\/a><\/div>\n<\/div>\n","protected":false},"excerpt":{"rendered":"<p>K\u00f5ikidest maailma m\u00f5istmise viisidest on tavam\u00f5tlemine inimese jaoks k\u00f5ige tavalisem, igap\u00e4evasem. Seega on teadusliku m\u00f5tlemise iseloomustamiseks sobilik v\u00f5rrelda teaduslikku ja tavam\u00f5tlemist.1. Teaduslik teadmine on ideaalis s\u00fcsteemne, p\u00fc\u00fcab vastuolulisi arvamusi lepitada, v\u00e4lja selgitada milline arvamus on \u00f5ige. Tavateadmine sisaldab tihti arvamusi, &#8230;<\/p>\n","protected":false},"author":3,"featured_media":0,"parent":0,"menu_order":0,"comment_status":"closed","ping_status":"closed","template":"","meta":{"_acf_changed":false,"inline_featured_image":false,"footnotes":""},"class_list":["post-70","page","type-page","status-publish","hentry"],"acf":[],"_links":{"self":[{"href":"https:\/\/sisu.ut.ee\/teadustoo_alused\/wp-json\/wp\/v2\/pages\/70","targetHints":{"allow":["GET"]}}],"collection":[{"href":"https:\/\/sisu.ut.ee\/teadustoo_alused\/wp-json\/wp\/v2\/pages"}],"about":[{"href":"https:\/\/sisu.ut.ee\/teadustoo_alused\/wp-json\/wp\/v2\/types\/page"}],"author":[{"embeddable":true,"href":"https:\/\/sisu.ut.ee\/teadustoo_alused\/wp-json\/wp\/v2\/users\/3"}],"replies":[{"embeddable":true,"href":"https:\/\/sisu.ut.ee\/teadustoo_alused\/wp-json\/wp\/v2\/comments?post=70"}],"version-history":[{"count":3,"href":"https:\/\/sisu.ut.ee\/teadustoo_alused\/wp-json\/wp\/v2\/pages\/70\/revisions"}],"predecessor-version":[{"id":277,"href":"https:\/\/sisu.ut.ee\/teadustoo_alused\/wp-json\/wp\/v2\/pages\/70\/revisions\/277"}],"wp:attachment":[{"href":"https:\/\/sisu.ut.ee\/teadustoo_alused\/wp-json\/wp\/v2\/media?parent=70"}],"curies":[{"name":"wp","href":"https:\/\/api.w.org\/{rel}","templated":true}]}}