{"id":68,"date":"2024-04-04T04:32:47","date_gmt":"2024-04-04T01:32:47","guid":{"rendered":"https:\/\/sisu.ut.ee\/teadustoo_alused\/teadlase-eetika-0\/"},"modified":"2024-04-04T04:33:10","modified_gmt":"2024-04-04T01:33:10","slug":"teadlase-eetika-0","status":"publish","type":"page","link":"https:\/\/sisu.ut.ee\/teadustoo_alused\/teadlase-eetika-0\/","title":{"rendered":"Teadlase eetika"},"content":{"rendered":"<p><strong>Teadlase eetika<\/strong> tegeleb teadlase professiooniga seotud eetiliste normidega. Teadlase eetika p\u00f5hik\u00fcsimus on, milliseid eetilisi norme ja v\u00e4\u00e4rtusi teadlane oma t\u00f6\u00f6s peaks j\u00e4rgima.<\/p>\n<p>Kuna t\u00e4nap\u00e4eva \u00fchiskondlike institutsioonide areng ei pruugi suuta teaduse ja tehnika arenguga sammu pidada, on teadlase isikliku vastutuse ja eetika k\u00fcsimused muutunud eriti olulisteks. Selleks, et teadus saaks areneda, peab \u00fchiskonnal ja teistel teadlastel olema v\u00f5imalik usaldada, et teadlased on ausad ja teadustulemused t\u00f5esed. Teadlase eetika k\u00e4sitleb nii teadlaste omavahelisi suhteid, kui suhteid \u00fchiskonnaga ning teadlase rolli \u00f5petaja, \u00f5pilase ja eksperdina.<\/p>\n<p>Teadlane juhindub oma t\u00f6\u00f6s <em>headest teadustavadest<\/em>. Ta seisab hea selle eest, et \u00fchiskond teadust v\u00e4\u00e4rtustaks. Oluline on p\u00f6\u00f6rata t\u00e4helepanu m\u00e4rks\u00f5nadele nagu ausus ja konfidentsiaalsus, kompetentsus ja professionaalsus. Loomulikult on keelatud andmete v\u00f5ltsimine ja meelevaldne v\u00f5i omakasup\u00fc\u00fcdlik t\u00f5lgendamine. Teadusloome on j\u00e4tkuv protsess, niisiis peab teadlane suhtuma kriitiliselt oma teadust\u00f6\u00f6 tulemustesse ning olema valmis uute asjaolude valguses oma varasemaid saavutusi \u00fcmber hindama.<\/p>\n<p>Suhetes teiste teadlastega, peaks teadlane suhtuma oma kolleegidesse tolerantselt ja tervitama teiste edu. Teise teadlase p\u00e4devuse v\u00f5ib kahtluse alla seada ainult argumenteeritud t\u00f5estuse p\u00f5hjal. Teadlane peab l\u00e4htuma v\u00f5rd\u00f5iguslikkuse printsiibist, igasugune diskrimineerimine rassilisel, rahvuslikul, poliitilisel, soolisel vm alusel on lubamatu. Juhendaja n\u00e4iteks laborijuhatajana, ei tohi oma positsiooni \u00e4ra kasutada, ta peab suhtuma oma \u00f5pilastesse (ja \u00f5petajatesse) lugupidamisega. Teadlane ei tohi esitada \u00f5pilaste uurimistulemusi v\u00f5i ideid enda omadena, ta peab innustama \u00f5pilaste iseseisvat kriitilist m\u00f5tlemist ning austama nende \u00f5igust avaldada vaba arvamust. Eksperdina v\u00f5ib teadlane esineda vaid oma p\u00e4devuse piirides ning teostada iga ekspertiisi erapooletult ja vastutustundega.<\/p>\n<p>Teadlane vastutab moraalselt oma tegevuse eest, mis v\u00f5ib oluliselt m\u00f5jutada inimkonna, keskkonna, riigi v\u00f5i \u00fcksikute sotsiaalsete institutsioonide arengut. Kui v\u00e4hegi v\u00f5imalik, on teadlase kohus kindlustada, et tema uurimist\u00f6\u00f6 tulemusi kasutatakse \u00fchiskonna ja keskkonna huvides.<\/p>\n<p>Eesti teadlaste eetikakoodeksi eesm\u00e4rk on s\u00f5nastada ja teadvustada need \u00fcldised eetilised printsiibid, millest iga teadlane peab oma tegevuses juhinduma.<\/p>\n<p>L\u00e4hemalt saab eetikakoodeksiga tutvuda siin:<a href=\"http:\/\/www.akadeemia.ee\/_repository\/File\/ALUSDOKUD\/Eetikakoodeks2002.pdf\" target=\"_blank\" rel=\"noopener\"> http:\/\/www.akadeemia.ee\/_repository\/File\/ALUSDOKUD\/Eetikakoodeks2002.pdf<\/a><\/p>\n<p><strong>Hea teadustava<\/strong>\u00a0eesm\u00e4rk on toetada heade tavade tundma\u00f5ppimist, omaksv\u00f5tmist ja juurdumist Eesti teaduskogukonnas. Hea teadustava kirjeldab, millist k\u00e4itumist teadlastelt oodatakse ning missugune on teadusasutuse vastutus hea teaduse tagamisel, aidates n\u00f5nda suurendada teaduse usaldusv\u00e4\u00e4rsust \u00fcksikisiku ja \u00fcldsuse silmis.<\/p>\n<p>Hea teadustavaga on v\u00f5imalik tutvuda siin: <a href=\"https:\/\/www.eetika.ee\/sites\/default\/files\/www_ut\/hea_teadustava_trukis.pdf\" target=\"_blank\" rel=\"noopener\">https:\/\/www.eetika.ee\/sites\/default\/files\/www_ut\/hea_teadustava_trukis.pdf<\/a><\/p>\n<p>Hea teadustava raamdokument on juhiseks k\u00f5igile Eesti teadusasutustele ja neis t\u00f6\u00f6tavatele teadlastele. Teadusasutuse \u00fclesandeks on korraldada oma organisatsioonis hea teadustava rakendamine, m\u00f5eldes l\u00e4bi, kuidas suurendada teadlikkust hea teadustava p\u00f5him\u00f5tetest, seirata teaduskeskkonda ja vajadusel sekkuda ning menetleda v\u00e4\u00e4rk\u00e4itumise kahtlusega juhtumeid. Teadusasutuste tavade \u00fchtlustamiseks kutsume teadusasutusi oma protseduurireeglite ja eeskirjade v\u00e4ljat\u00f6\u00f6tamisel koost\u00f6\u00f6d tegema.<\/p>\n<p><strong>Kasutatud kirjandus:<\/strong><\/p>\n<p>T\u00dc Eetikaveeb\u00a0<a href=\"https:\/\/www.eetika.ee\/\" target=\"_blank\" rel=\"noopener\">https:\/\/www.eetika.ee\/<\/a><\/p>\n<p>Eesti Teadusagentuur\u00a0<a href=\"http:\/\/www.etag.ee\/tegevused\/teemad\/teaduseetika\" target=\"_blank\" rel=\"noopener\">www.etag.ee\/tegevused\/teemad\/teaduseetika<\/a><\/p>\n","protected":false},"excerpt":{"rendered":"<p>Teadlase eetika tegeleb teadlase professiooniga seotud eetiliste normidega. Teadlase eetika p\u00f5hik\u00fcsimus on, milliseid eetilisi norme ja v\u00e4\u00e4rtusi teadlane oma t\u00f6\u00f6s peaks j\u00e4rgima. Kuna t\u00e4nap\u00e4eva \u00fchiskondlike institutsioonide areng ei pruugi suuta teaduse ja tehnika arenguga sammu pidada, on teadlase isikliku vastutuse &#8230;<\/p>\n","protected":false},"author":3,"featured_media":0,"parent":0,"menu_order":0,"comment_status":"closed","ping_status":"closed","template":"","meta":{"_acf_changed":false,"inline_featured_image":false,"footnotes":""},"class_list":["post-68","page","type-page","status-publish","hentry"],"acf":[],"_links":{"self":[{"href":"https:\/\/sisu.ut.ee\/teadustoo_alused\/wp-json\/wp\/v2\/pages\/68","targetHints":{"allow":["GET"]}}],"collection":[{"href":"https:\/\/sisu.ut.ee\/teadustoo_alused\/wp-json\/wp\/v2\/pages"}],"about":[{"href":"https:\/\/sisu.ut.ee\/teadustoo_alused\/wp-json\/wp\/v2\/types\/page"}],"author":[{"embeddable":true,"href":"https:\/\/sisu.ut.ee\/teadustoo_alused\/wp-json\/wp\/v2\/users\/3"}],"replies":[{"embeddable":true,"href":"https:\/\/sisu.ut.ee\/teadustoo_alused\/wp-json\/wp\/v2\/comments?post=68"}],"version-history":[{"count":1,"href":"https:\/\/sisu.ut.ee\/teadustoo_alused\/wp-json\/wp\/v2\/pages\/68\/revisions"}],"predecessor-version":[{"id":205,"href":"https:\/\/sisu.ut.ee\/teadustoo_alused\/wp-json\/wp\/v2\/pages\/68\/revisions\/205"}],"wp:attachment":[{"href":"https:\/\/sisu.ut.ee\/teadustoo_alused\/wp-json\/wp\/v2\/media?parent=68"}],"curies":[{"name":"wp","href":"https:\/\/api.w.org\/{rel}","templated":true}]}}