{"id":64,"date":"2024-04-04T04:32:47","date_gmt":"2024-04-04T01:32:47","guid":{"rendered":"https:\/\/sisu.ut.ee\/teadustoo_alused\/tulemuste-tolgendamine-jareldused-ja-diskussioon\/"},"modified":"2024-04-04T04:33:10","modified_gmt":"2024-04-04T01:33:10","slug":"tulemuste-tolgendamine-jareldused-ja-diskussioon","status":"publish","type":"page","link":"https:\/\/sisu.ut.ee\/teadustoo_alused\/tulemuste-tolgendamine-jareldused-ja-diskussioon\/","title":{"rendered":"Tulemuste t\u00f5lgendamine, j\u00e4reldused ja diskussioon"},"content":{"rendered":"<p>Nii m\u00f5neski tudengit\u00f6\u00f6s on j\u00e4\u00e4nud sisu poolest kehvakeseks oluline peat\u00fckk \u201eJ\u00e4reldused ja diskussioon\u201c , sest kuigi eelnevalt on tehtud igati korrektne andmekogumine ning anal\u00fc\u00fcs ning ka tulemused on h\u00e4sti esitatud, ei ole jaksu v\u00f5i oskusi j\u00e4tkunud tulemuste t\u00f5lgendamiseks.<\/p>\n<p>Tulemuste t\u00f5lgendamine t\u00e4hendabki, et teadust\u00f6\u00f6 ei l\u00f5pe tulemuste esitamisega, vaid tulemused tuleb ka lahti m\u00f5testada, v\u00f5rrelda varasemate uuringute tulemustega ning teha omapoolsed j\u00e4reldused.\u00a0 J\u00e4rgnev tulemuste t\u00f5lgendamise abik\u00fcsimused on koostatud raamatu \u201eTeadust\u00f6\u00f6 alused\u201c (Aarma ja Kalle, \u00a02003: 65) vastava loetelu p\u00f5hjal.<\/p>\n<ul>\n<li>Mida saadud tulemused tegelikult n\u00e4itavad?<\/li>\n<li>Kas tulemused on usaldusv\u00e4\u00e4rsed?<\/li>\n<li>Mida valitud meetodid ei v\u00f5imaldanud teada saada?<\/li>\n<li>Milline on sedastatud teadusfaktide m\u00f5jusf\u00e4\u00e4r?<\/li>\n<li>Kas t\u00f6\u00f6h\u00fcpotees leidis kinnitust v\u00f5i mitte?<\/li>\n<li>Milline on saadud tulemuste seos (koosk\u00f5la) varem teatuga, varasemate uurimustega?<\/li>\n<li>Millisel m\u00e4\u00e4ral on saadud tulemused vastuolus varasematega, millest vastuolud on tingitud?<\/li>\n<li>Milles seisneb sedastatud teadusfaktide uudsus ja teoreetiline v\u00e4\u00e4rtus?<\/li>\n<li>Millised on t\u00f6\u00f6 p\u00f5hilised j\u00e4reldused?<\/li>\n<li>Kuidas saab tulemusi rakendada (rakenduslike t\u00f6\u00f6de puhul)? \u00a0Millised on ettepanekud ja soovitused?<\/li>\n<li>Mida teada ei saanud, kuhu j\u00e4id l\u00fcngad? Kuidas antud teemat peaks edasi uurima?<\/li>\n<\/ul>\n\n<p align=\"left\">\n<\/p>","protected":false},"excerpt":{"rendered":"<p>Nii m\u00f5neski tudengit\u00f6\u00f6s on j\u00e4\u00e4nud sisu poolest kehvakeseks oluline peat\u00fckk \u201eJ\u00e4reldused ja diskussioon\u201c , sest kuigi eelnevalt on tehtud igati korrektne andmekogumine ning anal\u00fc\u00fcs ning ka tulemused on h\u00e4sti esitatud, ei ole jaksu v\u00f5i oskusi j\u00e4tkunud tulemuste t\u00f5lgendamiseks. Tulemuste t\u00f5lgendamine &#8230;<\/p>\n","protected":false},"author":3,"featured_media":0,"parent":0,"menu_order":0,"comment_status":"closed","ping_status":"closed","template":"","meta":{"_acf_changed":false,"inline_featured_image":false,"footnotes":""},"class_list":["post-64","page","type-page","status-publish","hentry"],"acf":[],"_links":{"self":[{"href":"https:\/\/sisu.ut.ee\/teadustoo_alused\/wp-json\/wp\/v2\/pages\/64","targetHints":{"allow":["GET"]}}],"collection":[{"href":"https:\/\/sisu.ut.ee\/teadustoo_alused\/wp-json\/wp\/v2\/pages"}],"about":[{"href":"https:\/\/sisu.ut.ee\/teadustoo_alused\/wp-json\/wp\/v2\/types\/page"}],"author":[{"embeddable":true,"href":"https:\/\/sisu.ut.ee\/teadustoo_alused\/wp-json\/wp\/v2\/users\/3"}],"replies":[{"embeddable":true,"href":"https:\/\/sisu.ut.ee\/teadustoo_alused\/wp-json\/wp\/v2\/comments?post=64"}],"version-history":[{"count":1,"href":"https:\/\/sisu.ut.ee\/teadustoo_alused\/wp-json\/wp\/v2\/pages\/64\/revisions"}],"predecessor-version":[{"id":201,"href":"https:\/\/sisu.ut.ee\/teadustoo_alused\/wp-json\/wp\/v2\/pages\/64\/revisions\/201"}],"wp:attachment":[{"href":"https:\/\/sisu.ut.ee\/teadustoo_alused\/wp-json\/wp\/v2\/media?parent=64"}],"curies":[{"name":"wp","href":"https:\/\/api.w.org\/{rel}","templated":true}]}}