{"id":63,"date":"2024-04-04T04:32:47","date_gmt":"2024-04-04T01:32:47","guid":{"rendered":"https:\/\/sisu.ut.ee\/teadustoo_alused\/andmekogumine-andmeanaluus-ja-tulemuste-esitamine-kvalitatiivuuringus\/"},"modified":"2024-04-17T16:31:33","modified_gmt":"2024-04-17T13:31:33","slug":"andmekogumine-andmeanaluus-ja-tulemuste-esitamine-kvalitatiivuuringus","status":"publish","type":"page","link":"https:\/\/sisu.ut.ee\/teadustoo_alused\/andmekogumine-andmeanaluus-ja-tulemuste-esitamine-kvalitatiivuuringus\/","title":{"rendered":"Andmekogumine, andmeanal\u00fc\u00fcs ja tulemuste esitamine kvalitatiivuuringus"},"content":{"rendered":"<p>Kogutavad andmed nii kvantitatiiv- kui kvalitatiivuuringu puhul v\u00f5ivad olla <a href=\"#\" data-bs-toggle=\"modal\" data-bs-target=\"#popup-modal\" data-title=\"esmased\" data-content=\"esmased andmed &amp;#8211; uurija poolt ise kogutud andmed\">esmased<\/a>, <a href=\"#\" data-bs-toggle=\"modal\" data-bs-target=\"#popup-modal\" data-title=\"teisesed\" data-content=\"teisesed \u2013 teiste teadlaste poolt kogutud andmed\">teisesed<\/a> v\u00f5i <a href=\"#\" data-bs-toggle=\"modal\" data-bs-target=\"#popup-modal\" data-title=\"kolmandased\" data-content=\"kolmandased \u2013 teiste teadlase poolt anal\u00fc\u00fcsitud andmed\">kolmandased<\/a>. Alati tasub k\u00f5igepealt kindlaks teha, kas ehk vajalik andmestik on kusagil olemas.<\/p>\n<p><strong>Enimkasutatavad esmaste andmete kogumismeetodid kvalitatiivuuringutes<\/strong><\/p>\n<ul>\n<li>Intervjuud\n<ul>\n<li>Standardiseerimata<\/li>\n<li>Struktureeritud v\u00f5i semi-struktureeritud<\/li>\n<li>Struktureerimata ehk s\u00fcvaintervjuud<\/li>\n<\/ul>\n<\/li>\n<li>Intervjuud info andja t\u00fc\u00fcbi kohaselt\n<ul>\n<li>Informandi-intervjuud v\u00f5i ekspertintervjuud<\/li>\n<li>Individuaalintervjuud v\u00f5i grupiintervjuud (fookusgrupp)<\/li>\n<\/ul>\n<\/li>\n<li>Vaatlused\n<ul>\n<li>Varjatud v\u00f5i avalikud<\/li>\n<li>Mitteosalevad (j\u00e4lgimine) v\u00f5i osalusvaatlused<\/li>\n<li>Struktureeritud v\u00f5i\u00a0 struktureerimata vaatlused<\/li>\n<\/ul>\n<\/li>\n<li>Dokumendid<\/li>\n<li>Etnograafia<\/li>\n<li>Juhtumiuuringud<\/li>\n<\/ul>\n<p><strong>Andmete anal\u00fc\u00fcs kvalitatiivuuringus<\/strong><\/p>\n<p>Kvalitatiivsete andmete anal\u00fc\u00fcsiks kasutatakse mitmeid meetodeid, millest \u00fcks tuntum on kvalitatiivne sisuanal\u00fc\u00fcs. Huvi korral saad tutvuda selle ja teiste sobivate meetoditega \u00f5pibaasi <a href=\"http:\/\/samm.ut.ee\/kvalitatiivne-sisuanalyys\" target=\"_blank\" rel=\"noopener\">SAMM<\/a> vahendusel.<\/p>\n<p><strong>Tulemuste esitamine kvalitatiivuuringus<\/strong><\/p>\n<p>Kvalitatiivse andmestiku puhul esitakse tulemused\u00a0tavaliselt tekstina t\u00f6\u00f6 eraldi peat\u00fckis uurimisk\u00fcsimuste kaupa. N\u00f5utav oma v\u00e4idete t\u00f5estamine n\u00e4idetega (n\u00e4iteks tsitaadid intervjuudest). Hoidutakse arvulistest v\u00f5rdlustest, st <span style=\"text-decoration: underline;\">ei kasutata<\/span> selliseid v\u00e4ljendeid nagu \u201ck\u00f5ige rohkem\u201d, \u201ck\u00f5ige v\u00e4hem\u201d, \u201ck\u00fcmnendik\u00a0 vastanuist\u201d jne. Samuti ei tasu unustada, et tulemused kehtivad vaid konkreetse uuritud valimi piires ja neid ei tohi \u00fcldistada ega laiendada suurematele r\u00fchmadele.<\/p>\n<p>N\u00e4ide kvalitatiivsest uurimist\u00f6\u00f6st:<\/p>\n<p>Karn\u00f6,\u00a0\u00a0 C.\u00a0\u00a0 (2016). <em>Eesti\u00a0 noorte kokkupuude \u00a0pornograafilise\u00a0 meediasisuga\u00a0 ning\u00a0 seonduvad\u00a0 p\u00e4devused:\u00a0 ekspertide hinnangud.<\/em> Bakalaureuset\u00f6\u00f6. Tartu\u00a0\u00a0\u00a0 \u00dclikool, \u00a0\u00fchiskonnateaduste instituut. <a href=\"http:\/\/dspace.ut.ee\/handle\/10062\/52022\" target=\"_blank\" rel=\"noopener\">http:\/\/dspace.ut.ee\/handle\/10062\/52022<\/a><\/p>\n<div class=\"os-think\"><img loading=\"lazy\" decoding=\"async\" width=\"227\" height=\"221\" class=\"alignnone wp-image-87\" title=\"motlemisulesanne-01-03.png\" src=\"https:\/\/sisu.ut.ee\/wp-content\/uploads\/sites\/290\/motlemisulesanne-01-03.png\" alt=\"motlemisulesanne-01-03.png\"><strong>M\u00f5tlemis\u00fclesanne<\/strong><\/div>\n<p><\/p><div class=\"accordion mb-3\">\n        <div class=\"accordion-item accordion-item--white\">\n        <h2 class=\"accordion-header\" id=\"accordion-69decd26b0b32-heading\">\n            <button class=\"accordion-button collapsed\" type=\"button\" data-bs-toggle=\"collapse\" data-bs-target=\"#accordion-69decd26b0b32-collapse\" aria-expanded=\"true\" aria-controls=\"accordion-69decd26b0b32-collapse\"> Tutvu Carmen Karn\u00f6 bakalaureuset\u00f6\u00f6ga\u00a0 ja tee selgeks a) kes kuulusid valimisse b) milline oli valimi moodustamise viis c) millist meetodit kasutati andmekogumiseks b) millist meetodit kasutati andmete anal\u00fc\u00fcsiks <\/button>\n        <\/h2>\n        <div id=\"accordion-69decd26b0b32-collapse\" class=\"accordion-collapse collapse\" aria-labelledby=\"accordion-69decd26b0b32-heading\">\n            <div class=\"accordion-body\">\n<ol style=\"list-style-type: lower-alpha;\">\n<li>\u00f5petajad, n\u00f5ustajad, koolitajad \u2013 kokku 8 eksperti<\/li>\n<li>lumepallivalim, lisaks sihip\u00e4rane valim<\/li>\n<li>semi-struktureeritud ekspertintervjuud<\/li>\n<li>kvalitatiivne sisuanal\u00fc\u00fcs<\/li>\n<\/ol>\n<p><\/p><\/div>\n        <\/div>\n        <\/div>\n    <\/div>\n","protected":false},"excerpt":{"rendered":"<p>Kogutavad andmed nii kvantitatiiv- kui kvalitatiivuuringu puhul v\u00f5ivad olla , v\u00f5i . Alati tasub k\u00f5igepealt kindlaks teha, kas ehk vajalik andmestik on kusagil olemas. Enimkasutatavad esmaste andmete kogumismeetodid kvalitatiivuuringutes Intervjuud Standardiseerimata Struktureeritud v\u00f5i semi-struktureeritud Struktureerimata ehk s\u00fcvaintervjuud Intervjuud info andja &#8230;<\/p>\n","protected":false},"author":3,"featured_media":0,"parent":0,"menu_order":0,"comment_status":"closed","ping_status":"closed","template":"","meta":{"_acf_changed":false,"inline_featured_image":false,"footnotes":""},"class_list":["post-63","page","type-page","status-publish","hentry"],"acf":[],"_links":{"self":[{"href":"https:\/\/sisu.ut.ee\/teadustoo_alused\/wp-json\/wp\/v2\/pages\/63","targetHints":{"allow":["GET"]}}],"collection":[{"href":"https:\/\/sisu.ut.ee\/teadustoo_alused\/wp-json\/wp\/v2\/pages"}],"about":[{"href":"https:\/\/sisu.ut.ee\/teadustoo_alused\/wp-json\/wp\/v2\/types\/page"}],"author":[{"embeddable":true,"href":"https:\/\/sisu.ut.ee\/teadustoo_alused\/wp-json\/wp\/v2\/users\/3"}],"replies":[{"embeddable":true,"href":"https:\/\/sisu.ut.ee\/teadustoo_alused\/wp-json\/wp\/v2\/comments?post=63"}],"version-history":[{"count":3,"href":"https:\/\/sisu.ut.ee\/teadustoo_alused\/wp-json\/wp\/v2\/pages\/63\/revisions"}],"predecessor-version":[{"id":296,"href":"https:\/\/sisu.ut.ee\/teadustoo_alused\/wp-json\/wp\/v2\/pages\/63\/revisions\/296"}],"wp:attachment":[{"href":"https:\/\/sisu.ut.ee\/teadustoo_alused\/wp-json\/wp\/v2\/media?parent=63"}],"curies":[{"name":"wp","href":"https:\/\/api.w.org\/{rel}","templated":true}]}}