{"id":62,"date":"2024-04-04T04:32:47","date_gmt":"2024-04-04T01:32:47","guid":{"rendered":"https:\/\/sisu.ut.ee\/teadustoo_alused\/valimid-kvalitatiivses-uuringus\/"},"modified":"2024-04-04T04:33:10","modified_gmt":"2024-04-04T01:33:10","slug":"valimid-kvalitatiivses-uuringus","status":"publish","type":"page","link":"https:\/\/sisu.ut.ee\/teadustoo_alused\/valimid-kvalitatiivses-uuringus\/","title":{"rendered":"Valimid kvalitatiivses uuringus"},"content":{"rendered":"<p>\n\tTuleta meelde, mis vahe on \u00a0m\u00f5istetel\u00a0<a href=\"#\" data-bs-toggle=\"modal\" data-bs-target=\"#popup-modal\" data-title=\"populatsioon\" data-content=\"Populatsioon \u2013 kogum k\u00f5igist teatud kriteeriumidele vastavatest juhtumitest\">populatsioon<\/a> (ehk \u00fcldkogum) ja <a href=\"#\" data-bs-toggle=\"modal\" data-bs-target=\"#popup-modal\" data-title=\"valim\" data-content=\"Valim \u2013 valik populatsioonist, mille p\u00f5hjal tahame teha \u00fcldistusi populatsiooni kohta\">valim<\/a>. Loe nende m\u00f5istete kohta t\u00e4pemalt Mikko Lagerspetzi \u00f5piku\u00a0(2017) alapeat\u00fckist \u201eErisugused valimid\u201c\u00a0 (lk 168).\n<\/p>\n<p>\n\tKvalitatiivuuringutes kasutatakse valimite moodustamisel mittet\u00f5en\u00e4osuslikke valimi koostamise viise. \u00a0Valik tehakse mingi kriteeriumi alusel, milleks v\u00f5ib olla kas uuritavate sarnasus v\u00f5i erinevus,\u00a0 v\u00f5i p\u00fc\u00fctakse hoopis saada \u00fchte valimisse nii t\u00fc\u00fcpilisi kui ekstreemseid juhtumeid. M\u00f5nikord aga moodustatakse valim lihtsalt nendest, kes on uurijale mugavalt k\u00e4ttesaadavad. Nii et reeglid pole v\u00e4ga ranged, kuid valikud peavad olema sellegipoolest p\u00f5hjendatud.\n<\/p>\n<p>\n\tValimid kvalitatiivuuringutes ei ole tavaliselt arvuliselt suured. Sageli k\u00fcsitakse, mitu inimest v\u00f5i \u00fcksikjuhtumit on piisav kvalitatiivuuringu puhul valimisse v\u00f5tta. T\u00e4pset vastust ei ole. Kvalitatiivuuringute puhul k\u00e4ib sageli andmekogumine ja -anal\u00fc\u00fcs paralleelselt ning kui andmestikust enam midagi uut ei ilmne, v\u00f5ib ka andmekogumise l\u00f5petada. Kas selleks oli vaja teha 5 v\u00f5i 15 intervjuud, ei saa t\u00e4pselt ette \u00f6elda.\n<\/p>\n<p>\n\tMittet\u00f5en\u00e4osuslikest valimi moodustamise viisidest on tuntumad mugavusvalim, sihip\u00e4rane valim, lumepallivalim ning kvootvalim. T\u00e4psemat loe mittet\u00f5en\u00e4osuslike valimite kohta\u00a0\u00f5pibaasist <a href=\"http:\/\/samm.ut.ee\/valimid\" target=\"_blank\" rel=\"noopener\">SAMM<\/a> ja\u00a0Mikko Lagerspetzi \u00f5piku (2017) alapeat\u00fckist \u201eErisugused valimid\u201c\u00a0 lk\u00a0171-175.\n<\/p>\n<p>\n\t\u00a0\n<\/p>\n<p>\n\t\u00a0\n<\/p>\n<p>\n\t\u00a0\n<\/p>\n<p>\n\t\u00a0<\/p>\n","protected":false},"excerpt":{"rendered":"<p>Tuleta meelde, mis vahe on \u00a0m\u00f5istetel\u00a0 (ehk \u00fcldkogum) ja . Loe nende m\u00f5istete kohta t\u00e4pemalt Mikko Lagerspetzi \u00f5piku\u00a0(2017) alapeat\u00fckist \u201eErisugused valimid\u201c\u00a0 (lk 168). Kvalitatiivuuringutes kasutatakse valimite moodustamisel mittet\u00f5en\u00e4osuslikke valimi koostamise viise. \u00a0Valik tehakse mingi kriteeriumi alusel, milleks v\u00f5ib olla kas &#8230;<\/p>\n","protected":false},"author":3,"featured_media":0,"parent":0,"menu_order":0,"comment_status":"closed","ping_status":"closed","template":"","meta":{"_acf_changed":false,"inline_featured_image":false,"footnotes":""},"class_list":["post-62","page","type-page","status-publish","hentry"],"acf":[],"_links":{"self":[{"href":"https:\/\/sisu.ut.ee\/teadustoo_alused\/wp-json\/wp\/v2\/pages\/62","targetHints":{"allow":["GET"]}}],"collection":[{"href":"https:\/\/sisu.ut.ee\/teadustoo_alused\/wp-json\/wp\/v2\/pages"}],"about":[{"href":"https:\/\/sisu.ut.ee\/teadustoo_alused\/wp-json\/wp\/v2\/types\/page"}],"author":[{"embeddable":true,"href":"https:\/\/sisu.ut.ee\/teadustoo_alused\/wp-json\/wp\/v2\/users\/3"}],"replies":[{"embeddable":true,"href":"https:\/\/sisu.ut.ee\/teadustoo_alused\/wp-json\/wp\/v2\/comments?post=62"}],"version-history":[{"count":1,"href":"https:\/\/sisu.ut.ee\/teadustoo_alused\/wp-json\/wp\/v2\/pages\/62\/revisions"}],"predecessor-version":[{"id":199,"href":"https:\/\/sisu.ut.ee\/teadustoo_alused\/wp-json\/wp\/v2\/pages\/62\/revisions\/199"}],"wp:attachment":[{"href":"https:\/\/sisu.ut.ee\/teadustoo_alused\/wp-json\/wp\/v2\/media?parent=62"}],"curies":[{"name":"wp","href":"https:\/\/api.w.org\/{rel}","templated":true}]}}