{"id":60,"date":"2024-04-04T04:32:47","date_gmt":"2024-04-04T01:32:47","guid":{"rendered":"https:\/\/sisu.ut.ee\/teadustoo_alused\/kvalitatiivuuringu-labiviimine\/"},"modified":"2024-04-04T04:33:10","modified_gmt":"2024-04-04T01:33:10","slug":"kvalitatiivuuringu-labiviimine","status":"publish","type":"page","link":"https:\/\/sisu.ut.ee\/teadustoo_alused\/kvalitatiivuuringu-labiviimine\/","title":{"rendered":"Kvalitatiivuuringu l\u00e4biviimine"},"content":{"rendered":"<p>Selles alapeat\u00fckis tutvud\u00a0 kvalitatiivuuringu l\u00e4biviimise p\u00f5hit\u00f5dedega.<\/p>\n<p>M\u00e4rks\u00f5nad: induktiivne uurimistrateegia, ts\u00fckliline uurimisprotsess, mittet\u00f5en\u00e4osuslikud valimi moodustamise viisid, andmekogumine, andmeanal\u00fc\u00fcs ja tulemuste esitamine kvalitatiivuuringus.<\/p>\n","protected":false},"excerpt":{"rendered":"<p>Selles alapeat\u00fckis tutvud\u00a0 kvalitatiivuuringu l\u00e4biviimise p\u00f5hit\u00f5dedega. M\u00e4rks\u00f5nad: induktiivne uurimistrateegia, ts\u00fckliline uurimisprotsess, mittet\u00f5en\u00e4osuslikud valimi moodustamise viisid, andmekogumine, andmeanal\u00fc\u00fcs ja tulemuste esitamine kvalitatiivuuringus.<\/p>\n","protected":false},"author":3,"featured_media":0,"parent":0,"menu_order":0,"comment_status":"closed","ping_status":"closed","template":"","meta":{"_acf_changed":false,"inline_featured_image":false,"footnotes":""},"class_list":["post-60","page","type-page","status-publish","hentry"],"acf":[],"_links":{"self":[{"href":"https:\/\/sisu.ut.ee\/teadustoo_alused\/wp-json\/wp\/v2\/pages\/60","targetHints":{"allow":["GET"]}}],"collection":[{"href":"https:\/\/sisu.ut.ee\/teadustoo_alused\/wp-json\/wp\/v2\/pages"}],"about":[{"href":"https:\/\/sisu.ut.ee\/teadustoo_alused\/wp-json\/wp\/v2\/types\/page"}],"author":[{"embeddable":true,"href":"https:\/\/sisu.ut.ee\/teadustoo_alused\/wp-json\/wp\/v2\/users\/3"}],"replies":[{"embeddable":true,"href":"https:\/\/sisu.ut.ee\/teadustoo_alused\/wp-json\/wp\/v2\/comments?post=60"}],"version-history":[{"count":1,"href":"https:\/\/sisu.ut.ee\/teadustoo_alused\/wp-json\/wp\/v2\/pages\/60\/revisions"}],"predecessor-version":[{"id":197,"href":"https:\/\/sisu.ut.ee\/teadustoo_alused\/wp-json\/wp\/v2\/pages\/60\/revisions\/197"}],"wp:attachment":[{"href":"https:\/\/sisu.ut.ee\/teadustoo_alused\/wp-json\/wp\/v2\/media?parent=60"}],"curies":[{"name":"wp","href":"https:\/\/api.w.org\/{rel}","templated":true}]}}