{"id":6,"date":"2024-04-04T04:32:42","date_gmt":"2024-04-04T01:32:42","guid":{"rendered":"https:\/\/sisu.ut.ee\/teadustoo_alused\/teadusfilosoofia-pohikusimused\/"},"modified":"2024-04-17T16:18:56","modified_gmt":"2024-04-17T13:18:56","slug":"teadusfilosoofia-pohikusimused","status":"publish","type":"page","link":"https:\/\/sisu.ut.ee\/teadustoo_alused\/teadusfilosoofia-pohikusimused\/","title":{"rendered":"Teadusfilosoofia p\u00f5hik\u00fcsimused"},"content":{"rendered":"<p>Uurija teaduslik maailmavaade on seotud kahe peamise teadusfilosoofilise k\u00fcsimusega. Esimene neist k\u00e4sitleb teadmise olemust \u2013 mis\u00a0 on teadmine, kuidas teadmist saada ja millise vormi antud teadmine v\u00f5tab? ning teine reaalsuse olemust \u2013 milline oma olemuselt on reaalne ja objektiivne maailm, mida me uurime?. Neile kahele lisandub ka kolmas \u2013 eelmistega tihedalt seotud \u2013 k\u00fcsimus viisidest ja meetoditest, mille abil me vajaliku teadmiseni j\u00f5uame. Teadusfilosoofias nimetatakse neid vastavalt <strong>epistemoloogia<\/strong>ks (teadmisteooria), \u00a0<strong>ontoloogia<\/strong>ks (olemis\u00f5petus) ja <strong>metodoloogia<\/strong>ks (meetodi\u00f5petus).<\/p>\n<p>Arusaam teadmise olemusest varieerub kahe \u00e4\u00e4rmusliku seisukoha vahel:<\/p>\n<ol>\n<li>eksisteerib ainult \u00fcks t\u00f5ene ja inimesest s\u00f5ltumatu teadmine, mida on v\u00f5imalik saada reaalsuse vaatlemise, p\u00f5hjaliku kirjeldamise ja t\u00e4pse\u00a0 m\u00f5\u00f5tmise teel;<\/li>\n<li>teadmine saadakse uurides t\u00e4hendusi, mida inimesed tegelikkusele omistavad ja viise, kuidas nad seda teevad. Kuna sarnastele asjadele omistavad inimesed erinevaid t\u00e4hendusi, siis on ka teadmised subjektiivsed ning ei ole v\u00f5imalik \u00f6elda, et \u00fcks teadmine on \u00f5igem kui teine.<\/li>\n<\/ol>\n<p>Ka olemis\u00f5petuse sisu v\u00f5ib paigutada kahe \u00e4\u00e4rmuse vahele:<\/p>\n<ol>\n<li>reaalsus eksisteerib inimesest s\u00f5ltumatult ning on allutatud universaalsetele (loodus)seadustele (nt p\u00f5hjus-tagaj\u00e4rg seosed)<\/li>\n<li>reaalsus on alati tunnetuslik ja subjektiivne, pidevalt muutuv ja inimeste poolt konstrueeritud.<\/li>\n<\/ol>\n<p>S\u00f5ltuvalt sellest, kuidas me m\u00f5istame teadmist ja reaalsust, kasutame me ka erinevaid viise ja meetodeid teadmiseni j\u00f5udmiseks. Inimesest s\u00f5ltumatu reaalsuse kohta ainu\u00f5ige m\u00f5\u00f5detava t\u00f5e saamiseks kasutatakse kvantitatiivset l\u00e4henemist ning subjektiivse ja t\u00f5lgendusliku, inimeste poolt konstrueeritud\u00a0 reaalsuse selgitamiseks kvalitatiivset l\u00e4henemist (vt j\u00e4rgmised peat\u00fckid).<\/p>\n","protected":false},"excerpt":{"rendered":"<p>Uurija teaduslik maailmavaade on seotud kahe peamise teadusfilosoofilise k\u00fcsimusega. Esimene neist k\u00e4sitleb teadmise olemust \u2013 mis\u00a0 on teadmine, kuidas teadmist saada ja millise vormi antud teadmine v\u00f5tab? ning teine reaalsuse olemust \u2013 milline oma olemuselt on reaalne ja objektiivne maailm, &#8230;<\/p>\n","protected":false},"author":3,"featured_media":0,"parent":0,"menu_order":0,"comment_status":"closed","ping_status":"closed","template":"","meta":{"_acf_changed":false,"inline_featured_image":false,"footnotes":""},"class_list":["post-6","page","type-page","status-publish","hentry"],"acf":[],"_links":{"self":[{"href":"https:\/\/sisu.ut.ee\/teadustoo_alused\/wp-json\/wp\/v2\/pages\/6","targetHints":{"allow":["GET"]}}],"collection":[{"href":"https:\/\/sisu.ut.ee\/teadustoo_alused\/wp-json\/wp\/v2\/pages"}],"about":[{"href":"https:\/\/sisu.ut.ee\/teadustoo_alused\/wp-json\/wp\/v2\/types\/page"}],"author":[{"embeddable":true,"href":"https:\/\/sisu.ut.ee\/teadustoo_alused\/wp-json\/wp\/v2\/users\/3"}],"replies":[{"embeddable":true,"href":"https:\/\/sisu.ut.ee\/teadustoo_alused\/wp-json\/wp\/v2\/comments?post=6"}],"version-history":[{"count":2,"href":"https:\/\/sisu.ut.ee\/teadustoo_alused\/wp-json\/wp\/v2\/pages\/6\/revisions"}],"predecessor-version":[{"id":285,"href":"https:\/\/sisu.ut.ee\/teadustoo_alused\/wp-json\/wp\/v2\/pages\/6\/revisions\/285"}],"wp:attachment":[{"href":"https:\/\/sisu.ut.ee\/teadustoo_alused\/wp-json\/wp\/v2\/media?parent=6"}],"curies":[{"name":"wp","href":"https:\/\/api.w.org\/{rel}","templated":true}]}}