{"id":59,"date":"2024-04-04T04:32:46","date_gmt":"2024-04-04T01:32:46","guid":{"rendered":"https:\/\/sisu.ut.ee\/teadustoo_alused\/andmekogumine-andmeanaluus-ja-tulemuste-esitamine-kvantitatiivuuringus\/"},"modified":"2024-04-17T16:30:00","modified_gmt":"2024-04-17T13:30:00","slug":"andmekogumine-andmeanaluus-ja-tulemuste-esitamine-kvantitatiivuuringus","status":"publish","type":"page","link":"https:\/\/sisu.ut.ee\/teadustoo_alused\/andmekogumine-andmeanaluus-ja-tulemuste-esitamine-kvantitatiivuuringus\/","title":{"rendered":"Andmekogumine, andmeanal\u00fc\u00fcs ja tulemuste esitamine kvantitatiivuuringus"},"content":{"rendered":"<p>Kogutavad andmed nii kvantitatiivses kui kvalitatiivses uuringus v\u00f5ivad olla:<\/p>\n<ul>\n<li>esmased \u2013 uurija kogub andmeid ise<\/li>\n<li>\n<div>teisesed \u2013 andmed on kogutud teise teadlase poolt<\/div>\n<\/li>\n<li>\n<div>kolmandased \u2013 teise teadlase poolt anal\u00fc\u00fcsitud andmed<\/div>\n<\/li>\n<\/ul>\n<p>Alati tasub k\u00f5igepealt kindlaks teha, kas ehk vajalik andmestik on kusagil olemas, siis j\u00e4\u00e4b \u00e4ra vaevaline andmekogumisprotsess. Sotsiaalvaldkonna andmekogumeid vahendab n\u00e4iteks T\u00dc teadusandmete repositoorium <a href=\"http:\/\/datadoi.ut.ee\/handle\/33\/4\" target=\"_blank\" rel=\"noopener\">DataDOI<\/a>.<\/p>\n<p><strong>Enimkasutatavad esmaste andmete kogumismeetodid kvantitatiivuuringutes<br>\n<\/strong><\/p>\n<ul>\n<li>K\u00fcsitlused (k\u00fcsimustikku t\u00e4idab k\u00fcsitluse l\u00e4biviija)\n<ul>\n<li>N\u00e4ost-n\u00e4kku (standardiseeritud intervjuu)<\/li>\n<li>Telefonik\u00fcsitlus<\/li>\n<li>Omnibuss-k\u00fcsitlus<\/li>\n<\/ul>\n<\/li>\n<li>Ankeedid (vastaja ise t\u00e4idab)\n<ul>\n<li>Online-ankeedid<\/li>\n<li>Paberil<\/li>\n<li>Postitatud (postiga, e-postiga)<\/li>\n<\/ul>\n<\/li>\n<li>Eksperimendid<\/li>\n<li>Vaatlused (struktureeritud)<\/li>\n<li>Dokumendid<\/li>\n<li>Juhtumiuuringud<\/li>\n<\/ul>\n<p><strong>Andmete anal\u00fc\u00fcs kvantitatiivuuringus<\/strong><\/p>\n<p>Kvantitatiivseid andmeid anal\u00fc\u00fcsitakse <strong>statistilise andmeanal\u00fc\u00fcsi<\/strong> meetodite abil. V\u00e4ikesemahulise uuringu andmed saab edukalt anal\u00fc\u00fcsida m\u00f5ne tabelarvutusprogrammmi abil, millest tuntuim on Excel. Suurte andmestike puhul kasutatakse spetsiaalseid rakendusi nagu n\u00e4iteks SPSS v\u00f5i R.<\/p>\n<p><strong>Tulemuste esitamine kvantitatiivuuringus<\/strong><\/p>\n<div>Kvantitatiivse andmestiku puhul on n\u00f5utav tulemuste esitamine p\u00f5hitunnuste l\u00f5ikes tabelite v\u00f5i joonistena (kus on jaotused selgelt v\u00e4lja loetavad), kusjuures ainult olulisemad tulemused kirjutatakse lahti ka tekstis.\u00a0 Enamasti\u00a0esitatakse tulemused uurimist\u00f6\u00f6s eraldi peat\u00fckina, grupeerides tulemused uurimisk\u00fcsimuste kaupa alapeat\u00fckkidesse.<\/div>\n<div><\/div>\n<p>N\u00e4ide kvantitatiivuuringust:<em> \u00a0<\/em>Jeenas, P. (2010). <em>T\u00f6\u00f6koha leidmine sotsiaalsete v\u00f5rgustike abil: Eesti t\u00f6\u00f6j\u00f5u-uuringu tulemuste p\u00f5hjal.<\/em> Uurimist\u00f6\u00f6. Tartu \u00dclikool, rahvamajanduse instituut. \u00a0<a href=\"https:\/\/www.digar.ee\/arhiiv\/nlib-digar:110940\" target=\"_blank\" rel=\"noopener\">https:\/\/www.digar.ee\/arhiiv\/nlib-digar:110940<\/a><\/p>\n<div class=\"os-think\"><img loading=\"lazy\" decoding=\"async\" width=\"227\" height=\"221\" class=\"alignnone wp-image-87\" title=\"motlemisulesanne-01-03.png\" src=\"https:\/\/sisu.ut.ee\/wp-content\/uploads\/sites\/290\/motlemisulesanne-01-03.png\" alt=\"motlemisulesanne-01-03.png\"><strong>M\u00f5tlemis\u00fclesanne<\/strong><\/div>\n<p><\/p><div class=\"accordion mb-3\">\n        <div class=\"accordion-item accordion-item--white\">\n        <h2 class=\"accordion-header\" id=\"accordion-69decd2643607-heading\">\n            <button class=\"accordion-button collapsed\" type=\"button\" data-bs-toggle=\"collapse\" data-bs-target=\"#accordion-69decd2643607-collapse\" aria-expanded=\"true\" aria-controls=\"accordion-69decd2643607-collapse\"> Tutvu Priit Jeenase uurimist\u00f6\u00f6ga ja tee selgeks a) millisest uuringust p\u00e4rit andmeid on kasutatud t\u00f6\u00f6 empiirilises osas b) kes moodustavad Eesti t\u00f6\u00f6j\u00f5u-uuringu \u00fcldkogumi ehk populatsiooni c)\u00a0 Kas\u00a0Priit Jeenase t\u00f6\u00f6s anal\u00fc\u00fcsitavad andmed on esmased, teisesed v\u00f5i kolmandased? d) Millist meetodit kasutati andmete anal\u00fc\u00fcsiks? <\/button>\n        <\/h2>\n        <div id=\"accordion-69decd2643607-collapse\" class=\"accordion-collapse collapse\" aria-labelledby=\"accordion-69decd2643607-heading\">\n            <div class=\"accordion-body\">\n<ol style=\"list-style-type: lower-alpha;\">\n<li>Eesti t\u00f6\u00f6j\u00f5u-uuring<\/li>\n<li>k\u00f5ik Eestis elavad t\u00f6\u00f6ealised isikud<\/li>\n<li>teisesed<\/li>\n<li>regressioonianal\u00fc\u00fcsi<\/li>\n<\/ol>\n<p><\/p><\/div>\n        <\/div>\n        <\/div>\n    <\/div>\n<p><em>\u00a0<\/em><\/p>\n","protected":false},"excerpt":{"rendered":"<p>Kogutavad andmed nii kvantitatiivses kui kvalitatiivses uuringus v\u00f5ivad olla: esmased \u2013 uurija kogub andmeid ise teisesed \u2013 andmed on kogutud teise teadlase poolt kolmandased \u2013 teise teadlase poolt anal\u00fc\u00fcsitud andmed Alati tasub k\u00f5igepealt kindlaks teha, kas ehk vajalik andmestik on &#8230;<\/p>\n","protected":false},"author":3,"featured_media":0,"parent":0,"menu_order":0,"comment_status":"closed","ping_status":"closed","template":"","meta":{"_acf_changed":false,"inline_featured_image":false,"footnotes":""},"class_list":["post-59","page","type-page","status-publish","hentry"],"acf":[],"_links":{"self":[{"href":"https:\/\/sisu.ut.ee\/teadustoo_alused\/wp-json\/wp\/v2\/pages\/59","targetHints":{"allow":["GET"]}}],"collection":[{"href":"https:\/\/sisu.ut.ee\/teadustoo_alused\/wp-json\/wp\/v2\/pages"}],"about":[{"href":"https:\/\/sisu.ut.ee\/teadustoo_alused\/wp-json\/wp\/v2\/types\/page"}],"author":[{"embeddable":true,"href":"https:\/\/sisu.ut.ee\/teadustoo_alused\/wp-json\/wp\/v2\/users\/3"}],"replies":[{"embeddable":true,"href":"https:\/\/sisu.ut.ee\/teadustoo_alused\/wp-json\/wp\/v2\/comments?post=59"}],"version-history":[{"count":3,"href":"https:\/\/sisu.ut.ee\/teadustoo_alused\/wp-json\/wp\/v2\/pages\/59\/revisions"}],"predecessor-version":[{"id":294,"href":"https:\/\/sisu.ut.ee\/teadustoo_alused\/wp-json\/wp\/v2\/pages\/59\/revisions\/294"}],"wp:attachment":[{"href":"https:\/\/sisu.ut.ee\/teadustoo_alused\/wp-json\/wp\/v2\/media?parent=59"}],"curies":[{"name":"wp","href":"https:\/\/api.w.org\/{rel}","templated":true}]}}