{"id":58,"date":"2024-04-04T04:32:46","date_gmt":"2024-04-04T01:32:46","guid":{"rendered":"https:\/\/sisu.ut.ee\/teadustoo_alused\/hupoteesid-voi-uurimiskusimused-kvantitatiivuurigus\/"},"modified":"2024-04-17T16:34:48","modified_gmt":"2024-04-17T13:34:48","slug":"hupoteesid-voi-uurimiskusimused-kvantitatiivuurigus","status":"publish","type":"page","link":"https:\/\/sisu.ut.ee\/teadustoo_alused\/hupoteesid-voi-uurimiskusimused-kvantitatiivuurigus\/","title":{"rendered":"Kasutatud allikad"},"content":{"rendered":"<ul>\n<li>Blaikie, N. (2009). <em>Designing social research<\/em>. Cambridge, Malden: Polity Press.<\/li>\n<li>Buckland, M. (1991). Information as thing.\u00a0<em>Journal of the American Society for Information Science<\/em>, 42, 351-360.<\/li>\n<li>Dervin, B. (1976). Strategies for dealing with human information needs: Information or communication?\u00a0<em>Journal of Broadcasting<\/em>,<em> 20<\/em>(3), 324-351.<\/li>\n<li>Kalle, E. &amp; Aarma, A. (2003). <em>Teadust\u00f6\u00f6 alused<\/em>. Tallinn: TT\u00dc Kirjastus.<\/li>\n<li>Lagerspetz, M. (2017). \u00dchiskonna uurimise meetodid. Sissejuhatus ja v\u00e4ljajuhatus. Tallinn: TL\u00dc Kirjastus.<\/li>\n<li>R\u00e4mmer, A. (2014). Valimi moodustamine. K. Rootalu, V. Kalmus, A. Masso, ja T. Vihalemm (toim),Sotsiaalse anal\u00fc\u00fcsi meetodite ja metodoloogia \u00f5pibaas <a title=\"\" href=\"https:\/\/samm.ut.ee\/valimid\" target=\"_blank\" rel=\"noopener\" data-url=\"https:\/\/samm.ut.ee\/valimid\">https:\/\/samm.ut.ee\/valimid<\/a><\/li>\n<li>\u00d5unapuu, L. (2014). <em>Kvalitatiivne ja kvantitatiivne uurimisviis sotsiaalteadustes.<\/em> [E-\u00f5pik]. Tartu \u00dclikool. <a href=\"http:\/\/hdl.handle.net\/10062\/36419\" target=\"_blank\" rel=\"noopener\">http:\/\/hdl.handle.net\/10062\/36419<\/a><\/li>\n<\/ul>\n","protected":false},"excerpt":{"rendered":"<p>Blaikie, N. (2009). Designing social research. Cambridge, Malden: Polity Press. Buckland, M. (1991). Information as thing.\u00a0Journal of the American Society for Information Science, 42, 351-360. Dervin, B. (1976). Strategies for dealing with human information needs: Information or communication?\u00a0Journal of Broadcasting, &#8230;<\/p>\n","protected":false},"author":3,"featured_media":0,"parent":0,"menu_order":0,"comment_status":"closed","ping_status":"closed","template":"","meta":{"_acf_changed":false,"inline_featured_image":false,"footnotes":""},"class_list":["post-58","page","type-page","status-publish","hentry"],"acf":[],"_links":{"self":[{"href":"https:\/\/sisu.ut.ee\/teadustoo_alused\/wp-json\/wp\/v2\/pages\/58","targetHints":{"allow":["GET"]}}],"collection":[{"href":"https:\/\/sisu.ut.ee\/teadustoo_alused\/wp-json\/wp\/v2\/pages"}],"about":[{"href":"https:\/\/sisu.ut.ee\/teadustoo_alused\/wp-json\/wp\/v2\/types\/page"}],"author":[{"embeddable":true,"href":"https:\/\/sisu.ut.ee\/teadustoo_alused\/wp-json\/wp\/v2\/users\/3"}],"replies":[{"embeddable":true,"href":"https:\/\/sisu.ut.ee\/teadustoo_alused\/wp-json\/wp\/v2\/comments?post=58"}],"version-history":[{"count":4,"href":"https:\/\/sisu.ut.ee\/teadustoo_alused\/wp-json\/wp\/v2\/pages\/58\/revisions"}],"predecessor-version":[{"id":300,"href":"https:\/\/sisu.ut.ee\/teadustoo_alused\/wp-json\/wp\/v2\/pages\/58\/revisions\/300"}],"wp:attachment":[{"href":"https:\/\/sisu.ut.ee\/teadustoo_alused\/wp-json\/wp\/v2\/media?parent=58"}],"curies":[{"name":"wp","href":"https:\/\/api.w.org\/{rel}","templated":true}]}}