{"id":56,"date":"2024-04-04T04:32:46","date_gmt":"2024-04-04T01:32:46","guid":{"rendered":"https:\/\/sisu.ut.ee\/teadustoo_alused\/valimi-moodustamine-kvantitatiivuuringus\/"},"modified":"2024-04-17T16:28:22","modified_gmt":"2024-04-17T13:28:22","slug":"valimi-moodustamine-kvantitatiivuuringus","status":"publish","type":"page","link":"https:\/\/sisu.ut.ee\/teadustoo_alused\/valimi-moodustamine-kvantitatiivuuringus\/","title":{"rendered":"Valimi moodustamine kvantitatiivuuringus"},"content":{"rendered":"<p>T\u00f5en\u00e4oliselt teed otsuse, keda t\u00e4psemalt uurima hakkad, juba uuringu algetapis. Oluline on aga vahet teha, mis on\u00a0<a href=\"#\" data-bs-toggle=\"modal\" data-bs-target=\"#popup-modal\" data-title=\"populatsioon\" data-content=\"Populatsioon \u2013 kogum k\u00f5igist teatud kriteeriumidele vastavatest juhtumitest\">populatsioon<\/a> (ehk \u00fcldkogum) \u00a0ja mis on <a href=\"#\" data-bs-toggle=\"modal\" data-bs-target=\"#popup-modal\" data-title=\"valim\" data-content=\"Valim \u2013 valik populatsioonist, mille p\u00f5hjal tahame teha \u00fcldistusi populatsiooni kohta\">valim<\/a>.<\/p>\n<p>Kvantitatiivuuringutes kasutatakse valimi koostamiseks t\u00f5en\u00e4osuslikke valimi koostamise meetodeid, mille puhul on teada populatsiooni iga \u00fcksuse t\u00f5en\u00e4osus valimisse sattuda. T\u00f5en\u00e4osuslike meetoditega moodustatud valimid kvantitatiivuuringutes on enamasti v\u00e4ga suured, uuritavate arv v\u00f5ib k\u00fc\u00fcndida sadadesse v\u00f5i isegi sadadesse tuhandetesse.<\/p>\n<p>T\u00f5en\u00e4osuslikud valimi moodustamise viisid on n\u00e4iteks lihtne juhuvalim (v\u00f5i juhuv\u00e4ljav\u00f5tt), kihtvalim, klastervalim jt. T\u00e4psemat saad nende kohta lugeda \u00f5pibaasist\u00a0<a href=\"http:\/\/samm.ut.ee\/valimid\" target=\"_blank\" rel=\"noopener\">SAMM<\/a> ja\u00a0Mikko Lagerspetzi \u00f5piku\u00a0(2017) alapeat\u00fckist \u201eErisugused valimid\u201c lk\u00a0168-171.<\/p>\n<p><span style=\"color: #ff6600;\">\u00a0<\/span><\/p>\n","protected":false},"excerpt":{"rendered":"<p>T\u00f5en\u00e4oliselt teed otsuse, keda t\u00e4psemalt uurima hakkad, juba uuringu algetapis. Oluline on aga vahet teha, mis on\u00a0 (ehk \u00fcldkogum) \u00a0ja mis on . Kvantitatiivuuringutes kasutatakse valimi koostamiseks t\u00f5en\u00e4osuslikke valimi koostamise meetodeid, mille puhul on teada populatsiooni iga \u00fcksuse t\u00f5en\u00e4osus valimisse &#8230;<\/p>\n","protected":false},"author":3,"featured_media":0,"parent":0,"menu_order":0,"comment_status":"closed","ping_status":"closed","template":"","meta":{"_acf_changed":false,"inline_featured_image":false,"footnotes":""},"class_list":["post-56","page","type-page","status-publish","hentry"],"acf":[],"_links":{"self":[{"href":"https:\/\/sisu.ut.ee\/teadustoo_alused\/wp-json\/wp\/v2\/pages\/56","targetHints":{"allow":["GET"]}}],"collection":[{"href":"https:\/\/sisu.ut.ee\/teadustoo_alused\/wp-json\/wp\/v2\/pages"}],"about":[{"href":"https:\/\/sisu.ut.ee\/teadustoo_alused\/wp-json\/wp\/v2\/types\/page"}],"author":[{"embeddable":true,"href":"https:\/\/sisu.ut.ee\/teadustoo_alused\/wp-json\/wp\/v2\/users\/3"}],"replies":[{"embeddable":true,"href":"https:\/\/sisu.ut.ee\/teadustoo_alused\/wp-json\/wp\/v2\/comments?post=56"}],"version-history":[{"count":2,"href":"https:\/\/sisu.ut.ee\/teadustoo_alused\/wp-json\/wp\/v2\/pages\/56\/revisions"}],"predecessor-version":[{"id":292,"href":"https:\/\/sisu.ut.ee\/teadustoo_alused\/wp-json\/wp\/v2\/pages\/56\/revisions\/292"}],"wp:attachment":[{"href":"https:\/\/sisu.ut.ee\/teadustoo_alused\/wp-json\/wp\/v2\/media?parent=56"}],"curies":[{"name":"wp","href":"https:\/\/api.w.org\/{rel}","templated":true}]}}