{"id":54,"date":"2024-04-04T04:32:46","date_gmt":"2024-04-04T01:32:46","guid":{"rendered":"https:\/\/sisu.ut.ee\/teadustoo_alused\/kvantitatiivuuringu-labiviimine\/"},"modified":"2024-04-04T04:33:10","modified_gmt":"2024-04-04T01:33:10","slug":"kvantitatiivuuringu-labiviimine","status":"publish","type":"page","link":"https:\/\/sisu.ut.ee\/teadustoo_alused\/kvantitatiivuuringu-labiviimine\/","title":{"rendered":"Kvantitatiivuuringu l\u00e4biviimine"},"content":{"rendered":"<p>\n\tSelles alapeat\u00fckis tutvud\u00a0 kvantitatiivuuringu l\u00e4biviimise p\u00f5hit\u00f5dedega.\n<\/p>\n<p>\n\tM\u00e4rks\u00f5nad: deduktiivne uurimistrateegia, lineaarne uurimisprotsess, t\u00f5en\u00e4osuslikud valimi moodustamise viisid, andmekogumine, andmeanal\u00fc\u00fcs ja tulemuste esitamine kvantitatiivuuringus.<\/p>\n","protected":false},"excerpt":{"rendered":"<p>Selles alapeat\u00fckis tutvud\u00a0 kvantitatiivuuringu l\u00e4biviimise p\u00f5hit\u00f5dedega. M\u00e4rks\u00f5nad: deduktiivne uurimistrateegia, lineaarne uurimisprotsess, t\u00f5en\u00e4osuslikud valimi moodustamise viisid, andmekogumine, andmeanal\u00fc\u00fcs ja tulemuste esitamine kvantitatiivuuringus.<\/p>\n","protected":false},"author":3,"featured_media":0,"parent":0,"menu_order":0,"comment_status":"closed","ping_status":"closed","template":"","meta":{"_acf_changed":false,"inline_featured_image":false,"footnotes":""},"class_list":["post-54","page","type-page","status-publish","hentry"],"acf":[],"_links":{"self":[{"href":"https:\/\/sisu.ut.ee\/teadustoo_alused\/wp-json\/wp\/v2\/pages\/54","targetHints":{"allow":["GET"]}}],"collection":[{"href":"https:\/\/sisu.ut.ee\/teadustoo_alused\/wp-json\/wp\/v2\/pages"}],"about":[{"href":"https:\/\/sisu.ut.ee\/teadustoo_alused\/wp-json\/wp\/v2\/types\/page"}],"author":[{"embeddable":true,"href":"https:\/\/sisu.ut.ee\/teadustoo_alused\/wp-json\/wp\/v2\/users\/3"}],"replies":[{"embeddable":true,"href":"https:\/\/sisu.ut.ee\/teadustoo_alused\/wp-json\/wp\/v2\/comments?post=54"}],"version-history":[{"count":1,"href":"https:\/\/sisu.ut.ee\/teadustoo_alused\/wp-json\/wp\/v2\/pages\/54\/revisions"}],"predecessor-version":[{"id":217,"href":"https:\/\/sisu.ut.ee\/teadustoo_alused\/wp-json\/wp\/v2\/pages\/54\/revisions\/217"}],"wp:attachment":[{"href":"https:\/\/sisu.ut.ee\/teadustoo_alused\/wp-json\/wp\/v2\/media?parent=54"}],"curies":[{"name":"wp","href":"https:\/\/api.w.org\/{rel}","templated":true}]}}