{"id":52,"date":"2024-04-04T04:32:46","date_gmt":"2024-04-04T01:32:46","guid":{"rendered":"https:\/\/sisu.ut.ee\/teadustoo_alused\/eetiliste-probleemide-lahendamine\/"},"modified":"2024-04-17T16:25:22","modified_gmt":"2024-04-17T13:25:22","slug":"eetiliste-probleemide-lahendamine","status":"publish","type":"page","link":"https:\/\/sisu.ut.ee\/teadustoo_alused\/eetiliste-probleemide-lahendamine\/","title":{"rendered":"Eetiliste probleemide ennetamine"},"content":{"rendered":"<p>Uurimist\u00f6\u00f6ga kaasnevatele eetilistele k\u00fcsimustele\u00a0 peab m\u00f5tlema juba uuringu algetapis.<\/p>\n<p><em>N\u00e4iteks unustad intervjueeritavatele selgitamata, kuidas kogutud andmeid kasutad ning kus ja mis tingimustel t\u00f6\u00f6 tulemused avaldatakse. Kui <em>puudub uuritavate selges\u00f5naline n\u00f5usolek uuringus osalemiseks ja kogutud andmete kasutamiseks, on halvemal juhul kogu uurimist\u00f6\u00f6 luhta l\u00e4inud.<\/em><\/em><\/p>\n<p>T\u00e4psemalt teadust\u00f6\u00f6 eetika kohta saad teada selle kursuse moodulis \u201c<a href=\"https:\/\/sisu.ut.ee\/teadustoo_alused\/teadustoo-eetika\" target=\"_blank\" rel=\"noopener\">Teadust\u00f6\u00f6 eetika<\/a>.\u201d<\/p>\n","protected":false},"excerpt":{"rendered":"<p>Uurimist\u00f6\u00f6ga kaasnevatele eetilistele k\u00fcsimustele\u00a0 peab m\u00f5tlema juba uuringu algetapis. N\u00e4iteks unustad intervjueeritavatele selgitamata, kuidas kogutud andmeid kasutad ning kus ja mis tingimustel t\u00f6\u00f6 tulemused avaldatakse. Kui puudub uuritavate selges\u00f5naline n\u00f5usolek uuringus osalemiseks ja kogutud andmete kasutamiseks, on halvemal juhul kogu &#8230;<\/p>\n","protected":false},"author":3,"featured_media":0,"parent":0,"menu_order":0,"comment_status":"closed","ping_status":"closed","template":"","meta":{"_acf_changed":false,"inline_featured_image":false,"footnotes":""},"class_list":["post-52","page","type-page","status-publish","hentry"],"acf":[],"_links":{"self":[{"href":"https:\/\/sisu.ut.ee\/teadustoo_alused\/wp-json\/wp\/v2\/pages\/52","targetHints":{"allow":["GET"]}}],"collection":[{"href":"https:\/\/sisu.ut.ee\/teadustoo_alused\/wp-json\/wp\/v2\/pages"}],"about":[{"href":"https:\/\/sisu.ut.ee\/teadustoo_alused\/wp-json\/wp\/v2\/types\/page"}],"author":[{"embeddable":true,"href":"https:\/\/sisu.ut.ee\/teadustoo_alused\/wp-json\/wp\/v2\/users\/3"}],"replies":[{"embeddable":true,"href":"https:\/\/sisu.ut.ee\/teadustoo_alused\/wp-json\/wp\/v2\/comments?post=52"}],"version-history":[{"count":2,"href":"https:\/\/sisu.ut.ee\/teadustoo_alused\/wp-json\/wp\/v2\/pages\/52\/revisions"}],"predecessor-version":[{"id":290,"href":"https:\/\/sisu.ut.ee\/teadustoo_alused\/wp-json\/wp\/v2\/pages\/52\/revisions\/290"}],"wp:attachment":[{"href":"https:\/\/sisu.ut.ee\/teadustoo_alused\/wp-json\/wp\/v2\/media?parent=52"}],"curies":[{"name":"wp","href":"https:\/\/api.w.org\/{rel}","templated":true}]}}