{"id":50,"date":"2024-04-04T04:32:46","date_gmt":"2024-04-04T01:32:46","guid":{"rendered":"https:\/\/sisu.ut.ee\/teadustoo_alused\/uurimisprobleemi-pustitamine\/"},"modified":"2024-04-04T04:33:10","modified_gmt":"2024-04-04T01:33:10","slug":"uurimisprobleemi-pustitamine","status":"publish","type":"page","link":"https:\/\/sisu.ut.ee\/teadustoo_alused\/uurimisprobleemi-pustitamine\/","title":{"rendered":"Uurimisprobleemi kirjeldamine"},"content":{"rendered":"<p>Mis on uurimisprobleem ja milleks on seda vaja? <strong>Uurimisprobleem<\/strong> kirjeldab, miks on vaja antud teemat uurida, see on k\u00fcsimus, mis tekib situatsioonis, kus me ei suuda m\u00f5ista ja seletada kogetavat n\u00e4htust ega prognoosida selle edasist k\u00e4itumist.\u00a0 <strong>Uurimisprobleemi p\u00fcstitus <\/strong>ehk probleemiseade<strong> <\/strong>on t\u00f5estatud teadmisele (varasematele uuringutele) toetuv p\u00f5hjendus, miks on vaja antud uurimust l\u00e4bi viia. Tavaliselt tutvustatakse uurimisprobleemi l\u00fchidalt juba t\u00f6\u00f6 sissejuhatuses, p\u00f5hjalikum probleemiseade j\u00e4\u00e4b enamasti teoreetilisi ja empiirilisi l\u00e4htekohti tutvustavasse peat\u00fckki.<\/p>\n<p style=\"padding-left: 30px\"><em>Uurimisprobleem (nagu ka uurimisteema valik) v\u00f5ib alguse saada uurija enese t\u00e4helepanekutest. N\u00e4iteks oled olnud tunnistajaks, kui \u00fcks kaastudeng esitas enda nime all v\u00f5\u00f5ra referaadi. Sind huvitab, kuidas saaks v\u00e4ltida, et sinu kodut\u00f6id v\u00e4\u00e4riti ei kasutataks. Teed erinevaid autoriteetseid allikaid lugedes kindlaks, et probleem on olemas ning oma nime all teiste tudengite t\u00f6\u00f6de esitamist on ette tulnud paljudes k\u00f5rgkoolides. Kuid samas selgub, et ei ole uuritud, millist infot t\u00e4psemalt omavahel tudengid jagavad, mis on jagamise p\u00f5hjused ja kuidas tudengid jagamisega kaasnevaid probleeme v\u00f5i ohte teadvustavad. Kui me saame oma uuringu tulemusel need l\u00fcngad teadmistes kasv\u00f5i osaliselt t\u00e4idetud, on v\u00f5imalik selliste olukordade v\u00e4ltimiseks edaspidi midagi ette v\u00f5tta.<br><\/em><\/p>\n","protected":false},"excerpt":{"rendered":"<p>Mis on uurimisprobleem ja milleks on seda vaja? Uurimisprobleem kirjeldab, miks on vaja antud teemat uurida, see on k\u00fcsimus, mis tekib situatsioonis, kus me ei suuda m\u00f5ista ja seletada kogetavat n\u00e4htust ega prognoosida selle edasist k\u00e4itumist.\u00a0 Uurimisprobleemi p\u00fcstitus ehk probleemiseade &#8230;<\/p>\n","protected":false},"author":3,"featured_media":0,"parent":0,"menu_order":0,"comment_status":"closed","ping_status":"closed","template":"","meta":{"_acf_changed":false,"inline_featured_image":false,"footnotes":""},"class_list":["post-50","page","type-page","status-publish","hentry"],"acf":[],"_links":{"self":[{"href":"https:\/\/sisu.ut.ee\/teadustoo_alused\/wp-json\/wp\/v2\/pages\/50","targetHints":{"allow":["GET"]}}],"collection":[{"href":"https:\/\/sisu.ut.ee\/teadustoo_alused\/wp-json\/wp\/v2\/pages"}],"about":[{"href":"https:\/\/sisu.ut.ee\/teadustoo_alused\/wp-json\/wp\/v2\/types\/page"}],"author":[{"embeddable":true,"href":"https:\/\/sisu.ut.ee\/teadustoo_alused\/wp-json\/wp\/v2\/users\/3"}],"replies":[{"embeddable":true,"href":"https:\/\/sisu.ut.ee\/teadustoo_alused\/wp-json\/wp\/v2\/comments?post=50"}],"version-history":[{"count":1,"href":"https:\/\/sisu.ut.ee\/teadustoo_alused\/wp-json\/wp\/v2\/pages\/50\/revisions"}],"predecessor-version":[{"id":213,"href":"https:\/\/sisu.ut.ee\/teadustoo_alused\/wp-json\/wp\/v2\/pages\/50\/revisions\/213"}],"wp:attachment":[{"href":"https:\/\/sisu.ut.ee\/teadustoo_alused\/wp-json\/wp\/v2\/media?parent=50"}],"curies":[{"name":"wp","href":"https:\/\/api.w.org\/{rel}","templated":true}]}}