{"id":5,"date":"2024-04-04T04:32:42","date_gmt":"2024-04-04T01:32:42","guid":{"rendered":"https:\/\/sisu.ut.ee\/teadustoo_alused\/tartu-ulikooli-digitaalarhiiv\/"},"modified":"2024-04-04T04:33:12","modified_gmt":"2024-04-04T01:33:12","slug":"tartu-ulikooli-digitaalarhiiv","status":"publish","type":"page","link":"https:\/\/sisu.ut.ee\/teadustoo_alused\/tartu-ulikooli-digitaalarhiiv\/","title":{"rendered":"Tartu \u00dclikooli digitaalarhiiv"},"content":{"rendered":"<p>Tartu \u00dclikooli digitaalarhiiv DSpace\u2019is <a href=\"http:\/\/dspace.ut.ee\/\" target=\"_blank\" rel=\"noopener\">http:\/\/dspace.ut.ee\/<\/a>\u00a0 sisaldab erinevaid elektroonilisi materjale, sh v\u00e4itekirjad, digiteeritud raamatud, k\u00e4sikirjad, pildid etc.\u00a0 Siin hoitakse \u00fclikooli bakalaureuse-, magistri- ja doktorit\u00f6id ning e-\u00f5ppe materjale, mis on suures osas internetis vabalt k\u00e4ttesaadavad. Suur osa materjalidest on leitavad e-kataloogi ESTER kaudu.<\/p>\n<p><\/p><div class=\"accordion mb-3\">\n        <div class=\"accordion-item accordion-item--white\">\n        <h2 class=\"accordion-header\" id=\"accordion-69de2dc49e774-heading\">\n            <button class=\"accordion-button collapsed\" type=\"button\" data-bs-toggle=\"collapse\" data-bs-target=\"#accordion-69de2dc49e774-collapse\" aria-expanded=\"true\" aria-controls=\"accordion-69de2dc49e774-collapse\">DSpace-i otsinguv\u00f5imalused <\/button>\n        <\/h2>\n        <div id=\"accordion-69de2dc49e774-collapse\" class=\"accordion-collapse collapse\" aria-labelledby=\"accordion-69de2dc49e774-heading\">\n            <div class=\"accordion-body\"><img loading=\"lazy\" decoding=\"async\" width=\"677\" height=\"447\" class=\"alignnone wp-image-88\" src=\"https:\/\/sisu.ut.ee\/wp-content\/uploads\/sites\/290\/dspace.png\" title=\"dspace.png\" alt=\"dspace.png\" srcset=\"https:\/\/sisu.ut.ee\/wp-content\/uploads\/sites\/290\/dspace.png 677w, https:\/\/sisu.ut.ee\/wp-content\/uploads\/sites\/290\/dspace-300x198.png 300w\" sizes=\"auto, (max-width: 677px) 100vw, 677px\"><\/div>\n        <\/div>\n        <\/div>\n    <\/div>\n<ul>\n<li>Materjale saab\u00a0lehitseda\u00a0kogude kaupa (valdkonnad).<\/li>\n<li>Viimased viis sisestatud t\u00f6\u00f6d ilmuvad avalehele, teiste n\u00e4gemiseks tuleb kl\u00f5psata linki\u00a0<em>Pealkirjad<\/em>.<\/li>\n<li>Bakalaureuse- ja magistrit\u00f6\u00f6d on teaduskonna v\u00f5i instituudi kollektsioonis.<\/li>\n<li>K\u00f5ik doktorit\u00f6\u00f6d on eraldi kollektsioonis\u00a0<a href=\"http:\/\/dspace.ut.ee\/handle\/10062\/1\" target=\"_blank\" rel=\"noopener\"><em>Dissertatsioonid 2004 \u2013 Theses, MSc, PhD (ETD)<\/em>.\u00a0<\/a><\/li>\n<li>Fotode, k\u00e4sikirjade ja vanemate raamatute valdkond on\u00a0<em><a href=\"http:\/\/dspace.ut.ee\/handle\/10062\/2\" target=\"_blank\" rel=\"noopener\">Tartu \u00dclikooli Raamatukogu<\/a>.<\/em><\/li>\n<li>\u00d5ppevideod ja e-\u00f5ppematerjalid on valdkonnas\u00a0<em><a href=\"http:\/\/dspace.ut.ee\/handle\/10062\/8541\" target=\"_blank\" rel=\"noopener\">E-\u00f5ppe materjalid<\/a>.<\/em>\u00a0<\/li>\n<\/ul>\n<p><span>Kui ESTERis otsimiseks on tarvis teada pealkirja v\u00f5i m\u00e4rks\u00f5nu, siis digiarhiivis tehakse otsing kogu tekstis. Seet\u00f5ttu saab sealt otsida hulga kitsamaid teemasid. Tulemuste lehel on v\u00e4ljav\u00f5tted tekstist, kus \u00a0otsingus\u00f5nad on paksus kirjas.\u00a0<\/span><\/p>\n","protected":false},"excerpt":{"rendered":"<p>Tartu \u00dclikooli digitaalarhiiv DSpace\u2019is http:\/\/dspace.ut.ee\/\u00a0 sisaldab erinevaid elektroonilisi materjale, sh v\u00e4itekirjad, digiteeritud raamatud, k\u00e4sikirjad, pildid etc.\u00a0 Siin hoitakse \u00fclikooli bakalaureuse-, magistri- ja doktorit\u00f6id ning e-\u00f5ppe materjale, mis on suures osas internetis vabalt k\u00e4ttesaadavad. Suur osa materjalidest on leitavad e-kataloogi ESTER &#8230;<\/p>\n","protected":false},"author":3,"featured_media":0,"parent":0,"menu_order":0,"comment_status":"closed","ping_status":"closed","template":"","meta":{"_acf_changed":false,"inline_featured_image":false,"footnotes":""},"class_list":["post-5","page","type-page","status-publish","hentry"],"acf":[],"_links":{"self":[{"href":"https:\/\/sisu.ut.ee\/teadustoo_alused\/wp-json\/wp\/v2\/pages\/5","targetHints":{"allow":["GET"]}}],"collection":[{"href":"https:\/\/sisu.ut.ee\/teadustoo_alused\/wp-json\/wp\/v2\/pages"}],"about":[{"href":"https:\/\/sisu.ut.ee\/teadustoo_alused\/wp-json\/wp\/v2\/types\/page"}],"author":[{"embeddable":true,"href":"https:\/\/sisu.ut.ee\/teadustoo_alused\/wp-json\/wp\/v2\/users\/3"}],"replies":[{"embeddable":true,"href":"https:\/\/sisu.ut.ee\/teadustoo_alused\/wp-json\/wp\/v2\/comments?post=5"}],"version-history":[{"count":1,"href":"https:\/\/sisu.ut.ee\/teadustoo_alused\/wp-json\/wp\/v2\/pages\/5\/revisions"}],"predecessor-version":[{"id":263,"href":"https:\/\/sisu.ut.ee\/teadustoo_alused\/wp-json\/wp\/v2\/pages\/5\/revisions\/263"}],"wp:attachment":[{"href":"https:\/\/sisu.ut.ee\/teadustoo_alused\/wp-json\/wp\/v2\/media?parent=5"}],"curies":[{"name":"wp","href":"https:\/\/api.w.org\/{rel}","templated":true}]}}