{"id":48,"date":"2024-04-04T04:32:46","date_gmt":"2024-04-04T01:32:46","guid":{"rendered":"https:\/\/sisu.ut.ee\/teadustoo_alused\/urimistoo-teema-valik\/"},"modified":"2024-04-04T04:33:10","modified_gmt":"2024-04-04T01:33:10","slug":"urimistoo-teema-valik","status":"publish","type":"page","link":"https:\/\/sisu.ut.ee\/teadustoo_alused\/urimistoo-teema-valik\/","title":{"rendered":"Uurimist\u00f6\u00f6 teema valik"},"content":{"rendered":"<p>\u00a0\u201eAppi! Kuidas ometi alustada?\u201c on kindlasti iga tudengi esimene m\u00f5te, kui l\u00e4henemas on teema ja juhendaja teatamise t\u00e4htaeg ja pea on t\u00e4iesti t\u00fchi. Jah, teame, k\u00f5ik algab ideest. Kuidas aga otsida ideid ning milline v\u00f5iks ja peaks \u00fcks sobiv ning hea uurimisteema olema?<\/p>\n<ul>\n<li>Uurimisteema peab olema selline, mis sind huvitab niiv\u00f5rd, et motiveerib sind alustatud uurimist\u00f6\u00f6 l\u00f5puni viima<\/li>\n<\/ul>\n<p style=\"padding-left: 30px\"><em>Milline on huvitav teema? M\u00f5tle! V\u00f5ib-olla meenub midagi sellist, mis on sind h\u00e4mmastanud? On ehk m\u00f5ni probleem \u00fclikoolis, \u00fchiskonnas v\u00f5i ka igap\u00e4evaelus, millesse suhtud suure kirega ning mille lahendamisest oleks kellelegi kasu? Tuleb ehk meelde m\u00f5ni \u00f5nnestunud referaat v\u00f5i muu koolit\u00f6\u00f6, mille kenasti t\u00e4htajaks esitasid, kuid kusagile j\u00e4i kripeldama m\u00f5te, et edaspidi tahaks sellest teemast rohkemgi teada? V\u00f5i ehk lugesid m\u00f5nda erialast artiklit, millele m\u00f5tlesid veel p\u00e4evi hiljem? Nendele k\u00fcsimustele vastust otsides leiad ka ideed oma uurimisteema jaoks.<\/em><\/p>\n<ul>\n<li>Teema peab olema valdkonnast, milles on sul piisavalt teadmisi<\/li>\n<\/ul>\n<p style=\"padding-left: 30px\"><em>Kui palju teadmisi on piisav? Targad teadlased olevat \u00f6elnud, et kui tudeng ei oska defineerida oma uurimist\u00f6\u00f6 p\u00f5him\u00f5isteid, on ta valinud vale teema. Kas sina oskad? Kas teema huvitab sind piisavalt, et oled n\u00f5us tunde v\u00f5i isegi p\u00e4evi kulutama ainult selle peale, et infot otsida, juurde lugeda ja ennast teemaga p\u00f5hjalikult kurssi viia?<\/em><\/p>\n<p>Sageli on nii, et osa eelt\u00f6\u00f6d on juba tehtud, n\u00e4iteks pead valima nende teemade hulgast, mida juhendajad \u00fclikoolis v\u00e4lja pakuvad. Kuid eelpool\u00f6eldu j\u00e4\u00e4b sellegipoolest kehtima \u2013 edukas on sinu uuring juhul, kui teema sulle endale huvi pakub ja kui sinu teadmised selles valdkonnas on piisavalt p\u00f5hjalikud.<\/p>\n<p>Kokkuv\u00f5tteks: m\u00f5tle, uuri, otsi infot, loe, konsulteeri juhendajaga, loe juurde, otsi veel infot, \u00a0aruta\u2026\u00a0 ja otsusta. Olgu veel lisatud, et t\u00f6\u00f6 pealkirja t\u00e4pse s\u00f5nastuse p\u00e4rast pole m\u00f5tet veel muretseda, see kujuneb uuringu edenedes.<\/p>\n<p>Teema valikuks t\u00e4psemaid juhiseid ja nippe leiad kursuse mooduli \u201cAkadeemiline kirjutamine\u201d alajaotisest <a href=\"https:\/\/sisu.ut.ee\/teadustoo_alused\/teema-valik\" target=\"_blank\" rel=\"noopener\">\u201cTeema valik\u201d.<\/a><\/p>\n","protected":false},"excerpt":{"rendered":"<p>\u00a0\u201eAppi! Kuidas ometi alustada?\u201c on kindlasti iga tudengi esimene m\u00f5te, kui l\u00e4henemas on teema ja juhendaja teatamise t\u00e4htaeg ja pea on t\u00e4iesti t\u00fchi. Jah, teame, k\u00f5ik algab ideest. Kuidas aga otsida ideid ning milline v\u00f5iks ja peaks \u00fcks sobiv ning &#8230;<\/p>\n","protected":false},"author":3,"featured_media":0,"parent":0,"menu_order":0,"comment_status":"closed","ping_status":"closed","template":"","meta":{"_acf_changed":false,"inline_featured_image":false,"footnotes":""},"class_list":["post-48","page","type-page","status-publish","hentry"],"acf":[],"_links":{"self":[{"href":"https:\/\/sisu.ut.ee\/teadustoo_alused\/wp-json\/wp\/v2\/pages\/48","targetHints":{"allow":["GET"]}}],"collection":[{"href":"https:\/\/sisu.ut.ee\/teadustoo_alused\/wp-json\/wp\/v2\/pages"}],"about":[{"href":"https:\/\/sisu.ut.ee\/teadustoo_alused\/wp-json\/wp\/v2\/types\/page"}],"author":[{"embeddable":true,"href":"https:\/\/sisu.ut.ee\/teadustoo_alused\/wp-json\/wp\/v2\/users\/3"}],"replies":[{"embeddable":true,"href":"https:\/\/sisu.ut.ee\/teadustoo_alused\/wp-json\/wp\/v2\/comments?post=48"}],"version-history":[{"count":1,"href":"https:\/\/sisu.ut.ee\/teadustoo_alused\/wp-json\/wp\/v2\/pages\/48\/revisions"}],"predecessor-version":[{"id":211,"href":"https:\/\/sisu.ut.ee\/teadustoo_alused\/wp-json\/wp\/v2\/pages\/48\/revisions\/211"}],"wp:attachment":[{"href":"https:\/\/sisu.ut.ee\/teadustoo_alused\/wp-json\/wp\/v2\/media?parent=48"}],"curies":[{"name":"wp","href":"https:\/\/api.w.org\/{rel}","templated":true}]}}