{"id":45,"date":"2024-04-04T04:32:45","date_gmt":"2024-04-04T01:32:45","guid":{"rendered":"https:\/\/sisu.ut.ee\/teadustoo_alused\/toimetamine\/"},"modified":"2024-04-04T04:33:11","modified_gmt":"2024-04-04T01:33:11","slug":"toimetamine","status":"publish","type":"page","link":"https:\/\/sisu.ut.ee\/teadustoo_alused\/toimetamine\/","title":{"rendered":"Toimetamine"},"content":{"rendered":"<p style=\"text-align: justify\">T\u00f6\u00f6 toimetamise etapis reeglina olulisi sisulisi muudatusi ei tehta, t\u00e4helepanu on \u00f5igekirjal, viitamis- ja\u00a0 vormistusn\u00f5uetel.<\/p>\n<p style=\"text-align: justify\">Teksti toimetamisel tuleb oma teksti vaadata k\u00f5rvalseisja pilguga. Enne t\u00f6\u00f6 esitamist on kasulik taas kehastuda kriitiliseks lugejaks v\u00f5i paluda n\u00e4iteks m\u00f5nel kaas\u00fcli\u00f5pilasel olla kriitiline s\u00f5ber, kes teksti v\u00e4rske pilguga \u00fcle loeb.<\/p>\n<p style=\"text-align: justify\">Toimetamisel tuleb \u00fcle vaadata teksti <strong>ortograafia<\/strong> \u2013 abiks on siin kindlasti tekstit\u00f6\u00f6tlusprogrammide \u00f5igekirja kontroll, kuid speller ei leia alati \u00fcles k\u00f5iki kirjavigu ning seet\u00f5ttu on kasulik anda teksti lugeda ka nii-\u00f6elda kriitilisisele s\u00f5brale. Ise teksti luues muutub selle lugemine automaatseks ning autor ei m\u00e4rka enam v\u00e4iksemaid kirja- v\u00f5i tr\u00fckivigu, kuna t\u00e4helepanu on t\u00e4hendusel, mitte kirjakujul.<\/p>\n<p style=\"text-align: justify\">Kontrollida tuleb <strong>komakasutust<\/strong>, <strong>k\u00e4\u00e4nete korrektsust<\/strong> ja <strong>lausete l\u00f5petatust<\/strong> ning korrektsust. Samuti tuleb \u00fcle kontrollida <strong>viitamine<\/strong> \u2013 kas k\u00f5ik teiste autorite seisukohad on korrektselt viidatud, kas allikate loetelus on kirjas vaid need materjalid, millele tekstis on viidatud ja vastupidi; kas allikate loetelu on vormistatud vastavalt valdkonna n\u00f5uetele.<\/p>\n<p style=\"text-align: justify\">L\u00f5puks tuleb \u00fcle kontrollida ka vormistuse n\u00f5uetekohasus. Seej\u00e4rel on t\u00f6\u00f6 esitamiseks valmis!<\/p>\n<p><img loading=\"lazy\" decoding=\"async\" width=\"600\" height=\"627\" class=\"alignnone wp-image-97\" style=\"margin-left: auto;margin-right: auto\" src=\"https:\/\/sisu.ut.ee\/wp-content\/uploads\/sites\/290\/submitting_paper.jpg\" title=\"submitting_paper.jpg\" alt=\"submitting_paper.jpg\" srcset=\"https:\/\/sisu.ut.ee\/wp-content\/uploads\/sites\/290\/submitting_paper.jpg 600w, https:\/\/sisu.ut.ee\/wp-content\/uploads\/sites\/290\/submitting_paper-287x300.jpg 287w\" sizes=\"auto, (max-width: 600px) 100vw, 600px\"><\/p>\n<p style=\"text-align: center\"><span style=\"font-size: x-small\">Allikas:\u00a0https:\/\/www.socomic.gr\/en\/2015\/01\/dear-contributor\/<\/span><\/p>\n","protected":false},"excerpt":{"rendered":"<p>T\u00f6\u00f6 toimetamise etapis reeglina olulisi sisulisi muudatusi ei tehta, t\u00e4helepanu on \u00f5igekirjal, viitamis- ja\u00a0 vormistusn\u00f5uetel. Teksti toimetamisel tuleb oma teksti vaadata k\u00f5rvalseisja pilguga. Enne t\u00f6\u00f6 esitamist on kasulik taas kehastuda kriitiliseks lugejaks v\u00f5i paluda n\u00e4iteks m\u00f5nel kaas\u00fcli\u00f5pilasel olla kriitiline s\u00f5ber, &#8230;<\/p>\n","protected":false},"author":3,"featured_media":0,"parent":0,"menu_order":0,"comment_status":"closed","ping_status":"closed","template":"","meta":{"_acf_changed":false,"inline_featured_image":false,"footnotes":""},"class_list":["post-45","page","type-page","status-publish","hentry"],"acf":[],"_links":{"self":[{"href":"https:\/\/sisu.ut.ee\/teadustoo_alused\/wp-json\/wp\/v2\/pages\/45","targetHints":{"allow":["GET"]}}],"collection":[{"href":"https:\/\/sisu.ut.ee\/teadustoo_alused\/wp-json\/wp\/v2\/pages"}],"about":[{"href":"https:\/\/sisu.ut.ee\/teadustoo_alused\/wp-json\/wp\/v2\/types\/page"}],"author":[{"embeddable":true,"href":"https:\/\/sisu.ut.ee\/teadustoo_alused\/wp-json\/wp\/v2\/users\/3"}],"replies":[{"embeddable":true,"href":"https:\/\/sisu.ut.ee\/teadustoo_alused\/wp-json\/wp\/v2\/comments?post=45"}],"version-history":[{"count":1,"href":"https:\/\/sisu.ut.ee\/teadustoo_alused\/wp-json\/wp\/v2\/pages\/45\/revisions"}],"predecessor-version":[{"id":233,"href":"https:\/\/sisu.ut.ee\/teadustoo_alused\/wp-json\/wp\/v2\/pages\/45\/revisions\/233"}],"wp:attachment":[{"href":"https:\/\/sisu.ut.ee\/teadustoo_alused\/wp-json\/wp\/v2\/media?parent=45"}],"curies":[{"name":"wp","href":"https:\/\/api.w.org\/{rel}","templated":true}]}}