{"id":42,"date":"2024-04-04T04:32:45","date_gmt":"2024-04-04T01:32:45","guid":{"rendered":"https:\/\/sisu.ut.ee\/teadustoo_alused\/motete-puudmine\/"},"modified":"2024-04-04T04:33:11","modified_gmt":"2024-04-04T01:33:11","slug":"motete-puudmine","status":"publish","type":"page","link":"https:\/\/sisu.ut.ee\/teadustoo_alused\/motete-puudmine\/","title":{"rendered":"M\u00f5tete p\u00fc\u00fcdmine"},"content":{"rendered":"<p style=\"text-align: justify\">T\u00f5en\u00e4oliselt on kirjatamiskramp v\u00f5\u00f5ras vaid v\u00e4hestele \u2013 alati pole lihtne oma m\u00f5tteid korrastada ja neid keeleliselt v\u00e4ljendada.\u00a0 Isegi juhul, kui ollakse teema kohta palju lugenud, v\u00f5ib kirjutamisega alustamine n\u00e4ida keeruline. Kirjutamiskrambist \u00fcle saamiseks on mitmeid v\u00f5imalusi. Millist tehnikat valida, s\u00f5ltub nii kirjutamise eesm\u00e4rgist kui kirjutaja isikup\u00e4rast.<\/p>\n<p style=\"text-align: justify\"><strong>Skeem<\/strong>i sobib m\u00f5tete p\u00fc\u00fcdmiseks eriti h\u00e4sti kasutada arutlevatel teemadel, kuna teemale l\u00e4henetakse siin anal\u00fc\u00fctiliselt. Skeemi t\u00e4hendatakse \u00fcles teemaga seotud asjaolud, p\u00f5hjused, tagaj\u00e4rjed:<\/p>\n<table class=\"table table-hover\" style=\"width: 568px;height: 562px;border-color: #ffffff;border-width: 1px;border-style: solid\" cellpadding=\"5\" cellspacing=\"0\">\n<tbody>\n<tr valign=\"top\">\n<td>\n<p align=\"center\">ESINEMISVIIS<\/p>\n<p align=\"center\"><em>Kus ja kuidas, millistel tingimustel p\u00f5him\u00f5iste ilmneb? <\/em><\/p>\n<\/td>\n<td>\n<p align=\"center\">M\u00d5JUTEGURID<\/p>\n<p align=\"center\"><em>Mis soodustab p\u00f5him\u00f5iste olemasolu\/toimimist?<\/em><\/p>\n<p align=\"center\"><em>Mis takistab p\u00f5him\u00f5iste olemasolu\/toimimist?<\/em><\/p>\n<p align=\"center\"><em>Kuidas, milliste vahenditega on v\u00f5imalik p\u00f5him\u00f5iste olemasolu\/toimimist m\u00f5jutada?<\/em><\/p>\n<\/td>\n<td>\n<p align=\"center\">TAGAJ\u00c4RJED<\/p>\n<p align=\"center\"><em style=\"font-family: 'Liberation Serif', serif\">Millist kasu p\u00f5him\u00f5iste toob?<\/em><\/p>\n<p align=\"center\"><em>Millist kahju p\u00f5him\u00f5iste p\u00f5hjustab?<\/em><\/p>\n<p align=\"center\"><em>Millised on p\u00f5him\u00f5iste k\u00f5rvalm\u00f5jud?<\/em><\/p>\n<\/td>\n<\/tr>\n<tr valign=\"top\">\n<td>\n<p align=\"center\">P\u00d5HJUSED<\/p>\n<p align=\"center\"><em>Mis p\u00f5hjustab p\u00f5him\u00f5istet?<\/em><\/p>\n<p align=\"center\"><em>Miks p\u00f5him\u00f5iste esineb?<\/em><\/p>\n<p align=\"center\"><em>Mis v\u00f5iks p\u00f5hjustada p\u00f5him\u00f5iste l\u00f5ppemise?<\/em><\/p>\n<\/td>\n<td>\n<p align=\"center\">P\u00d5HIM\u00d5ISTE<\/p>\n<p align=\"center\"><em>Definitsioon<\/em><\/p>\n<p align=\"center\"><em>Mida selle all m\u00f5istetakse?<\/em><\/p>\n<p align=\"center\"><em>Milliseid n\u00e4iteid selle kohta esineb?<\/em><\/p>\n<p align=\"center\"><em>Kuidas seda m\u00f5ne analoogi abil selgitada?<\/em><\/p>\n<\/td>\n<td>\n<p align=\"center\">EESM\u00c4RGID<\/p>\n<p align=\"center\"><em>Mille v\u00f5i kelle jaoks p\u00f5him\u00f5iste on kasulik v\u00f5i kahjulik?<\/em><\/p>\n<p align=\"center\"><em>Mis on p\u00f5him\u00f5iste eesm\u00e4rk?<\/em><\/p>\n<\/td>\n<\/tr>\n<tr valign=\"top\">\n<td>\n<p align=\"center\">AJASUHTED<\/p>\n<p align=\"center\"><em>Kuidas on p\u00f5him\u00f5istega seonduv ajas muutunud? Mis oli enne, mis v\u00f5ib j\u00e4rgneda?<\/em><\/p>\n<\/td>\n<td>\n<p align=\"center\">KAASN\u00c4HTUSED<\/p>\n<p align=\"center\"><em>Millisesse n\u00e4htuster\u00fchma p\u00f5him\u00f5iste kuulub?<\/em><\/p>\n<p align=\"center\"><em>Missugustest osadest p\u00f5him\u00f5iste koosneb?<\/em><\/p>\n<p align=\"center\"><em>Missugused n\u00e4htused kaasnevad p\u00f5him\u00f5istega?<\/em><\/p>\n<\/td>\n<td>\n<p align=\"center\">HINNANGUD<\/p>\n<p align=\"center\"><em>Kuidas p\u00f5him\u00f5istesse suhtutakse?<\/em><\/p>\n<p align=\"center\"><em>Kas p\u00f5him\u00f5istele kehtivad mingisugused normid v\u00f5i seadused?<\/em><\/p>\n<p align=\"center\"><em>Missuguseid hinnanguid on andnud teised uurijad?<\/em><\/p>\n<\/td>\n<\/tr>\n<\/tbody>\n<\/table>\n<p style=\"text-align: justify\">\n<\/p><p style=\"text-align: justify\">Skeemi koostamist alustatakse p\u00f5him\u00f5iste leidmisest ja defineerimisest ning seej\u00e4rel liigutakse edasi m\u00f6\u00f6da skeemi teisi lahtreid. Abiks on suunavad k\u00fcsimused. V\u00f5imalik, et igasse lahtrisse pole alati midagi kirjutada \u2013 siis v\u00f5ib selle t\u00fchjaks j\u00e4tta. Samuti on v\u00f5imalik, et mitmesse lahtrisse saab kirjutada sarnaseid asju, n\u00e4iteks on eesm\u00e4rgid tihedalt seotud p\u00f5hjustega. Kui skeemi lahtrid on t\u00e4idetud, tuleb leida seosed eri valdkondade vahel. Olulised seosed v\u00f5ib t\u00e4histada noolega v\u00f5i markeriga esile t\u00f5sta ning need saab kirjutama asudes aluseks v\u00f5tta. Skeemi tugevuseks m\u00f5tete p\u00fc\u00fcdmise tehnikana on selge \u00fclesehitus, mis toetab p\u00f5hjalikku ja anal\u00fc\u00fcsivat hoiakut teemale l\u00e4henemiseks.\u00a0<\/p>\n<blockquote>\n<p align=\"justify\"><strong>Harjutus<\/strong><\/p>\n<p align=\"justify\">Oletame, et olete saanud \u00fclesandeks kirjutada arutlev essee teemal \u201cPlagiaat k\u00f5rghariduses\u201d. Proovige skeemi abil leida ideid ja seoseid, millest kirjutada!<\/p>\n<\/blockquote>\n<p>Veel m\u00f5ned v\u00f5imalused m\u00f5tete p\u00fc\u00fcdmiseks (kirjelduse avamiseks kl\u00f5psake nimetusel):<\/p>\n<p><\/p><div class=\"accordion mb-3\">\n        <div class=\"accordion-item accordion-item--white\">\n        <h2 class=\"accordion-header\" id=\"accordion-69de62e188267-heading\">\n            <button class=\"accordion-button collapsed\" type=\"button\" data-bs-toggle=\"collapse\" data-bs-target=\"#accordion-69de62e188267-collapse\" aria-expanded=\"true\" aria-controls=\"accordion-69de62e188267-collapse\">Nimekirja koostamine<\/button>\n        <\/h2>\n        <div id=\"accordion-69de62e188267-collapse\" class=\"accordion-collapse collapse\" aria-labelledby=\"accordion-69de62e188267-heading\">\n            <div class=\"accordion-body\">Nimekirja koostamist tuleb alustada eesm\u00e4rgi v\u00f5i teema s\u00f5nastamisega \u2013 selle v\u00f5ib endale \u00fcles kirjutada. Seej\u00e4rel tuleb l\u00fchidalt ja ilma pikemalt m\u00f5tlemata (kriitikavabalt) kirja panna k\u00f5ik seisukohad, faktid, ideed jm, mis eesm\u00e4rgi v\u00f5i teemaga seoses meenuvad. J\u00e4rgmine samm on saadud nimekirja anal\u00fc\u00fcsimine: kas midagi kirjapandust oleks v\u00f5imalik koondada \u00fche m\u00e4rks\u00f5na alla, missugused ideed oleksid v\u00e4\u00e4rt kirjutises t\u00e4psemat edasiarendamist, millest v\u00f5ib loobuda kui v\u00e4het\u00e4htsast \u2013 see on nii\u00f6elda valikute tegemise etapp, milles kirjapandud ideed organiseeritakse probleemist v\u00f5i teemast l\u00e4htuvalt. Nimekirja koostamine on \u00fclevaatlik tehnika, mis v\u00f5imaldab kirja panna k\u00f5ik teadaolevad faktid, arvamused ja detailid ning seda on lihtne koostada. Samas ei v\u00f5imalda see tehnika teemat h\u00f5lmata struktuurselt ja s\u00fcstemaatiliselt. Ajur\u00fcnnaku k\u00e4igus kirjapandavaid ideid v\u00f5ib kirja panna ka seoste v\u00f5rgustiku ehk ideekaardina.<\/div>\n        <\/div>\n        <\/div>\n    <\/div>\n<p><\/p><div class=\"accordion mb-3\">\n        <div class=\"accordion-item accordion-item--white\">\n        <h2 class=\"accordion-header\" id=\"accordion-69de62e18826d-heading\">\n            <button class=\"accordion-button collapsed\" type=\"button\" data-bs-toggle=\"collapse\" data-bs-target=\"#accordion-69de62e18826d-collapse\" aria-expanded=\"true\" aria-controls=\"accordion-69de62e18826d-collapse\">Vaba kirjutamine<\/button>\n        <\/h2>\n        <div id=\"accordion-69de62e18826d-collapse\" class=\"accordion-collapse collapse\" aria-labelledby=\"accordion-69de62e18826d-heading\">\n            <div class=\"accordion-body\">See on sisuliselt kontrollivaba kirjutamine piiratud ajas, nt 5 v\u00f5i 10 minuti jooksul. Midagi ei tohi maha t\u00f5mmata ega parandada enne m\u00e4\u00e4ratud aja l\u00f5ppu, samuti ei tohi kirjutamist enne aja l\u00f5ppu katkestada. Kirjapandu loogilisus pole t\u00e4htis, eesm\u00e4rk on lihtsalt f\u00fc\u00fcsiliselt kirjutama hakata, kas v\u00f5i sellest, et ei oska midagi kirjutada. Kirjutamiskramp v\u00e4heneb ja tekib ka teemakohaseid m\u00f5tteid, millest kirjutada. Kui aeg on l\u00e4bi, tuleb kirjapandu \u00fcle lugeda ning eristada sellest m\u00f5tted, mis oleksid v\u00e4\u00e4rt edasiarendamist. Need ideed v\u00f5ib eraldi v\u00e4lja kirjutada. Soovitav on teha mitmeid teemaveeretamise ts\u00fckleid, et ideid koguda. Iga uue ts\u00fckli alguses tuleb aga keskenduda eelmises ts\u00fcklis leitud p\u00f5hiideele. Teema veeretamise tehnika sobib loomingulist l\u00e4henemist interpreteerivate ja filosoofiliste teemade jaoks ning vabastab kirjutamiskrambist, kuid ei k\u00e4sitle teemat siiski s\u00fcstemaatiliselt.<\/div>\n        <\/div>\n        <\/div>\n    <\/div>\n<p style=\"text-align: justify\" align=\"justify\"><\/p><div class=\"accordion mb-3\">\n        <div class=\"accordion-item accordion-item--white\">\n        <h2 class=\"accordion-header\" id=\"accordion-69de62e188270-heading\">\n            <button class=\"accordion-button collapsed\" type=\"button\" data-bs-toggle=\"collapse\" data-bs-target=\"#accordion-69de62e188270-collapse\" aria-expanded=\"true\" aria-controls=\"accordion-69de62e188270-collapse\">K\u00fcsimuste p\u00fcstitamine<\/button>\n        <\/h2>\n        <div id=\"accordion-69de62e188270-collapse\" class=\"accordion-collapse collapse\" aria-labelledby=\"accordion-69de62e188270-heading\">\n            <div class=\"accordion-body\">K\u00fcsimuste p\u00fcstitamine sobib samuti esmaste m\u00f5tete koondamiseks. Sarnaselt nimekirja koostamisega tuleb siin kirja panna k\u00f5ik teemaga seonduvad k\u00fcsimused. Ei ole t\u00e4htis, et kas neile osatakse kohe ka ise vastata. Ka see tehnika on eesk\u00e4tt \u00fclevaatlik, kuid aitab saada ettekujutuse teemast ning juhib k\u00fcsimusteni, millele peab v\u00f5ib-olla veel vastuseid otsima. <\/div>\n        <\/div>\n        <\/div>\n    <\/div>\n<p style=\"text-align: justify\">Akadeemilise kirjutamise protsessis kogutakse m\u00f5tteid paljuski teisi autoreid ja varasemaid uurimusi lugedes \u2013 seega on oluline ka t\u00f6\u00f6 kirjandusega. Allikate otsingust ja nende usaldusv\u00e4\u00e4rsuse hindamisest on l\u00e4hemalt juttu teemaplokis \u201cAllikate valik ja viitamine\u201d.<\/p>\n","protected":false},"excerpt":{"rendered":"<p>T\u00f5en\u00e4oliselt on kirjatamiskramp v\u00f5\u00f5ras vaid v\u00e4hestele \u2013 alati pole lihtne oma m\u00f5tteid korrastada ja neid keeleliselt v\u00e4ljendada.\u00a0 Isegi juhul, kui ollakse teema kohta palju lugenud, v\u00f5ib kirjutamisega alustamine n\u00e4ida keeruline. Kirjutamiskrambist \u00fcle saamiseks on mitmeid v\u00f5imalusi. Millist tehnikat valida, s\u00f5ltub &#8230;<\/p>\n","protected":false},"author":3,"featured_media":0,"parent":0,"menu_order":0,"comment_status":"closed","ping_status":"closed","template":"","meta":{"_acf_changed":false,"inline_featured_image":false,"footnotes":""},"class_list":["post-42","page","type-page","status-publish","hentry"],"acf":[],"_links":{"self":[{"href":"https:\/\/sisu.ut.ee\/teadustoo_alused\/wp-json\/wp\/v2\/pages\/42","targetHints":{"allow":["GET"]}}],"collection":[{"href":"https:\/\/sisu.ut.ee\/teadustoo_alused\/wp-json\/wp\/v2\/pages"}],"about":[{"href":"https:\/\/sisu.ut.ee\/teadustoo_alused\/wp-json\/wp\/v2\/types\/page"}],"author":[{"embeddable":true,"href":"https:\/\/sisu.ut.ee\/teadustoo_alused\/wp-json\/wp\/v2\/users\/3"}],"replies":[{"embeddable":true,"href":"https:\/\/sisu.ut.ee\/teadustoo_alused\/wp-json\/wp\/v2\/comments?post=42"}],"version-history":[{"count":1,"href":"https:\/\/sisu.ut.ee\/teadustoo_alused\/wp-json\/wp\/v2\/pages\/42\/revisions"}],"predecessor-version":[{"id":230,"href":"https:\/\/sisu.ut.ee\/teadustoo_alused\/wp-json\/wp\/v2\/pages\/42\/revisions\/230"}],"wp:attachment":[{"href":"https:\/\/sisu.ut.ee\/teadustoo_alused\/wp-json\/wp\/v2\/media?parent=42"}],"curies":[{"name":"wp","href":"https:\/\/api.w.org\/{rel}","templated":true}]}}