{"id":365,"date":"2024-09-18T11:15:17","date_gmt":"2024-09-18T08:15:17","guid":{"rendered":"https:\/\/sisu.ut.ee\/teadustoo_alused\/enesetest-teadusteksti-olemus-ja-teadusstiili-eriparad\/"},"modified":"2024-09-18T11:15:17","modified_gmt":"2024-09-18T08:15:17","slug":"enesetest-teadusteksti-olemus-ja-teadusstiili-eriparad","status":"publish","type":"page","link":"https:\/\/sisu.ut.ee\/teadustoo_alused\/enesetest-teadusteksti-olemus-ja-teadusstiili-eriparad\/","title":{"rendered":"Enesetest: teadusteksti olemus ja teadusstiili erip\u00e4rad"},"content":{"rendered":"<div id=\"watupro_quiz\" class=\"quiz-area \">\n<p id=\"submittingExam13\" style=\"display:none;text-align:center;\"><img loading=\"lazy\" decoding=\"async\" src=\"https:\/\/sisu.ut.ee\/wp-content\/plugins\/watupro\/img\/loading.gif\" width=\"16\" height=\"16\"><\/p>\n\n\n\n<form action=\"\" method=\"post\" class=\"quiz-form\" id=\"quiz-13\" enctype=\"multipart\/form-data\">\n<div class=\"watu-question \" id=\"question-1\" style=\"display:block;;\"><div id=\"questionWrap-1\" class=\"  watupro-required-61 watupro-question-id-61\">\n\t\t\t<div class=\"question-content\"><div>Teadustekstides kasutatav s\u00f5navara<\/div><input type=\"hidden\" name=\"question_id[]\" id=\"qID_1\" value=\"61\" class=\"watupro-question-id\"><input type=\"hidden\" id=\"answerType61\" class=\"answerTypeCnt1\" value=\"radio\"><input type=\"hidden\" id=\"watupro-required-question-61\"><!-- end question-content--><\/div><div class=\"question-choices watupro-choices-columns \" id=\"questionChoices61\"><div class=\"watupro-question-choice  \" dir=\"auto\"><input type=\"radio\" name=\"answer-61[]\" id=\"answer-id-175\" class=\"answer   answerof-61 \" value=\"175\"><label for=\"answer-id-175\" id=\"answer-label-175\" class=\" answer\"><span><p>v\u00e4ljendab maailma teaduslikku tunnetust<\/p><\/span><\/label><\/div><div class=\"watupro-question-choice  \" dir=\"auto\"><input type=\"radio\" name=\"answer-61[]\" id=\"answer-id-174\" class=\"answer   answerof-61 \" value=\"174\"><label for=\"answer-id-174\" id=\"answer-label-174\" class=\" answer\"><span><p>on reeglina v\u00e4rvikas ning m\u00f5jutab lugejat nii esteetiliselt kui emotsionaalselt<\/p><\/span><\/label><\/div><div class=\"watupro-question-choice  \" dir=\"auto\"><input type=\"radio\" name=\"answer-61[]\" id=\"answer-id-176\" class=\"answer   answerof-61 \" value=\"176\"><label for=\"answer-id-176\" id=\"answer-label-176\" class=\" answer\"><span><p>on valdavalt t\u00e4pe, range ja ratsionaalne<\/p><\/span><\/label><\/div><!-- end question-choices--><\/div><!-- end questionWrap--><\/div><p class=\"watupro-qnum-info \">Question 1 of 5<\/p><\/div><div class=\"watu-question \" id=\"question-2\" style=\";\"><div id=\"questionWrap-2\" class=\"  watupro-required-57 watupro-question-id-57\">\n\t\t\t<div class=\"question-content\"><div>Teadusstiili tunnuseks on:<\/div><input type=\"hidden\" name=\"question_id[]\" id=\"qID_2\" value=\"57\" class=\"watupro-question-id\"><input type=\"hidden\" id=\"answerType57\" class=\"answerTypeCnt2\" value=\"checkbox\"><input type=\"hidden\" id=\"watupro-required-question-57\"><!-- end question-content--><\/div><div class=\"question-choices watupro-choices-columns \" id=\"questionChoices57\"><div class=\"watupro-question-choice  \" dir=\"auto\"><input type=\"checkbox\" name=\"answer-57[]\" id=\"answer-id-162\" class=\"answer   answerof-57 \" value=\"162\"><label for=\"answer-id-162\" id=\"answer-label-162\" class=\" answer\"><span><p>t\u00e4psus, neutraalsus ja impersonaalsus<\/p><\/span><\/label><\/div><div class=\"watupro-question-choice  \" dir=\"auto\"><input type=\"checkbox\" name=\"answer-57[]\" id=\"answer-id-164\" class=\"answer   answerof-57 \" value=\"164\"><label for=\"answer-id-164\" id=\"answer-label-164\" class=\" answer\"><span><p>m\u00e4ngulisus ja loovus<\/p><\/span><\/label><\/div><div class=\"watupro-question-choice  \" dir=\"auto\"><input type=\"checkbox\" name=\"answer-57[]\" id=\"answer-id-163\" class=\"answer   answerof-57 \" value=\"163\"><label for=\"answer-id-163\" id=\"answer-label-163\" class=\" answer\"><span><p>keeruliste lausekonstruktsioonide kasutamine<\/p><\/span><\/label><\/div><!-- end question-choices--><\/div><!-- end questionWrap--><\/div><p class=\"watupro-qnum-info \">Question 2 of 5<\/p><\/div><div class=\"watu-question \" id=\"question-3\" style=\";\"><div id=\"questionWrap-3\" class=\"  watupro-required-58 watupro-question-id-58\">\n\t\t\t<div class=\"question-content\"><div>Teadusteksti konventsionaalsus t\u00e4hendab,<\/div><input type=\"hidden\" name=\"question_id[]\" id=\"qID_3\" value=\"58\" class=\"watupro-question-id\"><input type=\"hidden\" id=\"answerType58\" class=\"answerTypeCnt3\" value=\"checkbox\"><input type=\"hidden\" id=\"watupro-required-question-58\"><!-- end question-content--><\/div><div class=\"question-choices watupro-choices-columns \" id=\"questionChoices58\"><div class=\"watupro-question-choice  \" dir=\"auto\"><input type=\"checkbox\" name=\"answer-58[]\" id=\"answer-id-167\" class=\"answer   answerof-58 \" value=\"167\"><label for=\"answer-id-167\" id=\"answer-label-167\" class=\" answer\"><span><p>asjatundlikul lugejal on konventsioone tundes lihtne tekstist \u00fcles leida teda huvitav osa<\/p><\/span><\/label><\/div><div class=\"watupro-question-choice  \" dir=\"auto\"><input type=\"checkbox\" name=\"answer-58[]\" id=\"answer-id-166\" class=\"answer   answerof-58 \" value=\"166\"><label for=\"answer-id-166\" id=\"answer-label-166\" class=\" answer\"><span><p>kasutatakse mitteformaalset kirjastiili<\/p><\/span><\/label><\/div><div class=\"watupro-question-choice  \" dir=\"auto\"><input type=\"checkbox\" name=\"answer-58[]\" id=\"answer-id-165\" class=\"answer   answerof-58 \" value=\"165\"><label for=\"answer-id-165\" id=\"answer-label-165\" class=\" answer\"><span><p>et kehtivad kokkulepped ja tavad teadusteksti struktuuri, keele ja stiili osas<\/p><\/span><\/label><\/div><!-- end question-choices--><\/div><!-- end questionWrap--><\/div><p class=\"watupro-qnum-info \">Question 3 of 5<\/p><\/div><div class=\"watu-question \" id=\"question-4\" style=\";\"><div id=\"questionWrap-4\" class=\"  watupro-required-60 watupro-question-id-60\">\n\t\t\t<div class=\"question-content\"><div>Objektiivne allikate valik ja t\u00f5lgendus viitavad<\/div><input type=\"hidden\" name=\"question_id[]\" id=\"qID_4\" value=\"60\" class=\"watupro-question-id\"><input type=\"hidden\" id=\"answerType60\" class=\"answerTypeCnt4\" value=\"radio\"><input type=\"hidden\" id=\"watupro-required-question-60\"><!-- end question-content--><\/div><div class=\"question-choices watupro-choices-columns \" id=\"questionChoices60\"><div class=\"watupro-question-choice  \" dir=\"auto\"><input type=\"radio\" name=\"answer-60[]\" id=\"answer-id-172\" class=\"answer   answerof-60 \" value=\"172\"><label for=\"answer-id-172\" id=\"answer-label-172\" class=\" answer\"><span><p>teadusteksti t\u00e4psusele<\/p><\/span><\/label><\/div><div class=\"watupro-question-choice  \" dir=\"auto\"><input type=\"radio\" name=\"answer-60[]\" id=\"answer-id-173\" class=\"answer   answerof-60 \" value=\"173\"><label for=\"answer-id-173\" id=\"answer-label-173\" class=\" answer\"><span><p>teadusteksti loetavusele<\/p><\/span><\/label><\/div><div class=\"watupro-question-choice  \" dir=\"auto\"><input type=\"radio\" name=\"answer-60[]\" id=\"answer-id-171\" class=\"answer   answerof-60 \" value=\"171\"><label for=\"answer-id-171\" id=\"answer-label-171\" class=\" answer\"><span><p>teadusteksti neutraalsusele<\/p><\/span><\/label><\/div><!-- end question-choices--><\/div><!-- end questionWrap--><\/div><p class=\"watupro-qnum-info \">Question 4 of 5<\/p><\/div><div class=\"watu-question \" id=\"question-5\" style=\";\"><div id=\"questionWrap-5\" class=\"  watupro-required-59 watupro-question-id-59\">\n\t\t\t<div class=\"question-content\"><div>T\u00e4psus teadustkeele tunnusena t\u00e4hendab seda, et<\/div><input type=\"hidden\" name=\"question_id[]\" id=\"qID_5\" value=\"59\" class=\"watupro-question-id\"><input type=\"hidden\" id=\"answerType59\" class=\"answerTypeCnt5\" value=\"radio\"><input type=\"hidden\" id=\"watupro-required-question-59\"><!-- end question-content--><\/div><div class=\"question-choices watupro-choices-columns \" id=\"questionChoices59\"><div class=\"watupro-question-choice  \" dir=\"auto\"><input type=\"radio\" name=\"answer-59[]\" id=\"answer-id-169\" class=\"answer   answerof-59 \" value=\"169\"><label for=\"answer-id-169\" id=\"answer-label-169\" class=\" answer\"><span><p>uurimistulemusi t\u00f5lgendatakse erapooletult ning uurija isik j\u00e4etakse k\u00f5rvale<\/p><\/span><\/label><\/div><div class=\"watupro-question-choice  \" dir=\"auto\"><input type=\"radio\" name=\"answer-59[]\" id=\"answer-id-168\" class=\"answer   answerof-59 \" value=\"168\"><label for=\"answer-id-168\" id=\"answer-label-168\" class=\" answer\"><span><p>tekstis esitatavad v\u00e4ited on p\u00f5hjendatud kas faktidele, n\u00e4idetele v\u00f5i allikaviidetele tuginedes<\/p><\/span><\/label><\/div><div class=\"watupro-question-choice  \" dir=\"auto\"><input type=\"radio\" name=\"answer-59[]\" id=\"answer-id-170\" class=\"answer   answerof-59 \" value=\"170\"><label for=\"answer-id-170\" id=\"answer-label-170\" class=\" answer\"><span><p>tekstis kasutatakse umbisikulist tegumoodi<\/p><\/span><\/label><\/div><!-- end question-choices--><\/div><!-- end questionWrap--><\/div><p class=\"watupro-qnum-info \">Question 5 of 5<\/p><\/div><div style=\"display:none\" id=\"question-6\">\n\t<div class=\"question-content\">\n\t\t<img loading=\"lazy\" decoding=\"async\" src=\"https:\/\/sisu.ut.ee\/wp-content\/plugins\/watupro\/img\/loading.gif\" width=\"16\" height=\"16\" alt=\"Loading...\" title=\"Loading...\">\u00a0Loading...\t<\/div>\n<\/div>\n\n<br>\n\t\n\t\t\t<div class=\"watupro_buttons flex \" id=\"watuPROButtons13\">\n\t\t  <div id=\"prev-question\" style=\"display:none;\"><input type=\"button\" value=\"&lt; Previous\" onclick=\"WatuPRO.nextQuestion(event, 'previous');\"><\/div>\t\t  <div id=\"next-question\"><input type=\"button\" value=\"Next &gt;\" onclick=\"WatuPRO.nextQuestion(event);\"><\/div>\t\t  \t\t   \n\t\t   \t  \t\t<div><input type=\"button\" name=\"action\" class=\"watupro-submit-button\" onclick=\"WatuPRO.submitResult(event)\" id=\"action-button\" value=\"Vaata tulemust\" style=\"display:none;\">\n\t\t<\/div>\n\t\t<\/div>\n\t\t\n\t<input type=\"hidden\" name=\"quiz_id\" value=\"13\" id=\"watuPROExamID\">\n\t<input type=\"hidden\" name=\"start_time\" id=\"startTime\" value=\"2026-04-14 15:08:36\">\n\t<input type=\"hidden\" name=\"start_timestamp\" id=\"startTimeStamp\" value=\"1776179316\">\n\t<input type=\"hidden\" name=\"question_ids\" value=\"\">\n\t<input type=\"hidden\" name=\"watupro_questions\" value=\"61:175,174,176 | 57:162,164,163 | 58:167,166,165 | 60:172,173,171 | 59:169,168,170\">\n\t<input type=\"hidden\" name=\"no_ajax\" value=\"0\">\t\t\t<\/form>\n\t<p>\u00a0<\/p>\n<\/div>\n\n<script type=\"text\/javascript\">\n\/\/jQuery(document).ready(function(){\ndocument.addEventListener(\"DOMContentLoaded\", function(event) { \t\nvar question_ids = \"61,57,58,60,59\";\nWatuPROSettings[13] = {};\nWatuPRO.qArr = question_ids.split(',');\nWatuPRO.exam_id = 13;\t    \nWatuPRO.post_id = 365;\nWatuPRO.store_progress = 0;\nWatuPRO.curCatPage = 1;\nWatuPRO.requiredIDs=\"0,61,57,58,60,59\".split(\",\");\nWatuPRO.hAppID = \"0.77663500 1776168516\";\nvar url = \"https:\/\/sisu.ut.ee\/wp-content\/plugins\/watupro\/show_exam.php\";\nWatuPRO.examMode = 0;\nWatuPRO.siteURL=\"https:\/\/sisu.ut.ee\/teadustoo_alused\/wp-admin\/admin-ajax.php\";\nWatuPRO.emailIsNotRequired = 0;\nWatuPRO.perDecade = 10;\nWatuPROIntel.init(13);\n});    \t \n<\/script>\n\n","protected":false},"excerpt":{"rendered":"","protected":false},"author":76,"featured_media":0,"parent":0,"menu_order":0,"comment_status":"closed","ping_status":"closed","template":"","meta":{"_acf_changed":false,"inline_featured_image":false,"footnotes":""},"class_list":["post-365","page","type-page","status-publish","hentry"],"acf":[],"_links":{"self":[{"href":"https:\/\/sisu.ut.ee\/teadustoo_alused\/wp-json\/wp\/v2\/pages\/365","targetHints":{"allow":["GET"]}}],"collection":[{"href":"https:\/\/sisu.ut.ee\/teadustoo_alused\/wp-json\/wp\/v2\/pages"}],"about":[{"href":"https:\/\/sisu.ut.ee\/teadustoo_alused\/wp-json\/wp\/v2\/types\/page"}],"author":[{"embeddable":true,"href":"https:\/\/sisu.ut.ee\/teadustoo_alused\/wp-json\/wp\/v2\/users\/76"}],"replies":[{"embeddable":true,"href":"https:\/\/sisu.ut.ee\/teadustoo_alused\/wp-json\/wp\/v2\/comments?post=365"}],"version-history":[{"count":0,"href":"https:\/\/sisu.ut.ee\/teadustoo_alused\/wp-json\/wp\/v2\/pages\/365\/revisions"}],"wp:attachment":[{"href":"https:\/\/sisu.ut.ee\/teadustoo_alused\/wp-json\/wp\/v2\/media?parent=365"}],"curies":[{"name":"wp","href":"https:\/\/api.w.org\/{rel}","templated":true}]}}