{"id":361,"date":"2024-09-18T11:10:44","date_gmt":"2024-09-18T08:10:44","guid":{"rendered":"https:\/\/sisu.ut.ee\/teadustoo_alused\/enesetest-kirjutamine-kui-protsess\/"},"modified":"2024-09-18T11:10:44","modified_gmt":"2024-09-18T08:10:44","slug":"enesetest-kirjutamine-kui-protsess","status":"publish","type":"page","link":"https:\/\/sisu.ut.ee\/teadustoo_alused\/enesetest-kirjutamine-kui-protsess\/","title":{"rendered":"Enesetest: kirjutamine kui protsess"},"content":{"rendered":"<div id=\"watupro_quiz\" class=\"quiz-area \">\n<p id=\"submittingExam10\" style=\"display:none;text-align:center;\"><img loading=\"lazy\" decoding=\"async\" src=\"https:\/\/sisu.ut.ee\/wp-content\/plugins\/watupro\/img\/loading.gif\" width=\"16\" height=\"16\"><\/p>\n\n\n\n<form action=\"\" method=\"post\" class=\"quiz-form\" id=\"quiz-10\" enctype=\"multipart\/form-data\">\n<div class=\"watu-question \" id=\"question-1\" style=\"display:block;;\"><div id=\"questionWrap-1\" class=\"  watupro-required-42 watupro-question-id-42\">\n\t\t\t<div class=\"question-content\"><div><p>Tuleks v\u00e4ltida kirjutamist teemadel, millega autoril on tugev emotsionaalne side, kuna see v\u00f5ib takistada objektiivset teemak\u00e4sitlust.<\/p><\/div><input type=\"hidden\" name=\"question_id[]\" id=\"qID_1\" value=\"42\" class=\"watupro-question-id\"><input type=\"hidden\" id=\"answerType42\" class=\"answerTypeCnt1\" value=\"radio\"><input type=\"hidden\" id=\"watupro-required-question-42\"><!-- end question-content--><\/div><div class=\"question-choices watupro-choices-columns \" id=\"questionChoices42\"><div class=\"watupro-question-choice  \" dir=\"auto\"><input type=\"radio\" name=\"answer-42[]\" id=\"answer-id-117\" class=\"answer   answerof-42 \" value=\"117\"><label for=\"answer-id-117\" id=\"answer-label-117\" class=\" answer\"><span>True<\/span><\/label><\/div><div class=\"watupro-question-choice  \" dir=\"auto\"><input type=\"radio\" name=\"answer-42[]\" id=\"answer-id-118\" class=\"answer   answerof-42 \" value=\"118\"><label for=\"answer-id-118\" id=\"answer-label-118\" class=\" answer\"><span>False<\/span><\/label><\/div><!-- end question-choices--><\/div><!-- end questionWrap--><\/div><p class=\"watupro-qnum-info \">Question 1 of 5<\/p><\/div><div class=\"watu-question \" id=\"question-2\" style=\";\"><div id=\"questionWrap-2\" class=\"  watupro-required-43 watupro-question-id-43\">\n\t\t\t<div class=\"question-content\"><div><p>Teema on teksti p\u00f5hiidee.<\/p><\/div><input type=\"hidden\" name=\"question_id[]\" id=\"qID_2\" value=\"43\" class=\"watupro-question-id\"><input type=\"hidden\" id=\"answerType43\" class=\"answerTypeCnt2\" value=\"radio\"><input type=\"hidden\" id=\"watupro-required-question-43\"><!-- end question-content--><\/div><div class=\"question-choices watupro-choices-columns \" id=\"questionChoices43\"><div class=\"watupro-question-choice  \" dir=\"auto\"><input type=\"radio\" name=\"answer-43[]\" id=\"answer-id-119\" class=\"answer   answerof-43 \" value=\"119\"><label for=\"answer-id-119\" id=\"answer-label-119\" class=\" answer\"><span>True<\/span><\/label><\/div><div class=\"watupro-question-choice  \" dir=\"auto\"><input type=\"radio\" name=\"answer-43[]\" id=\"answer-id-120\" class=\"answer   answerof-43 \" value=\"120\"><label for=\"answer-id-120\" id=\"answer-label-120\" class=\" answer\"><span>False<\/span><\/label><\/div><!-- end question-choices--><\/div><!-- end questionWrap--><\/div><p class=\"watupro-qnum-info \">Question 2 of 5<\/p><\/div><div class=\"watu-question \" id=\"question-3\" style=\";\"><div id=\"questionWrap-3\" class=\"  watupro-required-46 watupro-question-id-46\">\n\t\t\t<div class=\"question-content\"><div><p>Sidel\u00f5iku, mis koosneb ideelausest ja tugilausetest, kasutatakse tekstis eesk\u00e4tt \u00fchelt teemalt teisele \u00fcleminekul v\u00f5i eelmisele l\u00f5igule n\u00e4iteid lisades.<\/p><\/div><input type=\"hidden\" name=\"question_id[]\" id=\"qID_3\" value=\"46\" class=\"watupro-question-id\"><input type=\"hidden\" id=\"answerType46\" class=\"answerTypeCnt3\" value=\"radio\"><input type=\"hidden\" id=\"watupro-required-question-46\"><!-- end question-content--><\/div><div class=\"question-choices watupro-choices-columns \" id=\"questionChoices46\"><div class=\"watupro-question-choice  \" dir=\"auto\"><input type=\"radio\" name=\"answer-46[]\" id=\"answer-id-125\" class=\"answer   answerof-46 \" value=\"125\"><label for=\"answer-id-125\" id=\"answer-label-125\" class=\" answer\"><span>True<\/span><\/label><\/div><div class=\"watupro-question-choice  \" dir=\"auto\"><input type=\"radio\" name=\"answer-46[]\" id=\"answer-id-126\" class=\"answer   answerof-46 \" value=\"126\"><label for=\"answer-id-126\" id=\"answer-label-126\" class=\" answer\"><span>False<\/span><\/label><\/div><!-- end question-choices--><\/div><!-- end questionWrap--><\/div><p class=\"watupro-qnum-info \">Question 3 of 5<\/p><\/div><div class=\"watu-question \" id=\"question-4\" style=\";\"><div id=\"questionWrap-4\" class=\"  watupro-required-45 watupro-question-id-45\">\n\t\t\t<div class=\"question-content\"><div><p>Siduss\u00f5nad ja toed seovad teksti ladusalt loetavaks tervikuks.<\/p><\/div><input type=\"hidden\" name=\"question_id[]\" id=\"qID_4\" value=\"45\" class=\"watupro-question-id\"><input type=\"hidden\" id=\"answerType45\" class=\"answerTypeCnt4\" value=\"radio\"><input type=\"hidden\" id=\"watupro-required-question-45\"><!-- end question-content--><\/div><div class=\"question-choices watupro-choices-columns \" id=\"questionChoices45\"><div class=\"watupro-question-choice  \" dir=\"auto\"><input type=\"radio\" name=\"answer-45[]\" id=\"answer-id-123\" class=\"answer   answerof-45 \" value=\"123\"><label for=\"answer-id-123\" id=\"answer-label-123\" class=\" answer\"><span>True<\/span><\/label><\/div><div class=\"watupro-question-choice  \" dir=\"auto\"><input type=\"radio\" name=\"answer-45[]\" id=\"answer-id-124\" class=\"answer   answerof-45 \" value=\"124\"><label for=\"answer-id-124\" id=\"answer-label-124\" class=\" answer\"><span>False<\/span><\/label><\/div><!-- end question-choices--><\/div><!-- end questionWrap--><\/div><p class=\"watupro-qnum-info \">Question 4 of 5<\/p><\/div><div class=\"watu-question \" id=\"question-5\" style=\";\"><div id=\"questionWrap-5\" class=\"  watupro-required-44 watupro-question-id-44\">\n\t\t\t<div class=\"question-content\"><div><p>Jooniste ja tabelite selgitamine ning korrektne viitamine n\u00e4itavad, et autor arvestab lugejaga.<\/p><\/div><input type=\"hidden\" name=\"question_id[]\" id=\"qID_5\" value=\"44\" class=\"watupro-question-id\"><input type=\"hidden\" id=\"answerType44\" class=\"answerTypeCnt5\" value=\"radio\"><input type=\"hidden\" id=\"watupro-required-question-44\"><!-- end question-content--><\/div><div class=\"question-choices watupro-choices-columns \" id=\"questionChoices44\"><div class=\"watupro-question-choice  \" dir=\"auto\"><input type=\"radio\" name=\"answer-44[]\" id=\"answer-id-121\" class=\"answer   answerof-44 \" value=\"121\"><label for=\"answer-id-121\" id=\"answer-label-121\" class=\" answer\"><span>True<\/span><\/label><\/div><div class=\"watupro-question-choice  \" dir=\"auto\"><input type=\"radio\" name=\"answer-44[]\" id=\"answer-id-122\" class=\"answer   answerof-44 \" value=\"122\"><label for=\"answer-id-122\" id=\"answer-label-122\" class=\" answer\"><span>False<\/span><\/label><\/div><!-- end question-choices--><\/div><!-- end questionWrap--><\/div><p class=\"watupro-qnum-info \">Question 5 of 5<\/p><\/div><div style=\"display:none\" id=\"question-6\">\n\t<div class=\"question-content\">\n\t\t<img loading=\"lazy\" decoding=\"async\" src=\"https:\/\/sisu.ut.ee\/wp-content\/plugins\/watupro\/img\/loading.gif\" width=\"16\" height=\"16\" alt=\"Loading...\" title=\"Loading...\">\u00a0Loading...\t<\/div>\n<\/div>\n\n<br>\n\t\n\t\t\t<div class=\"watupro_buttons flex \" id=\"watuPROButtons10\">\n\t\t  <div id=\"prev-question\" style=\"display:none;\"><input type=\"button\" value=\"&lt; Previous\" onclick=\"WatuPRO.nextQuestion(event, 'previous');\"><\/div>\t\t  <div id=\"next-question\"><input type=\"button\" value=\"Next &gt;\" onclick=\"WatuPRO.nextQuestion(event);\"><\/div>\t\t  \t\t   \n\t\t   \t  \t\t<div><input type=\"button\" name=\"action\" class=\"watupro-submit-button\" onclick=\"WatuPRO.submitResult(event)\" id=\"action-button\" value=\"Vaata tulemust\" style=\"display:none;\">\n\t\t<\/div>\n\t\t<\/div>\n\t\t\n\t<input type=\"hidden\" name=\"quiz_id\" value=\"10\" id=\"watuPROExamID\">\n\t<input type=\"hidden\" name=\"start_time\" id=\"startTime\" value=\"2026-04-14 22:15:32\">\n\t<input type=\"hidden\" name=\"start_timestamp\" id=\"startTimeStamp\" value=\"1776204932\">\n\t<input type=\"hidden\" name=\"question_ids\" value=\"\">\n\t<input type=\"hidden\" name=\"watupro_questions\" value=\"42:117,118 | 43:119,120 | 46:125,126 | 45:123,124 | 44:121,122\">\n\t<input type=\"hidden\" name=\"no_ajax\" value=\"0\">\t\t\t<\/form>\n\t<p>\u00a0<\/p>\n<\/div>\n\n<script type=\"text\/javascript\">\n\/\/jQuery(document).ready(function(){\ndocument.addEventListener(\"DOMContentLoaded\", function(event) { \t\nvar question_ids = \"42,43,46,45,44\";\nWatuPROSettings[10] = {};\nWatuPRO.qArr = question_ids.split(',');\nWatuPRO.exam_id = 10;\t    \nWatuPRO.post_id = 361;\nWatuPRO.store_progress = 0;\nWatuPRO.curCatPage = 1;\nWatuPRO.requiredIDs=\"0,42,43,46,45,44\".split(\",\");\nWatuPRO.hAppID = \"0.78465300 1776194132\";\nvar url = \"https:\/\/sisu.ut.ee\/wp-content\/plugins\/watupro\/show_exam.php\";\nWatuPRO.examMode = 0;\nWatuPRO.siteURL=\"https:\/\/sisu.ut.ee\/teadustoo_alused\/wp-admin\/admin-ajax.php\";\nWatuPRO.emailIsNotRequired = 0;\nWatuPRO.perDecade = 10;\nWatuPROIntel.init(10);\n});    \t \n<\/script>\n\n","protected":false},"excerpt":{"rendered":"","protected":false},"author":76,"featured_media":0,"parent":0,"menu_order":0,"comment_status":"closed","ping_status":"closed","template":"","meta":{"_acf_changed":false,"inline_featured_image":false,"footnotes":""},"class_list":["post-361","page","type-page","status-publish","hentry"],"acf":[],"_links":{"self":[{"href":"https:\/\/sisu.ut.ee\/teadustoo_alused\/wp-json\/wp\/v2\/pages\/361","targetHints":{"allow":["GET"]}}],"collection":[{"href":"https:\/\/sisu.ut.ee\/teadustoo_alused\/wp-json\/wp\/v2\/pages"}],"about":[{"href":"https:\/\/sisu.ut.ee\/teadustoo_alused\/wp-json\/wp\/v2\/types\/page"}],"author":[{"embeddable":true,"href":"https:\/\/sisu.ut.ee\/teadustoo_alused\/wp-json\/wp\/v2\/users\/76"}],"replies":[{"embeddable":true,"href":"https:\/\/sisu.ut.ee\/teadustoo_alused\/wp-json\/wp\/v2\/comments?post=361"}],"version-history":[{"count":0,"href":"https:\/\/sisu.ut.ee\/teadustoo_alused\/wp-json\/wp\/v2\/pages\/361\/revisions"}],"wp:attachment":[{"href":"https:\/\/sisu.ut.ee\/teadustoo_alused\/wp-json\/wp\/v2\/media?parent=361"}],"curies":[{"name":"wp","href":"https:\/\/api.w.org\/{rel}","templated":true}]}}