{"id":359,"date":"2024-09-18T11:08:51","date_gmt":"2024-09-18T08:08:51","guid":{"rendered":"https:\/\/sisu.ut.ee\/teadustoo_alused\/enesetest-refereerimine-ja-tsiteerimine\/"},"modified":"2024-09-18T11:08:51","modified_gmt":"2024-09-18T08:08:51","slug":"enesetest-refereerimine-ja-tsiteerimine","status":"publish","type":"page","link":"https:\/\/sisu.ut.ee\/teadustoo_alused\/enesetest-refereerimine-ja-tsiteerimine\/","title":{"rendered":"Enesetest: refereerimine ja tsiteerimine"},"content":{"rendered":"<div id=\"watupro_quiz\" class=\"quiz-area \">\n<p id=\"submittingExam12\" style=\"display:none;text-align:center;\"><img loading=\"lazy\" decoding=\"async\" src=\"https:\/\/sisu.ut.ee\/wp-content\/plugins\/watupro\/img\/loading.gif\" width=\"16\" height=\"16\"><\/p>\n\n\n\n<form action=\"\" method=\"post\" class=\"quiz-form\" id=\"quiz-12\" enctype=\"multipart\/form-data\">\n<div class=\"watu-question \" id=\"question-1\" style=\"display:block;;\"><div id=\"questionWrap-1\" class=\"  watupro-required-56 watupro-question-id-56\">\n\t\t\t<div class=\"question-content\"><div><p>J\u00e4rgmine tsitaat on esitatud korrektsel kujul:<\/p><p>Peamine juhend ons ee, et tsitaate tuleb kasutada s\u00e4\u00e4stlikult ja need peaksid olema v\u00f5imalikult l\u00fchikesed (Hirsj\u00e4rvi, Remes, &amp; Sajavaara, 2005).<\/p><\/div><input type=\"hidden\" name=\"question_id[]\" id=\"qID_1\" value=\"56\" class=\"watupro-question-id\"><input type=\"hidden\" id=\"answerType56\" class=\"answerTypeCnt1\" value=\"radio\"><input type=\"hidden\" id=\"watupro-required-question-56\"><!-- end question-content--><\/div><div class=\"question-choices watupro-choices-columns \" id=\"questionChoices56\"><div class=\"watupro-question-choice  \" dir=\"auto\"><input type=\"radio\" name=\"answer-56[]\" id=\"answer-id-160\" class=\"answer   answerof-56 \" value=\"160\"><label for=\"answer-id-160\" id=\"answer-label-160\" class=\" answer\"><span>True<\/span><\/label><\/div><div class=\"watupro-question-choice  \" dir=\"auto\"><input type=\"radio\" name=\"answer-56[]\" id=\"answer-id-161\" class=\"answer   answerof-56 \" value=\"161\"><label for=\"answer-id-161\" id=\"answer-label-161\" class=\" answer\"><span>False<\/span><\/label><\/div><!-- end question-choices--><\/div><!-- end questionWrap--><\/div><p class=\"watupro-qnum-info \">Question 1 of 5<\/p><\/div><div class=\"watu-question \" id=\"question-2\" style=\";\"><div id=\"questionWrap-2\" class=\"  watupro-required-52 watupro-question-id-52\">\n\t\t\t<div class=\"question-content\"><div><p>Parafraseerimine t\u00e4hendab, et algteksti seisukohti esitatakse \u00fcmbers\u00f5nastatult originaaltekstiga sarnases mahus.<\/p><\/div><input type=\"hidden\" name=\"question_id[]\" id=\"qID_2\" value=\"52\" class=\"watupro-question-id\"><input type=\"hidden\" id=\"answerType52\" class=\"answerTypeCnt2\" value=\"radio\"><input type=\"hidden\" id=\"watupro-required-question-52\"><!-- end question-content--><\/div><div class=\"question-choices watupro-choices-columns \" id=\"questionChoices52\"><div class=\"watupro-question-choice  \" dir=\"auto\"><input type=\"radio\" name=\"answer-52[]\" id=\"answer-id-152\" class=\"answer   answerof-52 \" value=\"152\"><label for=\"answer-id-152\" id=\"answer-label-152\" class=\" answer\"><span>True<\/span><\/label><\/div><div class=\"watupro-question-choice  \" dir=\"auto\"><input type=\"radio\" name=\"answer-52[]\" id=\"answer-id-153\" class=\"answer   answerof-52 \" value=\"153\"><label for=\"answer-id-153\" id=\"answer-label-153\" class=\" answer\"><span>False<\/span><\/label><\/div><!-- end question-choices--><\/div><!-- end questionWrap--><\/div><p class=\"watupro-qnum-info \">Question 2 of 5<\/p><\/div><div class=\"watu-question \" id=\"question-3\" style=\";\"><div id=\"questionWrap-3\" class=\"  watupro-required-54 watupro-question-id-54\">\n\t\t\t<div class=\"question-content\"><div><p>Teiste autorite seisukohti edasi andes tuleks reeglina eelistada tsiteerimist.<\/p><\/div><input type=\"hidden\" name=\"question_id[]\" id=\"qID_3\" value=\"54\" class=\"watupro-question-id\"><input type=\"hidden\" id=\"answerType54\" class=\"answerTypeCnt3\" value=\"radio\"><input type=\"hidden\" id=\"watupro-required-question-54\"><!-- end question-content--><\/div><div class=\"question-choices watupro-choices-columns \" id=\"questionChoices54\"><div class=\"watupro-question-choice  \" dir=\"auto\"><input type=\"radio\" name=\"answer-54[]\" id=\"answer-id-156\" class=\"answer   answerof-54 \" value=\"156\"><label for=\"answer-id-156\" id=\"answer-label-156\" class=\" answer\"><span>True<\/span><\/label><\/div><div class=\"watupro-question-choice  \" dir=\"auto\"><input type=\"radio\" name=\"answer-54[]\" id=\"answer-id-157\" class=\"answer   answerof-54 \" value=\"157\"><label for=\"answer-id-157\" id=\"answer-label-157\" class=\" answer\"><span>False<\/span><\/label><\/div><!-- end question-choices--><\/div><!-- end questionWrap--><\/div><p class=\"watupro-qnum-info \">Question 3 of 5<\/p><\/div><div class=\"watu-question \" id=\"question-4\" style=\";\"><div id=\"questionWrap-4\" class=\"  watupro-required-53 watupro-question-id-53\">\n\t\t\t<div class=\"question-content\"><div><p>S\u00fcnteesiv refereerimine annab edasi mitme erineva allika seisukohti \u00fchendava p\u00f5hiidee uues s\u00f5nastuses.<\/p><\/div><input type=\"hidden\" name=\"question_id[]\" id=\"qID_4\" value=\"53\" class=\"watupro-question-id\"><input type=\"hidden\" id=\"answerType53\" class=\"answerTypeCnt4\" value=\"radio\"><input type=\"hidden\" id=\"watupro-required-question-53\"><!-- end question-content--><\/div><div class=\"question-choices watupro-choices-columns \" id=\"questionChoices53\"><div class=\"watupro-question-choice  \" dir=\"auto\"><input type=\"radio\" name=\"answer-53[]\" id=\"answer-id-154\" class=\"answer   answerof-53 \" value=\"154\"><label for=\"answer-id-154\" id=\"answer-label-154\" class=\" answer\"><span>True<\/span><\/label><\/div><div class=\"watupro-question-choice  \" dir=\"auto\"><input type=\"radio\" name=\"answer-53[]\" id=\"answer-id-155\" class=\"answer   answerof-53 \" value=\"155\"><label for=\"answer-id-155\" id=\"answer-label-155\" class=\" answer\"><span>False<\/span><\/label><\/div><!-- end question-choices--><\/div><!-- end questionWrap--><\/div><p class=\"watupro-qnum-info \">Question 4 of 5<\/p><\/div><div class=\"watu-question \" id=\"question-5\" style=\";\"><div id=\"questionWrap-5\" class=\"  watupro-required-55 watupro-question-id-55\">\n\t\t\t<div class=\"question-content\"><div><p>Hea parafraasi koostamiseks piisab sellest, kui originaaltekstis muuta \u00e4ra m\u00f5ned s\u00f5nad v\u00f5i fraasid.<\/p><\/div><input type=\"hidden\" name=\"question_id[]\" id=\"qID_5\" value=\"55\" class=\"watupro-question-id\"><input type=\"hidden\" id=\"answerType55\" class=\"answerTypeCnt5\" value=\"radio\"><input type=\"hidden\" id=\"watupro-required-question-55\"><!-- end question-content--><\/div><div class=\"question-choices watupro-choices-columns \" id=\"questionChoices55\"><div class=\"watupro-question-choice  \" dir=\"auto\"><input type=\"radio\" name=\"answer-55[]\" id=\"answer-id-158\" class=\"answer   answerof-55 \" value=\"158\"><label for=\"answer-id-158\" id=\"answer-label-158\" class=\" answer\"><span>True<\/span><\/label><\/div><div class=\"watupro-question-choice  \" dir=\"auto\"><input type=\"radio\" name=\"answer-55[]\" id=\"answer-id-159\" class=\"answer   answerof-55 \" value=\"159\"><label for=\"answer-id-159\" id=\"answer-label-159\" class=\" answer\"><span>False<\/span><\/label><\/div><!-- end question-choices--><\/div><!-- end questionWrap--><\/div><p class=\"watupro-qnum-info \">Question 5 of 5<\/p><\/div><div style=\"display:none\" id=\"question-6\">\n\t<div class=\"question-content\">\n\t\t<img loading=\"lazy\" decoding=\"async\" src=\"https:\/\/sisu.ut.ee\/wp-content\/plugins\/watupro\/img\/loading.gif\" width=\"16\" height=\"16\" alt=\"Loading...\" title=\"Loading...\">\u00a0Loading...\t<\/div>\n<\/div>\n\n<br>\n\t\n\t\t\t<div class=\"watupro_buttons flex \" id=\"watuPROButtons12\">\n\t\t  <div id=\"prev-question\" style=\"display:none;\"><input type=\"button\" value=\"&lt; Previous\" onclick=\"WatuPRO.nextQuestion(event, 'previous');\"><\/div>\t\t  <div id=\"next-question\"><input type=\"button\" value=\"Next &gt;\" onclick=\"WatuPRO.nextQuestion(event);\"><\/div>\t\t  \t\t   \n\t\t   \t  \t\t<div><input type=\"button\" name=\"action\" class=\"watupro-submit-button\" onclick=\"WatuPRO.submitResult(event)\" id=\"action-button\" value=\"Vaata tulemust\" style=\"display:none;\">\n\t\t<\/div>\n\t\t<\/div>\n\t\t\n\t<input type=\"hidden\" name=\"quiz_id\" value=\"12\" id=\"watuPROExamID\">\n\t<input type=\"hidden\" name=\"start_time\" id=\"startTime\" value=\"2026-04-16 20:43:20\">\n\t<input type=\"hidden\" name=\"start_timestamp\" id=\"startTimeStamp\" value=\"1776372200\">\n\t<input type=\"hidden\" name=\"question_ids\" value=\"\">\n\t<input type=\"hidden\" name=\"watupro_questions\" value=\"56:160,161 | 52:152,153 | 54:156,157 | 53:154,155 | 55:158,159\">\n\t<input type=\"hidden\" name=\"no_ajax\" value=\"0\">\t\t\t<\/form>\n\t<p>\u00a0<\/p>\n<\/div>\n\n<script type=\"text\/javascript\">\n\/\/jQuery(document).ready(function(){\ndocument.addEventListener(\"DOMContentLoaded\", function(event) { \t\nvar question_ids = \"56,52,54,53,55\";\nWatuPROSettings[12] = {};\nWatuPRO.qArr = question_ids.split(',');\nWatuPRO.exam_id = 12;\t    \nWatuPRO.post_id = 359;\nWatuPRO.store_progress = 0;\nWatuPRO.curCatPage = 1;\nWatuPRO.requiredIDs=\"0,56,52,54,53,55\".split(\",\");\nWatuPRO.hAppID = \"0.86943400 1776361400\";\nvar url = \"https:\/\/sisu.ut.ee\/wp-content\/plugins\/watupro\/show_exam.php\";\nWatuPRO.examMode = 0;\nWatuPRO.siteURL=\"https:\/\/sisu.ut.ee\/teadustoo_alused\/wp-admin\/admin-ajax.php\";\nWatuPRO.emailIsNotRequired = 0;\nWatuPRO.perDecade = 10;\nWatuPROIntel.init(12);\n});    \t \n<\/script>\n\n","protected":false},"excerpt":{"rendered":"","protected":false},"author":76,"featured_media":0,"parent":0,"menu_order":0,"comment_status":"closed","ping_status":"closed","template":"","meta":{"_acf_changed":false,"inline_featured_image":false,"footnotes":""},"class_list":["post-359","page","type-page","status-publish","hentry"],"acf":[],"_links":{"self":[{"href":"https:\/\/sisu.ut.ee\/teadustoo_alused\/wp-json\/wp\/v2\/pages\/359","targetHints":{"allow":["GET"]}}],"collection":[{"href":"https:\/\/sisu.ut.ee\/teadustoo_alused\/wp-json\/wp\/v2\/pages"}],"about":[{"href":"https:\/\/sisu.ut.ee\/teadustoo_alused\/wp-json\/wp\/v2\/types\/page"}],"author":[{"embeddable":true,"href":"https:\/\/sisu.ut.ee\/teadustoo_alused\/wp-json\/wp\/v2\/users\/76"}],"replies":[{"embeddable":true,"href":"https:\/\/sisu.ut.ee\/teadustoo_alused\/wp-json\/wp\/v2\/comments?post=359"}],"version-history":[{"count":0,"href":"https:\/\/sisu.ut.ee\/teadustoo_alused\/wp-json\/wp\/v2\/pages\/359\/revisions"}],"wp:attachment":[{"href":"https:\/\/sisu.ut.ee\/teadustoo_alused\/wp-json\/wp\/v2\/media?parent=359"}],"curies":[{"name":"wp","href":"https:\/\/api.w.org\/{rel}","templated":true}]}}