{"id":357,"date":"2024-09-18T11:03:59","date_gmt":"2024-09-18T08:03:59","guid":{"rendered":"https:\/\/sisu.ut.ee\/teadustoo_alused\/enesetest-akadeemilised-tekstid\/"},"modified":"2024-09-18T11:03:59","modified_gmt":"2024-09-18T08:03:59","slug":"enesetest-akadeemilised-tekstid","status":"publish","type":"page","link":"https:\/\/sisu.ut.ee\/teadustoo_alused\/enesetest-akadeemilised-tekstid\/","title":{"rendered":"Enesetest: akadeemilised tekstid"},"content":{"rendered":"<div id=\"watupro_quiz\" class=\"quiz-area \">\n<p id=\"submittingExam15\" style=\"display:none;text-align:center;\"><img loading=\"lazy\" decoding=\"async\" src=\"https:\/\/sisu.ut.ee\/wp-content\/plugins\/watupro\/img\/loading.gif\" width=\"16\" height=\"16\"><\/p>\n\n\n\n<form action=\"\" method=\"post\" class=\"quiz-form\" id=\"quiz-15\" enctype=\"multipart\/form-data\">\n<div class=\"watu-question \" id=\"question-1\" style=\"display:block;;\"><div id=\"questionWrap-1\" class=\"  watupro-required-75 watupro-question-id-75\">\n\t\t\t<div class=\"question-content\"><div><p>Teadusartikli koostamisel ei j\u00e4rgita uurimisraporti p\u00f5histruktuuri, selle \u00fclesehitusele kehtivad t\u00e4iesti teised normid.<\/p><\/div><input type=\"hidden\" name=\"question_id[]\" id=\"qID_1\" value=\"75\" class=\"watupro-question-id\"><input type=\"hidden\" id=\"answerType75\" class=\"answerTypeCnt1\" value=\"radio\"><input type=\"hidden\" id=\"watupro-required-question-75\"><!-- end question-content--><\/div><div class=\"question-choices watupro-choices-columns \" id=\"questionChoices75\"><div class=\"watupro-question-choice  \" dir=\"auto\"><input type=\"radio\" name=\"answer-75[]\" id=\"answer-id-205\" class=\"answer   answerof-75 \" value=\"205\"><label for=\"answer-id-205\" id=\"answer-label-205\" class=\" answer\"><span>True<\/span><\/label><\/div><div class=\"watupro-question-choice  \" dir=\"auto\"><input type=\"radio\" name=\"answer-75[]\" id=\"answer-id-206\" class=\"answer   answerof-75 \" value=\"206\"><label for=\"answer-id-206\" id=\"answer-label-206\" class=\" answer\"><span>False<\/span><\/label><\/div><!-- end question-choices--><\/div><!-- end questionWrap--><\/div><p class=\"watupro-qnum-info \">Question 1 of 10<\/p><\/div><div class=\"watu-question \" id=\"question-2\" style=\";\"><div id=\"questionWrap-2\" class=\"  watupro-required-70 watupro-question-id-70\">\n\t\t\t<div class=\"question-content\"><div><p>Uurimisraporti arutelu osas ei anta veel saadud tulemustele hinnanguid.<\/p><\/div><input type=\"hidden\" name=\"question_id[]\" id=\"qID_2\" value=\"70\" class=\"watupro-question-id\"><input type=\"hidden\" id=\"answerType70\" class=\"answerTypeCnt2\" value=\"radio\"><input type=\"hidden\" id=\"watupro-required-question-70\"><!-- end question-content--><\/div><div class=\"question-choices watupro-choices-columns \" id=\"questionChoices70\"><div class=\"watupro-question-choice  \" dir=\"auto\"><input type=\"radio\" name=\"answer-70[]\" id=\"answer-id-195\" class=\"answer   answerof-70 \" value=\"195\"><label for=\"answer-id-195\" id=\"answer-label-195\" class=\" answer\"><span>True<\/span><\/label><\/div><div class=\"watupro-question-choice  \" dir=\"auto\"><input type=\"radio\" name=\"answer-70[]\" id=\"answer-id-196\" class=\"answer   answerof-70 \" value=\"196\"><label for=\"answer-id-196\" id=\"answer-label-196\" class=\" answer\"><span>False<\/span><\/label><\/div><!-- end question-choices--><\/div><!-- end questionWrap--><\/div><p class=\"watupro-qnum-info \">Question 2 of 10<\/p><\/div><div class=\"watu-question \" id=\"question-3\" style=\";\"><div id=\"questionWrap-3\" class=\"  watupro-required-68 watupro-question-id-68\">\n\t\t\t<div class=\"question-content\"><div><p>Uurimisraporti harjumusp\u00e4rane p\u00f5histruktuur koosneb sissejuhatavast osast, p\u00f5hi- ning l\u00f5pposast.<\/p><\/div><input type=\"hidden\" name=\"question_id[]\" id=\"qID_3\" value=\"68\" class=\"watupro-question-id\"><input type=\"hidden\" id=\"answerType68\" class=\"answerTypeCnt3\" value=\"radio\"><input type=\"hidden\" id=\"watupro-required-question-68\"><!-- end question-content--><\/div><div class=\"question-choices watupro-choices-columns \" id=\"questionChoices68\"><div class=\"watupro-question-choice  \" dir=\"auto\"><input type=\"radio\" name=\"answer-68[]\" id=\"answer-id-191\" class=\"answer   answerof-68 \" value=\"191\"><label for=\"answer-id-191\" id=\"answer-label-191\" class=\" answer\"><span>True<\/span><\/label><\/div><div class=\"watupro-question-choice  \" dir=\"auto\"><input type=\"radio\" name=\"answer-68[]\" id=\"answer-id-192\" class=\"answer   answerof-68 \" value=\"192\"><label for=\"answer-id-192\" id=\"answer-label-192\" class=\" answer\"><span>False<\/span><\/label><\/div><!-- end question-choices--><\/div><!-- end questionWrap--><\/div><p class=\"watupro-qnum-info \">Question 3 of 10<\/p><\/div><div class=\"watu-question \" id=\"question-4\" style=\";\"><div id=\"questionWrap-4\" class=\"  watupro-required-73 watupro-question-id-73\">\n\t\t\t<div class=\"question-content\"><div><p>Uurimisraporti sissejuhatuses liigutakse \u00fcldisemalt \u00fcksikule. Alustatakse laiema teema ja konteksti avamisest ning liigutakse seej\u00e4rel juba konkreetsema probleemip\u00fcstituse ning eesm\u00e4rgi seadmiseni.<\/p><\/div><input type=\"hidden\" name=\"question_id[]\" id=\"qID_4\" value=\"73\" class=\"watupro-question-id\"><input type=\"hidden\" id=\"answerType73\" class=\"answerTypeCnt4\" value=\"radio\"><input type=\"hidden\" id=\"watupro-required-question-73\"><!-- end question-content--><\/div><div class=\"question-choices watupro-choices-columns \" id=\"questionChoices73\"><div class=\"watupro-question-choice  \" dir=\"auto\"><input type=\"radio\" name=\"answer-73[]\" id=\"answer-id-201\" class=\"answer   answerof-73 \" value=\"201\"><label for=\"answer-id-201\" id=\"answer-label-201\" class=\" answer\"><span>True<\/span><\/label><\/div><div class=\"watupro-question-choice  \" dir=\"auto\"><input type=\"radio\" name=\"answer-73[]\" id=\"answer-id-202\" class=\"answer   answerof-73 \" value=\"202\"><label for=\"answer-id-202\" id=\"answer-label-202\" class=\" answer\"><span>False<\/span><\/label><\/div><!-- end question-choices--><\/div><!-- end questionWrap--><\/div><p class=\"watupro-qnum-info \">Question 4 of 10<\/p><\/div><div class=\"watu-question \" id=\"question-5\" style=\";\"><div id=\"questionWrap-5\" class=\"  watupro-required-74 watupro-question-id-74\">\n\t\t\t<div class=\"question-content\"><div><p>Uurimisraporti kokkuv\u00f5ttes ei t\u00f5statata enam uusi probleeme, kuid tehakse siiski ettepanekuid edasisteks v\u00f5imalikeks uurimusteks.<\/p><\/div><input type=\"hidden\" name=\"question_id[]\" id=\"qID_5\" value=\"74\" class=\"watupro-question-id\"><input type=\"hidden\" id=\"answerType74\" class=\"answerTypeCnt5\" value=\"radio\"><input type=\"hidden\" id=\"watupro-required-question-74\"><!-- end question-content--><\/div><div class=\"question-choices watupro-choices-columns \" id=\"questionChoices74\"><div class=\"watupro-question-choice  \" dir=\"auto\"><input type=\"radio\" name=\"answer-74[]\" id=\"answer-id-203\" class=\"answer   answerof-74 \" value=\"203\"><label for=\"answer-id-203\" id=\"answer-label-203\" class=\" answer\"><span>True<\/span><\/label><\/div><div class=\"watupro-question-choice  \" dir=\"auto\"><input type=\"radio\" name=\"answer-74[]\" id=\"answer-id-204\" class=\"answer   answerof-74 \" value=\"204\"><label for=\"answer-id-204\" id=\"answer-label-204\" class=\" answer\"><span>False<\/span><\/label><\/div><!-- end question-choices--><\/div><!-- end questionWrap--><\/div><p class=\"watupro-qnum-info \">Question 5 of 10<\/p><\/div><div class=\"watu-question \" id=\"question-6\" style=\";\"><div id=\"questionWrap-6\" class=\"  watupro-required-69 watupro-question-id-69\">\n\t\t\t<div class=\"question-content\"><div><p>Teoreetilise \u00fclevaate koostamisel tuleks kindlasti v\u00e4ltida vastuk\u00e4ivate seisukohtade esitamist.\u00a0<\/p><\/div><input type=\"hidden\" name=\"question_id[]\" id=\"qID_6\" value=\"69\" class=\"watupro-question-id\"><input type=\"hidden\" id=\"answerType69\" class=\"answerTypeCnt6\" value=\"radio\"><input type=\"hidden\" id=\"watupro-required-question-69\"><!-- end question-content--><\/div><div class=\"question-choices watupro-choices-columns \" id=\"questionChoices69\"><div class=\"watupro-question-choice  \" dir=\"auto\"><input type=\"radio\" name=\"answer-69[]\" id=\"answer-id-193\" class=\"answer   answerof-69 \" value=\"193\"><label for=\"answer-id-193\" id=\"answer-label-193\" class=\" answer\"><span>True<\/span><\/label><\/div><div class=\"watupro-question-choice  \" dir=\"auto\"><input type=\"radio\" name=\"answer-69[]\" id=\"answer-id-194\" class=\"answer   answerof-69 \" value=\"194\"><label for=\"answer-id-194\" id=\"answer-label-194\" class=\" answer\"><span>False<\/span><\/label><\/div><!-- end question-choices--><\/div><!-- end questionWrap--><\/div><p class=\"watupro-qnum-info \">Question 6 of 10<\/p><\/div><div class=\"watu-question \" id=\"question-7\" style=\";\"><div id=\"questionWrap-7\" class=\"  watupro-required-71 watupro-question-id-71\">\n\t\t\t<div class=\"question-content\"><div><p>Uurimuse piirangute esiletoomine ei kuulu tavap\u00e4raselt hea uurimisraporti juurde.<\/p><\/div><input type=\"hidden\" name=\"question_id[]\" id=\"qID_7\" value=\"71\" class=\"watupro-question-id\"><input type=\"hidden\" id=\"answerType71\" class=\"answerTypeCnt7\" value=\"radio\"><input type=\"hidden\" id=\"watupro-required-question-71\"><!-- end question-content--><\/div><div class=\"question-choices watupro-choices-columns \" id=\"questionChoices71\"><div class=\"watupro-question-choice  \" dir=\"auto\"><input type=\"radio\" name=\"answer-71[]\" id=\"answer-id-197\" class=\"answer   answerof-71 \" value=\"197\"><label for=\"answer-id-197\" id=\"answer-label-197\" class=\" answer\"><span>True<\/span><\/label><\/div><div class=\"watupro-question-choice  \" dir=\"auto\"><input type=\"radio\" name=\"answer-71[]\" id=\"answer-id-198\" class=\"answer   answerof-71 \" value=\"198\"><label for=\"answer-id-198\" id=\"answer-label-198\" class=\" answer\"><span>False<\/span><\/label><\/div><!-- end question-choices--><\/div><!-- end questionWrap--><\/div><p class=\"watupro-qnum-info \">Question 7 of 10<\/p><\/div><div class=\"watu-question \" id=\"question-8\" style=\";\"><div id=\"questionWrap-8\" class=\"  watupro-required-76 watupro-question-id-76\">\n\t\t\t<div class=\"question-content\"><div><p>Uurimisraporti meetodite peat\u00fckis tuleks kindlasti p\u00f5hjalikult kirjeldada ka k\u00f5ige tuntumaid meetodeid.<\/p><\/div><input type=\"hidden\" name=\"question_id[]\" id=\"qID_8\" value=\"76\" class=\"watupro-question-id\"><input type=\"hidden\" id=\"answerType76\" class=\"answerTypeCnt8\" value=\"radio\"><input type=\"hidden\" id=\"watupro-required-question-76\"><!-- end question-content--><\/div><div class=\"question-choices watupro-choices-columns \" id=\"questionChoices76\"><div class=\"watupro-question-choice  \" dir=\"auto\"><input type=\"radio\" name=\"answer-76[]\" id=\"answer-id-207\" class=\"answer   answerof-76 \" value=\"207\"><label for=\"answer-id-207\" id=\"answer-label-207\" class=\" answer\"><span>True<\/span><\/label><\/div><div class=\"watupro-question-choice  \" dir=\"auto\"><input type=\"radio\" name=\"answer-76[]\" id=\"answer-id-208\" class=\"answer   answerof-76 \" value=\"208\"><label for=\"answer-id-208\" id=\"answer-label-208\" class=\" answer\"><span>False<\/span><\/label><\/div><!-- end question-choices--><\/div><!-- end questionWrap--><\/div><p class=\"watupro-qnum-info \">Question 8 of 10<\/p><\/div><div class=\"watu-question \" id=\"question-9\" style=\";\"><div id=\"questionWrap-9\" class=\"  watupro-required-72 watupro-question-id-72\">\n\t\t\t<div class=\"question-content\"><div><p>Teadustekstis tuleks kindlasti hoida lugejat p\u00f5nevil ning v\u00e4ltida t\u00f6\u00f6 olulisemate tulemuste esitamist juba abstraktis v\u00f5i res\u00fcmees.<\/p><\/div><input type=\"hidden\" name=\"question_id[]\" id=\"qID_9\" value=\"72\" class=\"watupro-question-id\"><input type=\"hidden\" id=\"answerType72\" class=\"answerTypeCnt9\" value=\"radio\"><input type=\"hidden\" id=\"watupro-required-question-72\"><!-- end question-content--><\/div><div class=\"question-choices watupro-choices-columns \" id=\"questionChoices72\"><div class=\"watupro-question-choice  \" dir=\"auto\"><input type=\"radio\" name=\"answer-72[]\" id=\"answer-id-199\" class=\"answer   answerof-72 \" value=\"199\"><label for=\"answer-id-199\" id=\"answer-label-199\" class=\" answer\"><span>True<\/span><\/label><\/div><div class=\"watupro-question-choice  \" dir=\"auto\"><input type=\"radio\" name=\"answer-72[]\" id=\"answer-id-200\" class=\"answer   answerof-72 \" value=\"200\"><label for=\"answer-id-200\" id=\"answer-label-200\" class=\" answer\"><span>False<\/span><\/label><\/div><!-- end question-choices--><\/div><!-- end questionWrap--><\/div><p class=\"watupro-qnum-info \">Question 9 of 10<\/p><\/div><div class=\"watu-question \" id=\"question-10\" style=\";\"><div id=\"questionWrap-10\" class=\"  watupro-required-67 watupro-question-id-67\">\n\t\t\t<div class=\"question-content\"><div><p>Hea referaat on algtekstidest kopeeritud l\u00f5ikude kogum.<\/p><\/div><input type=\"hidden\" name=\"question_id[]\" id=\"qID_10\" value=\"67\" class=\"watupro-question-id\"><input type=\"hidden\" id=\"answerType67\" class=\"answerTypeCnt10\" value=\"radio\"><input type=\"hidden\" id=\"watupro-required-question-67\"><!-- end question-content--><\/div><div class=\"question-choices watupro-choices-columns \" id=\"questionChoices67\"><div class=\"watupro-question-choice  \" dir=\"auto\"><input type=\"radio\" name=\"answer-67[]\" id=\"answer-id-189\" class=\"answer   answerof-67 \" value=\"189\"><label for=\"answer-id-189\" id=\"answer-label-189\" class=\" answer\"><span>True<\/span><\/label><\/div><div class=\"watupro-question-choice  \" dir=\"auto\"><input type=\"radio\" name=\"answer-67[]\" id=\"answer-id-190\" class=\"answer   answerof-67 \" value=\"190\"><label for=\"answer-id-190\" id=\"answer-label-190\" class=\" answer\"><span>False<\/span><\/label><\/div><!-- end question-choices--><\/div><!-- end questionWrap--><\/div><p class=\"watupro-qnum-info \">Question 10 of 10<\/p><\/div><div style=\"display:none\" id=\"question-11\">\n\t<div class=\"question-content\">\n\t\t<img loading=\"lazy\" decoding=\"async\" src=\"https:\/\/sisu.ut.ee\/wp-content\/plugins\/watupro\/img\/loading.gif\" width=\"16\" height=\"16\" alt=\"Loading...\" title=\"Loading...\">\u00a0Loading...\t<\/div>\n<\/div>\n\n<br>\n\t\n\t\t\t<div class=\"watupro_buttons flex \" id=\"watuPROButtons15\">\n\t\t  <div id=\"prev-question\" style=\"display:none;\"><input type=\"button\" value=\"&lt; Previous\" onclick=\"WatuPRO.nextQuestion(event, 'previous');\"><\/div>\t\t  <div id=\"next-question\"><input type=\"button\" value=\"Next &gt;\" onclick=\"WatuPRO.nextQuestion(event);\"><\/div>\t\t  \t\t   \n\t\t   \t  \t\t<div><input type=\"button\" name=\"action\" class=\"watupro-submit-button\" onclick=\"WatuPRO.submitResult(event)\" id=\"action-button\" value=\"Vaata tulemust\" style=\"display:none;\">\n\t\t<\/div>\n\t\t<\/div>\n\t\t\n\t<input type=\"hidden\" name=\"quiz_id\" value=\"15\" id=\"watuPROExamID\">\n\t<input type=\"hidden\" name=\"start_time\" id=\"startTime\" value=\"2026-04-14 14:58:12\">\n\t<input type=\"hidden\" name=\"start_timestamp\" id=\"startTimeStamp\" value=\"1776178692\">\n\t<input type=\"hidden\" name=\"question_ids\" value=\"\">\n\t<input type=\"hidden\" name=\"watupro_questions\" value=\"75:205,206 | 70:195,196 | 68:191,192 | 73:201,202 | 74:203,204 | 69:193,194 | 71:197,198 | 76:207,208 | 72:199,200 | 67:189,190\">\n\t<input type=\"hidden\" name=\"no_ajax\" value=\"0\">\t\t\t<\/form>\n\t<p>\u00a0<\/p>\n<\/div>\n\n<script type=\"text\/javascript\">\n\/\/jQuery(document).ready(function(){\ndocument.addEventListener(\"DOMContentLoaded\", function(event) { \t\nvar question_ids = \"75,70,68,73,74,69,71,76,72,67\";\nWatuPROSettings[15] = {};\nWatuPRO.qArr = question_ids.split(',');\nWatuPRO.exam_id = 15;\t    \nWatuPRO.post_id = 357;\nWatuPRO.store_progress = 0;\nWatuPRO.curCatPage = 1;\nWatuPRO.requiredIDs=\"0,75,70,68,73,74,69,71,76,72,67\".split(\",\");\nWatuPRO.hAppID = \"0.37077000 1776167892\";\nvar url = \"https:\/\/sisu.ut.ee\/wp-content\/plugins\/watupro\/show_exam.php\";\nWatuPRO.examMode = 0;\nWatuPRO.siteURL=\"https:\/\/sisu.ut.ee\/teadustoo_alused\/wp-admin\/admin-ajax.php\";\nWatuPRO.emailIsNotRequired = 0;\nWatuPRO.perDecade = 10;\nWatuPROIntel.init(15);\n});    \t \n<\/script>\n\n","protected":false},"excerpt":{"rendered":"","protected":false},"author":76,"featured_media":0,"parent":0,"menu_order":0,"comment_status":"closed","ping_status":"closed","template":"","meta":{"_acf_changed":false,"inline_featured_image":false,"footnotes":""},"class_list":["post-357","page","type-page","status-publish","hentry"],"acf":[],"_links":{"self":[{"href":"https:\/\/sisu.ut.ee\/teadustoo_alused\/wp-json\/wp\/v2\/pages\/357","targetHints":{"allow":["GET"]}}],"collection":[{"href":"https:\/\/sisu.ut.ee\/teadustoo_alused\/wp-json\/wp\/v2\/pages"}],"about":[{"href":"https:\/\/sisu.ut.ee\/teadustoo_alused\/wp-json\/wp\/v2\/types\/page"}],"author":[{"embeddable":true,"href":"https:\/\/sisu.ut.ee\/teadustoo_alused\/wp-json\/wp\/v2\/users\/76"}],"replies":[{"embeddable":true,"href":"https:\/\/sisu.ut.ee\/teadustoo_alused\/wp-json\/wp\/v2\/comments?post=357"}],"version-history":[{"count":0,"href":"https:\/\/sisu.ut.ee\/teadustoo_alused\/wp-json\/wp\/v2\/pages\/357\/revisions"}],"wp:attachment":[{"href":"https:\/\/sisu.ut.ee\/teadustoo_alused\/wp-json\/wp\/v2\/media?parent=357"}],"curies":[{"name":"wp","href":"https:\/\/api.w.org\/{rel}","templated":true}]}}