{"id":33,"date":"2024-04-04T04:32:44","date_gmt":"2024-04-04T01:32:44","guid":{"rendered":"https:\/\/sisu.ut.ee\/teadustoo_alused\/refereerimine-ja-tsiteerimine\/"},"modified":"2024-04-04T04:33:11","modified_gmt":"2024-04-04T01:33:11","slug":"refereerimine-ja-tsiteerimine","status":"publish","type":"page","link":"https:\/\/sisu.ut.ee\/teadustoo_alused\/refereerimine-ja-tsiteerimine\/","title":{"rendered":"Refereerimine ja tsiteerimine"},"content":{"rendered":"<p style=\"text-align: justify\">Teadust\u00f6\u00f6 \u00fcheks oluliseks osaks on \u00fclevaate andmine varasemast probleemik\u00e4sitlusest. Loetud allikate p\u00f5hjal koostatakse oma uurimist\u00f6\u00f6le teoreetiline alus, mille eesm\u00e4rgiks on edastada teemakohaseid teoreetilisi seisukohti ning sisuliselt olulisi uurimistulemusi. Ka teistes \u00fclikooli\u00f5pingute jooksul koostatavates akadeemilistes tekstides tuleb tihti toetuda teistele allikatele.<\/p>\n<p style=\"text-align: justify\">Teiste autorite seisukohti saab oma tekstis edasi anda, kas<br> \u2022 refereerides v\u00f5i<br> \u2022 tsiteerides.<\/p>\n","protected":false},"excerpt":{"rendered":"<p>Teadust\u00f6\u00f6 \u00fcheks oluliseks osaks on \u00fclevaate andmine varasemast probleemik\u00e4sitlusest. Loetud allikate p\u00f5hjal koostatakse oma uurimist\u00f6\u00f6le teoreetiline alus, mille eesm\u00e4rgiks on edastada teemakohaseid teoreetilisi seisukohti ning sisuliselt olulisi uurimistulemusi. Ka teistes \u00fclikooli\u00f5pingute jooksul koostatavates akadeemilistes tekstides tuleb tihti toetuda teistele allikatele. &#8230;<\/p>\n","protected":false},"author":3,"featured_media":0,"parent":0,"menu_order":0,"comment_status":"closed","ping_status":"closed","template":"","meta":{"_acf_changed":false,"inline_featured_image":false,"footnotes":""},"class_list":["post-33","page","type-page","status-publish","hentry"],"acf":[],"_links":{"self":[{"href":"https:\/\/sisu.ut.ee\/teadustoo_alused\/wp-json\/wp\/v2\/pages\/33","targetHints":{"allow":["GET"]}}],"collection":[{"href":"https:\/\/sisu.ut.ee\/teadustoo_alused\/wp-json\/wp\/v2\/pages"}],"about":[{"href":"https:\/\/sisu.ut.ee\/teadustoo_alused\/wp-json\/wp\/v2\/types\/page"}],"author":[{"embeddable":true,"href":"https:\/\/sisu.ut.ee\/teadustoo_alused\/wp-json\/wp\/v2\/users\/3"}],"replies":[{"embeddable":true,"href":"https:\/\/sisu.ut.ee\/teadustoo_alused\/wp-json\/wp\/v2\/comments?post=33"}],"version-history":[{"count":1,"href":"https:\/\/sisu.ut.ee\/teadustoo_alused\/wp-json\/wp\/v2\/pages\/33\/revisions"}],"predecessor-version":[{"id":246,"href":"https:\/\/sisu.ut.ee\/teadustoo_alused\/wp-json\/wp\/v2\/pages\/33\/revisions\/246"}],"wp:attachment":[{"href":"https:\/\/sisu.ut.ee\/teadustoo_alused\/wp-json\/wp\/v2\/media?parent=33"}],"curies":[{"name":"wp","href":"https:\/\/api.w.org\/{rel}","templated":true}]}}