{"id":320,"date":"2024-04-18T09:12:19","date_gmt":"2024-04-18T06:12:19","guid":{"rendered":"https:\/\/sisu.ut.ee\/teadustoo_alused\/enesetest-google-scholar\/"},"modified":"2024-04-18T09:12:19","modified_gmt":"2024-04-18T06:12:19","slug":"enesetest-google-scholar","status":"publish","type":"page","link":"https:\/\/sisu.ut.ee\/teadustoo_alused\/enesetest-google-scholar\/","title":{"rendered":"Enesetest: Google Scholar"},"content":{"rendered":"<div id=\"watupro_quiz\" class=\"quiz-area single-page-quiz\">\n<p id=\"submittingExam8\" style=\"display:none;text-align:center;\"><img loading=\"lazy\" decoding=\"async\" src=\"https:\/\/sisu.ut.ee\/wp-content\/plugins\/watupro\/img\/loading.gif\" width=\"16\" height=\"16\"><\/p>\n\n\n\n<form action=\"\" method=\"post\" class=\"quiz-form\" id=\"quiz-8\" enctype=\"multipart\/form-data\">\n<div class=\"watu-question \" id=\"question-1\" style=\";\"><div id=\"questionWrap-1\" class=\"  watupro-required-33 watupro-question-id-33\">\n\t\t\t<div class=\"question-content\"><div>Google Scholari t\u00e4psema otsingu vormis saab otsingu tegemisel ette anda<\/div><input type=\"hidden\" name=\"question_id[]\" id=\"qID_1\" value=\"33\" class=\"watupro-question-id\"><input type=\"hidden\" id=\"answerType33\" class=\"answerTypeCnt1\" value=\"checkbox\"><input type=\"hidden\" id=\"watupro-required-question-33\"><!-- end question-content--><\/div><div class=\"question-choices watupro-choices-columns \" id=\"questionChoices33\"><div class=\"watupro-question-choice  \" dir=\"auto\"><input type=\"checkbox\" name=\"answer-33[]\" id=\"answer-id-91\" class=\"answer   answerof-33 \" value=\"91\"><label for=\"answer-id-91\" id=\"answer-label-91\" class=\" answer\"><span><p>kes on autor<\/p><\/span><\/label><\/div><div class=\"watupro-question-choice  \" dir=\"auto\"><input type=\"checkbox\" name=\"answer-33[]\" id=\"answer-id-89\" class=\"answer   answerof-33 \" value=\"89\"><label for=\"answer-id-89\" id=\"answer-label-89\" class=\" answer\"><span><p>ajavahemiku, mille jooksul ilmunud artikleid soovitakse<\/p><\/span><\/label><\/div><div class=\"watupro-question-choice  \" dir=\"auto\"><input type=\"checkbox\" name=\"answer-33[]\" id=\"answer-id-88\" class=\"answer   answerof-33 \" value=\"88\"><label for=\"answer-id-88\" id=\"answer-label-88\" class=\" answer\"><span><p>ajakirja pealkirja, kust tulemusi soovitakse<\/p><\/span><\/label><\/div><div class=\"watupro-question-choice  \" dir=\"auto\"><input type=\"checkbox\" name=\"answer-33[]\" id=\"answer-id-90\" class=\"answer   answerof-33 \" value=\"90\"><label for=\"answer-id-90\" id=\"answer-label-90\" class=\" answer\"><span><p>et otsingus\u00f5nad peqavad esinema pealkirjas<\/p><\/span><\/label><\/div><!-- end question-choices--><\/div><!-- end questionWrap--><\/div><\/div><div class=\"watu-question \" id=\"question-2\" style=\";\"><div id=\"questionWrap-2\" class=\"  watupro-required-32 watupro-question-id-32\">\n\t\t\t<div class=\"question-content\"><div>Google Scholar<\/div><input type=\"hidden\" name=\"question_id[]\" id=\"qID_2\" value=\"32\" class=\"watupro-question-id\"><input type=\"hidden\" id=\"answerType32\" class=\"answerTypeCnt2\" value=\"radio\"><input type=\"hidden\" id=\"watupro-required-question-32\"><!-- end question-content--><\/div><div class=\"question-choices watupro-choices-columns \" id=\"questionChoices32\"><div class=\"watupro-question-choice  \" dir=\"auto\"><input type=\"radio\" name=\"answer-32[]\" id=\"answer-id-85\" class=\"answer   answerof-32 \" value=\"85\"><label for=\"answer-id-85\" id=\"answer-label-85\" class=\" answer\"><span><p><span>otsib teadusartikleid, raamatuid ja uurimist\u00f6id<\/span><\/p><\/span><\/label><\/div><div class=\"watupro-question-choice  \" dir=\"auto\"><input type=\"radio\" name=\"answer-32[]\" id=\"answer-id-86\" class=\"answer   answerof-32 \" value=\"86\"><label for=\"answer-id-86\" id=\"answer-label-86\" class=\" answer\"><span><p><span>tulemused sarnanevad teadusandmebaaside otsingutulemustega<\/span><\/p><\/span><\/label><\/div><div class=\"watupro-question-choice  \" dir=\"auto\"><input type=\"radio\" name=\"answer-32[]\" id=\"answer-id-87\" class=\"answer   answerof-32 \" value=\"87\"><label for=\"answer-id-87\" id=\"answer-label-87\" class=\" answer\"><span><p><span>\u00fcli\u00f5pilast\u00f6\u00f6deks ei sobi, see on m\u00f5eldud teadlastele<\/span><\/p><\/span><\/label><\/div><!-- end question-choices--><\/div><!-- end questionWrap--><\/div><\/div><div class=\"watu-question \" id=\"question-3\" style=\";\"><div id=\"questionWrap-3\" class=\"  watupro-required-36 watupro-question-id-36\">\n\t\t\t<div class=\"question-content\"><div>Google Scholaris saab leida leitud artikli erinevaid versioone kl\u00f5psates leitud artikli kirje all<\/div><input type=\"hidden\" name=\"question_id[]\" id=\"qID_3\" value=\"36\" class=\"watupro-question-id\"><input type=\"hidden\" id=\"answerType36\" class=\"answerTypeCnt3\" value=\"radio\"><input type=\"hidden\" id=\"watupro-required-question-36\"><!-- end question-content--><\/div><div class=\"question-choices watupro-choices-columns \" id=\"questionChoices36\"><div class=\"watupro-question-choice  \" dir=\"auto\"><input type=\"radio\" name=\"answer-36[]\" id=\"answer-id-99\" class=\"answer   answerof-36 \" value=\"99\"><label for=\"answer-id-99\" id=\"answer-label-99\" class=\" answer\"><span><p>All versions<\/p><\/span><\/label><\/div><div class=\"watupro-question-choice  \" dir=\"auto\"><input type=\"radio\" name=\"answer-36[]\" id=\"answer-id-100\" class=\"answer   answerof-36 \" value=\"100\"><label for=\"answer-id-100\" id=\"answer-label-100\" class=\" answer\"><span><p>Related articles<\/p><\/span><\/label><\/div><div class=\"watupro-question-choice  \" dir=\"auto\"><input type=\"radio\" name=\"answer-36[]\" id=\"answer-id-101\" class=\"answer   answerof-36 \" value=\"101\"><label for=\"answer-id-101\" id=\"answer-label-101\" class=\" answer\"><span><p>Cited by<\/p><\/span><\/label><\/div><!-- end question-choices--><\/div><!-- end questionWrap--><\/div><\/div><div class=\"watu-question \" id=\"question-4\" style=\";\"><div id=\"questionWrap-4\" class=\"  watupro-required-35 watupro-question-id-35\">\n\t\t\t<div class=\"question-content\"><div>Google Scholaris saab leida leitud artiklitega sarnaseid artikleid kl\u00f5psates leitud artikli kirje all<\/div><input type=\"hidden\" name=\"question_id[]\" id=\"qID_4\" value=\"35\" class=\"watupro-question-id\"><input type=\"hidden\" id=\"answerType35\" class=\"answerTypeCnt4\" value=\"radio\"><input type=\"hidden\" id=\"watupro-required-question-35\"><!-- end question-content--><\/div><div class=\"question-choices watupro-choices-columns \" id=\"questionChoices35\"><div class=\"watupro-question-choice  \" dir=\"auto\"><input type=\"radio\" name=\"answer-35[]\" id=\"answer-id-95\" class=\"answer   answerof-35 \" value=\"95\"><label for=\"answer-id-95\" id=\"answer-label-95\" class=\" answer\"><span><p>All versions<\/p><\/span><\/label><\/div><div class=\"watupro-question-choice  \" dir=\"auto\"><input type=\"radio\" name=\"answer-35[]\" id=\"answer-id-97\" class=\"answer   answerof-35 \" value=\"97\"><label for=\"answer-id-97\" id=\"answer-label-97\" class=\" answer\"><span><p>Related articles<\/p><\/span><\/label><\/div><div class=\"watupro-question-choice  \" dir=\"auto\"><input type=\"radio\" name=\"answer-35[]\" id=\"answer-id-98\" class=\"answer   answerof-35 \" value=\"98\"><label for=\"answer-id-98\" id=\"answer-label-98\" class=\" answer\"><span><p>Cite<\/p><\/span><\/label><\/div><div class=\"watupro-question-choice  \" dir=\"auto\"><input type=\"radio\" name=\"answer-35[]\" id=\"answer-id-96\" class=\"answer   answerof-35 \" value=\"96\"><label for=\"answer-id-96\" id=\"answer-label-96\" class=\" answer\"><span><p>Cited by<\/p><\/span><\/label><\/div><!-- end question-choices--><\/div><!-- end questionWrap--><\/div><\/div><div class=\"watu-question \" id=\"question-5\" style=\";\"><div id=\"questionWrap-5\" class=\"  watupro-required-34 watupro-question-id-34\">\n\t\t\t<div class=\"question-content\"><div>Google Scholari otsingutulemusi saab piirata<\/div><input type=\"hidden\" name=\"question_id[]\" id=\"qID_5\" value=\"34\" class=\"watupro-question-id\"><input type=\"hidden\" id=\"answerType34\" class=\"answerTypeCnt5\" value=\"checkbox\"><input type=\"hidden\" id=\"watupro-required-question-34\"><!-- end question-content--><\/div><div class=\"question-choices watupro-choices-columns \" id=\"questionChoices34\"><div class=\"watupro-question-choice  \" dir=\"auto\"><input type=\"checkbox\" name=\"answer-34[]\" id=\"answer-id-93\" class=\"answer   answerof-34 \" value=\"93\"><label for=\"answer-id-93\" id=\"answer-label-93\" class=\" answer\"><span><p>lisades s\u00f5nu, mille ees on miinusm\u00e4rk<\/p><\/span><\/label><\/div><div class=\"watupro-question-choice  \" dir=\"auto\"><input type=\"checkbox\" name=\"answer-34[]\" id=\"answer-id-92\" class=\"answer   answerof-34 \" value=\"92\"><label for=\"answer-id-92\" id=\"answer-label-92\" class=\" answer\"><span><p>lisades t\u00e4psustavaid otsingus\u00f5nu<\/p><\/span><\/label><\/div><div class=\"watupro-question-choice  \" dir=\"auto\"><input type=\"checkbox\" name=\"answer-34[]\" id=\"answer-id-94\" class=\"answer   answerof-34 \" value=\"94\"><label for=\"answer-id-94\" id=\"answer-label-94\" class=\" answer\"><span><p>lisades s\u00f5nu operaatoriga OR<\/p><\/span><\/label><\/div><!-- end question-choices--><\/div><!-- end questionWrap--><\/div><\/div><div style=\"display:none\" id=\"question-6\">\n\t<div class=\"question-content\">\n\t\t<img loading=\"lazy\" decoding=\"async\" src=\"https:\/\/sisu.ut.ee\/wp-content\/plugins\/watupro\/img\/loading.gif\" width=\"16\" height=\"16\" alt=\"Loading...\" title=\"Loading...\">\u00a0Loading...\t<\/div>\n<\/div>\n\n<br>\n\t\n\t\t\t<div class=\"watupro_buttons flex \" id=\"watuPROButtons8\">\n\t\t  <div id=\"prev-question\" style=\"display:none;\"><input type=\"button\" value=\"&lt; Previous\" onclick=\"WatuPRO.nextQuestion(event, 'previous');\"><\/div>\t\t  \t\t  \t\t   \n\t\t   \t  \t\t<div><input type=\"button\" name=\"action\" class=\"watupro-submit-button\" onclick=\"WatuPRO.submitResult(event)\" id=\"action-button\" value=\"Vaata tulemust\">\n\t\t<\/div>\n\t\t<\/div>\n\t\t\n\t<input type=\"hidden\" name=\"quiz_id\" value=\"8\" id=\"watuPROExamID\">\n\t<input type=\"hidden\" name=\"start_time\" id=\"startTime\" value=\"2026-04-14 15:08:16\">\n\t<input type=\"hidden\" name=\"start_timestamp\" id=\"startTimeStamp\" value=\"1776179296\">\n\t<input type=\"hidden\" name=\"question_ids\" value=\"\">\n\t<input type=\"hidden\" name=\"watupro_questions\" value=\"33:91,89,88,90 | 32:85,86,87 | 36:99,100,101 | 35:95,97,98,96 | 34:93,92,94\">\n\t<input type=\"hidden\" name=\"no_ajax\" value=\"0\">\t\t\t<\/form>\n\t<p>\u00a0<\/p>\n<\/div>\n\n<script type=\"text\/javascript\">\n\/\/jQuery(document).ready(function(){\ndocument.addEventListener(\"DOMContentLoaded\", function(event) { \t\nvar question_ids = \"33,32,36,35,34\";\nWatuPROSettings[8] = {};\nWatuPRO.qArr = question_ids.split(',');\nWatuPRO.exam_id = 8;\t    \nWatuPRO.post_id = 320;\nWatuPRO.store_progress = 0;\nWatuPRO.curCatPage = 1;\nWatuPRO.requiredIDs=\"0,33,32,36,35,34\".split(\",\");\nWatuPRO.hAppID = \"0.24448100 1776168496\";\nvar url = \"https:\/\/sisu.ut.ee\/wp-content\/plugins\/watupro\/show_exam.php\";\nWatuPRO.examMode = 1;\nWatuPRO.siteURL=\"https:\/\/sisu.ut.ee\/teadustoo_alused\/wp-admin\/admin-ajax.php\";\nWatuPRO.emailIsNotRequired = 0;\nWatuPRO.perDecade = 10;\nWatuPROIntel.init(8);\nWatuPRO.inCategoryPages=1;});    \t \n<\/script>\n\n","protected":false},"excerpt":{"rendered":"","protected":false},"author":76,"featured_media":0,"parent":0,"menu_order":0,"comment_status":"closed","ping_status":"closed","template":"","meta":{"_acf_changed":false,"inline_featured_image":false,"footnotes":""},"class_list":["post-320","page","type-page","status-publish","hentry"],"acf":[],"_links":{"self":[{"href":"https:\/\/sisu.ut.ee\/teadustoo_alused\/wp-json\/wp\/v2\/pages\/320","targetHints":{"allow":["GET"]}}],"collection":[{"href":"https:\/\/sisu.ut.ee\/teadustoo_alused\/wp-json\/wp\/v2\/pages"}],"about":[{"href":"https:\/\/sisu.ut.ee\/teadustoo_alused\/wp-json\/wp\/v2\/types\/page"}],"author":[{"embeddable":true,"href":"https:\/\/sisu.ut.ee\/teadustoo_alused\/wp-json\/wp\/v2\/users\/76"}],"replies":[{"embeddable":true,"href":"https:\/\/sisu.ut.ee\/teadustoo_alused\/wp-json\/wp\/v2\/comments?post=320"}],"version-history":[{"count":0,"href":"https:\/\/sisu.ut.ee\/teadustoo_alused\/wp-json\/wp\/v2\/pages\/320\/revisions"}],"wp:attachment":[{"href":"https:\/\/sisu.ut.ee\/teadustoo_alused\/wp-json\/wp\/v2\/media?parent=320"}],"curies":[{"name":"wp","href":"https:\/\/api.w.org\/{rel}","templated":true}]}}