{"id":32,"date":"2024-04-04T04:32:44","date_gmt":"2024-04-04T01:32:44","guid":{"rendered":"https:\/\/sisu.ut.ee\/teadustoo_alused\/kirjutamine-kui-protsess-teksti-struktuur-ja-sidusus\/"},"modified":"2024-04-04T04:33:11","modified_gmt":"2024-04-04T01:33:11","slug":"kirjutamine-kui-protsess-teksti-struktuur-ja-sidusus","status":"publish","type":"page","link":"https:\/\/sisu.ut.ee\/teadustoo_alused\/kirjutamine-kui-protsess-teksti-struktuur-ja-sidusus\/","title":{"rendered":"Kirjutamine kui protsess"},"content":{"rendered":"<p align=\"justify\">Kirjutamisprotsess koosneb mitmest etapist, mis ei kulge sugugi alati lineaarselt \u2013 tihti on vaja liikuda mingi etapi juurest tagasi eelmise juurde v\u00f5i tegeleda paralleelselt mitme etapiga korraga. Protsessis on olulised teema valik, m\u00f5tete, ideede ja ainestiku kogumine, mustandi koostamine, teksti struktureerimine, viimistlemine ja toimetamine. J\u00e4rgnevalt peatutakse m\u00f5nel etapil l\u00e4hemalt.<\/p>\n<p><img loading=\"lazy\" decoding=\"async\" width=\"198\" height=\"194\" class=\"alignnone wp-image-95\" style=\"margin-left: auto;margin-right: auto\" src=\"https:\/\/sisu.ut.ee\/wp-content\/uploads\/sites\/290\/writers-block.jpg\" title=\"writers-block.jpg\" alt=\"writers-block.jpg\"><\/p>\n<p style=\"text-align: center\"><span style=\"font-size: x-small\">Pilt aadressilt:\u00a0<a href=\"https:\/\/www.thedutchphdcoach.com\/writing\/handy-advice-when-having-a-fear-to-write-or-writers-block-if-you-cant-write-write\/\">https:\/\/www.thedutchphdcoach.com\/writing\/handy-advice-when-having-a-fear-to-write-or-writers-block-if-you-cant-write-write\/<\/a><\/span><\/p>\n","protected":false},"excerpt":{"rendered":"<p>Kirjutamisprotsess koosneb mitmest etapist, mis ei kulge sugugi alati lineaarselt \u2013 tihti on vaja liikuda mingi etapi juurest tagasi eelmise juurde v\u00f5i tegeleda paralleelselt mitme etapiga korraga. Protsessis on olulised teema valik, m\u00f5tete, ideede ja ainestiku kogumine, mustandi koostamine, teksti &#8230;<\/p>\n","protected":false},"author":3,"featured_media":0,"parent":0,"menu_order":0,"comment_status":"closed","ping_status":"closed","template":"","meta":{"_acf_changed":false,"inline_featured_image":false,"footnotes":""},"class_list":["post-32","page","type-page","status-publish","hentry"],"acf":[],"_links":{"self":[{"href":"https:\/\/sisu.ut.ee\/teadustoo_alused\/wp-json\/wp\/v2\/pages\/32","targetHints":{"allow":["GET"]}}],"collection":[{"href":"https:\/\/sisu.ut.ee\/teadustoo_alused\/wp-json\/wp\/v2\/pages"}],"about":[{"href":"https:\/\/sisu.ut.ee\/teadustoo_alused\/wp-json\/wp\/v2\/types\/page"}],"author":[{"embeddable":true,"href":"https:\/\/sisu.ut.ee\/teadustoo_alused\/wp-json\/wp\/v2\/users\/3"}],"replies":[{"embeddable":true,"href":"https:\/\/sisu.ut.ee\/teadustoo_alused\/wp-json\/wp\/v2\/comments?post=32"}],"version-history":[{"count":1,"href":"https:\/\/sisu.ut.ee\/teadustoo_alused\/wp-json\/wp\/v2\/pages\/32\/revisions"}],"predecessor-version":[{"id":245,"href":"https:\/\/sisu.ut.ee\/teadustoo_alused\/wp-json\/wp\/v2\/pages\/32\/revisions\/245"}],"wp:attachment":[{"href":"https:\/\/sisu.ut.ee\/teadustoo_alused\/wp-json\/wp\/v2\/media?parent=32"}],"curies":[{"name":"wp","href":"https:\/\/api.w.org\/{rel}","templated":true}]}}