{"id":318,"date":"2024-04-18T09:08:32","date_gmt":"2024-04-18T06:08:32","guid":{"rendered":"https:\/\/sisu.ut.ee\/teadustoo_alused\/enesetest-ise-artiklid\/"},"modified":"2024-04-18T09:08:32","modified_gmt":"2024-04-18T06:08:32","slug":"enesetest-ise-artiklid","status":"publish","type":"page","link":"https:\/\/sisu.ut.ee\/teadustoo_alused\/enesetest-ise-artiklid\/","title":{"rendered":"Enesetest: ISE artiklid"},"content":{"rendered":"<div id=\"watupro_quiz\" class=\"quiz-area single-page-quiz\">\n<p id=\"submittingExam5\" style=\"display:none;text-align:center;\"><img loading=\"lazy\" decoding=\"async\" src=\"https:\/\/sisu.ut.ee\/wp-content\/plugins\/watupro\/img\/loading.gif\" width=\"16\" height=\"16\"><\/p>\n\n\n\n<form action=\"\" method=\"post\" class=\"quiz-form\" id=\"quiz-5\" enctype=\"multipart\/form-data\">\n<div class=\"watu-question \" id=\"question-1\" style=\";\"><div id=\"questionWrap-1\" class=\"  watupro-required-30 watupro-question-id-30\">\n\t\t\t<div class=\"question-content\"><div>Leidke Eesti artiklite andmebaasist ISE\u00a0kogumikes\u00a0ilmunud ilmunud eestikeelsed artiklid toiduohutuse kohta. Tehke otsing m\u00e4rks\u00f5naga toiduohutus (valige m\u00e4rks\u00f5na v\u00e4li) ja piirake seej\u00e4rel tulemusi keele ja v\u00e4ljaande t\u00fc\u00fcbiga (artikli t\u00fc\u00fcbiga \u00e4rge piirake) ning j\u00e4rjestage tulemused ilmumisaasta j\u00e4rgi. Millises 2014. a Tartus ilmunud kogumikus on selleteemalisi kogumikuartikleid k\u00f5ige rohkem?<\/div><input type=\"hidden\" name=\"question_id[]\" id=\"qID_1\" value=\"30\" class=\"watupro-question-id\"><input type=\"hidden\" id=\"answerType30\" class=\"answerTypeCnt1\" value=\"radio\"><input type=\"hidden\" id=\"watupro-required-question-30\"><!-- end question-content--><\/div><div class=\"question-choices watupro-choices-columns \" id=\"questionChoices30\"><div class=\"watupro-question-choice  \" dir=\"auto\"><input type=\"radio\" name=\"answer-30[]\" id=\"answer-id-80\" class=\"answer   answerof-30 \" value=\"80\"><label for=\"answer-id-80\" id=\"answer-label-80\" class=\" answer\"><span><p><span>Terve loom ja tervislik toit<\/span><\/p><\/span><\/label><\/div><div class=\"watupro-question-choice  \" dir=\"auto\"><input type=\"radio\" name=\"answer-30[]\" id=\"answer-id-81\" class=\"answer   answerof-30 \" value=\"81\"><label for=\"answer-id-81\" id=\"answer-label-81\" class=\" answer\"><span><p>Lihafoorum<\/p><\/span><\/label><\/div><div class=\"watupro-question-choice  \" dir=\"auto\"><input type=\"radio\" name=\"answer-30[]\" id=\"answer-id-82\" class=\"answer   answerof-30 \" value=\"82\"><label for=\"answer-id-82\" id=\"answer-label-82\" class=\" answer\"><span><p><span>P\u00f5llumajandusministeeriumi aastaraamat<\/span><\/p><\/span><\/label><\/div><!-- end question-choices--><\/div><!-- end questionWrap--><\/div><\/div><div class=\"watu-question \" id=\"question-2\" style=\";\"><div id=\"questionWrap-2\" class=\"  watupro-required-29 watupro-question-id-29\">\n\t\t\t<div class=\"question-content\"><div>Leidke andmebaasis ISE Peep Leppiku artikkel \u201cV\u00e4\u00e4rtushinnanguid saab siiski m\u00f5jutada ka kool\u201d. Milline on k\u00f5ige esimene m\u00e4rks\u00f5na selle artikli kirjes.<\/div><input type=\"hidden\" name=\"question_id[]\" id=\"qID_2\" value=\"29\" class=\"watupro-question-id\"><input type=\"hidden\" id=\"answerType29\" class=\"answerTypeCnt2\" value=\"radio\"><input type=\"hidden\" id=\"watupro-required-question-29\"><!-- end question-content--><\/div><div class=\"question-choices watupro-choices-columns \" id=\"questionChoices29\"><div class=\"watupro-question-choice  \" dir=\"auto\"><input type=\"radio\" name=\"answer-29[]\" id=\"answer-id-78\" class=\"answer   answerof-29 \" value=\"78\"><label for=\"answer-id-78\" id=\"answer-label-78\" class=\" answer\"><span><p>v\u00e4\u00e4rtusorientatsioon<\/p><\/span><\/label><\/div><div class=\"watupro-question-choice  \" dir=\"auto\"><input type=\"radio\" name=\"answer-29[]\" id=\"answer-id-77\" class=\"answer   answerof-29 \" value=\"77\"><label for=\"answer-id-77\" id=\"answer-label-77\" class=\" answer\"><span><p>v\u00e4\u00e4rtuskasvatus<\/p><\/span><\/label><\/div><div class=\"watupro-question-choice  \" dir=\"auto\"><input type=\"radio\" name=\"answer-29[]\" id=\"answer-id-79\" class=\"answer   answerof-29 \" value=\"79\"><label for=\"answer-id-79\" id=\"answer-label-79\" class=\" answer\"><span><p>isiksuse areng<\/p><\/span><\/label><\/div><!-- end question-choices--><\/div><!-- end questionWrap--><\/div><\/div><div class=\"watu-question \" id=\"question-3\" style=\";\"><div id=\"questionWrap-3\" class=\"  watupro-required-28 watupro-question-id-28\">\n\t\t\t<div class=\"question-content\"><div><p><span>Leidke Mario Rosentau artiklid andmebaasis ISE. Mitu ajakirjades ilmunud artiklit leiate? Tehke otsing autori j\u00e4rgi (valige autori v\u00e4li) ja piirake tulemusi v\u00e4ljaande t\u00fc\u00fcbiga ja artikli t\u00fc\u00fcbiga. Kirjutage numbriline vastus.<\/span><\/p><\/div><input type=\"hidden\" name=\"question_id[]\" id=\"qID_3\" value=\"28\" class=\"watupro-question-id\"><input type=\"hidden\" id=\"answerType28\" class=\"answerTypeCnt3\" value=\"textarea\"><input type=\"hidden\" id=\"watupro-required-question-28\"><!-- end question-content--><\/div><div class=\"question-choices \" id=\"questionChoices28\"><p><textarea name=\"answer-28[]\" id=\"textarea_q_28\" class=\"watupro-textarea-medium\" rows=\"5\" cols=\"80\"><\/textarea>\n<\/p><!-- end question-choices--><\/div><!-- end questionWrap--><\/div><\/div><div class=\"watu-question \" id=\"question-4\" style=\";\"><div id=\"questionWrap-4\" class=\"  watupro-required-27 watupro-question-id-27\">\n\t\t\t<div class=\"question-content\"><div>Andmebaas ISE v\u00f5imaldab leida infot<\/div><input type=\"hidden\" name=\"question_id[]\" id=\"qID_4\" value=\"27\" class=\"watupro-question-id\"><input type=\"hidden\" id=\"answerType27\" class=\"answerTypeCnt4\" value=\"radio\"><input type=\"hidden\" id=\"watupro-required-question-27\"><!-- end question-content--><\/div><div class=\"question-choices watupro-choices-columns \" id=\"questionChoices27\"><div class=\"watupro-question-choice  \" dir=\"auto\"><input type=\"radio\" name=\"answer-27[]\" id=\"answer-id-73\" class=\"answer   answerof-27 \" value=\"73\"><label for=\"answer-id-73\" id=\"answer-label-73\" class=\" answer\"><span><p><span>alates 2014. aastast ilmunud ajaleheartiklite kohta<\/span><\/p><\/span><\/label><\/div><div class=\"watupro-question-choice  \" dir=\"auto\"><input type=\"radio\" name=\"answer-27[]\" id=\"answer-id-75\" class=\"answer   answerof-27 \" value=\"75\"><label for=\"answer-id-75\" id=\"answer-label-75\" class=\" answer\"><span><p><span>aastatel 1993<\/span><span>\u2013<\/span><span>2016 ilmunud ajakirja- ja kogumikuartiklite kohta<\/span><\/p><\/span><\/label><\/div><div class=\"watupro-question-choice  \" dir=\"auto\"><input type=\"radio\" name=\"answer-27[]\" id=\"answer-id-74\" class=\"answer   answerof-27 \" value=\"74\"><label for=\"answer-id-74\" id=\"answer-label-74\" class=\" answer\"><span><p><span>aastatel 1993<\/span><span>\u2013<\/span><span>2013 ilmunud ajaleheartiklite kohta<\/span><\/p><\/span><\/label><\/div><div class=\"watupro-question-choice  \" dir=\"auto\"><input type=\"radio\" name=\"answer-27[]\" id=\"answer-id-72\" class=\"answer   answerof-27 \" value=\"72\"><label for=\"answer-id-72\" id=\"answer-label-72\" class=\" answer\"><span><p><span>Eestis ilmunud raamatute kohta<\/span><\/p><\/span><\/label><\/div><!-- end question-choices--><\/div><!-- end questionWrap--><\/div><\/div><div style=\"display:none\" id=\"question-5\">\n\t<div class=\"question-content\">\n\t\t<img loading=\"lazy\" decoding=\"async\" src=\"https:\/\/sisu.ut.ee\/wp-content\/plugins\/watupro\/img\/loading.gif\" width=\"16\" height=\"16\" alt=\"Loading...\" title=\"Loading...\">\u00a0Loading...\t<\/div>\n<\/div>\n\n<br>\n\t\n\t\t\t<div class=\"watupro_buttons flex \" id=\"watuPROButtons5\">\n\t\t  <div id=\"prev-question\" style=\"display:none;\"><input type=\"button\" value=\"&lt; Previous\" onclick=\"WatuPRO.nextQuestion(event, 'previous');\"><\/div>\t\t  \t\t  \t\t   \n\t\t   \t  \t\t<div><input type=\"button\" name=\"action\" class=\"watupro-submit-button\" onclick=\"WatuPRO.submitResult(event)\" id=\"action-button\" value=\"Vaata tulemust\">\n\t\t<\/div>\n\t\t<\/div>\n\t\t\n\t<input type=\"hidden\" name=\"quiz_id\" value=\"5\" id=\"watuPROExamID\">\n\t<input type=\"hidden\" name=\"start_time\" id=\"startTime\" value=\"2026-04-14 18:30:43\">\n\t<input type=\"hidden\" name=\"start_timestamp\" id=\"startTimeStamp\" value=\"1776191443\">\n\t<input type=\"hidden\" name=\"question_ids\" value=\"\">\n\t<input type=\"hidden\" name=\"watupro_questions\" value=\"30:80,81,82 | 29:78,77,79 | 28:76 | 27:73,75,74,72\">\n\t<input type=\"hidden\" name=\"no_ajax\" value=\"0\">\t\t\t<\/form>\n\t<p>\u00a0<\/p>\n<\/div>\n\n<script type=\"text\/javascript\">\n\/\/jQuery(document).ready(function(){\ndocument.addEventListener(\"DOMContentLoaded\", function(event) { \t\nvar question_ids = \"30,29,28,27\";\nWatuPROSettings[5] = {};\nWatuPRO.qArr = question_ids.split(',');\nWatuPRO.exam_id = 5;\t    \nWatuPRO.post_id = 318;\nWatuPRO.store_progress = 0;\nWatuPRO.curCatPage = 1;\nWatuPRO.requiredIDs=\"0,30,29,28,27\".split(\",\");\nWatuPRO.hAppID = \"0.42223900 1776180643\";\nvar url = \"https:\/\/sisu.ut.ee\/wp-content\/plugins\/watupro\/show_exam.php\";\nWatuPRO.examMode = 1;\nWatuPRO.siteURL=\"https:\/\/sisu.ut.ee\/teadustoo_alused\/wp-admin\/admin-ajax.php\";\nWatuPRO.emailIsNotRequired = 0;\nWatuPRO.perDecade = 10;\nWatuPROIntel.init(5);\nWatuPRO.inCategoryPages=1;});    \t \n<\/script>\n\n","protected":false},"excerpt":{"rendered":"","protected":false},"author":76,"featured_media":0,"parent":0,"menu_order":0,"comment_status":"closed","ping_status":"closed","template":"","meta":{"_acf_changed":false,"inline_featured_image":false,"footnotes":""},"class_list":["post-318","page","type-page","status-publish","hentry"],"acf":[],"_links":{"self":[{"href":"https:\/\/sisu.ut.ee\/teadustoo_alused\/wp-json\/wp\/v2\/pages\/318","targetHints":{"allow":["GET"]}}],"collection":[{"href":"https:\/\/sisu.ut.ee\/teadustoo_alused\/wp-json\/wp\/v2\/pages"}],"about":[{"href":"https:\/\/sisu.ut.ee\/teadustoo_alused\/wp-json\/wp\/v2\/types\/page"}],"author":[{"embeddable":true,"href":"https:\/\/sisu.ut.ee\/teadustoo_alused\/wp-json\/wp\/v2\/users\/76"}],"replies":[{"embeddable":true,"href":"https:\/\/sisu.ut.ee\/teadustoo_alused\/wp-json\/wp\/v2\/comments?post=318"}],"version-history":[{"count":0,"href":"https:\/\/sisu.ut.ee\/teadustoo_alused\/wp-json\/wp\/v2\/pages\/318\/revisions"}],"wp:attachment":[{"href":"https:\/\/sisu.ut.ee\/teadustoo_alused\/wp-json\/wp\/v2\/media?parent=318"}],"curies":[{"name":"wp","href":"https:\/\/api.w.org\/{rel}","templated":true}]}}