{"id":316,"date":"2024-04-18T09:04:54","date_gmt":"2024-04-18T06:04:54","guid":{"rendered":"https:\/\/sisu.ut.ee\/teadustoo_alused\/enesetest-ebsco-discovery\/"},"modified":"2024-04-18T09:04:54","modified_gmt":"2024-04-18T06:04:54","slug":"enesetest-ebsco-discovery","status":"publish","type":"page","link":"https:\/\/sisu.ut.ee\/teadustoo_alused\/enesetest-ebsco-discovery\/","title":{"rendered":"Enesetest: EBSCO Discovery"},"content":{"rendered":"<div id=\"watupro_quiz\" class=\"quiz-area single-page-quiz\">\n<p id=\"submittingExam3\" style=\"display:none;text-align:center;\"><img loading=\"lazy\" decoding=\"async\" src=\"https:\/\/sisu.ut.ee\/wp-content\/plugins\/watupro\/img\/loading.gif\" width=\"16\" height=\"16\"><\/p>\n\n\n\n<form action=\"\" method=\"post\" class=\"quiz-form\" id=\"quiz-3\" enctype=\"multipart\/form-data\">\n<div class=\"watu-question \" id=\"question-1\" style=\";\"><div id=\"questionWrap-1\" class=\"  watupro-required-16 watupro-question-id-16\">\n\t\t\t<div class=\"question-content\"><div><span id=\"docs-internal-guid-0a5c5ba5-fdb1-4a09-2410-73903f35bb20\">Soovite leida ainult t\u00e4istekste. Enne otsingu tegemist valite piirangu<\/span><\/div><input type=\"hidden\" name=\"question_id[]\" id=\"qID_1\" value=\"16\" class=\"watupro-question-id\"><input type=\"hidden\" id=\"answerType16\" class=\"answerTypeCnt1\" value=\"radio\"><input type=\"hidden\" id=\"watupro-required-question-16\"><!-- end question-content--><\/div><div class=\"question-choices watupro-choices-columns \" id=\"questionChoices16\"><div class=\"watupro-question-choice  \" dir=\"auto\"><input type=\"radio\" name=\"answer-16[]\" id=\"answer-id-50\" class=\"answer   answerof-16 \" value=\"50\"><label for=\"answer-id-50\" id=\"answer-label-50\" class=\" answer\"><span><p><span id=\"docs-internal-guid-8f499b6f-fdb2-1fe7-cc48-187d8011dd8c\"><span>Also search within the full text of the articles<\/span><\/span><\/p><\/span><\/label><\/div><div class=\"watupro-question-choice  \" dir=\"auto\"><input type=\"radio\" name=\"answer-16[]\" id=\"answer-id-51\" class=\"answer   answerof-16 \" value=\"51\"><label for=\"answer-id-51\" id=\"answer-label-51\" class=\" answer\"><span><p>Full Text<\/p><\/span><\/label><\/div><!-- end question-choices--><\/div><!-- end questionWrap--><\/div><\/div><div class=\"watu-question \" id=\"question-2\" style=\";\"><div id=\"questionWrap-2\" class=\"  watupro-required-13 watupro-question-id-13\">\n\t\t\t<div class=\"question-content\"><div><p><span id=\"docs-internal-guid-591db2b5-f9b3-1643-8df8-0266ef76c3aa\"><span>Scholarly (Peer Reviewed) Journals<\/span><span> t\u00e4hendab, et tegemist on teadusajakirjadega, mille artiklid on eelretsenseeritud vastava eriala ekspertide poolt. <\/span><\/span><\/p><\/div><input type=\"hidden\" name=\"question_id[]\" id=\"qID_2\" value=\"13\" class=\"watupro-question-id\"><input type=\"hidden\" id=\"answerType13\" class=\"answerTypeCnt2\" value=\"radio\"><input type=\"hidden\" id=\"watupro-required-question-13\"><!-- end question-content--><\/div><div class=\"question-choices watupro-choices-columns \" id=\"questionChoices13\"><div class=\"watupro-question-choice  \" dir=\"auto\"><input type=\"radio\" name=\"answer-13[]\" id=\"answer-id-41\" class=\"answer   answerof-13 \" value=\"41\"><label for=\"answer-id-41\" id=\"answer-label-41\" class=\" answer\"><span>True<\/span><\/label><\/div><div class=\"watupro-question-choice  \" dir=\"auto\"><input type=\"radio\" name=\"answer-13[]\" id=\"answer-id-42\" class=\"answer   answerof-13 \" value=\"42\"><label for=\"answer-id-42\" id=\"answer-label-42\" class=\" answer\"><span>False<\/span><\/label><\/div><!-- end question-choices--><\/div><!-- end questionWrap--><\/div><\/div><div class=\"watu-question \" id=\"question-3\" style=\";\"><div id=\"questionWrap-3\" class=\"  watupro-required-15 watupro-question-id-15\">\n\t\t\t<div class=\"question-content\"><div><span id=\"docs-internal-guid-764d3635-fdab-f7fc-93de-f38a56763078\"><span id=\"docs-internal-guid-764d3635-fdab-f7fc-93de-f38a56763078\">Soovite, et otsingus\u00f5nu otsitakse artiklite sisukokkuv\u00f5tetest.\u00a0 Millise otsinguv\u00e4lja valite Advanced Search rippmen\u00fc\u00fcst.<\/span><\/span><\/div><input type=\"hidden\" name=\"question_id[]\" id=\"qID_3\" value=\"15\" class=\"watupro-question-id\"><input type=\"hidden\" id=\"answerType15\" class=\"answerTypeCnt3\" value=\"radio\"><input type=\"hidden\" id=\"watupro-required-question-15\"><!-- end question-content--><\/div><div class=\"question-choices watupro-choices-columns \" id=\"questionChoices15\"><div class=\"watupro-question-choice  \" dir=\"auto\"><input type=\"radio\" name=\"answer-15[]\" id=\"answer-id-49\" class=\"answer   answerof-15 \" value=\"49\"><label for=\"answer-id-49\" id=\"answer-label-49\" class=\" answer\"><span><p>All Text<\/p><\/span><\/label><\/div><div class=\"watupro-question-choice  \" dir=\"auto\"><input type=\"radio\" name=\"answer-15[]\" id=\"answer-id-48\" class=\"answer   answerof-15 \" value=\"48\"><label for=\"answer-id-48\" id=\"answer-label-48\" class=\" answer\"><span><p>Subject Terms<\/p><\/span><\/label><\/div><div class=\"watupro-question-choice  \" dir=\"auto\"><input type=\"radio\" name=\"answer-15[]\" id=\"answer-id-47\" class=\"answer   answerof-15 \" value=\"47\"><label for=\"answer-id-47\" id=\"answer-label-47\" class=\" answer\"><span><p>Abstract<\/p><\/span><\/label><\/div><!-- end question-choices--><\/div><!-- end questionWrap--><\/div><\/div><div class=\"watu-question \" id=\"question-4\" style=\";\"><div id=\"questionWrap-4\" class=\"  watupro-required-14 watupro-question-id-14\">\n\t\t\t<div class=\"question-content\"><div>Tehke EBSCO Discover\u2019s otsing v\u00e4givalla v\u00f5i kiusamise kohta t\u00f6\u00f6kohal. Kasutage <em>Advanced Search<\/em> otsinguvormi. Leidke eelretsenseeritud artiklite t\u00e4istekstid, kus otsingus\u00f5nad esinevad pealkirjas ja mis on ilmunud ajavahemikus 2012-2017.<br>\r\n<img loading=\"lazy\" decoding=\"async\" width=\"583\" height=\"175\" class=\"alignnone wp-image-107\" title=\"2018-06-13_18_14_06-result_list_ti_violence_or_bullying_and_ti_workplace_discovery_service_for.png\" src=\"https:\/\/multisite.ut.ee\/wp-content\/uploads\/sites\/290\/2018-06-13_18_14_06-result_list_ti_violence_or_bullying_and_ti_workplace_discovery_service_for.png\" alt=\"2018-06-13_18_14_06-result_list_ti_violence_or_bullying_and_ti_workplace_discovery_service_for.png\" srcset=\"https:\/\/sisu.ut.ee\/wp-content\/uploads\/sites\/290\/2018-06-13_18_14_06-result_list_ti_violence_or_bullying_and_ti_workplace_discovery_service_for.png 583w, https:\/\/sisu.ut.ee\/wp-content\/uploads\/sites\/290\/2018-06-13_18_14_06-result_list_ti_violence_or_bullying_and_ti_workplace_discovery_service_for-300x90.png 300w\" sizes=\"auto, (max-width: 583px) 100vw, 583px\"><span data-mce-mark=\"1\">Avage otsingutulemuste lehel vasakus men\u00fc\u00fcs rubriik <em>Subjects<\/em> ja vaadake, milline m\u00e4rks\u00f5nad leitud kirjetes k\u00f5ige rohkem esineb. <\/span><span data-mce-mark=\"1\">\u00a0<\/span><\/div><input type=\"hidden\" name=\"question_id[]\" id=\"qID_4\" value=\"14\" class=\"watupro-question-id\"><input type=\"hidden\" id=\"answerType14\" class=\"answerTypeCnt4\" value=\"radio\"><input type=\"hidden\" id=\"watupro-required-question-14\"><!-- end question-content--><\/div><div class=\"question-choices watupro-choices-columns \" id=\"questionChoices14\"><div class=\"watupro-question-choice  \" dir=\"auto\"><input type=\"radio\" name=\"answer-14[]\" id=\"answer-id-43\" class=\"answer   answerof-14 \" value=\"43\"><label for=\"answer-id-43\" id=\"answer-label-43\" class=\" answer\"><span><p>workplace bullying<\/p><\/span><\/label><\/div><div class=\"watupro-question-choice  \" dir=\"auto\"><input type=\"radio\" name=\"answer-14[]\" id=\"answer-id-45\" class=\"answer   answerof-14 \" value=\"45\"><label for=\"answer-id-45\" id=\"answer-label-45\" class=\" answer\"><span><p>workplace violence<\/p><\/span><\/label><\/div><div class=\"watupro-question-choice  \" dir=\"auto\"><input type=\"radio\" name=\"answer-14[]\" id=\"answer-id-46\" class=\"answer   answerof-14 \" value=\"46\"><label for=\"answer-id-46\" id=\"answer-label-46\" class=\" answer\"><span><p>bullying<\/p><\/span><\/label><\/div><div class=\"watupro-question-choice  \" dir=\"auto\"><input type=\"radio\" name=\"answer-14[]\" id=\"answer-id-44\" class=\"answer   answerof-14 \" value=\"44\"><label for=\"answer-id-44\" id=\"answer-label-44\" class=\" answer\"><span><p>violence in workplace<\/p><\/span><\/label><\/div><!-- end question-choices--><\/div><!-- end questionWrap--><\/div><\/div><div style=\"display:none\" id=\"question-5\">\n\t<div class=\"question-content\">\n\t\t<img loading=\"lazy\" decoding=\"async\" src=\"https:\/\/sisu.ut.ee\/wp-content\/plugins\/watupro\/img\/loading.gif\" width=\"16\" height=\"16\" alt=\"Loading...\" title=\"Loading...\">\u00a0Loading...\t<\/div>\n<\/div>\n\n<br>\n\t\n\t\t\t<div class=\"watupro_buttons flex \" id=\"watuPROButtons3\">\n\t\t  <div id=\"prev-question\" style=\"display:none;\"><input type=\"button\" value=\"&lt; Previous\" onclick=\"WatuPRO.nextQuestion(event, 'previous');\"><\/div>\t\t  \t\t  \t\t   \n\t\t   \t  \t\t<div><input type=\"button\" name=\"action\" class=\"watupro-submit-button\" onclick=\"WatuPRO.submitResult(event)\" id=\"action-button\" value=\"Vaata tulemust\">\n\t\t<\/div>\n\t\t<\/div>\n\t\t\n\t<input type=\"hidden\" name=\"quiz_id\" value=\"3\" id=\"watuPROExamID\">\n\t<input type=\"hidden\" name=\"start_time\" id=\"startTime\" value=\"2026-04-14 18:30:16\">\n\t<input type=\"hidden\" name=\"start_timestamp\" id=\"startTimeStamp\" value=\"1776191416\">\n\t<input type=\"hidden\" name=\"question_ids\" value=\"\">\n\t<input type=\"hidden\" name=\"watupro_questions\" value=\"16:50,51 | 13:41,42 | 15:49,48,47 | 14:43,45,46,44\">\n\t<input type=\"hidden\" name=\"no_ajax\" value=\"0\">\t\t\t<\/form>\n\t<p>\u00a0<\/p>\n<\/div>\n\n<script type=\"text\/javascript\">\n\/\/jQuery(document).ready(function(){\ndocument.addEventListener(\"DOMContentLoaded\", function(event) { \t\nvar question_ids = \"16,13,15,14\";\nWatuPROSettings[3] = {};\nWatuPRO.qArr = question_ids.split(',');\nWatuPRO.exam_id = 3;\t    \nWatuPRO.post_id = 316;\nWatuPRO.store_progress = 0;\nWatuPRO.curCatPage = 1;\nWatuPRO.requiredIDs=\"0,16,13,15,14\".split(\",\");\nWatuPRO.hAppID = \"0.70074500 1776180616\";\nvar url = \"https:\/\/sisu.ut.ee\/wp-content\/plugins\/watupro\/show_exam.php\";\nWatuPRO.examMode = 1;\nWatuPRO.siteURL=\"https:\/\/sisu.ut.ee\/teadustoo_alused\/wp-admin\/admin-ajax.php\";\nWatuPRO.emailIsNotRequired = 0;\nWatuPRO.perDecade = 10;\nWatuPROIntel.init(3);\nWatuPRO.inCategoryPages=1;});    \t \n<\/script>\n\n","protected":false},"excerpt":{"rendered":"","protected":false},"author":76,"featured_media":0,"parent":0,"menu_order":0,"comment_status":"closed","ping_status":"closed","template":"","meta":{"_acf_changed":false,"inline_featured_image":false,"footnotes":""},"class_list":["post-316","page","type-page","status-publish","hentry"],"acf":[],"_links":{"self":[{"href":"https:\/\/sisu.ut.ee\/teadustoo_alused\/wp-json\/wp\/v2\/pages\/316","targetHints":{"allow":["GET"]}}],"collection":[{"href":"https:\/\/sisu.ut.ee\/teadustoo_alused\/wp-json\/wp\/v2\/pages"}],"about":[{"href":"https:\/\/sisu.ut.ee\/teadustoo_alused\/wp-json\/wp\/v2\/types\/page"}],"author":[{"embeddable":true,"href":"https:\/\/sisu.ut.ee\/teadustoo_alused\/wp-json\/wp\/v2\/users\/76"}],"replies":[{"embeddable":true,"href":"https:\/\/sisu.ut.ee\/teadustoo_alused\/wp-json\/wp\/v2\/comments?post=316"}],"version-history":[{"count":0,"href":"https:\/\/sisu.ut.ee\/teadustoo_alused\/wp-json\/wp\/v2\/pages\/316\/revisions"}],"wp:attachment":[{"href":"https:\/\/sisu.ut.ee\/teadustoo_alused\/wp-json\/wp\/v2\/media?parent=316"}],"curies":[{"name":"wp","href":"https:\/\/api.w.org\/{rel}","templated":true}]}}