{"id":31,"date":"2024-04-04T04:32:44","date_gmt":"2024-04-04T01:32:44","guid":{"rendered":"https:\/\/sisu.ut.ee\/teadustoo_alused\/lugemine-kui-protsess\/"},"modified":"2024-04-04T04:33:11","modified_gmt":"2024-04-04T01:33:11","slug":"lugemine-kui-protsess","status":"publish","type":"page","link":"https:\/\/sisu.ut.ee\/teadustoo_alused\/lugemine-kui-protsess\/","title":{"rendered":"Lugemine kui protsess"},"content":{"rendered":"<p style=\"text-align: justify\">Lugemine on kirjutamisprotsessi oluline osa. Lugemis- ja kirjutamisoskus on omavahel v\u00e4ga tihedalt seotud. Oskus erinevaid tekste m\u00f5ista ja koostada t\u00e4hendab oskust teksti kaudu suhelda. Eelmises alateemas oli juttu teadusteksti konvenstioonidest ja teadusstiili tunnustest \u2013 nende tundmine lihtsustab oluliselt teadustekstide lugemist. J\u00e4rgnev videoloeng annab \u00fclevaate lugemisprotsessi erinevatest etappidest.<\/p>\n\n<p><span style=\"background-color: #00ffff\"><div class=\"ratio ratio-16x9 mb-3\"><div class=\"video-placeholder-wrapper video-placeholder-wrapper--16x9\">\n\t\t\t    <div class=\"video-placeholder d-flex justify-content-center align-items-center\">\n\t\t\t        <div class=\"overlay text-white p-2 w-100 text-center d-block justify-content-center align-items-center\">\n\t\t\t            <div>Kolmandate osapoolte sisu n\u00e4gemiseks palun n\u00f5ustu k\u00fcpsistega.<\/div>\n\t\t\t            <button class=\"btn btn-secondary btn-sm mt-1 consent-change\">Muuda n\u00f5usolekut<\/button>\n\t\t\t        <\/div>\n\t\t\t    <\/div>\n\t\t\t<\/div>\n<\/div><\/span><\/p>\n","protected":false},"excerpt":{"rendered":"<p>Lugemine on kirjutamisprotsessi oluline osa. Lugemis- ja kirjutamisoskus on omavahel v\u00e4ga tihedalt seotud. Oskus erinevaid tekste m\u00f5ista ja koostada t\u00e4hendab oskust teksti kaudu suhelda. Eelmises alateemas oli juttu teadusteksti konvenstioonidest ja teadusstiili tunnustest \u2013 nende tundmine lihtsustab oluliselt teadustekstide lugemist. &#8230;<\/p>\n","protected":false},"author":3,"featured_media":0,"parent":0,"menu_order":0,"comment_status":"closed","ping_status":"closed","template":"","meta":{"_acf_changed":false,"inline_featured_image":false,"footnotes":""},"class_list":["post-31","page","type-page","status-publish","hentry"],"acf":[],"_links":{"self":[{"href":"https:\/\/sisu.ut.ee\/teadustoo_alused\/wp-json\/wp\/v2\/pages\/31","targetHints":{"allow":["GET"]}}],"collection":[{"href":"https:\/\/sisu.ut.ee\/teadustoo_alused\/wp-json\/wp\/v2\/pages"}],"about":[{"href":"https:\/\/sisu.ut.ee\/teadustoo_alused\/wp-json\/wp\/v2\/types\/page"}],"author":[{"embeddable":true,"href":"https:\/\/sisu.ut.ee\/teadustoo_alused\/wp-json\/wp\/v2\/users\/3"}],"replies":[{"embeddable":true,"href":"https:\/\/sisu.ut.ee\/teadustoo_alused\/wp-json\/wp\/v2\/comments?post=31"}],"version-history":[{"count":1,"href":"https:\/\/sisu.ut.ee\/teadustoo_alused\/wp-json\/wp\/v2\/pages\/31\/revisions"}],"predecessor-version":[{"id":244,"href":"https:\/\/sisu.ut.ee\/teadustoo_alused\/wp-json\/wp\/v2\/pages\/31\/revisions\/244"}],"wp:attachment":[{"href":"https:\/\/sisu.ut.ee\/teadustoo_alused\/wp-json\/wp\/v2\/media?parent=31"}],"curies":[{"name":"wp","href":"https:\/\/api.w.org\/{rel}","templated":true}]}}