{"id":309,"date":"2024-04-18T08:42:08","date_gmt":"2024-04-18T05:42:08","guid":{"rendered":"https:\/\/sisu.ut.ee\/teadustoo_alused\/enesetest-paringu-koostamine\/"},"modified":"2024-04-18T08:42:08","modified_gmt":"2024-04-18T05:42:08","slug":"enesetest-paringu-koostamine","status":"publish","type":"page","link":"https:\/\/sisu.ut.ee\/teadustoo_alused\/enesetest-paringu-koostamine\/","title":{"rendered":"Enesetest: P\u00e4ringu koostamine"},"content":{"rendered":"<div id=\"watupro_quiz\" class=\"quiz-area single-page-quiz\">\n<p id=\"submittingExam1\" style=\"display:none;text-align:center;\"><img loading=\"lazy\" decoding=\"async\" src=\"https:\/\/sisu.ut.ee\/wp-content\/plugins\/watupro\/img\/loading.gif\" width=\"16\" height=\"16\"><\/p>\n\n\n\n<form action=\"\" method=\"post\" class=\"quiz-form\" id=\"quiz-1\" enctype=\"multipart\/form-data\">\n<div class=\"watu-question \" id=\"question-1\" style=\";\"><div id=\"questionWrap-1\" class=\"  watupro-required-5 watupro-question-id-5\">\n\t\t\t<div class=\"question-content\"><div>P\u00e4ringu koostamisel kasutatakse t\u00e4rni enamasti<\/div><input type=\"hidden\" name=\"question_id[]\" id=\"qID_1\" value=\"5\" class=\"watupro-question-id\"><input type=\"hidden\" id=\"answerType5\" class=\"answerTypeCnt1\" value=\"radio\"><input type=\"hidden\" id=\"watupro-required-question-5\"><!-- end question-content--><\/div><div class=\"question-choices watupro-choices-columns \" id=\"questionChoices5\"><div class=\"watupro-question-choice  \" dir=\"auto\"><input type=\"radio\" name=\"answer-5[]\" id=\"answer-id-17\" class=\"answer   answerof-5 \" value=\"17\"><label for=\"answer-id-17\" id=\"answer-label-17\" class=\" answer\"><span><p><span>oluliste s\u00f5nade t\u00e4histamiseks.<\/span><\/p><\/span><\/label><\/div><div class=\"watupro-question-choice  \" dir=\"auto\"><input type=\"radio\" name=\"answer-5[]\" id=\"answer-id-15\" class=\"answer   answerof-5 \" value=\"15\"><label for=\"answer-id-15\" id=\"answer-label-15\" class=\" answer\"><span><p><span>t\u00e4htede asendamiseks s\u00f5na alguses.<\/span><\/p><\/span><\/label><\/div><div class=\"watupro-question-choice  \" dir=\"auto\"><input type=\"radio\" name=\"answer-5[]\" id=\"answer-id-14\" class=\"answer   answerof-5 \" value=\"14\"><label for=\"answer-id-14\" id=\"answer-label-14\" class=\" answer\"><span><p><span>s\u00f5nade t\u00e4histamiseks, mis ei tohi leitavates tekstides esineda.<\/span><\/p><\/span><\/label><\/div><div class=\"watupro-question-choice  \" dir=\"auto\"><input type=\"radio\" name=\"answer-5[]\" id=\"answer-id-16\" class=\"answer   answerof-5 \" value=\"16\"><label for=\"answer-id-16\" id=\"answer-label-16\" class=\" answer\"><span><p><span>otsingus\u00f5na katkestamiseks, et leida erinevate l\u00f5ppudega samat\u00fcvelisi s\u00f5nu.\u00a0<\/span><\/p><\/span><\/label><\/div><!-- end question-choices--><\/div><!-- end questionWrap--><\/div><\/div><div class=\"watu-question \" id=\"question-2\" style=\";\"><div id=\"questionWrap-2\" class=\"  watupro-required-7 watupro-question-id-7\">\n\t\t\t<div class=\"question-content\"><div>Milline otsing annab v\u00e4hem tulemusi?<\/div><input type=\"hidden\" name=\"question_id[]\" id=\"qID_2\" value=\"7\" class=\"watupro-question-id\"><input type=\"hidden\" id=\"answerType7\" class=\"answerTypeCnt2\" value=\"radio\"><input type=\"hidden\" id=\"watupro-required-question-7\"><!-- end question-content--><\/div><div class=\"question-choices watupro-choices-columns \" id=\"questionChoices7\"><div class=\"watupro-question-choice  \" dir=\"auto\"><input type=\"radio\" name=\"answer-7[]\" id=\"answer-id-21\" class=\"answer   answerof-7 \" value=\"21\"><label for=\"answer-id-21\" id=\"answer-label-21\" class=\" answer\"><span><p><span>Milline otsing annab v\u00e4hem tulemusi?<\/span><\/p><\/span><\/label><\/div><div class=\"watupro-question-choice  \" dir=\"auto\"><input type=\"radio\" name=\"answer-7[]\" id=\"answer-id-22\" class=\"answer   answerof-7 \" value=\"22\"><label for=\"answer-id-22\" id=\"answer-label-22\" class=\" answer\"><span><p><span>toiduohutus OR toidukvaliteet OR toidukontroll<\/span><\/p><\/span><\/label><\/div><!-- end question-choices--><\/div><!-- end questionWrap--><\/div><\/div><div class=\"watu-question \" id=\"question-3\" style=\";\"><div id=\"questionWrap-3\" class=\"  watupro-required-3 watupro-question-id-3\">\n\t\t\t<div class=\"question-content\"><div>Mis on m\u00e4rks\u00f5nad<\/div><input type=\"hidden\" name=\"question_id[]\" id=\"qID_3\" value=\"3\" class=\"watupro-question-id\"><input type=\"hidden\" id=\"answerType3\" class=\"answerTypeCnt3\" value=\"checkbox\"><input type=\"hidden\" id=\"watupro-required-question-3\"><!-- end question-content--><\/div><div class=\"question-choices watupro-choices-columns \" id=\"questionChoices3\"><div class=\"watupro-question-choice  \" dir=\"auto\"><input type=\"checkbox\" name=\"answer-3[]\" id=\"answer-id-7\" class=\"answer   answerof-3 \" value=\"7\"><label for=\"answer-id-7\" id=\"answer-label-7\" class=\" answer\"><span><p><span>M\u00e4rks\u00f5nad kirjeldavad teavikute sisu.<\/span><\/p><\/span><\/label><\/div><div class=\"watupro-question-choice  \" dir=\"auto\"><input type=\"checkbox\" name=\"answer-3[]\" id=\"answer-id-8\" class=\"answer   answerof-3 \" value=\"8\"><label for=\"answer-id-8\" id=\"answer-label-8\" class=\" answer\"><span><p><span>M\u00e4rks\u00f5nu saab leida andmebaaside m\u00e4rks\u00f5nastikest.<\/span><\/p><\/span><\/label><\/div><div class=\"watupro-question-choice  \" dir=\"auto\"><input type=\"checkbox\" name=\"answer-3[]\" id=\"answer-id-10\" class=\"answer   answerof-3 \" value=\"10\"><label for=\"answer-id-10\" id=\"answer-label-10\" class=\" answer\"><span><p><span>M\u00e4rks\u00f5nade kasutamine otsingul v\u00f5imaldab \u00a0sageli saada t\u00e4psemaid tulemusi.<\/span><\/p><\/span><\/label><\/div><div class=\"watupro-question-choice  \" dir=\"auto\"><input type=\"checkbox\" name=\"answer-3[]\" id=\"answer-id-9\" class=\"answer   answerof-3 \" value=\"9\"><label for=\"answer-id-9\" id=\"answer-label-9\" class=\" answer\"><span><p><span>K\u00f5ik otsingus\u00f5nad on m\u00e4rks\u00f5nad.<\/span><\/p><\/span><\/label><\/div><!-- end question-choices--><\/div><!-- end questionWrap--><\/div><\/div><div class=\"watu-question \" id=\"question-4\" style=\";\"><div id=\"questionWrap-4\" class=\"  watupro-required-6 watupro-question-id-6\">\n\t\t\t<div class=\"question-content\"><div>Milline otsing annab k\u00f5ige rohkem tulemusi?<\/div><input type=\"hidden\" name=\"question_id[]\" id=\"qID_4\" value=\"6\" class=\"watupro-question-id\"><input type=\"hidden\" id=\"answerType6\" class=\"answerTypeCnt4\" value=\"radio\"><input type=\"hidden\" id=\"watupro-required-question-6\"><!-- end question-content--><\/div><div class=\"question-choices watupro-choices-columns \" id=\"questionChoices6\"><div class=\"watupro-question-choice  \" dir=\"auto\"><input type=\"radio\" name=\"answer-6[]\" id=\"answer-id-20\" class=\"answer   answerof-6 \" value=\"20\"><label for=\"answer-id-20\" id=\"answer-label-20\" class=\" answer\"><span><p><span>toiduh\u00fcgieen AND toidukontroll<\/span><\/p><\/span><\/label><\/div><div class=\"watupro-question-choice  \" dir=\"auto\"><input type=\"radio\" name=\"answer-6[]\" id=\"answer-id-19\" class=\"answer   answerof-6 \" value=\"19\"><label for=\"answer-id-19\" id=\"answer-label-19\" class=\" answer\"><span><p><span>toiduh\u00fcgieen OR toidukontroll<\/span><\/p><\/span><\/label><\/div><div class=\"watupro-question-choice  \" dir=\"auto\"><input type=\"radio\" name=\"answer-6[]\" id=\"answer-id-18\" class=\"answer   answerof-6 \" value=\"18\"><label for=\"answer-id-18\" id=\"answer-label-18\" class=\" answer\"><span><p><span>toiduh\u00fcgieen NOT toidukontroll<\/span><\/p><\/span><\/label><\/div><!-- end question-choices--><\/div><!-- end questionWrap--><\/div><\/div><div class=\"watu-question \" id=\"question-5\" style=\";\"><div id=\"questionWrap-5\" class=\"  watupro-required-1 watupro-question-id-1\">\n\t\t\t<div class=\"question-content\"><div>Soovite leida kirjandust selle kohta, kuidas m\u00f5jutab televisioonis n\u00e4idatav v\u00e4givald laste v\u00f5i teismeliste k\u00e4itumist. Milline allj\u00e4rgnevatest p\u00e4ringutest v\u00f5iks anda parima tulemuse?<\/div><input type=\"hidden\" name=\"question_id[]\" id=\"qID_5\" value=\"1\" class=\"watupro-question-id\"><input type=\"hidden\" id=\"answerType1\" class=\"answerTypeCnt5\" value=\"radio\"><input type=\"hidden\" id=\"watupro-required-question-1\"><!-- end question-content--><\/div><div class=\"question-choices watupro-choices-columns \" id=\"questionChoices1\"><div class=\"watupro-question-choice  \" dir=\"auto\"><input type=\"radio\" name=\"answer-1[]\" id=\"answer-id-3\" class=\"answer   answerof-1 \" value=\"3\"><label for=\"answer-id-3\" id=\"answer-label-3\" class=\" answer\"><span><p>\u00a0(aggression OR violence) AND television AND children OR adolescents<\/p><\/span><\/label><\/div><div class=\"watupro-question-choice  \" dir=\"auto\"><input type=\"radio\" name=\"answer-1[]\" id=\"answer-id-4\" class=\"answer   answerof-1 \" value=\"4\"><label for=\"answer-id-4\" id=\"answer-label-4\" class=\" answer\"><span><p>\"aggressive behavior\" AND television OR tv<\/p><\/span><\/label><\/div><div class=\"watupro-question-choice  \" dir=\"auto\"><input type=\"radio\" name=\"answer-1[]\" id=\"answer-id-1\" class=\"answer   answerof-1 \" value=\"1\"><label for=\"answer-id-1\" id=\"answer-label-1\" class=\" answer\"><span><p>(aggressi* OR violen*) AND (television OR tv) AND (child* OR adolescen*)<\/p><\/span><\/label><\/div><div class=\"watupro-question-choice  \" dir=\"auto\"><input type=\"radio\" name=\"answer-1[]\" id=\"answer-id-2\" class=\"answer   answerof-1 \" value=\"2\"><label for=\"answer-id-2\" id=\"answer-label-2\" class=\" answer\"><span><p>(aggressi* OR violence) AND children<\/p><\/span><\/label><\/div><!-- end question-choices--><\/div><!-- end questionWrap--><\/div><\/div><div class=\"watu-question \" id=\"question-6\" style=\";\"><div id=\"questionWrap-6\" class=\"  watupro-required-2 watupro-question-id-2\">\n\t\t\t<div class=\"question-content\"><div>Milline p\u00e4ring annab rohkem tulemusi?<\/div><input type=\"hidden\" name=\"question_id[]\" id=\"qID_6\" value=\"2\" class=\"watupro-question-id\"><input type=\"hidden\" id=\"answerType2\" class=\"answerTypeCnt6\" value=\"radio\"><input type=\"hidden\" id=\"watupro-required-question-2\"><!-- end question-content--><\/div><div class=\"question-choices watupro-choices-columns \" id=\"questionChoices2\"><div class=\"watupro-question-choice  \" dir=\"auto\"><input type=\"radio\" name=\"answer-2[]\" id=\"answer-id-5\" class=\"answer   answerof-2 \" value=\"5\"><label for=\"answer-id-5\" id=\"answer-label-5\" class=\" answer\"><span><p>television AND media<\/p><\/span><\/label><\/div><div class=\"watupro-question-choice  \" dir=\"auto\"><input type=\"radio\" name=\"answer-2[]\" id=\"answer-id-6\" class=\"answer   answerof-2 \" value=\"6\"><label for=\"answer-id-6\" id=\"answer-label-6\" class=\" answer\"><span><p>television AND media AND children<\/p><\/span><\/label><\/div><!-- end question-choices--><\/div><!-- end questionWrap--><\/div><\/div><div class=\"watu-question \" id=\"question-7\" style=\";\"><div id=\"questionWrap-7\" class=\"  watupro-required-4 watupro-question-id-4\">\n\t\t\t<div class=\"question-content\"><div>P\u00e4ringu koostamisel kasutatakse jutum\u00e4rke<\/div><input type=\"hidden\" name=\"question_id[]\" id=\"qID_7\" value=\"4\" class=\"watupro-question-id\"><input type=\"hidden\" id=\"answerType4\" class=\"answerTypeCnt7\" value=\"radio\"><input type=\"hidden\" id=\"watupro-required-question-4\"><!-- end question-content--><\/div><div class=\"question-choices watupro-choices-columns \" id=\"questionChoices4\"><div class=\"watupro-question-choice  \" dir=\"auto\"><input type=\"radio\" name=\"answer-4[]\" id=\"answer-id-11\" class=\"answer   answerof-4 \" value=\"11\"><label for=\"answer-id-11\" id=\"answer-label-11\" class=\" answer\"><span><p><span>m\u00e4rks\u00f5na t\u00e4histamiseks<\/span><\/p><\/span><\/label><\/div><div class=\"watupro-question-choice  \" dir=\"auto\"><input type=\"radio\" name=\"answer-4[]\" id=\"answer-id-12\" class=\"answer   answerof-4 \" value=\"12\"><label for=\"answer-id-12\" id=\"answer-label-12\" class=\" answer\"><span><p>t\u00e4pse fraasi otsimiseks<\/p><\/span><\/label><\/div><div class=\"watupro-question-choice  \" dir=\"auto\"><input type=\"radio\" name=\"answer-4[]\" id=\"answer-id-13\" class=\"answer   answerof-4 \" value=\"13\"><label for=\"answer-id-13\" id=\"answer-label-13\" class=\" answer\"><span><p><span>oluliste s\u00f5nade t\u00e4histamiseks<\/span><\/p><\/span><\/label><\/div><!-- end question-choices--><\/div><!-- end questionWrap--><\/div><\/div><div class=\"watu-question \" id=\"question-8\" style=\";\"><div id=\"questionWrap-8\" class=\"  watupro-required-8 watupro-question-id-8\">\n\t\t\t<div class=\"question-content\"><div>P\u00e4ringu koostamisel andmebaasides kasutatakse sulge<\/div><input type=\"hidden\" name=\"question_id[]\" id=\"qID_8\" value=\"8\" class=\"watupro-question-id\"><input type=\"hidden\" id=\"answerType8\" class=\"answerTypeCnt8\" value=\"radio\"><input type=\"hidden\" id=\"watupro-required-question-8\"><!-- end question-content--><\/div><div class=\"question-choices watupro-choices-columns \" id=\"questionChoices8\"><div class=\"watupro-question-choice  \" dir=\"auto\"><input type=\"radio\" name=\"answer-8[]\" id=\"answer-id-26\" class=\"answer   answerof-8 \" value=\"26\"><label for=\"answer-id-26\" id=\"answer-label-26\" class=\" answer\"><span><p><span>t\u00e4pse fraasi otsimiseks<\/span><\/p><\/span><\/label><\/div><div class=\"watupro-question-choice  \" dir=\"auto\"><input type=\"radio\" name=\"answer-8[]\" id=\"answer-id-24\" class=\"answer   answerof-8 \" value=\"24\"><label for=\"answer-id-24\" id=\"answer-label-24\" class=\" answer\"><span><p><span>ebaoluliste s\u00f5nade eraldamiseks<\/span><\/p><\/span><\/label><\/div><div class=\"watupro-question-choice  \" dir=\"auto\"><input type=\"radio\" name=\"answer-8[]\" id=\"answer-id-25\" class=\"answer   answerof-8 \" value=\"25\"><label for=\"answer-id-25\" id=\"answer-label-25\" class=\" answer\"><span><p><span>s\u00f5na t\u00fcve eraldamiseks<\/span><\/p><\/span><\/label><\/div><div class=\"watupro-question-choice  \" dir=\"auto\"><input type=\"radio\" name=\"answer-8[]\" id=\"answer-id-27\" class=\"answer   answerof-8 \" value=\"27\"><label for=\"answer-id-27\" id=\"answer-label-27\" class=\" answer\"><span><p><span>erinevate operaatoritega p\u00e4ringus p\u00e4ringu toimimise j\u00e4rjekorra m\u00e4\u00e4ramiseks\u00a0<\/span><\/p><\/span><\/label><\/div><!-- end question-choices--><\/div><!-- end questionWrap--><\/div><\/div><div style=\"display:none\" id=\"question-9\">\n\t<div class=\"question-content\">\n\t\t<img loading=\"lazy\" decoding=\"async\" src=\"https:\/\/sisu.ut.ee\/wp-content\/plugins\/watupro\/img\/loading.gif\" width=\"16\" height=\"16\" alt=\"Loading...\" title=\"Loading...\">\u00a0Loading...\t<\/div>\n<\/div>\n\n<br>\n\t\n\t\t\t<div class=\"watupro_buttons flex \" id=\"watuPROButtons1\">\n\t\t  <div id=\"prev-question\" style=\"display:none;\"><input type=\"button\" value=\"&lt; Previous\" onclick=\"WatuPRO.nextQuestion(event, 'previous');\"><\/div>\t\t  \t\t  \t\t   \n\t\t   \t  \t\t<div><input type=\"button\" name=\"action\" class=\"watupro-submit-button\" onclick=\"WatuPRO.submitResult(event)\" id=\"action-button\" value=\"Vaata tulemust\">\n\t\t<\/div>\n\t\t<\/div>\n\t\t\n\t<input type=\"hidden\" name=\"quiz_id\" value=\"1\" id=\"watuPROExamID\">\n\t<input type=\"hidden\" name=\"start_time\" id=\"startTime\" value=\"2026-04-14 18:53:05\">\n\t<input type=\"hidden\" name=\"start_timestamp\" id=\"startTimeStamp\" value=\"1776192785\">\n\t<input type=\"hidden\" name=\"question_ids\" value=\"\">\n\t<input type=\"hidden\" name=\"watupro_questions\" value=\"5:17,15,14,16 | 7:21,22 | 3:7,8,10,9 | 6:20,19,18 | 1:3,4,1,2 | 2:5,6 | 4:11,12,13 | 8:26,24,25,27\">\n\t<input type=\"hidden\" name=\"no_ajax\" value=\"0\">\t\t\t<\/form>\n\t<p>\u00a0<\/p>\n<\/div>\n\n<script type=\"text\/javascript\">\n\/\/jQuery(document).ready(function(){\ndocument.addEventListener(\"DOMContentLoaded\", function(event) { \t\nvar question_ids = \"5,7,3,6,1,2,4,8\";\nWatuPROSettings[1] = {};\nWatuPRO.qArr = question_ids.split(',');\nWatuPRO.exam_id = 1;\t    \nWatuPRO.post_id = 309;\nWatuPRO.store_progress = 0;\nWatuPRO.curCatPage = 1;\nWatuPRO.requiredIDs=\"0,5,7,3,6,1,2,4,8\".split(\",\");\nWatuPRO.hAppID = \"0.60100300 1776181985\";\nvar url = \"https:\/\/sisu.ut.ee\/wp-content\/plugins\/watupro\/show_exam.php\";\nWatuPRO.examMode = 1;\nWatuPRO.siteURL=\"https:\/\/sisu.ut.ee\/teadustoo_alused\/wp-admin\/admin-ajax.php\";\nWatuPRO.emailIsNotRequired = 0;\nWatuPRO.perDecade = 10;\nWatuPROIntel.init(1);\nWatuPRO.inCategoryPages=1;});    \t \n<\/script>\n\n","protected":false},"excerpt":{"rendered":"","protected":false},"author":76,"featured_media":0,"parent":0,"menu_order":0,"comment_status":"closed","ping_status":"closed","template":"","meta":{"_acf_changed":false,"inline_featured_image":false,"footnotes":""},"class_list":["post-309","page","type-page","status-publish","hentry"],"acf":[],"_links":{"self":[{"href":"https:\/\/sisu.ut.ee\/teadustoo_alused\/wp-json\/wp\/v2\/pages\/309","targetHints":{"allow":["GET"]}}],"collection":[{"href":"https:\/\/sisu.ut.ee\/teadustoo_alused\/wp-json\/wp\/v2\/pages"}],"about":[{"href":"https:\/\/sisu.ut.ee\/teadustoo_alused\/wp-json\/wp\/v2\/types\/page"}],"author":[{"embeddable":true,"href":"https:\/\/sisu.ut.ee\/teadustoo_alused\/wp-json\/wp\/v2\/users\/76"}],"replies":[{"embeddable":true,"href":"https:\/\/sisu.ut.ee\/teadustoo_alused\/wp-json\/wp\/v2\/comments?post=309"}],"version-history":[{"count":0,"href":"https:\/\/sisu.ut.ee\/teadustoo_alused\/wp-json\/wp\/v2\/pages\/309\/revisions"}],"wp:attachment":[{"href":"https:\/\/sisu.ut.ee\/teadustoo_alused\/wp-json\/wp\/v2\/media?parent=309"}],"curies":[{"name":"wp","href":"https:\/\/api.w.org\/{rel}","templated":true}]}}