{"id":307,"date":"2024-04-18T08:38:05","date_gmt":"2024-04-18T05:38:05","guid":{"rendered":"https:\/\/sisu.ut.ee\/teadustoo_alused\/test-akadeemiline-petturlus\/"},"modified":"2024-04-18T08:38:05","modified_gmt":"2024-04-18T05:38:05","slug":"test-akadeemiline-petturlus","status":"publish","type":"page","link":"https:\/\/sisu.ut.ee\/teadustoo_alused\/test-akadeemiline-petturlus\/","title":{"rendered":"TEST Akadeemiline petturlus"},"content":{"rendered":"<div id=\"watupro_quiz\" class=\"quiz-area single-page-quiz\">\n<p id=\"submittingExam4\" style=\"display:none;text-align:center;\"><img loading=\"lazy\" decoding=\"async\" src=\"https:\/\/sisu.ut.ee\/wp-content\/plugins\/watupro\/img\/loading.gif\" width=\"16\" height=\"16\"><\/p>\n\n\n\n<form action=\"\" method=\"post\" class=\"quiz-form\" id=\"quiz-4\" enctype=\"multipart\/form-data\">\n<div class=\"watu-question \" id=\"question-1\" style=\";\"><div id=\"questionWrap-1\" class=\"  watupro-required-24 watupro-question-id-24\">\n\t\t\t<div class=\"question-content\"><div><p><span>Olen v\u00e4ga v\u00e4sinud. Mul on v\u00e4ike laps, kes vajab kodus \u00f5htuti pidevalt t\u00e4helepanu. Lisaks t\u00f6\u00f6tan t\u00e4iskoormusel \u00f5petajana. Sessioon\u00f5ppes on aga sel semestril palju kodut\u00f6id ja n\u00fc\u00fcd olen suutnud \u00fche kodut\u00f6\u00f6 t\u00e4htaja kuidagi \u00e4ra unustada. Homseks on vaja\u00a0 esitada tunnikonspekt, mille teema v\u00f5isime ise valida. \u00d5nneks leian\u00a0 lihtsalt googeldades sobiva konspekti. Kirjutan t\u00f6\u00f6\u00a0 algusesse selgelt, et kasutan konspekti, mille autor on \u00f5petaja Mari Murakas ja leidsin konspekti aadressilt www. koolielu.ee. Kohad, milles tegin muudatusi, toon eraldi v\u00e4lja, et \u00f5ppej\u00f5ud n\u00e4eks selgelt minu panust ja esitaks selle originaalautori osast. Viitan vastavalt instituudi n\u00f5uetele ja vormistan ka kasutatud kirjanduse allikakirja n\u00f5uetele vastavalt. Saadan t\u00f6\u00f6 \u00e4ra. Tehtud! Tegu\u00a0<\/span><strong>ei ole<\/strong><span>\u00a0akadeemilise petturlusega.<\/span><\/p><\/div><input type=\"hidden\" name=\"question_id[]\" id=\"qID_1\" value=\"24\" class=\"watupro-question-id\"><input type=\"hidden\" id=\"answerType24\" class=\"answerTypeCnt1\" value=\"radio\"><input type=\"hidden\" id=\"watupro-required-question-24\"><!-- end question-content--><\/div><div class=\"question-choices watupro-choices-columns \" id=\"questionChoices24\"><div class=\"watupro-question-choice  \" dir=\"auto\"><input type=\"radio\" name=\"answer-24[]\" id=\"answer-id-66\" class=\"answer   answerof-24 \" value=\"66\"><label for=\"answer-id-66\" id=\"answer-label-66\" class=\" answer\"><span>True<\/span><\/label><\/div><div class=\"watupro-question-choice  \" dir=\"auto\"><input type=\"radio\" name=\"answer-24[]\" id=\"answer-id-67\" class=\"answer   answerof-24 \" value=\"67\"><label for=\"answer-id-67\" id=\"answer-label-67\" class=\" answer\"><span>False<\/span><\/label><\/div><!-- end question-choices--><\/div><!-- end questionWrap--><\/div><\/div><div class=\"watu-question \" id=\"question-2\" style=\";\"><div id=\"questionWrap-2\" class=\"  watupro-required-17 watupro-question-id-17\">\n\t\t\t<div class=\"question-content\"><div>\u00d5ppej\u00f5ud andis teada, et v\u00f5ime arvestuse ajal kasutada loengumaterjale ja konspekti. Kasutan loengumaterjalide ja konspekti vaatamiseks oma mobiiltelefoni, sest k\u00f5ik materjalid on mul sealtkaudu k\u00e4ttesaadavad. \u00d5ppej\u00f5ud ju lubas materjale kasutada. Seega ei tee ma midagi keelatut. Tegu\u00a0<strong>ei ole\u00a0<\/strong>akadeemilise petturlusega.<\/div><input type=\"hidden\" name=\"question_id[]\" id=\"qID_2\" value=\"17\" class=\"watupro-question-id\"><input type=\"hidden\" id=\"answerType17\" class=\"answerTypeCnt2\" value=\"radio\"><input type=\"hidden\" id=\"watupro-required-question-17\"><!-- end question-content--><\/div><div class=\"question-choices watupro-choices-columns \" id=\"questionChoices17\"><div class=\"watupro-question-choice  \" dir=\"auto\"><input type=\"radio\" name=\"answer-17[]\" id=\"answer-id-52\" class=\"answer   answerof-17 \" value=\"52\"><label for=\"answer-id-52\" id=\"answer-label-52\" class=\" answer\"><span>True<\/span><\/label><\/div><div class=\"watupro-question-choice  \" dir=\"auto\"><input type=\"radio\" name=\"answer-17[]\" id=\"answer-id-53\" class=\"answer   answerof-17 \" value=\"53\"><label for=\"answer-id-53\" id=\"answer-label-53\" class=\" answer\"><span>False<\/span><\/label><\/div><!-- end question-choices--><\/div><!-- end questionWrap--><\/div><\/div><div class=\"watu-question \" id=\"question-3\" style=\";\"><div id=\"questionWrap-3\" class=\"  watupro-required-21 watupro-question-id-21\">\n\t\t\t<div class=\"question-content\"><div><p><span>Kuna t\u00f6\u00f6tan\u00a0<\/span><span>\u00f5pingute k\u00f5rvalt<\/span><span>\u00a0t\u00e4iskohaga, siis j\u00e4i\u00a0 mul t\u00e4naseks eksamiks v\u00e4he aega valmistuda.\u00a0 Lepin s\u00f5braga kokku, et \u00f5pime kumbki pool materjalist ja vajadusel saadame eksami ajal \u00fcksteisele paberil kirju v\u00f5i v\u00f5imalusel pilte\/vastuseid telefoniga. \u00d5nneks istub \u00f5ppej\u00f5ud kogu eksami aja oma laua taga ja saame rahulikult toimetada. \u00dcldiselt arvangi, et kuna \u00f5ppej\u00f5ud ei kontrolli, siis tal ongi \u00fcksk\u00f5ik ja seega ei ole meie tegevuses midagi halba. Kuna ma olen t\u00f5esti t\u00f6\u00f6tav inimene ja aega on v\u00e4he, siis on ju m\u00f5istetav m\u00f5nikord harva selliste v\u00f5tete kasutamine.\u00a0 Koost\u00f6\u00f6oskus, mida selline teguviis arendab, on ju elus ka h\u00e4sti oluline oskus. Tegu\u00a0<strong>ei ole<\/strong>\u00a0akadeemilise petturlusega.<\/span><\/p><\/div><input type=\"hidden\" name=\"question_id[]\" id=\"qID_3\" value=\"21\" class=\"watupro-question-id\"><input type=\"hidden\" id=\"answerType21\" class=\"answerTypeCnt3\" value=\"radio\"><input type=\"hidden\" id=\"watupro-required-question-21\"><!-- end question-content--><\/div><div class=\"question-choices watupro-choices-columns \" id=\"questionChoices21\"><div class=\"watupro-question-choice  \" dir=\"auto\"><input type=\"radio\" name=\"answer-21[]\" id=\"answer-id-60\" class=\"answer   answerof-21 \" value=\"60\"><label for=\"answer-id-60\" id=\"answer-label-60\" class=\" answer\"><span>True<\/span><\/label><\/div><div class=\"watupro-question-choice  \" dir=\"auto\"><input type=\"radio\" name=\"answer-21[]\" id=\"answer-id-61\" class=\"answer   answerof-21 \" value=\"61\"><label for=\"answer-id-61\" id=\"answer-label-61\" class=\" answer\"><span>False<\/span><\/label><\/div><!-- end question-choices--><\/div><!-- end questionWrap--><\/div><\/div><div class=\"watu-question \" id=\"question-4\" style=\";\"><div id=\"questionWrap-4\" class=\"  watupro-required-18 watupro-question-id-18\">\n\t\t\t<div class=\"question-content\"><div><p><span>\u00d5ppej\u00f5ud andis teada, et v\u00f5ime arvestuse ajal kasutada loengumaterjale ja konspekti. Kasutan loengumaterjalide ja konspekti vaatamiseks oma mobiiltelefoni, sest k\u00f5ik materjalid on mul sealtkaudu k\u00e4ttesaadavad. Lisaks\u00a0<\/span><em>googeldasin<\/em><span>\u00a0veidi ja k\u00fcsisin \u00fche v\u00e4ikese asja ka Facebooki kaudu tuttavatelt. Seega ei tee ma ju midagi keelatut. Tegu<\/span><strong>\u00a0ei ole<\/strong><span>\u00a0akadeemilise petturlusega.<\/span><\/p><\/div><input type=\"hidden\" name=\"question_id[]\" id=\"qID_4\" value=\"18\" class=\"watupro-question-id\"><input type=\"hidden\" id=\"answerType18\" class=\"answerTypeCnt4\" value=\"radio\"><input type=\"hidden\" id=\"watupro-required-question-18\"><!-- end question-content--><\/div><div class=\"question-choices watupro-choices-columns \" id=\"questionChoices18\"><div class=\"watupro-question-choice  \" dir=\"auto\"><input type=\"radio\" name=\"answer-18[]\" id=\"answer-id-54\" class=\"answer   answerof-18 \" value=\"54\"><label for=\"answer-id-54\" id=\"answer-label-54\" class=\" answer\"><span>True<\/span><\/label><\/div><div class=\"watupro-question-choice  \" dir=\"auto\"><input type=\"radio\" name=\"answer-18[]\" id=\"answer-id-55\" class=\"answer   answerof-18 \" value=\"55\"><label for=\"answer-id-55\" id=\"answer-label-55\" class=\" answer\"><span>False<\/span><\/label><\/div><!-- end question-choices--><\/div><!-- end questionWrap--><\/div><\/div><div class=\"watu-question \" id=\"question-5\" style=\";\"><div id=\"questionWrap-5\" class=\"  watupro-required-26 watupro-question-id-26\">\n\t\t\t<div class=\"question-content\"><div><p><span>Koostasin eelmisel aastal seminarit\u00f6\u00f6 ja sain valmis varasemate uurimuste osa, mis sobiks v\u00e4ga h\u00e4sti minu l\u00f5put\u00f6\u00f6 teooriaosasse. Sain seminarit\u00f6\u00f6 kaitsmisel selle eest ka kiita.\u00a0 Seminarit\u00f6\u00f6 vastutav \u00f5ppej\u00f5ud andis teada, et v\u00f5ime seminarit\u00f6\u00f6d soovi korral t\u00e4ies mahus kasutada oma l\u00f5put\u00f6\u00f6s. Selle kohta tuli meile ka postkasti kiri. Seega kopeerin oma seminarit\u00f6\u00f6st l\u00f5igud julgelt l\u00f5put\u00f6\u00f6sse. Tegu\u00a0<\/span><strong>ei ole<\/strong><span>\u00a0akadeemilise petturlusega.<\/span><\/p><\/div><input type=\"hidden\" name=\"question_id[]\" id=\"qID_5\" value=\"26\" class=\"watupro-question-id\"><input type=\"hidden\" id=\"answerType26\" class=\"answerTypeCnt5\" value=\"radio\"><input type=\"hidden\" id=\"watupro-required-question-26\"><!-- end question-content--><\/div><div class=\"question-choices watupro-choices-columns \" id=\"questionChoices26\"><div class=\"watupro-question-choice  \" dir=\"auto\"><input type=\"radio\" name=\"answer-26[]\" id=\"answer-id-70\" class=\"answer   answerof-26 \" value=\"70\"><label for=\"answer-id-70\" id=\"answer-label-70\" class=\" answer\"><span>True<\/span><\/label><\/div><div class=\"watupro-question-choice  \" dir=\"auto\"><input type=\"radio\" name=\"answer-26[]\" id=\"answer-id-71\" class=\"answer   answerof-26 \" value=\"71\"><label for=\"answer-id-71\" id=\"answer-label-71\" class=\" answer\"><span>False<\/span><\/label><\/div><!-- end question-choices--><\/div><!-- end questionWrap--><\/div><\/div><div class=\"watu-question \" id=\"question-6\" style=\";\"><div id=\"questionWrap-6\" class=\"  watupro-required-23 watupro-question-id-23\">\n\t\t\t<div class=\"question-content\"><div><p><span>Olen v\u00e4ga v\u00e4sinud. Mul on v\u00e4ike laps, kes vajab kodus \u00f5htuti pidevalt t\u00e4helepanu. Lisaks t\u00f6\u00f6tan t\u00e4iskoormusega \u00f5petajana. Sessioon\u00f5ppes on aga sel semestril palju kodut\u00f6id ja n\u00fc\u00fcd olen suutnud \u00fche kodut\u00f6\u00f6 t\u00e4htaja kuidagi \u00e4ra unustada. Homseks on vaja\u00a0 esitada tunnikonspekt, mille teema v\u00f5isime ise valida. \u00d5nneks leian\u00a0 lihtsalt googeldades sobiva konspekti. Kustutan \u00e4ra autori nime ja kirjutan oma asemele. M\u00f5ne koha teen t\u00f6\u00f6s natuke ka \u00fcmber.\u00a0 Saadan t\u00f6\u00f6 \u00e4ra. Tehtud! N\u00fc\u00fcd saan ometi veidi perega olla. Kuna ma siiski v\u00e4ikeseid muudatusi t\u00f6\u00f6s tegin, siis\u00a0<\/span><strong>ei ole<\/strong><span>\u00a0tegu akadeemilise petturlusega.<\/span><\/p><\/div><input type=\"hidden\" name=\"question_id[]\" id=\"qID_6\" value=\"23\" class=\"watupro-question-id\"><input type=\"hidden\" id=\"answerType23\" class=\"answerTypeCnt6\" value=\"radio\"><input type=\"hidden\" id=\"watupro-required-question-23\"><!-- end question-content--><\/div><div class=\"question-choices watupro-choices-columns \" id=\"questionChoices23\"><div class=\"watupro-question-choice  \" dir=\"auto\"><input type=\"radio\" name=\"answer-23[]\" id=\"answer-id-64\" class=\"answer   answerof-23 \" value=\"64\"><label for=\"answer-id-64\" id=\"answer-label-64\" class=\" answer\"><span>True<\/span><\/label><\/div><div class=\"watupro-question-choice  \" dir=\"auto\"><input type=\"radio\" name=\"answer-23[]\" id=\"answer-id-65\" class=\"answer   answerof-23 \" value=\"65\"><label for=\"answer-id-65\" id=\"answer-label-65\" class=\" answer\"><span>False<\/span><\/label><\/div><!-- end question-choices--><\/div><!-- end questionWrap--><\/div><\/div><div class=\"watu-question \" id=\"question-7\" style=\";\"><div id=\"questionWrap-7\" class=\"  watupro-required-20 watupro-question-id-20\">\n\t\t\t<div class=\"question-content\"><div><p><span>Kuna t\u00f6\u00f6tan t\u00e4iskohaga \u00f5pingute k\u00f5rvalt, siis j\u00e4i\u00a0 mul t\u00e4naseks eksamiks v\u00e4he aega valmistuda.\u00a0 \u00d5nneks saan istuma \u00fche p\u00fc\u00fcdliku ja alati p\u00f5hjalikult valmistuva \u00fcli\u00f5pilase l\u00e4hedusse (istun kaldauditooriumis temast rea v\u00f5rra \u00fclevalpool). Kui \u00f5ppej\u00f5ud t\u00f6id jagab, siis\u00a0 vaatan kiiresti, mis r\u00fchma t\u00f6\u00f6d \u201etubli tudeng\u201c teeb ja saan s\u00f5braliku naabriga \u00e4ra vahetada t\u00f6\u00f6d selliselt, et teen eesistujaga sama t\u00f6\u00f6 varianti. Kiikan t\u00f6\u00f6d kirjutades korduvalt tema t\u00f6\u00f6d. Tulemusi teada saades olen k\u00fcll veidi h\u00e4iritud, et minu tulemus on hinde v\u00f5rra madalam kui eesistujal, aga v\u00e4hemalt on eksam sooritatud. Kuna ma olen t\u00f5esti t\u00f6\u00f6tav inimene ja aega on v\u00e4he, siis on ju m\u00f5istetav, et m\u00f5nikord harva selliste v\u00f5tete kasutamine. Tegu\u00a0<\/span><strong>ei ole<\/strong><span>\u00a0akadeemilise petturlusega.<\/span><\/p><\/div><input type=\"hidden\" name=\"question_id[]\" id=\"qID_7\" value=\"20\" class=\"watupro-question-id\"><input type=\"hidden\" id=\"answerType20\" class=\"answerTypeCnt7\" value=\"radio\"><input type=\"hidden\" id=\"watupro-required-question-20\"><!-- end question-content--><\/div><div class=\"question-choices watupro-choices-columns \" id=\"questionChoices20\"><div class=\"watupro-question-choice  \" dir=\"auto\"><input type=\"radio\" name=\"answer-20[]\" id=\"answer-id-58\" class=\"answer   answerof-20 \" value=\"58\"><label for=\"answer-id-58\" id=\"answer-label-58\" class=\" answer\"><span>True<\/span><\/label><\/div><div class=\"watupro-question-choice  \" dir=\"auto\"><input type=\"radio\" name=\"answer-20[]\" id=\"answer-id-59\" class=\"answer   answerof-20 \" value=\"59\"><label for=\"answer-id-59\" id=\"answer-label-59\" class=\" answer\"><span>False<\/span><\/label><\/div><!-- end question-choices--><\/div><!-- end questionWrap--><\/div><\/div><div class=\"watu-question \" id=\"question-8\" style=\";\"><div id=\"questionWrap-8\" class=\"  watupro-required-19 watupro-question-id-19\">\n\t\t\t<div class=\"question-content\"><div><p><span>\u00d5ppej\u00f5ud ei palunud arvestuse sooritamise ajal materjale kotti panna. Kasutan t\u00f6\u00f6d kirjutades loengumaterjale, aga kuna pole p\u00e4ris kindel, kas seda v\u00f5ib teha, siis vaatan salaja. Arvan siiski, et ma ei tee midagi lubamatut, sest \u00f5ppej\u00f5ud ju otseselt ei \u00f6elnud, et me ei v\u00f5i materjale kasutada. Tegu\u00a0<\/span><strong>ei ole<\/strong><span>\u00a0akadeemilise petturluse juhtumiga.\u00a0\u00a0<\/span><\/p><\/div><input type=\"hidden\" name=\"question_id[]\" id=\"qID_8\" value=\"19\" class=\"watupro-question-id\"><input type=\"hidden\" id=\"answerType19\" class=\"answerTypeCnt8\" value=\"radio\"><input type=\"hidden\" id=\"watupro-required-question-19\"><!-- end question-content--><\/div><div class=\"question-choices watupro-choices-columns \" id=\"questionChoices19\"><div class=\"watupro-question-choice  \" dir=\"auto\"><input type=\"radio\" name=\"answer-19[]\" id=\"answer-id-56\" class=\"answer   answerof-19 \" value=\"56\"><label for=\"answer-id-56\" id=\"answer-label-56\" class=\" answer\"><span>True<\/span><\/label><\/div><div class=\"watupro-question-choice  \" dir=\"auto\"><input type=\"radio\" name=\"answer-19[]\" id=\"answer-id-57\" class=\"answer   answerof-19 \" value=\"57\"><label for=\"answer-id-57\" id=\"answer-label-57\" class=\" answer\"><span>False<\/span><\/label><\/div><!-- end question-choices--><\/div><!-- end questionWrap--><\/div><\/div><div class=\"watu-question \" id=\"question-9\" style=\";\"><div id=\"questionWrap-9\" class=\"  watupro-required-22 watupro-question-id-22\">\n\t\t\t<div class=\"question-content\"><div><p><span>Olen eksamil juba kolm korda l\u00e4bi kukkunud ja hirm eksmatrikuleerimise ees (kui ka j\u00e4rgmisel korral peaksin eba\u00f5nnestuma) on suur. Kuna tegu on eksamiga, kus kirjaliku eksami sooritamist j\u00e4lgivad assistendid (aine \u00f5ppej\u00f5udu, kes mind n\u00e4gupidi tunneb kohal ei ole), siis teen ettepaneku kursusekaaslasele, et ta l\u00e4heks ja teeks 100 euro eest eksami \u00e4ra minu eest. Tal endal on see juba kaks aastat tagasi sooritatud. Kursusekaaslane on reisile minemas ja lisaraha seega v\u00e4ga oodatud. Oleme kursusekaaslasega tegelikult \u00fcsna sarnase v\u00e4limusega ka. S\u00f5pru tuleb ikka aidata. Kuna eesm\u00e4rk on s\u00f5pra aidata, siis\u00a0<\/span><strong>ei ole<\/strong><span>\u00a0tegu akadeemilise petturlusega.<\/span><\/p><\/div><input type=\"hidden\" name=\"question_id[]\" id=\"qID_9\" value=\"22\" class=\"watupro-question-id\"><input type=\"hidden\" id=\"answerType22\" class=\"answerTypeCnt9\" value=\"radio\"><input type=\"hidden\" id=\"watupro-required-question-22\"><!-- end question-content--><\/div><div class=\"question-choices watupro-choices-columns \" id=\"questionChoices22\"><div class=\"watupro-question-choice  \" dir=\"auto\"><input type=\"radio\" name=\"answer-22[]\" id=\"answer-id-62\" class=\"answer   answerof-22 \" value=\"62\"><label for=\"answer-id-62\" id=\"answer-label-62\" class=\" answer\"><span>True<\/span><\/label><\/div><div class=\"watupro-question-choice  \" dir=\"auto\"><input type=\"radio\" name=\"answer-22[]\" id=\"answer-id-63\" class=\"answer   answerof-22 \" value=\"63\"><label for=\"answer-id-63\" id=\"answer-label-63\" class=\" answer\"><span>False<\/span><\/label><\/div><!-- end question-choices--><\/div><!-- end questionWrap--><\/div><\/div><div class=\"watu-question \" id=\"question-10\" style=\";\"><div id=\"questionWrap-10\" class=\"  watupro-required-25 watupro-question-id-25\">\n\t\t\t<div class=\"question-content\"><div><p><span>Suhtlemisoskuse arendamine on teema, mis on \u00fcks l\u00e4bivaid teemasid minu \u00f5ppekavas. Seega oleme sel teemal koostanud ka erinevaid kirjalikke kodut\u00f6id. J\u00e4rjekordse kodut\u00f6\u00f6 kirjeldust lugedes m\u00f5istsin, et kombineerides oma varasemaid t\u00f6id, saaksin selle esitada n\u00fc\u00fcd siis ka selle aine kodut\u00f6\u00f6na. Kuna olen need t\u00f6\u00f6d ise koostanud, siis ei ole minu enda poolt kirja pandu kopeerimine (t\u00f5stes t\u00f6\u00f6dest l\u00f5ike kokku) ju midagi halba. Lisaks on \u00f5ppej\u00f5ud neid t\u00f6id ka k\u00f5rgelt hinnanud. Oleks t\u00e4iesti ebam\u00f5istlik ajakulu hakata uuesti selle teema kohta materjali otsima ja lugema. Kui ma selliselt toimin,\u00a0<\/span><strong>ei ole<\/strong><span>\u00a0tegu akadeemilise petturlusega.<\/span><\/p><\/div><input type=\"hidden\" name=\"question_id[]\" id=\"qID_10\" value=\"25\" class=\"watupro-question-id\"><input type=\"hidden\" id=\"answerType25\" class=\"answerTypeCnt10\" value=\"radio\"><input type=\"hidden\" id=\"watupro-required-question-25\"><!-- end question-content--><\/div><div class=\"question-choices watupro-choices-columns \" id=\"questionChoices25\"><div class=\"watupro-question-choice  \" dir=\"auto\"><input type=\"radio\" name=\"answer-25[]\" id=\"answer-id-68\" class=\"answer   answerof-25 \" value=\"68\"><label for=\"answer-id-68\" id=\"answer-label-68\" class=\" answer\"><span>True<\/span><\/label><\/div><div class=\"watupro-question-choice  \" dir=\"auto\"><input type=\"radio\" name=\"answer-25[]\" id=\"answer-id-69\" class=\"answer   answerof-25 \" value=\"69\"><label for=\"answer-id-69\" id=\"answer-label-69\" class=\" answer\"><span>False<\/span><\/label><\/div><!-- end question-choices--><\/div><!-- end questionWrap--><\/div><\/div><div style=\"display:none\" id=\"question-11\">\n\t<div class=\"question-content\">\n\t\t<img loading=\"lazy\" decoding=\"async\" src=\"https:\/\/sisu.ut.ee\/wp-content\/plugins\/watupro\/img\/loading.gif\" width=\"16\" height=\"16\" alt=\"Loading...\" title=\"Loading...\">\u00a0Loading...\t<\/div>\n<\/div>\n\n<br>\n\t\n\t\t\t<div class=\"watupro_buttons flex \" id=\"watuPROButtons4\">\n\t\t  <div id=\"prev-question\" style=\"display:none;\"><input type=\"button\" value=\"&lt; Previous\" onclick=\"WatuPRO.nextQuestion(event, 'previous');\"><\/div>\t\t  \t\t  \t\t   \n\t\t   \t  \t\t<div><input type=\"button\" name=\"action\" class=\"watupro-submit-button\" onclick=\"WatuPRO.submitResult(event)\" id=\"action-button\" value=\"Vaata tulemust\">\n\t\t<\/div>\n\t\t<\/div>\n\t\t\n\t<input type=\"hidden\" name=\"quiz_id\" value=\"4\" id=\"watuPROExamID\">\n\t<input type=\"hidden\" name=\"start_time\" id=\"startTime\" value=\"2026-04-14 14:58:08\">\n\t<input type=\"hidden\" name=\"start_timestamp\" id=\"startTimeStamp\" value=\"1776178688\">\n\t<input type=\"hidden\" name=\"question_ids\" value=\"\">\n\t<input type=\"hidden\" name=\"watupro_questions\" value=\"24:66,67 | 17:52,53 | 21:60,61 | 18:54,55 | 26:70,71 | 23:64,65 | 20:58,59 | 19:56,57 | 22:62,63 | 25:68,69\">\n\t<input type=\"hidden\" name=\"no_ajax\" value=\"0\">\t\t\t<\/form>\n\t<p>\u00a0<\/p>\n<\/div>\n\n<script type=\"text\/javascript\">\n\/\/jQuery(document).ready(function(){\ndocument.addEventListener(\"DOMContentLoaded\", function(event) { \t\nvar question_ids = \"24,17,21,18,26,23,20,19,22,25\";\nWatuPROSettings[4] = {};\nWatuPRO.qArr = question_ids.split(',');\nWatuPRO.exam_id = 4;\t    \nWatuPRO.post_id = 307;\nWatuPRO.store_progress = 0;\nWatuPRO.curCatPage = 1;\nWatuPRO.requiredIDs=\"0,24,17,21,18,26,23,20,19,22,25\".split(\",\");\nWatuPRO.hAppID = \"0.12029900 1776167888\";\nvar url = \"https:\/\/sisu.ut.ee\/wp-content\/plugins\/watupro\/show_exam.php\";\nWatuPRO.examMode = 1;\nWatuPRO.siteURL=\"https:\/\/sisu.ut.ee\/teadustoo_alused\/wp-admin\/admin-ajax.php\";\nWatuPRO.emailIsNotRequired = 0;\nWatuPRO.perDecade = 10;\nWatuPROIntel.init(4);\nWatuPRO.inCategoryPages=1;});    \t \n<\/script>\n\n","protected":false},"excerpt":{"rendered":"","protected":false},"author":76,"featured_media":0,"parent":0,"menu_order":0,"comment_status":"closed","ping_status":"closed","template":"","meta":{"_acf_changed":false,"inline_featured_image":false,"footnotes":""},"class_list":["post-307","page","type-page","status-publish","hentry"],"acf":[],"_links":{"self":[{"href":"https:\/\/sisu.ut.ee\/teadustoo_alused\/wp-json\/wp\/v2\/pages\/307","targetHints":{"allow":["GET"]}}],"collection":[{"href":"https:\/\/sisu.ut.ee\/teadustoo_alused\/wp-json\/wp\/v2\/pages"}],"about":[{"href":"https:\/\/sisu.ut.ee\/teadustoo_alused\/wp-json\/wp\/v2\/types\/page"}],"author":[{"embeddable":true,"href":"https:\/\/sisu.ut.ee\/teadustoo_alused\/wp-json\/wp\/v2\/users\/76"}],"replies":[{"embeddable":true,"href":"https:\/\/sisu.ut.ee\/teadustoo_alused\/wp-json\/wp\/v2\/comments?post=307"}],"version-history":[{"count":0,"href":"https:\/\/sisu.ut.ee\/teadustoo_alused\/wp-json\/wp\/v2\/pages\/307\/revisions"}],"wp:attachment":[{"href":"https:\/\/sisu.ut.ee\/teadustoo_alused\/wp-json\/wp\/v2\/media?parent=307"}],"curies":[{"name":"wp","href":"https:\/\/api.w.org\/{rel}","templated":true}]}}