{"id":27,"date":"2024-04-04T04:32:44","date_gmt":"2024-04-04T01:32:44","guid":{"rendered":"https:\/\/sisu.ut.ee\/teadustoo_alused\/plagiaat-ehk-loomevargus\/"},"modified":"2024-04-04T04:33:11","modified_gmt":"2024-04-04T01:33:11","slug":"plagiaat-ehk-loomevargus","status":"publish","type":"page","link":"https:\/\/sisu.ut.ee\/teadustoo_alused\/plagiaat-ehk-loomevargus\/","title":{"rendered":"Plagiaat ehk loomevargus"},"content":{"rendered":"<p>M\u00f5iste \u201eplagiaat\u201c on tuletatud ladinakeelsest s\u00f5nast \u201e<em>plagiarius<\/em>\u201d, mis t\u00e4hendab last vangistavat \u201einimr\u00f6\u00f6vijat\u201c (Aronson, 2007). T\u00e4nap\u00e4eval on plagiaadi t\u00e4hendusvarjundid ja s\u00f5nakasutus muutunud ning <strong>plagiaadiks ehk loomevarguseks peetakse v\u00f5\u00f5raste teoste (sh ideede) v\u00f5i ka nende osade avaldamist enda omadena v\u00f5i nende ulatuslikku kasutamist originaalallikale viitamata.<\/strong><\/p>\n<p>Plagiaati peetakse \u00fcheks t\u00f5sisemaks teadust\u00f6\u00f6 eetika rikkumiseks mitmel p\u00f5hjusel. Esiteks on see originaalautorilt varastamine, kuna plagieerimise tulemusel j\u00e4\u00e4b originaalautori poolt loodu ilma \u00f5igustatud ja v\u00e4lja teenitud tunnustuseta. Teiseks on plagiaat ka lugeja petmine, kuna talle esitatakse varastatud informatsiooni.<\/p>\n<p>Tartu \u00dclikoolis p\u00f6\u00f6ratakse plagiaadi esinemisele \u00fcli\u00f5pilast\u00f6\u00f6des j\u00e4rjest rohkem t\u00e4helepanu ning selle tuvastamise korral kuuluvad k\u00f5ik juhtumid menetlemisele ning eksinuid karistatakse. T\u00e4psemalt saad lugeda selle kohta T\u00dc \u00f5ppekorralduseeskirjast, lisaks on kehtestatud sotsiaalteaduste valdkonnas akadeemilise petturluse juhtumite menetlemise kord, mis n\u00e4eb ette tegevusjuhised plagiaadi avastamise korral.<\/p>\n","protected":false},"excerpt":{"rendered":"<p>M\u00f5iste \u201eplagiaat\u201c on tuletatud ladinakeelsest s\u00f5nast \u201eplagiarius\u201d, mis t\u00e4hendab last vangistavat \u201einimr\u00f6\u00f6vijat\u201c (Aronson, 2007). T\u00e4nap\u00e4eval on plagiaadi t\u00e4hendusvarjundid ja s\u00f5nakasutus muutunud ning plagiaadiks ehk loomevarguseks peetakse v\u00f5\u00f5raste teoste (sh ideede) v\u00f5i ka nende osade avaldamist enda omadena v\u00f5i nende ulatuslikku &#8230;<\/p>\n","protected":false},"author":3,"featured_media":0,"parent":0,"menu_order":0,"comment_status":"closed","ping_status":"closed","template":"","meta":{"_acf_changed":false,"inline_featured_image":false,"footnotes":""},"class_list":["post-27","page","type-page","status-publish","hentry"],"acf":[],"_links":{"self":[{"href":"https:\/\/sisu.ut.ee\/teadustoo_alused\/wp-json\/wp\/v2\/pages\/27","targetHints":{"allow":["GET"]}}],"collection":[{"href":"https:\/\/sisu.ut.ee\/teadustoo_alused\/wp-json\/wp\/v2\/pages"}],"about":[{"href":"https:\/\/sisu.ut.ee\/teadustoo_alused\/wp-json\/wp\/v2\/types\/page"}],"author":[{"embeddable":true,"href":"https:\/\/sisu.ut.ee\/teadustoo_alused\/wp-json\/wp\/v2\/users\/3"}],"replies":[{"embeddable":true,"href":"https:\/\/sisu.ut.ee\/teadustoo_alused\/wp-json\/wp\/v2\/comments?post=27"}],"version-history":[{"count":1,"href":"https:\/\/sisu.ut.ee\/teadustoo_alused\/wp-json\/wp\/v2\/pages\/27\/revisions"}],"predecessor-version":[{"id":240,"href":"https:\/\/sisu.ut.ee\/teadustoo_alused\/wp-json\/wp\/v2\/pages\/27\/revisions\/240"}],"wp:attachment":[{"href":"https:\/\/sisu.ut.ee\/teadustoo_alused\/wp-json\/wp\/v2\/media?parent=27"}],"curies":[{"name":"wp","href":"https:\/\/api.w.org\/{rel}","templated":true}]}}