{"id":25,"date":"2024-04-04T04:32:44","date_gmt":"2024-04-04T01:32:44","guid":{"rendered":"https:\/\/sisu.ut.ee\/teadustoo_alused\/lisamaterjalid-teemal-akadeemiline-petturlus\/"},"modified":"2024-04-04T04:33:11","modified_gmt":"2024-04-04T01:33:11","slug":"lisamaterjalid-teemal-akadeemiline-petturlus","status":"publish","type":"page","link":"https:\/\/sisu.ut.ee\/teadustoo_alused\/lisamaterjalid-teemal-akadeemiline-petturlus\/","title":{"rendered":"Lisamaterjalid teemal Akadeemiline petturlus"},"content":{"rendered":"<p><a href=\"\/wp-content\/uploads\/sites\/290\/kehtib_alates_03_09_2018_oppekorralduseeskiri.pdf\" target=\"_blank\" rel=\"noopener\"><span class=\"instancename\">Lugemismaterjal: \u00d5ppekorralduseeskiri (2018, lk 24)\u00a0<\/span><\/a><span class=\"instancename\"><br><\/span><\/p>\n<p><a href=\"https:\/\/sotsiaalteadused.ut.ee\/sites\/default\/files\/sh\/akadeemilise_petturluse_juhtumite_menetlemise_kord_sv.pdf\" target=\"_blank\" rel=\"noopener\">Lugemismaterjal: Akadeemilise petturluse juhtumite menetlemise kord Sotsiaalteaduste valdkonnas (2016)\u00a0<\/a><\/p>\n<p><a href=\"https:\/\/kratt.edu.ee\/2017-10-05%20-%20Plagiaadituvastuse%20kasutusjuhend.pdf\" target=\"_blank\" rel=\"noopener\">Lugemismaterjal: Plagiaadituvastuss\u00fcsteemi KRATT kasutusjuhend (2017)<\/a><\/p>\n<p><a href=\"https:\/\/www.ajakiri.ut.ee\/artikkel\/1828\" target=\"_blank\" rel=\"noopener\">Lugemismaterjal: Akadeemiline petturlus valmistab muret (S\u00e4de, 2016)\u00a0<\/a><\/p>\n<p><a href=\"http:\/\/dspace.ut.ee\/bitstream\/handle\/10062\/59271\/tasa_tiina_ma.pdf?sequence=1&amp;isAllowed=y\" target=\"_blank\" rel=\"noopener\">Lugemismaterjal: Tartu \u00dclikooli \u00f5ppej\u00f5udude ja \u00fcli\u00f5pilaste arvamused plagiaadist ning plagiaadituvastuss\u00fcsteemidest (Tasa, 2018)<\/a><\/p>\n<div id=\"yui_3_17_2_1_1531143976459_2365\">\n<div id=\"yui_3_17_2_1_1531143976459_2364\" class=\"activityinstance\"><a href=\"https:\/\/www.ksk.edu.ee\/wp-content\/uploads\/2017\/08\/%C3%95petajakoolituse-%C3%BCli%C3%B5pilaste-arusaamad-akadeemilisest-petturlusest-selle-p%C3%B5hjustest-ja-v%C3%A4hendamise-v%C3%B5imalustest.pdf\" target=\"_blank\" rel=\"noopener\">Lugemismaterjal: \u00d5petajakoolituse \u00fcli\u00f5pilaste arusaamad akadeemilisest petturlusest, selle p\u00f5hjustest ja v\u00e4hendamise v\u00f5imalustest (Raudm\u00e4e, Remmik, Lepp, &amp; Roos, 2017)<\/a><\/div>\n<\/div>\n","protected":false},"excerpt":{"rendered":"<p>Lugemismaterjal: \u00d5ppekorralduseeskiri (2018, lk 24)\u00a0 Lugemismaterjal: Akadeemilise petturluse juhtumite menetlemise kord Sotsiaalteaduste valdkonnas (2016)\u00a0 Lugemismaterjal: Plagiaadituvastuss\u00fcsteemi KRATT kasutusjuhend (2017) Lugemismaterjal: Akadeemiline petturlus valmistab muret (S\u00e4de, 2016)\u00a0 Lugemismaterjal: Tartu \u00dclikooli \u00f5ppej\u00f5udude ja \u00fcli\u00f5pilaste arvamused plagiaadist ning plagiaadituvastuss\u00fcsteemidest (Tasa, 2018) Lugemismaterjal: \u00d5petajakoolituse &#8230;<\/p>\n","protected":false},"author":3,"featured_media":0,"parent":0,"menu_order":0,"comment_status":"closed","ping_status":"closed","template":"","meta":{"_acf_changed":false,"inline_featured_image":false,"footnotes":""},"class_list":["post-25","page","type-page","status-publish","hentry"],"acf":[],"_links":{"self":[{"href":"https:\/\/sisu.ut.ee\/teadustoo_alused\/wp-json\/wp\/v2\/pages\/25","targetHints":{"allow":["GET"]}}],"collection":[{"href":"https:\/\/sisu.ut.ee\/teadustoo_alused\/wp-json\/wp\/v2\/pages"}],"about":[{"href":"https:\/\/sisu.ut.ee\/teadustoo_alused\/wp-json\/wp\/v2\/types\/page"}],"author":[{"embeddable":true,"href":"https:\/\/sisu.ut.ee\/teadustoo_alused\/wp-json\/wp\/v2\/users\/3"}],"replies":[{"embeddable":true,"href":"https:\/\/sisu.ut.ee\/teadustoo_alused\/wp-json\/wp\/v2\/comments?post=25"}],"version-history":[{"count":1,"href":"https:\/\/sisu.ut.ee\/teadustoo_alused\/wp-json\/wp\/v2\/pages\/25\/revisions"}],"predecessor-version":[{"id":238,"href":"https:\/\/sisu.ut.ee\/teadustoo_alused\/wp-json\/wp\/v2\/pages\/25\/revisions\/238"}],"wp:attachment":[{"href":"https:\/\/sisu.ut.ee\/teadustoo_alused\/wp-json\/wp\/v2\/media?parent=25"}],"curies":[{"name":"wp","href":"https:\/\/api.w.org\/{rel}","templated":true}]}}