{"id":24,"date":"2024-04-04T04:32:44","date_gmt":"2024-04-04T01:32:44","guid":{"rendered":"https:\/\/sisu.ut.ee\/teadustoo_alused\/akadeemilise-petturluse-tagajarjed-ja-juhtumite-menetlemise-kord\/"},"modified":"2024-04-04T04:33:11","modified_gmt":"2024-04-04T01:33:11","slug":"akadeemilise-petturluse-tagajarjed-ja-juhtumite-menetlemise-kord","status":"publish","type":"page","link":"https:\/\/sisu.ut.ee\/teadustoo_alused\/akadeemilise-petturluse-tagajarjed-ja-juhtumite-menetlemise-kord\/","title":{"rendered":"Akadeemilise petturluse tagaj\u00e4rjed ja juhtumite menetlemise kord"},"content":{"rendered":"<p>Akadeemiline petturlus ei ole Tartu \u00dclikoolis aktsepteeritav ja seega on akadeemilise petturluse toimepanemine karistatav. Tartu \u00dclikooli \u00d5ppekorralduseeskiri (2017, lk 24) paragrahv 205 kohaselt on juhul, kui \u00fcli\u00f5pilane on toime pannud akadeemilise petturluse v\u00f5i muul viisil v\u00e4\u00e4ritult k\u00e4itunud, \u00f5ppeprodekaanil kohustus:<\/p>\n<p style=\"padding-left: 30px\">205.1. teha \u00fcli\u00f5pilasele noomitus v\u00f5i<\/p>\n<p style=\"padding-left: 30px\">205.2. teha \u00f5ppeprorektorile esildis \u00fcli\u00f5pilase eksmatrikuleerimiseks.<\/p>\n<p>J\u00e4rgnev, n\u00e4idetega illustreeritud video selgitab akadeemilise petturluse tagaj\u00e4rgi ja tutvustab akadeemilise petturluse juhtumite menetlemise korda.\u00a0<\/p>\n<p><\/p><div class=\"ratio ratio-16x9 mb-3\"><div class=\"video-placeholder-wrapper video-placeholder-wrapper--16x9\">\n\t\t\t    <div class=\"video-placeholder d-flex justify-content-center align-items-center\">\n\t\t\t        <div class=\"overlay text-white p-2 w-100 text-center d-block justify-content-center align-items-center\">\n\t\t\t            <div>Kolmandate osapoolte sisu n\u00e4gemiseks palun n\u00f5ustu k\u00fcpsistega.<\/div>\n\t\t\t            <button class=\"btn btn-secondary btn-sm mt-1 consent-change\">Muuda n\u00f5usolekut<\/button>\n\t\t\t        <\/div>\n\t\t\t    <\/div>\n\t\t\t<\/div>\n<\/div>\n<div class=\"os-think\"><img loading=\"lazy\" decoding=\"async\" width=\"227\" height=\"221\" class=\"alignnone wp-image-87\" src=\"https:\/\/sisu.ut.ee\/wp-content\/uploads\/sites\/290\/motlemisulesanne-01-03.png\" title=\"motlemisulesanne-01-03.png\" alt=\"motlemisulesanne-01-03.png\"><strong>M\u00f5tlemis\u00fclesanne<\/strong><\/div>\n<div><div class=\"accordion mb-3\">\n        <div class=\"accordion-item accordion-item--white\">\n        <h2 class=\"accordion-header\" id=\"accordion-69de2e29a9b6c-heading\">\n            <button class=\"accordion-button collapsed\" type=\"button\" data-bs-toggle=\"collapse\" data-bs-target=\"#accordion-69de2e29a9b6c-collapse\" aria-expanded=\"true\" aria-controls=\"accordion-69de2e29a9b6c-collapse\">Mida saate teha selleks, et Tartu \u00dclikoolis v\u00e4heneks akadeemilise petturluse juhtumite esinemine?<\/button>\n        <\/h2>\n        <div id=\"accordion-69de2e29a9b6c-collapse\" class=\"accordion-collapse collapse\" aria-labelledby=\"accordion-69de2e29a9b6c-heading\">\n            <div class=\"accordion-body\"><\/div>\n        <\/div>\n        <\/div>\n    <\/div><\/div>\n","protected":false},"excerpt":{"rendered":"<p>Akadeemiline petturlus ei ole Tartu \u00dclikoolis aktsepteeritav ja seega on akadeemilise petturluse toimepanemine karistatav. Tartu \u00dclikooli \u00d5ppekorralduseeskiri (2017, lk 24) paragrahv 205 kohaselt on juhul, kui \u00fcli\u00f5pilane on toime pannud akadeemilise petturluse v\u00f5i muul viisil v\u00e4\u00e4ritult k\u00e4itunud, \u00f5ppeprodekaanil kohustus: 205.1. &#8230;<\/p>\n","protected":false},"author":3,"featured_media":0,"parent":0,"menu_order":0,"comment_status":"closed","ping_status":"closed","template":"","meta":{"_acf_changed":false,"inline_featured_image":false,"footnotes":""},"class_list":["post-24","page","type-page","status-publish","hentry"],"acf":[],"_links":{"self":[{"href":"https:\/\/sisu.ut.ee\/teadustoo_alused\/wp-json\/wp\/v2\/pages\/24","targetHints":{"allow":["GET"]}}],"collection":[{"href":"https:\/\/sisu.ut.ee\/teadustoo_alused\/wp-json\/wp\/v2\/pages"}],"about":[{"href":"https:\/\/sisu.ut.ee\/teadustoo_alused\/wp-json\/wp\/v2\/types\/page"}],"author":[{"embeddable":true,"href":"https:\/\/sisu.ut.ee\/teadustoo_alused\/wp-json\/wp\/v2\/users\/3"}],"replies":[{"embeddable":true,"href":"https:\/\/sisu.ut.ee\/teadustoo_alused\/wp-json\/wp\/v2\/comments?post=24"}],"version-history":[{"count":1,"href":"https:\/\/sisu.ut.ee\/teadustoo_alused\/wp-json\/wp\/v2\/pages\/24\/revisions"}],"predecessor-version":[{"id":237,"href":"https:\/\/sisu.ut.ee\/teadustoo_alused\/wp-json\/wp\/v2\/pages\/24\/revisions\/237"}],"wp:attachment":[{"href":"https:\/\/sisu.ut.ee\/teadustoo_alused\/wp-json\/wp\/v2\/media?parent=24"}],"curies":[{"name":"wp","href":"https:\/\/api.w.org\/{rel}","templated":true}]}}