{"id":23,"date":"2024-04-04T04:32:44","date_gmt":"2024-04-04T01:32:44","guid":{"rendered":"https:\/\/sisu.ut.ee\/teadustoo_alused\/akadeemilise-petturluse-olemus-0\/"},"modified":"2024-04-04T04:33:11","modified_gmt":"2024-04-04T01:33:11","slug":"akadeemilise-petturluse-olemus-0","status":"publish","type":"page","link":"https:\/\/sisu.ut.ee\/teadustoo_alused\/akadeemilise-petturluse-olemus-0\/","title":{"rendered":"Akadeemilise petturluse olemus"},"content":{"rendered":"<p>Akadeemilise petturluse sisu on s\u00f5nastatud Tartu \u00dclikooli \u00d5ppekorralduseeskirjas (2017, lk 24) osas IX.10 paragrahvis 203, mille kohaselt on akadeemiline petturlus:<\/p>\n<div style=\"padding-left: 30px\" class=\"O1\">\n<ul>\n<li>203.1. \u00f5piv\u00e4ljundite hindamisel selliste materjalide kasutamine, mida \u00f5ppej\u00f5ud ei ole s\u00f5naselgelt lubanud kasutada;<\/li>\n<li>203.2. teadmiste lubamatu vahetamine (nt ette\u00fctlemine, mahakirjutamine jms) \u00fcli\u00f5pilaste vahel, kelle \u00f5piv\u00e4ljundeid hinnatakse;<\/li>\n<li>203.3. teise \u00fcli\u00f5pilase eest \u00f5piv\u00e4ljundite hindamisel osalemine;<\/li>\n<li>203.4. kellegi teise kirjaliku t\u00f6\u00f6 esitamine oma nime all v\u00f5i selle osade kasutamine n\u00f5uetekohase akadeemilise viitamiseta;<\/li>\n<li>203.5. iseenda t\u00f6\u00f6 uuesti esitamine samas v\u00f5i teises \u00f5ppeaines, v.a juhul kui \u00f5ppej\u00f5ud on seda lubanud.<\/li>\n<\/ul>\n<\/div>\n<div style=\"padding-left: 30px\" class=\"O1\"><\/div>\n<div style=\"padding-left: 30px\" class=\"O1\"><\/div>\n<div class=\"O1\">J\u00e4rgnev, n\u00e4idetega illustreeritud video annab \u00fclevaate akadeemilise petturluse olemusest ja esitab soovitused, kuidas akadeemilist petturlust v\u00e4ltida.<\/div>\n<div class=\"O1\"><\/div>\n<div class=\"O1\"><div class=\"ratio ratio-16x9 mb-3\"><div class=\"video-placeholder-wrapper video-placeholder-wrapper--16x9\">\n\t\t\t    <div class=\"video-placeholder d-flex justify-content-center align-items-center\">\n\t\t\t        <div class=\"overlay text-white p-2 w-100 text-center d-block justify-content-center align-items-center\">\n\t\t\t            <div>Kolmandate osapoolte sisu n\u00e4gemiseks palun n\u00f5ustu k\u00fcpsistega.<\/div>\n\t\t\t            <button class=\"btn btn-secondary btn-sm mt-1 consent-change\">Muuda n\u00f5usolekut<\/button>\n\t\t\t        <\/div>\n\t\t\t    <\/div>\n\t\t\t<\/div>\n<\/div><\/div>\n<div class=\"os-think\"><img loading=\"lazy\" decoding=\"async\" width=\"227\" height=\"221\" class=\"alignnone wp-image-87\" src=\"https:\/\/sisu.ut.ee\/wp-content\/uploads\/sites\/290\/motlemisulesanne-01-03.png\" title=\"motlemisulesanne-01-03.png\" alt=\"motlemisulesanne-01-03.png\"><strong>M\u00f5tlemis\u00fclesanne<\/strong><\/div>\n<p><\/p><div class=\"accordion mb-3\">\n        <div class=\"accordion-item accordion-item--white\">\n        <h2 class=\"accordion-header\" id=\"accordion-69e11fb94eaab-heading\">\n            <button class=\"accordion-button collapsed\" type=\"button\" data-bs-toggle=\"collapse\" data-bs-target=\"#accordion-69e11fb94eaab-collapse\" aria-expanded=\"true\" aria-controls=\"accordion-69e11fb94eaab-collapse\"> Missuguseid akadeemilise petturluse juhtumeid olete varasemate \u00f5pingute jooksul kogenud? Mida saate teha selleks, et Teie \u00f5pinguteaeg kulgeks akadeemilise petturluseta? <\/button>\n        <\/h2>\n        <div id=\"accordion-69e11fb94eaab-collapse\" class=\"accordion-collapse collapse\" aria-labelledby=\"accordion-69e11fb94eaab-heading\">\n            <div class=\"accordion-body\"><\/div>\n        <\/div>\n        <\/div>\n    <\/div>\n","protected":false},"excerpt":{"rendered":"<p>Akadeemilise petturluse sisu on s\u00f5nastatud Tartu \u00dclikooli \u00d5ppekorralduseeskirjas (2017, lk 24) osas IX.10 paragrahvis 203, mille kohaselt on akadeemiline petturlus: 203.1. \u00f5piv\u00e4ljundite hindamisel selliste materjalide kasutamine, mida \u00f5ppej\u00f5ud ei ole s\u00f5naselgelt lubanud kasutada; 203.2. teadmiste lubamatu vahetamine (nt ette\u00fctlemine, mahakirjutamine &#8230;<\/p>\n","protected":false},"author":3,"featured_media":0,"parent":0,"menu_order":0,"comment_status":"closed","ping_status":"closed","template":"","meta":{"_acf_changed":false,"inline_featured_image":false,"footnotes":""},"class_list":["post-23","page","type-page","status-publish","hentry"],"acf":[],"_links":{"self":[{"href":"https:\/\/sisu.ut.ee\/teadustoo_alused\/wp-json\/wp\/v2\/pages\/23","targetHints":{"allow":["GET"]}}],"collection":[{"href":"https:\/\/sisu.ut.ee\/teadustoo_alused\/wp-json\/wp\/v2\/pages"}],"about":[{"href":"https:\/\/sisu.ut.ee\/teadustoo_alused\/wp-json\/wp\/v2\/types\/page"}],"author":[{"embeddable":true,"href":"https:\/\/sisu.ut.ee\/teadustoo_alused\/wp-json\/wp\/v2\/users\/3"}],"replies":[{"embeddable":true,"href":"https:\/\/sisu.ut.ee\/teadustoo_alused\/wp-json\/wp\/v2\/comments?post=23"}],"version-history":[{"count":1,"href":"https:\/\/sisu.ut.ee\/teadustoo_alused\/wp-json\/wp\/v2\/pages\/23\/revisions"}],"predecessor-version":[{"id":236,"href":"https:\/\/sisu.ut.ee\/teadustoo_alused\/wp-json\/wp\/v2\/pages\/23\/revisions\/236"}],"wp:attachment":[{"href":"https:\/\/sisu.ut.ee\/teadustoo_alused\/wp-json\/wp\/v2\/media?parent=23"}],"curies":[{"name":"wp","href":"https:\/\/api.w.org\/{rel}","templated":true}]}}