{"id":22,"date":"2024-04-04T04:32:44","date_gmt":"2024-04-04T01:32:44","guid":{"rendered":"https:\/\/sisu.ut.ee\/teadustoo_alused\/eesti-andmebaasid-0\/"},"modified":"2024-04-04T04:33:11","modified_gmt":"2024-04-04T01:33:11","slug":"eesti-andmebaasid-0","status":"publish","type":"page","link":"https:\/\/sisu.ut.ee\/teadustoo_alused\/eesti-andmebaasid-0\/","title":{"rendered":"Eesti andmebaasid"},"content":{"rendered":"<p><span>Siin tutvute Eesti andmebaasidega ja nende otsinguv\u00f5imalustega. Saate teada, kuidas teha teemaotsingut\u00a0e-kataloogis ESTER ja Eesti artiklite andmebaasis ISE, mis vahe on m\u00e4rks\u00f5naotsingul ja s\u00f5naotsingul ning millal kasutada liitotsingut.\u00a0Tutvute ka uue artiklite portaaliga DIGAR Eesti artiklid\u00a0 ja Tartu \u00dclikooli digitaalarhiiviga DSpace\u2019is.\u00a0<\/span><\/p>\n","protected":false},"excerpt":{"rendered":"<p>Siin tutvute Eesti andmebaasidega ja nende otsinguv\u00f5imalustega. Saate teada, kuidas teha teemaotsingut\u00a0e-kataloogis ESTER ja Eesti artiklite andmebaasis ISE, mis vahe on m\u00e4rks\u00f5naotsingul ja s\u00f5naotsingul ning millal kasutada liitotsingut.\u00a0Tutvute ka uue artiklite portaaliga DIGAR Eesti artiklid\u00a0 ja Tartu \u00dclikooli digitaalarhiiviga DSpace\u2019is.\u00a0<\/p>\n","protected":false},"author":3,"featured_media":0,"parent":0,"menu_order":0,"comment_status":"closed","ping_status":"closed","template":"","meta":{"_acf_changed":false,"inline_featured_image":false,"footnotes":""},"class_list":["post-22","page","type-page","status-publish","hentry"],"acf":[],"_links":{"self":[{"href":"https:\/\/sisu.ut.ee\/teadustoo_alused\/wp-json\/wp\/v2\/pages\/22","targetHints":{"allow":["GET"]}}],"collection":[{"href":"https:\/\/sisu.ut.ee\/teadustoo_alused\/wp-json\/wp\/v2\/pages"}],"about":[{"href":"https:\/\/sisu.ut.ee\/teadustoo_alused\/wp-json\/wp\/v2\/types\/page"}],"author":[{"embeddable":true,"href":"https:\/\/sisu.ut.ee\/teadustoo_alused\/wp-json\/wp\/v2\/users\/3"}],"replies":[{"embeddable":true,"href":"https:\/\/sisu.ut.ee\/teadustoo_alused\/wp-json\/wp\/v2\/comments?post=22"}],"version-history":[{"count":1,"href":"https:\/\/sisu.ut.ee\/teadustoo_alused\/wp-json\/wp\/v2\/pages\/22\/revisions"}],"predecessor-version":[{"id":235,"href":"https:\/\/sisu.ut.ee\/teadustoo_alused\/wp-json\/wp\/v2\/pages\/22\/revisions\/235"}],"wp:attachment":[{"href":"https:\/\/sisu.ut.ee\/teadustoo_alused\/wp-json\/wp\/v2\/media?parent=22"}],"curies":[{"name":"wp","href":"https:\/\/api.w.org\/{rel}","templated":true}]}}