{"id":21,"date":"2024-04-04T04:32:43","date_gmt":"2024-04-04T01:32:43","guid":{"rendered":"https:\/\/sisu.ut.ee\/teadustoo_alused\/digar-eesti-artiklid\/"},"modified":"2024-04-04T04:33:12","modified_gmt":"2024-04-04T01:33:12","slug":"digar-eesti-artiklid","status":"publish","type":"page","link":"https:\/\/sisu.ut.ee\/teadustoo_alused\/digar-eesti-artiklid\/","title":{"rendered":"DIGAR Eesti artiklid"},"content":{"rendered":"<p>DIGAR Eesti artiklid (<a href=\"http:\/\/dea.digar.ee\/\" target=\"_blank\" rel=\"noopener\">http:\/\/dea.digar.ee<\/a>)\u00a0on uus Eesti artiklite portaal, mille eesm\u00e4rgiks on koondada k\u00f5ik Eesti ajalehed, ajakirjad jt perioodilised v\u00e4ljaanded \u00fchte kohta ja pakkuda juurdep\u00e4\u00e4su nende sisule. Siit leiab\u00a0<\/p>\n<ul>\n<li>enamuse Eestis 2014. aastast ilmunud ajalehtedest<\/li>\n<li>vanu ajalehti aastatest 1821\u20131944 (\u00fcle kantud andmebaasist Digiteeritud Eesti ajalehed\u00a0<a href=\"http:\/\/dea.nlib.ee\/\" target=\"_blank\" rel=\"noopener\">http:\/\/dea.nlib.ee\/<\/a>)<\/li>\n<li>osaliselt ajalehti aastatest 1945\u20132013, nimetusi lisatakse aja jooksul\u00a0<\/li>\n<li>2017. aastast ilmunud ajakirjad ja perioodilised v\u00e4ljaanded.\u00a0<\/li>\n<\/ul>\n<p>\u00a0Vanemaid ajakirju (enne 2017. a \u00a0ilmunud) vaadake\u00a0digitaalarhiivis DIGAR, vt ka \u00f5ppematerjalide j\u00e4rgmine peat\u00fckk.\u00a0<\/p>\n<h2>Otsing<\/h2>\n<p>Otsing andmebaasis DIGARi Eesti artiklid erineb ESTERi ja ISE otsingust, kuna siin saab otsida kogu tekstist. Otsingus\u00f5nu v\u00f5ib vabamalt valida, kuid heade tulemuste saamiseks peavad need olema sisult t\u00e4psed.\u00a0Artiklite leidmiseks tuleb sisestada otsitav(ad) s\u00f5na(d) otsingukasti. Vaikimisi otsitakse kogu tekstist. Alates 2014. aastast lisatud v\u00e4ljaannete puhul toimib ka otsing rippmen\u00fc\u00fcst valitud artikli pealkirja v\u00f5i autori j\u00e4rgi, kuid vanemate ajalehtede puhul tuleb praegu teha k\u00f5ik otsingud t\u00e4istekstist. \u00a0<\/p>\n<p>Otsingul saab kasutada jutum\u00e4rke t\u00e4pse fraasi otsimiseks, loogikaoperaatoreid otsingu t\u00e4psustamiseks ning t\u00e4rni otsingus\u00f5na katkestamiseks. Vt ka videot peat\u00fckis\u00a0<em><a href=\"https:\/\/sisu.ut.ee\/infootsitugi\/2-sustemaatiline-infootsing\">S\u00fcstemaatiline infootsing<\/a>.<\/em>\u00a0<\/p>\n<p>Otsingukasti paremas servas saab valida\u00a0detailse otsingu,\u00a0kus saab otsingut t\u00e4psustada v\u00e4ljaande nimetus(t)ega, ilmumisajaga ja keelega.\u00a0 \u00a0<\/p>\n<p>Otsingutulemuste\u00a0lehel vasakul saab tulemusi piirata v\u00e4ljaannete, autorite, keele, t\u00e4psemate aastate, teema jm tunnuste j\u00e4rgi. \u00a0Vaikimisi on tulemused j\u00e4rjestatud\u00a0<a id=\"jpopup-861\" class=\"jpopup_dialog\" title=\"relevantsuse\"><\/a>relevantsuse\u00a0\u00a0j\u00e4rgi, seda saab muuta, kl\u00f5psates tulemuste lehel \u00fcleval vasakul mustas kastis oleval noolekesel.\u00a0<\/p>\n<p>Juurdep\u00e4\u00e4s t\u00e4istekstidele\u00a0v\u00f5ib olla\u00a0igal v\u00e4ljaandel erinev.\u00a0Kui kl\u00f5psate andmebaasi \u00fcleval ribal\u00a0V\u00c4LJAANDED\u00a0ja edasi v\u00e4ljaannete loetelus pealkirjal, avaneb t\u00e4psem info t\u00e4istekstide k\u00e4ttesaadavuse ning kasutus\u00f5iguste kohta.<\/p>\n<p>Vanad ajalehed on sisse skaneeritud tekstituvastusega. Kuna gooti kirja ning tuhmunud teksti pole masinad alati v\u00e4lja lugenud, esineb tulemustes palju \u00a0valesti v\u00e4lja loetud s\u00f5nu.\u00a0<\/p>\n<p><em>Andmebaas n\u00e4itab k\u00f5rvuti artikli pilti ja automaatselt tuvastatud teksti<\/em>.<\/p>\n<blockquote>\n<p>Huvi korral lugege andmebaasi kasutusjuhendit avalehel ABI nupu all ja vaadake RR koolitust\u00a0<em><a href=\"https:\/\/www.youtube.com\/watch?v=D05ZIAIWVjU&amp;t=20s\" target=\"_blank\" rel=\"noopener\">DIGARi Eesti ajalehed: Kuidas otsida artikleid ja mida nendega teha?<\/a><\/em>\u00a0v\u00f5i pikemat veebiseminari\u00a0<em><a href=\"https:\/\/www.youtube.com\/watch?v=nupMRepYxq8&amp;t=68s\" target=\"_blank\" rel=\"noopener\">Portaal DIGARi Eesti ajalehed<\/a><\/em><\/p>\n\n<\/blockquote>\n<p>Vanade ajalehtede\u00a0(ilmunud 1944. aastani) artikleid on mugav otsida\u00a0Eesti ajakirjanduse anal\u00fc\u00fctilise bibliograafiaandmebaasis\u00a0<a href=\"http:\/\/galerii.kirmus.ee\/biblioserver\/\" target=\"_blank\" rel=\"noopener\">http:\/\/galerii.kirmus.ee\/biblioserver\/<\/a>, sest seal saab teha t\u00e4psemaid otsinguid.\u00a0Peale m\u00e4rks\u00f5nade saab seal otsida nimede, kohanimede, asutuste ja isikunimede \u00a0j\u00e4rgi. Tulemused on koos l\u00fchikese sisukokkuv\u00f5ttega. Andmebaas ei sisalda kuulutusi ja l\u00fchis\u00f5numeid. Kirje juurest viib link vanasse artiklite andmebaasi DEA Digiteeritud Eesti ajalehed\u00a0<a href=\"http:\/\/dea.nlib.ee\/\" target=\"_blank\" rel=\"noopener\">http:\/\/dea.nlib.ee\/<\/a>.\u00a0Kui soovitud artikkel on k\u00e4es, v\u00f5ib selle pealkirja sisestada uude andmebaasi DIGAR Eesti artiklid\u00a0<a href=\"http:\/\/dea.digar.ee\/\" target=\"_blank\" rel=\"noopener\">http:\/\/dea.digar.ee<\/a>, kus on siis n\u00e4ha artikli originaal ja automaatselt tuvastatud tekst.<\/p>\n<h2>Kasutatud allikad<\/h2>\n<ul>\n<li>DIGAR Eesti artiklid kasutusjuhend\u00a0<a href=\"http:\/\/dea.digar.ee\/\" target=\"_blank\" rel=\"noopener\">http:\/\/dea.digar.ee\/<\/a><\/li>\n<\/ul>\n","protected":false},"excerpt":{"rendered":"<p>DIGAR Eesti artiklid (http:\/\/dea.digar.ee)\u00a0on uus Eesti artiklite portaal, mille eesm\u00e4rgiks on koondada k\u00f5ik Eesti ajalehed, ajakirjad jt perioodilised v\u00e4ljaanded \u00fchte kohta ja pakkuda juurdep\u00e4\u00e4su nende sisule. Siit leiab\u00a0 enamuse Eestis 2014. aastast ilmunud ajalehtedest vanu ajalehti aastatest 1821\u20131944 (\u00fcle kantud &#8230;<\/p>\n","protected":false},"author":3,"featured_media":0,"parent":0,"menu_order":0,"comment_status":"closed","ping_status":"closed","template":"","meta":{"_acf_changed":false,"inline_featured_image":false,"footnotes":""},"class_list":["post-21","page","type-page","status-publish","hentry"],"acf":[],"_links":{"self":[{"href":"https:\/\/sisu.ut.ee\/teadustoo_alused\/wp-json\/wp\/v2\/pages\/21","targetHints":{"allow":["GET"]}}],"collection":[{"href":"https:\/\/sisu.ut.ee\/teadustoo_alused\/wp-json\/wp\/v2\/pages"}],"about":[{"href":"https:\/\/sisu.ut.ee\/teadustoo_alused\/wp-json\/wp\/v2\/types\/page"}],"author":[{"embeddable":true,"href":"https:\/\/sisu.ut.ee\/teadustoo_alused\/wp-json\/wp\/v2\/users\/3"}],"replies":[{"embeddable":true,"href":"https:\/\/sisu.ut.ee\/teadustoo_alused\/wp-json\/wp\/v2\/comments?post=21"}],"version-history":[{"count":1,"href":"https:\/\/sisu.ut.ee\/teadustoo_alused\/wp-json\/wp\/v2\/pages\/21\/revisions"}],"predecessor-version":[{"id":260,"href":"https:\/\/sisu.ut.ee\/teadustoo_alused\/wp-json\/wp\/v2\/pages\/21\/revisions\/260"}],"wp:attachment":[{"href":"https:\/\/sisu.ut.ee\/teadustoo_alused\/wp-json\/wp\/v2\/media?parent=21"}],"curies":[{"name":"wp","href":"https:\/\/api.w.org\/{rel}","templated":true}]}}