{"id":20,"date":"2024-04-04T04:32:43","date_gmt":"2024-04-04T01:32:43","guid":{"rendered":"https:\/\/sisu.ut.ee\/teadustoo_alused\/eesti-artiklite-andmebaas-ise\/"},"modified":"2024-04-04T04:33:12","modified_gmt":"2024-04-04T01:33:12","slug":"eesti-artiklite-andmebaas-ise","status":"publish","type":"page","link":"https:\/\/sisu.ut.ee\/teadustoo_alused\/eesti-artiklite-andmebaas-ise\/","title":{"rendered":"Eesti artiklite andmebaas ISE"},"content":{"rendered":"<p>\n\tEesti artiklite andmebaasist ISE (Index Scriptorum Estoniae,\u00a0<a href=\"http:\/\/ise.elnet.ee\/\" target=\"_blank\" rel=\"noopener\">http:\/\/ise.elnet.ee<\/a>) leiate\u00a0infot\u00a0kuni 31.12.2016 peamiselt Eestis ilmunud\u00a0ajakirjade, artiklikogumike ja j\u00e4tkv\u00e4ljaannete\u00a0artiklite kohta\u00a0ja t\u00e4isteksti k\u00e4ttesaadavuse korral ka linke t\u00e4istekstidele.\u00a0Alates 2017. aastast ilmunud ajakirjade artikleid saab otsida andmebaasist DIGAR Eesti artiklid (<a href=\"http:\/\/dea.digar.ee\/cgi-bin\/dea\" target=\"_blank\" rel=\"noopener\">http:\/\/dea.digar.ee<\/a>). ISE-sse lisatakse artikleid valikuliselt.\u00a0\n<\/p>\n<p>\n\tISE-s leidub infot ka ajalehtede artiklite kohta, kuid alates 2014. aastast on k\u00f5ik\u00a0ajalehed\u00a0leitavad andmebaasis\u00a0DIGAR Eesti artiklid (<a href=\"http:\/\/dea.digar.ee\/cgi-bin\/dea\" target=\"_blank\" rel=\"noopener\">http:\/\/dea.digar.ee<\/a>) ning sellest ajast alates ISE-sse nende kohta enam infot ei lisata.\n<\/p>\n<p>\n\tAndmebaas ISE sisaldab:\n<\/p>\n<ul>\n<li>\n\t\t\u00fcksikuid artikleid 19. sajandist;\n\t<\/li>\n<li>\n\t\t\u00f5igus- ja ajalooalaseid artikleid alates aastast 1900;\n\t<\/li>\n<li>\n\t\tenamikku ajakirja- ja kogumikuartikleid aastatest 1993\u20132016;\n\t<\/li>\n<li>\n\t\thumanitaar- ja sotsiaalteaduste alaseid ajaleheartikleid aastatest 1993\u20132013;\n\t<\/li>\n<li>\n\t\tEestit k\u00e4sitlevaid artikleid v\u00e4lismaistest v\u00e4ljaannetest, samuti Eesti autorite poolt v\u00e4lismaal avaldatud artikleid.\n\t<\/li>\n<\/ul>\n<p>\n\t\u00a0\n<\/p>\n<h2>\n\t<strong>Kasutatud allikad<\/strong><br>\n<\/h2>\n<ul>\n<li>\n\t\tAndmebaasi ISE kasutusjuhend\u00a0<a href=\"http:\/\/www.elnet.ee\/juhend\/ise\/\" target=\"_blank\" rel=\"noopener\">http:\/\/www.elnet.ee\/juhend\/ise\/<\/a>\n\t<\/li>\n<\/ul>\n","protected":false},"excerpt":{"rendered":"<p>Eesti artiklite andmebaasist ISE (Index Scriptorum Estoniae,\u00a0http:\/\/ise.elnet.ee) leiate\u00a0infot\u00a0kuni 31.12.2016 peamiselt Eestis ilmunud\u00a0ajakirjade, artiklikogumike ja j\u00e4tkv\u00e4ljaannete\u00a0artiklite kohta\u00a0ja t\u00e4isteksti k\u00e4ttesaadavuse korral ka linke t\u00e4istekstidele.\u00a0Alates 2017. aastast ilmunud ajakirjade artikleid saab otsida andmebaasist DIGAR Eesti artiklid (http:\/\/dea.digar.ee). ISE-sse lisatakse artikleid valikuliselt.\u00a0 ISE-s leidub &#8230;<\/p>\n","protected":false},"author":3,"featured_media":0,"parent":0,"menu_order":0,"comment_status":"closed","ping_status":"closed","template":"","meta":{"_acf_changed":false,"inline_featured_image":false,"footnotes":""},"class_list":["post-20","page","type-page","status-publish","hentry"],"acf":[],"_links":{"self":[{"href":"https:\/\/sisu.ut.ee\/teadustoo_alused\/wp-json\/wp\/v2\/pages\/20","targetHints":{"allow":["GET"]}}],"collection":[{"href":"https:\/\/sisu.ut.ee\/teadustoo_alused\/wp-json\/wp\/v2\/pages"}],"about":[{"href":"https:\/\/sisu.ut.ee\/teadustoo_alused\/wp-json\/wp\/v2\/types\/page"}],"author":[{"embeddable":true,"href":"https:\/\/sisu.ut.ee\/teadustoo_alused\/wp-json\/wp\/v2\/users\/3"}],"replies":[{"embeddable":true,"href":"https:\/\/sisu.ut.ee\/teadustoo_alused\/wp-json\/wp\/v2\/comments?post=20"}],"version-history":[{"count":1,"href":"https:\/\/sisu.ut.ee\/teadustoo_alused\/wp-json\/wp\/v2\/pages\/20\/revisions"}],"predecessor-version":[{"id":259,"href":"https:\/\/sisu.ut.ee\/teadustoo_alused\/wp-json\/wp\/v2\/pages\/20\/revisions\/259"}],"wp:attachment":[{"href":"https:\/\/sisu.ut.ee\/teadustoo_alused\/wp-json\/wp\/v2\/media?parent=20"}],"curies":[{"name":"wp","href":"https:\/\/api.w.org\/{rel}","templated":true}]}}