{"id":19,"date":"2024-04-04T04:32:43","date_gmt":"2024-04-04T01:32:43","guid":{"rendered":"https:\/\/sisu.ut.ee\/teadustoo_alused\/e-kataloog-ester\/"},"modified":"2024-04-18T08:48:50","modified_gmt":"2024-04-18T05:48:50","slug":"e-kataloog-ester","status":"publish","type":"page","link":"https:\/\/sisu.ut.ee\/teadustoo_alused\/e-kataloog-ester\/","title":{"rendered":"E-kataloog ESTER"},"content":{"rendered":"<p><span data-mce-mark=\"1\">E-kataloog ESTER (<\/span><a href=\"https:\/\/www.ester.ee\/\" target=\"_blank\" rel=\"noopener\">http<\/a><a href=\"https:\/\/www.ester.ee\/\" target=\"_blank\" rel=\"noopener\">s:\/\/www.ester.ee<\/a><span data-mce-mark=\"1\">)<\/span><span data-mce-mark=\"1\">\u00a0<\/span><span data-mce-mark=\"1\">on Tartu ja Tallinna suuremate raamatukogude \u00fchiskataloog, mis sisaldab andmeid raamatukogudes leiduvate raamatute, ajakirjade ja muude teavikute kohta.\u00a0<\/span><strong>E-kataloog v\u00f5imaldab leida raamatute ja muude v\u00e4ljaannete asukohta raamatukogus ning n\u00e4ha, kas raamat on kohal v\u00f5i v\u00e4lja laenutatud<\/strong><span data-mce-mark=\"1\"><strong>.<\/strong> Minu ESTER-isse sisse logides saab ka raamatukogudes olevaid teavikuid laenutamiseks v\u00f5i kohapeal kasutamiseks tellida ja end laenutatud teavikutele j\u00e4rjekorda panna.\u00a0<\/span><\/p>\n<p><span data-mce-mark=\"1\"><div class=\"accordion mb-3\">\n        <div class=\"accordion-item accordion-item--white\">\n        <h2 class=\"accordion-header\" id=\"accordion-69de5d8b0d1bb-heading\">\n            <button class=\"accordion-button collapsed\" type=\"button\" data-bs-toggle=\"collapse\" data-bs-target=\"#accordion-69de5d8b0d1bb-collapse\" aria-expanded=\"true\" aria-controls=\"accordion-69de5d8b0d1bb-collapse\">Kataloogi osa valimine<\/button>\n        <\/h2>\n        <div id=\"accordion-69de5d8b0d1bb-collapse\" class=\"accordion-collapse collapse\" aria-labelledby=\"accordion-69de5d8b0d1bb-heading\">\n            <div class=\"accordion-body\"><img loading=\"lazy\" decoding=\"async\" width=\"988\" height=\"526\" class=\"alignnone wp-image-91\" title=\"e-kataloog_ester_-_google_chrome_2016-12-15_15-04-15.png\" src=\"https:\/\/sisu.ut.ee\/wp-content\/uploads\/sites\/290\/e-kataloog_ester_-_google_chrome_2016-12-15_15-04-15.png\" alt=\"e-kataloog_ester_-_google_chrome_2016-12-15_15-04-15.png\" srcset=\"https:\/\/sisu.ut.ee\/wp-content\/uploads\/sites\/290\/e-kataloog_ester_-_google_chrome_2016-12-15_15-04-15.png 988w, https:\/\/sisu.ut.ee\/wp-content\/uploads\/sites\/290\/e-kataloog_ester_-_google_chrome_2016-12-15_15-04-15-300x160.png 300w, https:\/\/sisu.ut.ee\/wp-content\/uploads\/sites\/290\/e-kataloog_ester_-_google_chrome_2016-12-15_15-04-15-768x409.png 768w\" sizes=\"auto, (max-width: 988px) 100vw, 988px\"><\/div>\n        <\/div>\n        <\/div>\n    <\/div><\/span><\/p>\n<p>Vaikimisi tehakse otsing ESTER-i t\u00e4ielikus kataloogis. Kindla raamatukogu valimiseks kl\u00f5psake kataloogi avalehel \u00fcleval\u00a0<em>T\u00e4ielik kataloog<\/em>\u00a0ning valige soovitud raamatukogu.\u00a0<span data-mce-mark=\"1\">Valik\u00a0<\/span><span data-mce-mark=\"1\">Tartu \u00dclikooli raamatukogud<\/span><span data-mce-mark=\"1\">\u00a0h\u00f5lmab otsingut nii Tartu \u00dclikooli raamatukogu peakogus Struve tn \u00a0kui ka \u00fclikooli erialaraamatukogude kogudes.\u00a0<\/span><\/p>\n<p>Eraldi saab otsingu piirata selliselt, et tulemuseks on:<\/p>\n<ul>\n<li>e-ressursid;<\/li>\n<li>perioodika (info ajakirjade, ajalehtede, j\u00e4tkv\u00e4ljaannete, kuid mitte artiklite kohta);<\/li>\n<li>\u00fcli\u00f5pilast\u00f6\u00f6d (erineva taseme \u00fcli\u00f5pilast\u00f6\u00f6d, nt diplomit\u00f6\u00f6d, bakalaureuset\u00f6\u00f6d, magistrit\u00f6\u00f6d, dissertatsioonid).<\/li>\n<\/ul>\n<p><\/p><div class=\"accordion mb-3\">\n        <div class=\"accordion-item accordion-item--white\">\n        <h2 class=\"accordion-header\" id=\"accordion-69de5d8b0d1c1-heading\">\n            <button class=\"accordion-button collapsed\" type=\"button\" data-bs-toggle=\"collapse\" data-bs-target=\"#accordion-69de5d8b0d1c1-collapse\" aria-expanded=\"true\" aria-controls=\"accordion-69de5d8b0d1c1-collapse\">E-kataloogi avaleht<\/button>\n        <\/h2>\n        <div id=\"accordion-69de5d8b0d1c1-collapse\" class=\"accordion-collapse collapse\" aria-labelledby=\"accordion-69de5d8b0d1c1-heading\">\n            <div class=\"accordion-body\"><img loading=\"lazy\" decoding=\"async\" width=\"986\" height=\"599\" class=\"alignnone wp-image-92\" title=\"e-kataloog_ester_-_google_chrome_2016-03-22_21-47-13.png\" src=\"https:\/\/sisu.ut.ee\/wp-content\/uploads\/sites\/290\/e-kataloog_ester_-_google_chrome_2016-03-22_21-47-13.png\" alt=\"e-kataloog_ester_-_google_chrome_2016-03-22_21-47-13.png\" srcset=\"https:\/\/sisu.ut.ee\/wp-content\/uploads\/sites\/290\/e-kataloog_ester_-_google_chrome_2016-03-22_21-47-13.png 986w, https:\/\/sisu.ut.ee\/wp-content\/uploads\/sites\/290\/e-kataloog_ester_-_google_chrome_2016-03-22_21-47-13-300x182.png 300w, https:\/\/sisu.ut.ee\/wp-content\/uploads\/sites\/290\/e-kataloog_ester_-_google_chrome_2016-03-22_21-47-13-768x467.png 768w\" sizes=\"auto, (max-width: 986px) 100vw, 986px\"><\/div>\n        <\/div>\n        <\/div>\n    <\/div>\n<p><strong>Autori<\/strong>\u00a0j\u00e4rgi otsides sisestage k\u00f5igepealt autori perekonnanimi\u00a0<span data-mce-mark=\"1\">ja alles seej\u00e4rel eesnimi v\u00f5i eesnime esit\u00e4ht.<\/span><\/p>\n<p><span data-mce-mark=\"1\"><strong>Pealkirja<\/strong>\u00a0j\u00e4rgi otsides sisestage pealkirja esimene s\u00f5na v\u00f5i pealkirja algus.<\/span><\/p>\n<p><span data-mce-mark=\"1\">Kui t\u00e4pne pealkiri ei ole meeles v\u00f5i ei tule otsinguga v\u00e4lja, proovige s\u00f5naotsingut.<\/span><\/p>\n<h3>Teemaotsing<\/h3>\n<p><span data-mce-mark=\"1\">Teema j\u00e4rgi otsimiseks on kaks v\u00f5imalust\u00a0<span data-mce-mark=\"1\">\u2013<\/span>\u00a0<\/span>m\u00e4rks\u00f5naotsing ja s\u00f5naotsing.<\/p>\n<p>Valides otsinguv\u00e4ljaks\u00a0<strong>M\u00e4rks\u00f5na<\/strong>, saate otsida kirjandust oma teema kohta selle sisu kirjeldavate m\u00e4rks\u00f5nade abil. Korraga saab otsida \u00fche m\u00e4rks\u00f5na j\u00e4rgi. Kl\u00f5psates otsingutulemuste lehel \u00fcleval paremal\u00a0<em>T\u00e4psusta otsingut<\/em>, saab tulemusi t\u00e4psustada teiste m\u00e4rks\u00f5nadega. M\u00e4rks\u00f5nad v\u00f5etakse\u00a0<strong>Eesti m\u00e4rks\u00f5nastikust\u00a0<\/strong>EMS (<a title=\"ems\" href=\"http:\/\/ems.elnet.ee\/\" target=\"_blank\" rel=\"noopener\">http:\/\/ems.elnet.ee<\/a>) ja sealt saab ka otsinguks sobivaid s\u00f5nu leida. M\u00e4rks\u00f5nastikust leiate ideid, milliste s\u00f5nade j\u00e4rgi otsingut teha, et saada v\u00f5imalikult palju ja t\u00e4pseid tulemusi. \u00a0M\u00e4rks\u00f5nade leidmise kohta EMS-ist vaadake videost<em>\u00a0<a href=\"https:\/\/sisu.ut.ee\/infootsitugi\/2-sustemaatiline-infootsing\" target=\"_blank\" rel=\"noopener\">S\u00fcstemaatiline infootsing<\/a><\/em>.<\/p>\n<p>Otsing e-kataloogis ESTER sarnaneb otsingule Eesti artiklite andmebaasis ISE,\u00a0<span data-mce-mark=\"1\">vaadake ka peat\u00fckis\u00a0<a href=\"https:\/\/sisu.ut.ee\/infootsitugi\/4-eesti-artiklite-andmebaas-ise\" target=\"_blank\" rel=\"noopener\"><em>Eesti artiklite andmebaas ISE<\/em><\/a>\u00a0<\/span>olevat videot, kus tutvustatakse m\u00e4rks\u00f5naotsingut ja teisi otsinguviise p\u00f5hjalikumalt.<\/p>\n<blockquote><p>Harjutamiseks proovige veel leida enda teema kohta m\u00f5ni m\u00e4rks\u00f5na ja tehke ESTERis m\u00e4rks\u00f5naotsing.<\/p><\/blockquote>\n<p><span data-mce-mark=\"1\"><strong>S\u00f5naotsing<\/strong>\u00a0<\/span>on k\u00f5ige laiem v\u00f5imalus mingi teema kohta kirjandust otsida. \u00a0Sisestatud s\u00f5nu otsitakse nii autorite, pealkirjade, m\u00e4rks\u00f5nade kui ka m\u00e4rkuste hulgast. Kataloogi avalehel on vaikimisi ees s\u00f5naotsing. \u00a0Siin teemaotsingut tehes\u00a0otsitakse peamiselt pealkirjadest ning m\u00e4rks\u00f5nadest, seet\u00f5ttu on t\u00e4pses vormis m\u00e4rks\u00f5na kasutamine v\u00e4ga t\u00e4htis.<\/p>\n<p>Sisestatud s\u00f5nu otsitakse k\u00f5igepealt kui fraasi ja seej\u00e4rel operaatoriga AND, st otsitakse kirjeid, kus k\u00f5ik s\u00f5nad esinevad. Tulemused j\u00e4rjestatakse relevantsuse j\u00e4rgi, fraasiotsinguga leitud tulemused on eespool. T\u00e4pse fraasi otsinguks tuleb see panna jutum\u00e4rkidesse.<\/p>\n<blockquote><p><span data-mce-mark=\"1\">Kui otsing operaatoriga AND tulemusi ei anna, asendatakse see automaatselt operaatoriga OR ja leitakse k\u00f5ik kirjed, kus v\u00e4hemalt \u00fcks otsis\u00f5na esineb. Kui p\u00e4ringut muudetakse, siis kuvatakse otsitulemuste lehe alguses ka vastav teade. Pange otsinguid tehes alati t\u00e4hele, kuidas p\u00e4ring toimib.<\/span><\/p><\/blockquote>\n<p>S\u00f5naotsinguks v\u00f5ib valida erinevaid m\u00e4rks\u00f5nu, s\u00f5nu pealkirjadest, autoreid, toimetajaid jne. N\u00e4iteks kui soovite leida \u00fcli\u00f5pilast\u00f6id mingil teemal, sisestage otsinguv\u00e4ljale s\u00f5na \u00fcli\u00f5pilast\u00f6\u00f6d ja sisu kirjeldav(ad) s\u00f5na(d).<\/p>\n<p>S\u00f5naotsingut on soovitav kasutada ka siis, kui otsite kindlat raamatut, kuid ei tea t\u00e4pset pealkirja. Proovige teada olevate s\u00f5nade j\u00e4rgi \u00fcksk\u00f5ik millises j\u00e4rjekorras. Otsingule v\u00f5ite lisada ka autori nime.<\/p>\n<p>N\u00e4iteks otsime materjali ohustatud liikide kohta Eestis.<\/p>\n<p><\/p><div class=\"accordion mb-3\">\n        <div class=\"accordion-item accordion-item--white\">\n        <h2 class=\"accordion-header\" id=\"accordion-69de5d8b0d1c3-heading\">\n            <button class=\"accordion-button collapsed\" type=\"button\" data-bs-toggle=\"collapse\" data-bs-target=\"#accordion-69de5d8b0d1c3-collapse\" aria-expanded=\"true\" aria-controls=\"accordion-69de5d8b0d1c3-collapse\">S\u00f5naotsingu n\u00e4ide<\/button>\n        <\/h2>\n        <div id=\"accordion-69de5d8b0d1c3-collapse\" class=\"accordion-collapse collapse\" aria-labelledby=\"accordion-69de5d8b0d1c3-heading\">\n            <div class=\"accordion-body\"><img loading=\"lazy\" decoding=\"async\" width=\"858\" height=\"554\" class=\"alignnone wp-image-93\" title=\"2018-08-15_16_12_24-e-kataloog_ester_tu_rk-d.png\" src=\"https:\/\/sisu.ut.ee\/wp-content\/uploads\/sites\/290\/2018-08-15_16_12_24-e-kataloog_ester_tu_rk-d.png\" alt=\"2018-08-15_16_12_24-e-kataloog_ester_tu_rk-d.png\" srcset=\"https:\/\/sisu.ut.ee\/wp-content\/uploads\/sites\/290\/2018-08-15_16_12_24-e-kataloog_ester_tu_rk-d.png 858w, https:\/\/sisu.ut.ee\/wp-content\/uploads\/sites\/290\/2018-08-15_16_12_24-e-kataloog_ester_tu_rk-d-300x194.png 300w, https:\/\/sisu.ut.ee\/wp-content\/uploads\/sites\/290\/2018-08-15_16_12_24-e-kataloog_ester_tu_rk-d-768x496.png 768w\" sizes=\"auto, (max-width: 858px) 100vw, 858px\"><\/div>\n        <\/div>\n        <\/div>\n    <\/div>\n<p>Pange t\u00e4hele, kuidas otsingutulemused on j\u00e4rjestatud. Antud otsingus on need j\u00e4rjestatud <a href=\"#\" data-bs-toggle=\"modal\" data-bs-target=\"#popup-modal\" data-title=\"relevantsuse\" data-content=\" informatsiooni asjakohasus, vastavus p\u00e4ringule\">relevantsuse<\/a>\u00a0j\u00e4rgi, kuid v\u00f5imalik on reastada ka pealkirja v\u00f5i ilmumisaasta j\u00e4rgi. Otsingukasti all on see alati kirjas. Kl\u00f5psates otsingutulemuste lehel \u00fcleval paremal\u00a0<em>T\u00e4psusta otsingut,\u00a0<\/em>saate tulemusi piirata keele, teaviku laadi, ilmumisaastate ja veel muude tunnuste j\u00e4rgi.<\/p>\n<p><span data-mce-mark=\"1\"><strong>Liitotsing<\/strong>\u00a0<\/span>(valik kataloogi avalehel otsinguakna paremas servas) v\u00f5imaldab teha\u00a0<strong>t\u00e4psemat otsingut<\/strong>. Saate m\u00e4\u00e4rata, millisel kirje v\u00e4ljal otsis\u00f5na peab esinema (s\u00f5na, autor, pealkiri, m\u00e4rks\u00f5na) ja valida juba enne otsingu tegemist allpool tunnuseid, mille j\u00e4rgi\u00a0<strong>otsingut piirata<\/strong>\u00a0(keel, teaviku laad, kirjastus, eksemplari asukoht, ilmumisaasta).<\/p>\n<p><span data-mce-mark=\"1\">N\u00e4iteks otsime materjali, kuidas m\u00f5jutab telev\u00e4givald laste v\u00f5i noorte k\u00e4itumist.<\/span><\/p>\n<p><span data-mce-mark=\"1\"><div class=\"accordion mb-3\">\n        <div class=\"accordion-item accordion-item--white\">\n        <h2 class=\"accordion-header\" id=\"accordion-69de5d8b0d1c6-heading\">\n            <button class=\"accordion-button collapsed\" type=\"button\" data-bs-toggle=\"collapse\" data-bs-target=\"#accordion-69de5d8b0d1c6-collapse\" aria-expanded=\"true\" aria-controls=\"accordion-69de5d8b0d1c6-collapse\">Liitotsingu n\u00e4ide<\/button>\n        <\/h2>\n        <div id=\"accordion-69de5d8b0d1c6-collapse\" class=\"accordion-collapse collapse\" aria-labelledby=\"accordion-69de5d8b0d1c6-heading\">\n            <div class=\"accordion-body\"><img loading=\"lazy\" decoding=\"async\" width=\"939\" height=\"643\" class=\"alignnone wp-image-94\" title=\"2015-08-12_14_57_28-e-kataloog_ester.png\" src=\"https:\/\/sisu.ut.ee\/wp-content\/uploads\/sites\/290\/2015-08-12_14_57_28-e-kataloog_ester.png\" alt=\"2015-08-12_14_57_28-e-kataloog_ester.png\" srcset=\"https:\/\/sisu.ut.ee\/wp-content\/uploads\/sites\/290\/2015-08-12_14_57_28-e-kataloog_ester.png 939w, https:\/\/sisu.ut.ee\/wp-content\/uploads\/sites\/290\/2015-08-12_14_57_28-e-kataloog_ester-300x205.png 300w, https:\/\/sisu.ut.ee\/wp-content\/uploads\/sites\/290\/2015-08-12_14_57_28-e-kataloog_ester-768x526.png 768w\" sizes=\"auto, (max-width: 939px) 100vw, 939px\"><\/div>\n        <\/div>\n        <\/div>\n    <\/div><\/span><\/p>\n<blockquote><p><span data-mce-mark=\"1\"><span data-mce-mark=\"1\">P\u00f6\u00f6rake t\u00e4helepanu sellele, kuidas leida sama s\u00f5na erinevaid vorme. Kasutage t\u00e4rni * s\u00f5na l\u00f5ppude asendamiseks.<\/span><\/span><\/p>\n<p><span data-mce-mark=\"1\"><span data-mce-mark=\"1\"><span data-mce-mark=\"1\">Harjutamiseks korrake \u00f5ppematerjali otsingun\u00e4iteid s\u00f5naotsingu ja liitotsingu kohta v\u00f5i tehke sarnaseid otsinguid oma teema kohta.<\/span><\/span><\/span><\/p><\/blockquote>\n<h3>Andmed raamatu kohta<\/h3>\n<p>Kl\u00f5psates pealkirjal, n\u00e4ete tabelis raamatu eksemplaride asukohti. Asukohad on erinevad raamatukogud, kuid ka erinevad hoidlad ja saalid \u00fche raamatukogu piires.<\/p>\n<p><span data-mce-mark=\"1\">Kui eksemplare on rohkem, tuleb k\u00f5ikide eksemplaride n\u00e4gemiseks kl\u00f5psata keskmise akna allosas olevale nupule\u00a0<\/span><strong><span data-mce-mark=\"1\">Vaata k\u00f5iki eksemplare<\/span><\/strong><span data-mce-mark=\"1\"><strong>\u00a0<\/strong>v\u00f5i vali aastak\u00e4ik\/k\u00f6ide.\u00a0<\/span><span data-mce-mark=\"1\">Igale eksemplarile vastab \u00fcks rida. N\u00e4ete iga eksemplari asukohta, kohaviita ja infot, kas raamat on laenutatav ning millal on laenutatud raamatu tagastamise t\u00e4htaeg.<\/span><\/p>\n<p><span data-mce-mark=\"1\"><span data-mce-mark=\"1\">Kl\u00f5psates linki\u00a0<\/span><span data-mce-mark=\"1\"><strong>T\u00e4iskirje<\/strong>\u00a0<\/span><span data-mce-mark=\"1\">n\u00e4ete t\u00f5lkijate, toimetajate ja teiste autorite nimesid ning m\u00e4rks\u00f5nu. Samuti leiate n\u00e4iteks k\u00f5ikide CD-plaatide sisu koos ja muusikapalade autorite ja pealkirjadega ning k\u00e4sikirjade, fotode, arhiivide kirjeldusi.<\/span><\/span><\/p>\n<blockquote><p><span data-mce-mark=\"1\">Soovi korral lugege lisaks e-kataloogi ESTER kasutusjuhendit\u00a0<\/span><a href=\"http:\/\/www.elnet.ee\/juhend\/ester\/\" target=\"_blank\" rel=\"noopener\"><span data-mce-mark=\"1\">http:\/\/www.elnet.ee\/juhend\/ester\/<\/span><\/a><\/p><\/blockquote>\n<h3>Kasutatud allikad<\/h3>\n<ul>\n<li>E-kataloog ESTER kasutusjuhend \u00a0<a href=\"http:\/\/www.elnet.ee\/juhend\/ester\/\" target=\"_blank\" rel=\"noopener\">http:\/\/www.elnet.ee\/juhend\/ester\/<\/a><\/li>\n<\/ul>\n","protected":false},"excerpt":{"rendered":"<p>E-kataloog ESTER (https:\/\/www.ester.ee)\u00a0on Tartu ja Tallinna suuremate raamatukogude \u00fchiskataloog, mis sisaldab andmeid raamatukogudes leiduvate raamatute, ajakirjade ja muude teavikute kohta.\u00a0E-kataloog v\u00f5imaldab leida raamatute ja muude v\u00e4ljaannete asukohta raamatukogus ning n\u00e4ha, kas raamat on kohal v\u00f5i v\u00e4lja laenutatud. Minu ESTER-isse sisse &#8230;<\/p>\n","protected":false},"author":3,"featured_media":0,"parent":0,"menu_order":0,"comment_status":"closed","ping_status":"closed","template":"","meta":{"_acf_changed":false,"inline_featured_image":false,"footnotes":""},"class_list":["post-19","page","type-page","status-publish","hentry"],"acf":[],"_links":{"self":[{"href":"https:\/\/sisu.ut.ee\/teadustoo_alused\/wp-json\/wp\/v2\/pages\/19","targetHints":{"allow":["GET"]}}],"collection":[{"href":"https:\/\/sisu.ut.ee\/teadustoo_alused\/wp-json\/wp\/v2\/pages"}],"about":[{"href":"https:\/\/sisu.ut.ee\/teadustoo_alused\/wp-json\/wp\/v2\/types\/page"}],"author":[{"embeddable":true,"href":"https:\/\/sisu.ut.ee\/teadustoo_alused\/wp-json\/wp\/v2\/users\/3"}],"replies":[{"embeddable":true,"href":"https:\/\/sisu.ut.ee\/teadustoo_alused\/wp-json\/wp\/v2\/comments?post=19"}],"version-history":[{"count":4,"href":"https:\/\/sisu.ut.ee\/teadustoo_alused\/wp-json\/wp\/v2\/pages\/19\/revisions"}],"predecessor-version":[{"id":313,"href":"https:\/\/sisu.ut.ee\/teadustoo_alused\/wp-json\/wp\/v2\/pages\/19\/revisions\/313"}],"wp:attachment":[{"href":"https:\/\/sisu.ut.ee\/teadustoo_alused\/wp-json\/wp\/v2\/media?parent=19"}],"curies":[{"name":"wp","href":"https:\/\/api.w.org\/{rel}","templated":true}]}}