{"id":18,"date":"2024-04-04T04:32:43","date_gmt":"2024-04-04T01:32:43","guid":{"rendered":"https:\/\/sisu.ut.ee\/teadustoo_alused\/infoallikate-usaldusvaarsuse-hindamine\/"},"modified":"2024-09-26T22:58:34","modified_gmt":"2024-09-26T19:58:34","slug":"infoallikate-usaldusvaarsuse-hindamine","status":"publish","type":"page","link":"https:\/\/sisu.ut.ee\/teadustoo_alused\/infoallikate-usaldusvaarsuse-hindamine\/","title":{"rendered":"Infoallikate usaldusv\u00e4\u00e4rsuse hindamine"},"content":{"rendered":"<h5><strong><a href=\"https:\/\/panopto.ut.ee\/Panopto\/Pages\/Viewer.aspx?id=33e1e328-80e3-4c5b-ae80-b128009c75d9\" target=\"_blank\" rel=\"noopener\">Video infoallikate hindamise kohta<\/a>\u00a0<\/strong><\/h5>\n<table class=\"table table-hover\" border=\"0\">\n<tbody>\n<tr>\n<td><img loading=\"lazy\" decoding=\"async\" width=\"494\" height=\"427\" class=\"alignnone wp-image-89\" title=\"vilve2.png\" src=\"https:\/\/sisu.ut.ee\/wp-content\/uploads\/sites\/290\/vilve2.png\" alt=\"vilve2.png\" srcset=\"https:\/\/sisu.ut.ee\/wp-content\/uploads\/sites\/290\/vilve2.png 494w, https:\/\/sisu.ut.ee\/wp-content\/uploads\/sites\/290\/vilve2-300x259.png 300w\" sizes=\"auto, (max-width: 494px) 100vw, 494px\"><\/td>\n<td>Iga leitud infoallika usaldusv\u00e4\u00e4rsust ja uurimist\u00f6\u00f6ks sobivust tuleb kontrollida. Infoallikate hindamiseks on kindlad reeglid. Eriti t\u00e4helepanelik peab olema vabast internetist leitud allikaid hinnates.<span data-mce-mark=\"1\">Vasakul\u00a0<\/span>skeemil on loetletud olulised aspektid, mida info hindamisel silmas pidada.<span data-mce-mark=\"1\">Alumisel\u00a0<\/span>skeemil on n\u00e4ha praktilise info hindamise etapid ning allikad, mille p\u00f5hjal infot hinnata.<\/td>\n<\/tr>\n<tr>\n<td><\/td>\n<td><\/td>\n<\/tr>\n<\/tbody>\n<\/table>\n<p><img loading=\"lazy\" decoding=\"async\" width=\"967\" height=\"470\" class=\"alignnone wp-image-90\" title=\"vilve1.png\" src=\"https:\/\/sisu.ut.ee\/wp-content\/uploads\/sites\/290\/vilve1.png\" alt=\"vilve1.png\" srcset=\"https:\/\/sisu.ut.ee\/wp-content\/uploads\/sites\/290\/vilve1.png 967w, https:\/\/sisu.ut.ee\/wp-content\/uploads\/sites\/290\/vilve1-300x146.png 300w, https:\/\/sisu.ut.ee\/wp-content\/uploads\/sites\/290\/vilve1-768x373.png 768w\" sizes=\"auto, (max-width: 967px) 100vw, 967px\"><\/p>\n<blockquote><p>Soovi korral lugege lisamaterjale\u00a0infoallikate hindamise kohta\u00a0<a href=\"https:\/\/sisu.ut.ee\/info_hindamine\" target=\"_blank\" rel=\"noopener\">https:\/\/sisu.ut.ee\/info_hindamine<\/a><\/p><\/blockquote>\n<h2>Kasutatud allikad<\/h2>\n<ul>\n<li>How to Evaluate Sources : A Research Guide by Mike Palmquist.\u00a0<a href=\"http:\/\/bcs.bedfordstmartins.com\/webpub\/Ektron\/ReWriting2e\/ReWriting\/Evaluate%20sources\/evaluate_index.htm\" target=\"_blank\" rel=\"noopener\">http:\/\/bcs.bedfordstmartins.com\/webpub\/Ektron\/ReWriting2e\/ReWriting\/Evaluate%20sources\/evaluate_index.htm<\/a><\/li>\n<\/ul>\n","protected":false},"excerpt":{"rendered":"<p>Video infoallikate hindamise kohta\u00a0 Iga leitud infoallika usaldusv\u00e4\u00e4rsust ja uurimist\u00f6\u00f6ks sobivust tuleb kontrollida. Infoallikate hindamiseks on kindlad reeglid. Eriti t\u00e4helepanelik peab olema vabast internetist leitud allikaid hinnates.Vasakul\u00a0skeemil on loetletud olulised aspektid, mida info hindamisel silmas pidada.Alumisel\u00a0skeemil on n\u00e4ha praktilise info &#8230;<\/p>\n","protected":false},"author":3,"featured_media":0,"parent":0,"menu_order":0,"comment_status":"closed","ping_status":"closed","template":"","meta":{"_acf_changed":false,"inline_featured_image":false,"footnotes":""},"class_list":["post-18","page","type-page","status-publish","hentry"],"acf":[],"_links":{"self":[{"href":"https:\/\/sisu.ut.ee\/teadustoo_alused\/wp-json\/wp\/v2\/pages\/18","targetHints":{"allow":["GET"]}}],"collection":[{"href":"https:\/\/sisu.ut.ee\/teadustoo_alused\/wp-json\/wp\/v2\/pages"}],"about":[{"href":"https:\/\/sisu.ut.ee\/teadustoo_alused\/wp-json\/wp\/v2\/types\/page"}],"author":[{"embeddable":true,"href":"https:\/\/sisu.ut.ee\/teadustoo_alused\/wp-json\/wp\/v2\/users\/3"}],"replies":[{"embeddable":true,"href":"https:\/\/sisu.ut.ee\/teadustoo_alused\/wp-json\/wp\/v2\/comments?post=18"}],"version-history":[{"count":7,"href":"https:\/\/sisu.ut.ee\/teadustoo_alused\/wp-json\/wp\/v2\/pages\/18\/revisions"}],"predecessor-version":[{"id":382,"href":"https:\/\/sisu.ut.ee\/teadustoo_alused\/wp-json\/wp\/v2\/pages\/18\/revisions\/382"}],"wp:attachment":[{"href":"https:\/\/sisu.ut.ee\/teadustoo_alused\/wp-json\/wp\/v2\/media?parent=18"}],"curies":[{"name":"wp","href":"https:\/\/api.w.org\/{rel}","templated":true}]}}