{"id":17,"date":"2024-04-04T04:32:43","date_gmt":"2024-04-04T01:32:43","guid":{"rendered":"https:\/\/sisu.ut.ee\/teadustoo_alused\/viidete-haldamise-vahend-zotero\/"},"modified":"2024-09-26T23:02:08","modified_gmt":"2024-09-26T20:02:08","slug":"viidete-haldamise-vahend-zotero","status":"publish","type":"page","link":"https:\/\/sisu.ut.ee\/teadustoo_alused\/viidete-haldamise-vahend-zotero\/","title":{"rendered":"Viidete haldamise vahend Zotero"},"content":{"rendered":"<p>Zotero on tasuta viidete haldamise vahend, millest on v\u00e4ga palju abi \u00fcli\u00f5pilast\u00f6\u00f6de viidete vormistamisel. Zotero v\u00f5imaldab andmebaasidest ja internetist leitud v\u00e4ga erinevat t\u00fc\u00fcpi materjale koguda, hallata, lisada teksti viiteid ja vormistada soovitud stiilis bibliograafia.<\/p>\n<p>\u00a0<\/p>\n<p>\u00a0<\/p>\n<blockquote>\n<p>Soovi korral lugege lisaks\u00a0\u00a0<em>Vabavaralised viidete haldurid Zotero ja Mendeley<\/em>\u00a0 \u2013<a href=\"https:\/\/sisu.ut.ee\/zoterojuhend\/\" target=\"_blank\" rel=\"noopener\">\u00a0https:\/\/sisu.ut.ee\/zoterojuhend\/<\/a>.<\/p>\n<\/blockquote>\n\n\n<div class=\"ratio ratio-16x9 mb-3\"><div class=\"video-placeholder-wrapper video-placeholder-wrapper--16x9\">\n\t\t\t    <div class=\"video-placeholder d-flex justify-content-center align-items-center\">\n\t\t\t        <div class=\"overlay text-white p-2 w-100 text-center d-block justify-content-center align-items-center\">\n\t\t\t            <div>Kolmandate osapoolte sisu n\u00e4gemiseks palun n\u00f5ustu k\u00fcpsistega.<\/div>\n\t\t\t            <button class=\"btn btn-secondary btn-sm mt-1 consent-change\">Muuda n\u00f5usolekut<\/button>\n\t\t\t        <\/div>\n\t\t\t    <\/div>\n\t\t\t<\/div>\n<\/div>\n\n","protected":false},"excerpt":{"rendered":"<p>Zotero on tasuta viidete haldamise vahend, millest on v\u00e4ga palju abi \u00fcli\u00f5pilast\u00f6\u00f6de viidete vormistamisel. Zotero v\u00f5imaldab andmebaasidest ja internetist leitud v\u00e4ga erinevat t\u00fc\u00fcpi materjale koguda, hallata, lisada teksti viiteid ja vormistada soovitud stiilis bibliograafia. \u00a0 \u00a0 Soovi korral lugege lisaks\u00a0\u00a0Vabavaralised &#8230;<\/p>\n","protected":false},"author":3,"featured_media":0,"parent":0,"menu_order":0,"comment_status":"closed","ping_status":"closed","template":"","meta":{"_acf_changed":false,"inline_featured_image":false,"footnotes":""},"class_list":["post-17","page","type-page","status-publish","hentry"],"acf":[],"_links":{"self":[{"href":"https:\/\/sisu.ut.ee\/teadustoo_alused\/wp-json\/wp\/v2\/pages\/17","targetHints":{"allow":["GET"]}}],"collection":[{"href":"https:\/\/sisu.ut.ee\/teadustoo_alused\/wp-json\/wp\/v2\/pages"}],"about":[{"href":"https:\/\/sisu.ut.ee\/teadustoo_alused\/wp-json\/wp\/v2\/types\/page"}],"author":[{"embeddable":true,"href":"https:\/\/sisu.ut.ee\/teadustoo_alused\/wp-json\/wp\/v2\/users\/3"}],"replies":[{"embeddable":true,"href":"https:\/\/sisu.ut.ee\/teadustoo_alused\/wp-json\/wp\/v2\/comments?post=17"}],"version-history":[{"count":2,"href":"https:\/\/sisu.ut.ee\/teadustoo_alused\/wp-json\/wp\/v2\/pages\/17\/revisions"}],"predecessor-version":[{"id":383,"href":"https:\/\/sisu.ut.ee\/teadustoo_alused\/wp-json\/wp\/v2\/pages\/17\/revisions\/383"}],"wp:attachment":[{"href":"https:\/\/sisu.ut.ee\/teadustoo_alused\/wp-json\/wp\/v2\/media?parent=17"}],"curies":[{"name":"wp","href":"https:\/\/api.w.org\/{rel}","templated":true}]}}