{"id":16,"date":"2024-04-04T04:32:43","date_gmt":"2024-04-04T01:32:43","guid":{"rendered":"https:\/\/sisu.ut.ee\/teadustoo_alused\/google-scholar\/"},"modified":"2024-09-26T22:53:19","modified_gmt":"2024-09-26T19:53:19","slug":"google-scholar","status":"publish","type":"page","link":"https:\/\/sisu.ut.ee\/teadustoo_alused\/google-scholar\/","title":{"rendered":"Google Scholar"},"content":{"rendered":"<p>Google Scholar otsib teadusartikleid, raamatuid ja uurimist\u00f6id. Tulemused sarnanevad teadusandmebaaside otsingutulemustega, kuid p\u00e4ringu tegemine sarnaneb tavalisele Google\u2019ile.\u00a0 Google Scholariga leitud artiklid\u00a0v\u00f5ivad olla k\u00e4ttesaadavad nii tasulistes andmebaasides kui vabadel veebilehtedel. Google Scholar leiab neid erinevatest kohtadest.\u00a0<\/p>\n<p>Kui Tartu \u00dclikoolile on ajakirjale juurdep\u00e4\u00e4s ostetud (seda saab kontrollida\u00a0<a href=\"http:\/\/atoz.ebsco.com\/Titles\/1249?lang=en&amp;lang.menu=en&amp;lang.subject=en\" target=\"_blank\" rel=\"noopener\">e-ajakirjade portaalist A-Z<\/a>),\u00a0n\u00e4evad Tartu \u00dclikooli liikmed t\u00e4istekste ka koduarvutist, kui kasutada VPN \u00fchendust.\u00a0<span data-mce-mark=\"1\">VPN \u00fchenduse loomise kohta leiate infot\u00a0<\/span><a href=\"https:\/\/wiki.ut.ee\/pages\/viewpage.action?pageId=17105590\" target=\"_blank\" rel=\"noopener\">\u00fclikooli arvutiabi kodulehelt.<\/a>\u00a0<\/p>\n<p><strong><a href=\"https:\/\/panopto.ut.ee\/Panopto\/Pages\/Viewer.aspx?id=fefd8475-19f5-4115-8383-b10700bfe229\" target=\"_blank\" rel=\"noopener\">Video Google Scholari otsingu kohta<\/a>\u00a0<\/strong><\/p>\n<blockquote>\n<p>Huvi korral lugege lisaks\u00a0 <em>Teadusartiklid ja Google Scholar<\/em>\u00a0 \u2013\u00a0<a href=\"https:\/\/sisu.ut.ee\/internetgymn\/teadusartiklid-ja-google-scholar\" target=\"_blank\" rel=\"noopener\">https:\/\/sisu.ut.ee\/internetgymn\/teadusartiklid-ja-google-scholar<\/a>.<\/p>\n<\/blockquote>\n\n\n<pre class=\"wp-block-code\"><code>\n<\/code><\/pre>\n","protected":false},"excerpt":{"rendered":"<p>Google Scholar otsib teadusartikleid, raamatuid ja uurimist\u00f6id. Tulemused sarnanevad teadusandmebaaside otsingutulemustega, kuid p\u00e4ringu tegemine sarnaneb tavalisele Google\u2019ile.\u00a0 Google Scholariga leitud artiklid\u00a0v\u00f5ivad olla k\u00e4ttesaadavad nii tasulistes andmebaasides kui vabadel veebilehtedel. Google Scholar leiab neid erinevatest kohtadest.\u00a0 Kui Tartu \u00dclikoolile on ajakirjale &#8230;<\/p>\n","protected":false},"author":3,"featured_media":0,"parent":0,"menu_order":0,"comment_status":"closed","ping_status":"closed","template":"","meta":{"_acf_changed":false,"inline_featured_image":false,"footnotes":""},"class_list":["post-16","page","type-page","status-publish","hentry"],"acf":[],"_links":{"self":[{"href":"https:\/\/sisu.ut.ee\/teadustoo_alused\/wp-json\/wp\/v2\/pages\/16","targetHints":{"allow":["GET"]}}],"collection":[{"href":"https:\/\/sisu.ut.ee\/teadustoo_alused\/wp-json\/wp\/v2\/pages"}],"about":[{"href":"https:\/\/sisu.ut.ee\/teadustoo_alused\/wp-json\/wp\/v2\/types\/page"}],"author":[{"embeddable":true,"href":"https:\/\/sisu.ut.ee\/teadustoo_alused\/wp-json\/wp\/v2\/users\/3"}],"replies":[{"embeddable":true,"href":"https:\/\/sisu.ut.ee\/teadustoo_alused\/wp-json\/wp\/v2\/comments?post=16"}],"version-history":[{"count":4,"href":"https:\/\/sisu.ut.ee\/teadustoo_alused\/wp-json\/wp\/v2\/pages\/16\/revisions"}],"predecessor-version":[{"id":379,"href":"https:\/\/sisu.ut.ee\/teadustoo_alused\/wp-json\/wp\/v2\/pages\/16\/revisions\/379"}],"wp:attachment":[{"href":"https:\/\/sisu.ut.ee\/teadustoo_alused\/wp-json\/wp\/v2\/media?parent=16"}],"curies":[{"name":"wp","href":"https:\/\/api.w.org\/{rel}","templated":true}]}}