{"id":11,"date":"2024-04-04T04:32:43","date_gmt":"2024-04-04T01:32:43","guid":{"rendered":"https:\/\/sisu.ut.ee\/teadustoo_alused\/sustemaatiline-infootsing\/"},"modified":"2024-09-26T22:33:46","modified_gmt":"2024-09-26T19:33:46","slug":"sustemaatiline-infootsing","status":"publish","type":"page","link":"https:\/\/sisu.ut.ee\/teadustoo_alused\/sustemaatiline-infootsing\/","title":{"rendered":"S\u00fcstemaatiline infootsing"},"content":{"rendered":"<div class=\"ratio ratio-16x9 mb-3\"><div class=\"video-placeholder-wrapper video-placeholder-wrapper--16x9\">\n\t\t\t    <div class=\"video-placeholder d-flex justify-content-center align-items-center\">\n\t\t\t        <div class=\"overlay text-white p-2 w-100 text-center d-block justify-content-center align-items-center\">\n\t\t\t            <div>Kolmandate osapoolte sisu n\u00e4gemiseks palun n\u00f5ustu k\u00fcpsistega.<\/div>\n\t\t\t            <button class=\"btn btn-secondary btn-sm mt-1 consent-change\">Muuda n\u00f5usolekut<\/button>\n\t\t\t        <\/div>\n\t\t\t    <\/div>\n\t\t\t<\/div>\n<\/div>\n\n\n<p>S\u00fcstemaatiline infootsing t\u00e4hendab otsingus\u00f5nade p\u00f5hjalikku l\u00e4bim\u00f5tlemist, s\u00fcnon\u00fc\u00fcmide, laiemate ja kitsamate m\u00f5istete ja seotud s\u00f5nade kaasamist ning omavahelist kombineerimist operaatoritega AND, OR ja NOT.<\/p>\n<p>Otsingus\u00f5nu saab t\u00e4psustada Eesti m\u00e4rks\u00f5nastiku (<a href=\"http:\/\/ems.elnet.ee\/\" target=\"_blank\" rel=\"noopener\">http:\/\/ems.elnet.ee\/<\/a>) abil.\u00a0 <a href=\"#\" data-bs-toggle=\"modal\" data-bs-target=\"#popup-modal\" data-title=\"M\u00e4rks\u00f5nad\" data-content=\"infoallika v\u00f5i selle osa ainestikku t\u00e4histav s\u00f5na v\u00f5i s\u00f5na\u00fchend\">M\u00e4rks\u00f5nad<\/a>\u00a0kirjeldavad\u00a0<a href=\"#\" data-bs-toggle=\"modal\" data-bs-target=\"#popup-modal\" data-title=\"teavikute\" data-content=\"mis tahes materiaalne objekt, millele on talletatud informatsioon, nt tr\u00fckis, foto, heliplaat\">teavikute<\/a> sisu. Kasutage\u00a0<a href=\"#\" data-bs-toggle=\"modal\" data-bs-target=\"#popup-modal\" data-title=\"m\u00e4rks\u00f5nastikust\" data-content=\"m\u00e4rks\u00f5nade korrastatud loetelu\">m\u00e4rks\u00f5nastikust<\/a> \u00a0v\u00f5etud s\u00f5nu otsingul, et saada t\u00e4psemaid tulemusi.<\/p>\n<p>Loogikaoperaatorite kasutamist n\u00e4itlikustab The Boolean Machine<\/p>\n<p><a href=\"http:\/\/rockwellschrock.com\/rbs3k\/boolean\/index.htm\" target=\"_blank\" rel=\"noopener\">http:\/\/rockwellschrock.com\/rbs3k\/boolean\/index.htm<\/a>.<\/p>\n<p>Kl\u00f5psake sellel lingil ning libistage hiirega \u00fcle klotside AND OR NOT ja vaadake, kuidas operaatorid t\u00f6\u00f6tavad.<\/p>\n<ul>\n<li><span data-mce-mark=\"1\">AND<\/span><span data-mce-mark=\"1\">\u00a0piirab otsingut, p\u00e4ringus sellega \u00fchendatud s\u00f5nad peavad k\u00f5ik leitavates dokumentides esinema.<\/span><\/li>\n<li><span data-mce-mark=\"1\">OR<\/span><span data-mce-mark=\"1\">\u00a0laiendab otsingut, esinema peab kas \u00fcks v\u00f5i teine\u00a0(v\u00e4hemalt \u00fcks) operaatoriga OR \u00fchendatud s\u00f5nadest.<\/span><\/li>\n<li><span data-mce-mark=\"1\">NOT<\/span>\u00a0kitsendab otsingut, esimene s\u00f5na peab esinema, teine ei tohi esineda. Nii saab v\u00e4listada m\u00f5ne s\u00f5na esinemist leitavates dokumentides.\u00a0<\/li>\n<\/ul>\n<h5>Andmebaasi valimine. \u00dcldised ja erialased andmebaasid<\/h5>\n<p>Teemakohaseid raamatuid ja artikleid aitavad leida kataloogid ja andmebaasid.<\/p>\n<p>Raamatukogude kataloogid sisaldavad andmeid raamatukogudes leiduvate raamatute, ajakirjade ja muude teavikute kohta. Nad n\u00e4itavad, millised teavikud on raamatukogudes olemas, kus nad raamatukogus t\u00e4pselt asuvad ning kas soovitud teavik on hetkel k\u00e4ttesaadav v\u00f5i v\u00e4lja laenutatud.\u00a0<\/p>\n<p>E-kataloog ESTER (<a href=\"http:\/\/www.ester.ee\/\" target=\"_blank\" rel=\"noopener\">http:\/\/www.ester.ee\/<\/a>) on Tartu ja Tallinna suuremate raamatukogude \u00fchiskataloog. E-kataloog ei sisalda infot artiklite kohta.<\/p>\n<p>Artikleid aitavad leida artiklite andmebaasid, mis sisaldavad infot v\u00e4ga paljudes ajakirjades ilmunud artiklikte kohta ja sageli ka linke artiklite t\u00e4istekstidele.<\/p>\n<p>\u00dcldise sisuga andmebaasid sisaldavad infot erinevatest valdkondadest. Nt Eesti artiklite andmebaas ISE v\u00f5i EBSCO andmebaas Academic Search Complete. Need sobivad v\u00e4ga h\u00e4sti nii m\u00f5nel \u00fcldhuvitaval teemal kui ka erialaseks infootsinguks.<\/p>\n<p>Erialased andmebaasid koondavad infot \u00fche valdkonna v\u00f5i kitsama eriala ilmunud artiklite kohta, nt EBSCO andmebaaside all k\u00e4ttesaadavad haridusalane andmebaas ERIC, ps\u00fchholoogia andmebaas PsycINFO, majandusalane andmebaas Business Source Complete jt. Enamasti sisaldavad nad infot ka muude v\u00e4ljaannete kohta, nt raamatud, konverentsimaterjalid, v\u00e4itekirjad).<\/p>\n<p>EBSCO Discovery<em><strong>\u00a0<\/strong><\/em><strong>\u00a0<\/strong>v\u00f5imaldab otsida korraga enamikus Tartu \u00fclikoolile avatud teadusandmebaasides ja muudes teadusinfo ressurssides.<\/p>","protected":false},"excerpt":{"rendered":"<p>Kolmandate osapoolte sisu n\u00e4gemiseks palun n\u00f5ustu k\u00fcpsistega. Muuda n\u00f5usolekut S\u00fcstemaatiline infootsing t\u00e4hendab otsingus\u00f5nade p\u00f5hjalikku l\u00e4bim\u00f5tlemist, s\u00fcnon\u00fc\u00fcmide, laiemate ja kitsamate m\u00f5istete ja seotud s\u00f5nade kaasamist ning omavahelist kombineerimist operaatoritega AND, OR ja NOT. Otsingus\u00f5nu saab t\u00e4psustada Eesti m\u00e4rks\u00f5nastiku (http:\/\/ems.elnet.ee\/) abil.\u00a0 \u00a0kirjeldavad\u00a0 &#8230;<\/p>\n","protected":false},"author":3,"featured_media":0,"parent":0,"menu_order":0,"comment_status":"closed","ping_status":"closed","template":"","meta":{"_acf_changed":false,"inline_featured_image":false,"footnotes":""},"class_list":["post-11","page","type-page","status-publish","hentry"],"acf":[],"_links":{"self":[{"href":"https:\/\/sisu.ut.ee\/teadustoo_alused\/wp-json\/wp\/v2\/pages\/11","targetHints":{"allow":["GET"]}}],"collection":[{"href":"https:\/\/sisu.ut.ee\/teadustoo_alused\/wp-json\/wp\/v2\/pages"}],"about":[{"href":"https:\/\/sisu.ut.ee\/teadustoo_alused\/wp-json\/wp\/v2\/types\/page"}],"author":[{"embeddable":true,"href":"https:\/\/sisu.ut.ee\/teadustoo_alused\/wp-json\/wp\/v2\/users\/3"}],"replies":[{"embeddable":true,"href":"https:\/\/sisu.ut.ee\/teadustoo_alused\/wp-json\/wp\/v2\/comments?post=11"}],"version-history":[{"count":3,"href":"https:\/\/sisu.ut.ee\/teadustoo_alused\/wp-json\/wp\/v2\/pages\/11\/revisions"}],"predecessor-version":[{"id":374,"href":"https:\/\/sisu.ut.ee\/teadustoo_alused\/wp-json\/wp\/v2\/pages\/11\/revisions\/374"}],"wp:attachment":[{"href":"https:\/\/sisu.ut.ee\/teadustoo_alused\/wp-json\/wp\/v2\/media?parent=11"}],"curies":[{"name":"wp","href":"https:\/\/api.w.org\/{rel}","templated":true}]}}