{"id":8,"date":"2025-03-18T14:00:27","date_gmt":"2025-03-18T12:00:27","guid":{"rendered":"https:\/\/sisu.ut.ee\/tartu-tuorla2025\/?page_id=8"},"modified":"2025-06-03T09:11:44","modified_gmt":"2025-06-03T06:11:44","slug":"programme","status":"publish","type":"page","link":"https:\/\/sisu.ut.ee\/tartu-tuorla2025\/programme\/","title":{"rendered":"Programme"},"content":{"rendered":"<p class=\"has-primary-color has-text-color has-link-color has-extra-large-font-size wp-elements-91cdf22e3cff2d5bc5980df55a64c393\"><\/p>\n\n\n\n<h3 class=\"wp-block-heading\">Sunday (1 June)<\/h3>\n\n\n\n<p><strong>Arrival<\/strong><\/p>\n\n\n\n<p><\/p>\n\n\n\n<h3 class=\"wp-block-heading\">Monday (2 June)<\/h3>\n\n\n\n<figure class=\"wp-block-table is-style-stripes\"><table class=\"table table-hover\"><tbody><tr><td>9.00<\/td><td>Antti Tamm, Pekka Hein\u00e4m\u00e4ki<\/td><td>TO, UTU<\/td><td>Welcome<\/td><\/tr><tr><td><\/td><td><strong>Clustered Universe<\/strong><\/td><td><\/td><td><\/td><\/tr><tr><td>9.20<\/td><td>Marian Douspis<\/td><td>IAS<\/td><td>Last news from Planck: clusters and reionisation<\/td><\/tr><tr><td>9.40<\/td><td>Alexis Finoguenov<\/td><td>Helsinki University<\/td><td>eROSITA galaxy group catalogs<\/td><\/tr><tr><td>10.00<\/td><td>Teet Kuutma<\/td><td>TO<\/td><td>Alignment of galaxy clusters in the J-PLUS survey<\/td><\/tr><tr><td>10.20<\/td><td><em><strong>Coffee<\/strong><\/em><\/td><td><\/td><td><\/td><\/tr><tr><td><\/td><td><strong>Exotic Universe<\/strong><\/td><td><\/td><td><\/td><\/tr><tr><td>10.40<\/td><td>Manuel Hohmann<\/td><td>UT<\/td><td>Dynamical dark energy and cosmological attractors<\/td><\/tr><tr><td>11.00 <\/td><td>Sof\u00eda Vidal Guzm\u00e1n<\/td><td>UT<\/td><td>Crystallized white dwarfs in scalar-tensor gravity<\/td><\/tr><tr><td>11.20<\/td><td>Lucy Zheng<\/td><td>UT<\/td><td>Dark Matter candidate: Dynamics of Chiral Gravity<\/td><\/tr><tr><td>11.40<\/td><td>Pouya Kouch<\/td><td>UTU<\/td><td>The Wild Hunt for Cosmic High-Energy Neutrino Counterparts<\/td><\/tr><tr><td>12.00<\/td><td><strong><em>Museum and venue overview <\/em><\/strong><\/td><td><\/td><td><\/td><\/tr><tr><td>12.30<\/td><td><em><strong>Lunch<\/strong><\/em><\/td><td><\/td><td><\/td><\/tr><tr><td><\/td><td><strong>Large Universe 1<\/strong><\/td><td><\/td><td><\/td><\/tr><tr><td>14.00<\/td><td>Shishir Sankhyayan<\/td><td>TO<\/td><td>Superclusters and Giant Radio Galaxies<\/td><\/tr><tr><td>14.20<\/td><td>Mousumi Mahato<\/td><td>TO<\/td><td>Interplay of radio galaxies with cosmic web filaments<\/td><\/tr><tr><td>14.40<\/td><td>Jacob Kosowski<\/td><td>Helsinki University<\/td><td>Identifying X-ray\/optical counterparts of galaxy groups using large-scale structure distribution (Hausdorff distances)<\/td><\/tr><tr><td>15.00<\/td><td>Mauri Valtonen<\/td><td>UTU<\/td><td>Sverre Aarseth\u2019s Universe<\/td><\/tr><tr><td>15.20<\/td><td><strong><em>Coffee<\/em><\/strong><\/td><td><\/td><td><\/td><\/tr><tr><td><\/td><td><strong>Galactic Universe 1<\/strong><\/td><td><\/td><td><\/td><\/tr><tr><td>15.40<\/td><td>Kari Nilsson<\/td><td>FINCA<\/td><td>Host galaxy studies of blazars and kindred phenomena<\/td><\/tr><tr><td>16.00<\/td><td>Toni Tuominen<\/td><td>Helsinky University<\/td><td>Changing looks: following AGN evolution through a galaxy merger<\/td><\/tr><tr><td>16.20<\/td><td>Boris Deshev<\/td><td>TO<\/td><td>Mapping DIBs in MANGA galaxies<\/td><\/tr><tr><td>16.40<\/td><td>Panel 1<\/td><td><\/td><td><\/td><\/tr><\/tbody><\/table><\/figure>\n\n\n\n<p><\/p>\n\n\n\n<p><\/p>\n\n\n\n<h3 class=\"wp-block-heading\">Tuesday (3 June)<\/h3>\n\n\n\n<figure class=\"wp-block-table is-style-stripes\"><table class=\"table table-hover\"><tbody><tr><td><\/td><td><strong>Large Universe 2<\/strong><\/td><td><\/td><td><\/td><\/tr><tr><td>9.00<\/td><td>Maret Einasto<\/td><td>TO<\/td><td>TBA<\/td><\/tr><tr><td>9.20<\/td><td>Kelly Kelder<\/td><td>UTU<\/td><td>Brightest cluster galaxy properties and the relaxation of galaxy clusters<\/td><\/tr><tr><td>9.40<\/td><td>Antti Tamm<\/td><td>TO<\/td><td>Improving photo-z accuracy in J-PAS<\/td><\/tr><tr><td>10.00<\/td><td>Jad Mansour<\/td><td>TO<\/td><td>Cosmic voids in J-PAS<\/td><\/tr><tr><td>10.20<\/td><td><strong><em>Coffee<\/em><\/strong><\/td><td><\/td><td><\/td><\/tr><tr><td><\/td><td><strong>Galactic Universe 2<\/strong><\/td><td><\/td><td><\/td><\/tr><tr><td>10.40<\/td><td>Luis Ho<\/td><td>Kavli Institute<\/td><td>Little red dots (<em><mark style=\"background-color:rgba(0, 0, 0, 0)\" class=\"has-inline-color has-red-color\">remote<\/mark><\/em>)<\/td><\/tr><tr><td>11.10<\/td><td>Narek Sahakyan<\/td><td>ICRANet<\/td><td>Artificial Intelligence and astrophysics (<em><mark style=\"background-color:rgba(0, 0, 0, 0)\" class=\"has-inline-color has-red-color\">remote<\/mark><\/em>)<\/td><\/tr><tr><td>11.40<\/td><td>Luis Suelves<\/td><td>TO<\/td><td>Unsupervised Learning in GAMA galaxies<\/td><\/tr><tr><td>12.00<\/td><td>Panel 2<\/td><td><\/td><td><\/td><\/tr><tr><td>12.30<\/td><td><strong><em>Lunch<\/em><\/strong><\/td><td><\/td><td><\/td><\/tr><tr><td><\/td><td><strong>Galactic Universe 3<\/strong><\/td><td><\/td><td><\/td><\/tr><tr><td>14.00<\/td><td>Otto Roos<\/td><td>UTU<\/td><td>Isolated Field Elliptical Galaxies in the IllustrisTNG simulation<\/td><\/tr><tr><td>14.20<\/td><td>Zoe Jones<\/td><td>TO<\/td><td>Studying the relationship between galaxy properties and their environments<\/td><\/tr><tr><td>14.40<\/td><td>Margus Saal<\/td><td>UT<\/td><td>Friedmann cosmology with hyperfluids<\/td><\/tr><tr><td>15.00<\/td><td>Mar\u00eda Jos\u00e9 Guzm\u00e1n Monsalve<\/td><td>UT<\/td><td>Cosmology in f(Q) gravity with nontrivial connections<\/td><\/tr><tr><td>15.20<\/td><td><strong><em>Coffee<\/em><\/strong><\/td><td><\/td><td><\/td><\/tr><tr><td>15.40<\/td><td>Petri V\u00e4is\u00e4nen<\/td><td>FINCA\/UTU<\/td><td>Young massive star clusters in strongly star forming galaxies<\/td><\/tr><tr><td>16.00<\/td><td>Johanna Hartke<\/td><td>FINCA\/Turku Collegium<\/td><td>The fate of ultra-diffuse galaxies in the Hydra I cluster<\/td><\/tr><tr><td>16.20<\/td><td>Grete Sakteos<\/td><td>TO<\/td><td>Tartu Group-Finder: optimised for WAVES<\/td><\/tr><tr><td><\/td><td><em><strong>Football, dinner, sauna<\/strong><\/em><\/td><td><\/td><td><\/td><\/tr><\/tbody><\/table><\/figure>\n\n\n\n<p><\/p>\n\n\n\n<h3 class=\"wp-block-heading\">Wednesday (4 June)<\/h3>\n\n\n\n<figure class=\"wp-block-table is-style-stripes\"><table class=\"table table-hover\"><tbody><tr><td><\/td><td><strong>ICRANet<\/strong><\/td><td><\/td><td><\/td><\/tr><tr><td>9.00<\/td><td>Antti Tamm<\/td><td>TO<\/td><td>ICRANet welcome<\/td><\/tr><tr><td>9.10<\/td><td>Remo Ruffini<\/td><td>ICRANet<\/td><td>Black Holes all over the universe\u00a0<\/td><\/tr><tr><td>9.40<\/td><td>Gregory Vereshchagin<\/td><td>ICRANet<\/td><td>X-fermion as the dark matter of the Universe<\/td><\/tr><tr><td>10.10<\/td><td>Yu Wang<\/td><td>ICRANet<\/td><td>AGN Growth and Quasars from Black Hole formed by \u201cX-Fermion\u201d Dark Matter<\/td><\/tr><tr><td>10.40<\/td><td><strong><em>Coffee<\/em><\/strong><\/td><td><\/td><td><\/td><\/tr><tr><td>11.00<\/td><td>Di Li<\/td><td>Tsinghua University<\/td><td>A Unified Evolutionary Picture of FRBs (<em><mark style=\"background-color:rgba(0, 0, 0, 0)\" class=\"has-inline-color has-red-color\">remote<\/mark><\/em>)<\/td><\/tr><tr><td>11.30<\/td><td>Felix Mirabel<\/td><td>CEA\/IAFE<\/td><td>Black Holes in the Universe grow in the Dark (<em><mark style=\"background-color:rgba(0, 0, 0, 0)\" class=\"has-inline-color has-red-color\">remote<\/mark><\/em>)<\/td><\/tr><tr><td>12.00<\/td><td>Jaan Einasto<\/td><td>TO<\/td><td>Fractality of the Universe<\/td><\/tr><tr><td>12.20<\/td><td>Manel Hohmann<\/td><td>UT<\/td><td>Concluding remarks<\/td><\/tr><tr><td>12.30<\/td><td><strong><em>Lunch<\/em><\/strong><\/td><td><\/td><td><\/td><\/tr><\/tbody><\/table><\/figure>\n","protected":false},"excerpt":{"rendered":"<p>Sunday (1 June) Arrival Monday (2 June) 9.00 Antti Tamm, Pekka Hein\u00e4m\u00e4ki TO, UTU Welcome Clustered Universe 9.20 Marian Douspis IAS Last news from Planck: clusters and reionisation 9.40 Alexis Finoguenov Helsinki University eROSITA galaxy group catalogs 10.00 Teet Kuutma &#8230;<\/p>\n","protected":false},"author":806,"featured_media":0,"parent":0,"menu_order":0,"comment_status":"closed","ping_status":"closed","template":"","meta":{"_acf_changed":false,"inline_featured_image":false,"footnotes":""},"class_list":["post-8","page","type-page","status-publish","hentry"],"acf":[],"_links":{"self":[{"href":"https:\/\/sisu.ut.ee\/tartu-tuorla2025\/wp-json\/wp\/v2\/pages\/8","targetHints":{"allow":["GET"]}}],"collection":[{"href":"https:\/\/sisu.ut.ee\/tartu-tuorla2025\/wp-json\/wp\/v2\/pages"}],"about":[{"href":"https:\/\/sisu.ut.ee\/tartu-tuorla2025\/wp-json\/wp\/v2\/types\/page"}],"author":[{"embeddable":true,"href":"https:\/\/sisu.ut.ee\/tartu-tuorla2025\/wp-json\/wp\/v2\/users\/806"}],"replies":[{"embeddable":true,"href":"https:\/\/sisu.ut.ee\/tartu-tuorla2025\/wp-json\/wp\/v2\/comments?post=8"}],"version-history":[{"count":29,"href":"https:\/\/sisu.ut.ee\/tartu-tuorla2025\/wp-json\/wp\/v2\/pages\/8\/revisions"}],"predecessor-version":[{"id":308,"href":"https:\/\/sisu.ut.ee\/tartu-tuorla2025\/wp-json\/wp\/v2\/pages\/8\/revisions\/308"}],"wp:attachment":[{"href":"https:\/\/sisu.ut.ee\/tartu-tuorla2025\/wp-json\/wp\/v2\/media?parent=8"}],"curies":[{"name":"wp","href":"https:\/\/api.w.org\/{rel}","templated":true}]}}