{"id":8,"date":"2024-04-04T06:17:20","date_gmt":"2024-04-04T03:17:20","guid":{"rendered":"https:\/\/sisu.ut.ee\/sygiskool\/xiii-sugiskooli-ajakava\/"},"modified":"2024-04-04T06:24:25","modified_gmt":"2024-04-04T03:24:25","slug":"xiii-sugiskooli-ajakava","status":"publish","type":"page","link":"https:\/\/sisu.ut.ee\/sygiskool\/xiii-sugiskooli-ajakava\/","title":{"rendered":"XIII s\u00fcgiskooli ajakava"},"content":{"rendered":"<p>\n\t\u00a0\n<\/p>\n<p>\n\t\u00a0\n<\/p>\n<p>\n\t<strong>REEDE, 13. oktoober<\/strong><br>15.00 \u2013 V\u00e4ljas\u00f5it Tartust, Chemicumi eest (Ravila 14a)<br>15.30 \u2013 V\u00e4ljas\u00f5it Tallinnast, TT\u00dc peahoone eest (Ehitajate tee 5)<br>17.00 \u2013 Saabumine, registreerimine, tervitusamps<br>17.50 \u2013 Avas\u00f5na<br><em>Kultuur kui Maa vara sessioon<\/em><br>18.10 \u2013 Valdur Mikita. M\u00fcta-m\u00fcta m\u00fctogeograafia. Kas m\u00fctogeograafia on olemas, tulemas v\u00f5i suremas?<br>18.50 \u2013 M\u00e4rt L\u00e4\u00e4nemets. \u201eNii kaua, kui kestab ilmaruum\u2026\u201c ehk budismi vaatest \u201einimressursile\u201c<br>19.30 \u2013 Arutelu<br>20.00\u2013 \u00d5htus\u00f6\u00f6k<br>21.00 \u2013 \u00d5htune kava (akustiline pala, suhtlus, lauam\u00e4ng)\n<\/p>\n<p>\n\t<br><strong>LAUP\u00c4EV, 14. oktoober<\/strong><br>08.00-09.00 Hommikus\u00f6\u00f6k ja \u00e4rkamine<br><em>Maavara kui Maa vara sessioon<\/em><br>09.00 \u2013 Erik Puura. Tuleviku maavaradest v\u00f5i maavarade tulevikust<br>09.30 \u2013 Kalev Kallemets. Viimasest seisust Geoloogiateenistuse moodustamisel ja 2018. aastaks planeeritavad uuringud<br>10.00 \u2013 V\u00e4ino Puura. Loodusp\u00f5hised lahendused tuleviku heaks \u2013 geoloogia ja geoloogi osa<br>10.20 \u2013 Madis Osjamets. Kaevanduste t\u00e4itmine lendtuha seguga \u0160otimaa n\u00e4itel<br>10.40 \u2013 Kohvipaus<br>11.00 \u2013 Peeter Talviste. Maap\u00f5u kui maatugi \u2013 mida see t\u00e4hendab?<br>11.30 \u2013 Tavo Ani. Kaevandamine kosmoses<br>11.50 \u2013 Kaire Veeperv. Eesti p\u00f5hjavee kasutusotstarbeid, koguseid ja hindu erinevatel aastatel<br>12.10 \u2013 Arutelu<br>12.30 \u2013 L\u00f5unas\u00f6\u00f6k\n<\/p>\n<p>\n\t13.30 \u2013 17.00 Matk looduses, orienteerumine, eesotsas Eduard Pukkonen<br>17.00 \u2013 \u00d5htus\u00f6\u00f6k<br><em>Elustik kui Maa vara sessioon<\/em><br>18.00 \u2013 Aveliina Helm. Elurikkus h\u00fcljatud karj\u00e4\u00e4rialadel<br>18.30 \u2013 Marko Kohv. \u00d6kos\u00fcsteemid teenustest ja soodest<br>19.00 \u2013 Aivo Averin. Mullast ja maailmast<br>19.30 \u2013 Kohvipaus<br>20.00 \u2013 P\u00e4\u00e4rn Paiste. Maa vara uurimine ja kaitse ICP-MC masinaga<br>20.20 \u2013 Elisabeth R\u00e4hn. Raiete m\u00f5just mikroorganismide elustikule<br>20.40 \u2013 Arutelu<br>21.00 \u2013 \u00d5htune kava (saunakivide geoloogia ja Juho Kirs r\u00e4\u00e4kimas Kamt\u0161atka<br>loodusest)\n<\/p>\n<p>\n\t<br><strong>P\u00dcHAP\u00c4EV, 15. oktoober<\/strong><br>08.30 \u2013 Hommikus\u00f6\u00f6k ja \u00e4rkamine<br><em>Inimene kui Maa vara sessioon<\/em><br>09.30 \u2013 Erlend Sild. Putukad kui kasutamata loodusressurss<br>10.00 \u2013 Mare Ainsaar. Kas altruism ja solidaarsus on v\u00f5imalikud, ehk mis juhub, kui ressursse k\u00f5igile ei j\u00e4tku<br>10.30 \u2013 Andres Soosaar. Teaduseetika ja biomeditsiinilised inimuuringud<br>11.00 \u2013 Kohvipaus<br>11.30 \u2013 Peeter H\u00f5rak. Inimkeha kui varandus \u2013 antropomeetrilised andmestikud abiks elutempo evolutsiooni seletamisel<br>12.00 \u2013 J\u00fcri K\u00e4osaar. Noored Kooli<br>12.30 \u2013 Arutelu<br>12.50 \u2013 L\u00f5pps\u00f5na<br>13.00 \u2013 L\u00f5pul\u00f5una<br>14.00 \u2013 Lahkumine Tallinnasse ja Tartusse\n<\/p>\n<p>\n\t\u00a0<\/p>\n","protected":false},"excerpt":{"rendered":"<p>\u00a0 \u00a0 REEDE, 13. oktoober15.00 \u2013 V\u00e4ljas\u00f5it Tartust, Chemicumi eest (Ravila 14a)15.30 \u2013 V\u00e4ljas\u00f5it Tallinnast, TT\u00dc peahoone eest (Ehitajate tee 5)17.00 \u2013 Saabumine, registreerimine, tervitusamps17.50 \u2013 Avas\u00f5naKultuur kui Maa vara sessioon18.10 \u2013 Valdur Mikita. M\u00fcta-m\u00fcta m\u00fctogeograafia. Kas m\u00fctogeograafia on olemas, &#8230;<\/p>\n","protected":false},"author":219,"featured_media":0,"parent":0,"menu_order":0,"comment_status":"closed","ping_status":"closed","template":"","meta":{"_acf_changed":false,"inline_featured_image":false,"footnotes":""},"class_list":["post-8","page","type-page","status-publish","hentry"],"acf":[],"_links":{"self":[{"href":"https:\/\/sisu.ut.ee\/sygiskool\/wp-json\/wp\/v2\/pages\/8","targetHints":{"allow":["GET"]}}],"collection":[{"href":"https:\/\/sisu.ut.ee\/sygiskool\/wp-json\/wp\/v2\/pages"}],"about":[{"href":"https:\/\/sisu.ut.ee\/sygiskool\/wp-json\/wp\/v2\/types\/page"}],"author":[{"embeddable":true,"href":"https:\/\/sisu.ut.ee\/sygiskool\/wp-json\/wp\/v2\/users\/219"}],"replies":[{"embeddable":true,"href":"https:\/\/sisu.ut.ee\/sygiskool\/wp-json\/wp\/v2\/comments?post=8"}],"version-history":[{"count":1,"href":"https:\/\/sisu.ut.ee\/sygiskool\/wp-json\/wp\/v2\/pages\/8\/revisions"}],"predecessor-version":[{"id":436,"href":"https:\/\/sisu.ut.ee\/sygiskool\/wp-json\/wp\/v2\/pages\/8\/revisions\/436"}],"wp:attachment":[{"href":"https:\/\/sisu.ut.ee\/sygiskool\/wp-json\/wp\/v2\/media?parent=8"}],"curies":[{"name":"wp","href":"https:\/\/api.w.org\/{rel}","templated":true}]}}