{"id":612,"date":"2025-09-15T14:17:25","date_gmt":"2025-09-15T11:17:25","guid":{"rendered":"https:\/\/sisu.ut.ee\/sygiskool\/?page_id=612"},"modified":"2025-10-23T16:12:56","modified_gmt":"2025-10-23T13:12:56","slug":"xxi-geoloogia-sugiskool","status":"publish","type":"page","link":"https:\/\/sisu.ut.ee\/sygiskool\/xxi-geoloogia-sugiskool\/","title":{"rendered":"XXI geoloogia s\u00fcgiskool"},"content":{"rendered":"<p>XXI geoloogia s\u00fcgiskool <strong>\u201cAjahoidla\u201d<\/strong> toimus 18.-19. oktoobril 2025 Arbaveres.<br><br><br>Toimunud \u00fcrituse pildigalerii leiad <a href=\"https:\/\/www.flickr.com\/gp\/liisibrett\/h2p6q617Z8\">siit<\/a>.<br><\/p>\n\n\n\n<figure class=\"wp-block-image size-full\"><img loading=\"lazy\" decoding=\"async\" width=\"1023\" height=\"681\" src=\"https:\/\/sisu.ut.ee\/wp-content\/uploads\/sites\/447\/54869288676_ed5e8af665_b.jpg\" alt=\"\" class=\"wp-image-735\" srcset=\"https:\/\/sisu.ut.ee\/wp-content\/uploads\/sites\/447\/54869288676_ed5e8af665_b.jpg 1023w, https:\/\/sisu.ut.ee\/wp-content\/uploads\/sites\/447\/54869288676_ed5e8af665_b-300x200.jpg 300w, https:\/\/sisu.ut.ee\/wp-content\/uploads\/sites\/447\/54869288676_ed5e8af665_b-768x511.jpg 768w\" sizes=\"auto, (max-width: 1023px) 100vw, 1023px\"><\/figure>\n\n\n\n<p>XXI geoloogia s\u00fcgiskooli osalejad. Foto: Liisi Brett<\/p>\n\n\n\n<p><\/p>\n\n\n\n<figure class=\"wp-block-image size-full is-resized\"><img loading=\"lazy\" decoding=\"async\" width=\"940\" height=\"788\" src=\"https:\/\/sisu.ut.ee\/wp-content\/uploads\/sites\/447\/Ajakava_FINAL.png\" alt=\"\" class=\"wp-image-718\" style=\"width:769px;height:auto\" srcset=\"https:\/\/sisu.ut.ee\/wp-content\/uploads\/sites\/447\/Ajakava_FINAL.png 940w, https:\/\/sisu.ut.ee\/wp-content\/uploads\/sites\/447\/Ajakava_FINAL-300x251.png 300w, https:\/\/sisu.ut.ee\/wp-content\/uploads\/sites\/447\/Ajakava_FINAL-768x644.png 768w\" sizes=\"auto, (max-width: 940px) 100vw, 940px\"><\/figure>\n\n\n\n<p>Arbavere v\u00e4libaas. Foto: Peeter Paaver<\/p>\n\n\n\n<p><\/p>\n\n\n\n<p>XXI geoloogia s\u00fcgiskooli toimumist toetasid:<br><a href=\"https:\/\/www.egt.ee\/\" target=\"_blank\" rel=\"noreferrer noopener\">Eesti Geoloogiateenistus<\/a>\u00a0<br><a href=\"https:\/\/omi.ut.ee\/et\" target=\"_blank\" rel=\"noreferrer noopener\">Tartu \u00dclikooli \u00f6koloogia ja maateaduste instituut<\/a>\u00a0<br><a href=\"https:\/\/geoloogia.ut.ee\/et\" target=\"_blank\" rel=\"noreferrer noopener\">Tartu \u00dclikooli geoloogia osakond<\/a>\u00a0<br><a href=\"https:\/\/sisu.ut.ee\/gys\/\" target=\"_blank\" rel=\"noreferrer noopener\">Geoteaduste \u00dcli\u00f5pilaste Selts<\/a>\u00a0<\/p>\n\n\n\n<p><\/p>\n\n\n\n<p><\/p>\n","protected":false},"excerpt":{"rendered":"<p>XXI geoloogia s\u00fcgiskool \u201cAjahoidla\u201d toimus 18.-19. oktoobril 2025 Arbaveres. Toimunud \u00fcrituse pildigalerii leiad siit. XXI geoloogia s\u00fcgiskooli osalejad. Foto: Liisi Brett Arbavere v\u00e4libaas. Foto: Peeter Paaver XXI geoloogia s\u00fcgiskooli toimumist toetasid:Eesti Geoloogiateenistus\u00a0Tartu \u00dclikooli \u00f6koloogia ja maateaduste instituut\u00a0Tartu \u00dclikooli geoloogia osakond\u00a0Geoteaduste &#8230;<\/p>\n","protected":false},"author":786,"featured_media":0,"parent":0,"menu_order":0,"comment_status":"closed","ping_status":"closed","template":"","meta":{"_acf_changed":false,"inline_featured_image":false,"footnotes":""},"class_list":["post-612","page","type-page","status-publish","hentry"],"acf":[],"_links":{"self":[{"href":"https:\/\/sisu.ut.ee\/sygiskool\/wp-json\/wp\/v2\/pages\/612","targetHints":{"allow":["GET"]}}],"collection":[{"href":"https:\/\/sisu.ut.ee\/sygiskool\/wp-json\/wp\/v2\/pages"}],"about":[{"href":"https:\/\/sisu.ut.ee\/sygiskool\/wp-json\/wp\/v2\/types\/page"}],"author":[{"embeddable":true,"href":"https:\/\/sisu.ut.ee\/sygiskool\/wp-json\/wp\/v2\/users\/786"}],"replies":[{"embeddable":true,"href":"https:\/\/sisu.ut.ee\/sygiskool\/wp-json\/wp\/v2\/comments?post=612"}],"version-history":[{"count":27,"href":"https:\/\/sisu.ut.ee\/sygiskool\/wp-json\/wp\/v2\/pages\/612\/revisions"}],"predecessor-version":[{"id":737,"href":"https:\/\/sisu.ut.ee\/sygiskool\/wp-json\/wp\/v2\/pages\/612\/revisions\/737"}],"wp:attachment":[{"href":"https:\/\/sisu.ut.ee\/sygiskool\/wp-json\/wp\/v2\/media?parent=612"}],"curies":[{"name":"wp","href":"https:\/\/api.w.org\/{rel}","templated":true}]}}