{"id":501,"date":"2024-09-12T10:51:00","date_gmt":"2024-09-12T07:51:00","guid":{"rendered":"https:\/\/sisu.ut.ee\/sygiskool\/?page_id=501"},"modified":"2024-10-24T13:56:49","modified_gmt":"2024-10-24T10:56:49","slug":"xx-sugiskooli-ajakava","status":"publish","type":"page","link":"https:\/\/sisu.ut.ee\/sygiskool\/xx-sugiskooli-ajakava\/","title":{"rendered":"XX s\u00fcgiskooli ajakava"},"content":{"rendered":"<p><strong>XX geoloogia s\u00fcgiskooli ajakava<\/strong><\/p>\n\n\n\n<p><\/p>\n\n\n\n<p><\/p>\n\n\n\n<p><strong>Reede, 11. oktoober<\/strong><\/p>\n\n\n\n<p>13.00 \u2013 buss Taevaskotta (v\u00e4ljub Ravila 14A eest)<\/p>\n\n\n\n<p>13.30 \u2013 saabumine, registreerimine<\/p>\n\n\n\n<p>14.00 \u2013 l\u00f5una<\/p>\n\n\n\n<p>15.00 \u2013 sissejuhatus, ettekanded<\/p>\n\n\n\n<ul class=\"wp-block-list\">\n<li>Erik Puura \u201cGeoloogia roll eile, t\u00e4na ja homme\u201d<\/li>\n\n\n\n<li>Tarmo All \u201cKas tuumaenergial on alternatiive: 13 aastat hiljem!\u201d<\/li>\n\n\n\n<li>Denis Pavlov \u201cLahinguruumi luurealane ettevalmistus\u201d<\/li>\n<\/ul>\n\n\n\n<p>16.15 \u2013 sirutuspaus<\/p>\n\n\n\n<p>16.30 \u2013 ettekanded<\/p>\n\n\n\n<ul class=\"wp-block-list\">\n<li>Andres Reimann \u201cTeaduse populariseerimine\u201d<\/li>\n\n\n\n<li>Alar Rosentau \u201cMerevee taseme ja rannajoone p\u00e4rastj\u00e4\u00e4aegsete muutuste uuringutest L\u00e4\u00e4nemere idaosas\u201d<\/li>\n\n\n\n<li>Alvar Soesoo \u201cGeoloogia \u00fchiskondlike formatsioonide tu(u)les\u201d<\/li>\n<\/ul>\n\n\n\n<p>18.00 \u2013 \u00f5htus\u00f6\u00f6k<\/p>\n\n\n\n<p>19.30 \u2013 \u00f5htune programm<\/p>\n\n\n\n<ul class=\"wp-block-list\">\n<li>Eduard Pukkonen \u201cPraktikumidest siis: Kamt\u0161atka\u201d<\/li>\n\n\n\n<li>Richard Pihel \u201cPraktikumidest praegu: Jordaania\u201d<\/li>\n<\/ul>\n\n\n\n<p><\/p>\n\n\n\n<p><\/p>\n\n\n\n<p><strong>Laup\u00e4ev, 12. oktoober<\/strong><\/p>\n\n\n\n<p>8.30 \u2013 hommikus\u00f6\u00f6k<\/p>\n\n\n\n<p>09.30 \u2013 ettekanded<\/p>\n\n\n\n<ul class=\"wp-block-list\">\n<li>Olavi Tammem\u00e4e \u201cKuidas sobituvad kokku rohep\u00f6\u00f6re, energeetika ja riigikaitse\u201d<\/li>\n\n\n\n<li>Tavo Ani \u201cGeoloogilise kaardistamise tulevikust 3D suunaga\u201d<\/li>\n\n\n\n<li>J\u00fcri Plado \u201cMeteoriitika l\u00fchiajalugu\u201d<\/li>\n\n\n\n<li>Olle Hints \u201cStratigraafiast siis ja praegu\u201d<\/li>\n<\/ul>\n\n\n\n<p>11.30 \u2013 sirutuspaus<\/p>\n\n\n\n<p>12.00 \u2013 ettekanded<\/p>\n\n\n\n<ul class=\"wp-block-list\">\n<li>Martin Liira \u201cMerep\u00f5hja kaevandamine: kellele kuulub merep\u00f5hi?\u201d<\/li>\n\n\n\n<li>Raul Paat \u201cSoode olukorrast Eestis\u201d<\/li>\n\n\n\n<li>Ants Vain \u201cEesti Geoloogiateenistus kui geoloogiliste andmete s\u00e4ilitajana\u201d<\/li>\n\n\n\n<li>Johannes Vind \u201cEesti fosforiidiuuringute minevik ja olevik\u201d<\/li>\n<\/ul>\n\n\n\n<p>14.00 \u2013 l\u00f5una<\/p>\n\n\n\n<p>15.00 \u2013 modereeritud arutelu<\/p>\n\n\n\n<p>16.00 \u2013 Taevaskoja geom\u00e4ngud<\/p>\n\n\n\n<p>18.00 \u2013 \u00f5htus\u00f6\u00f6k<\/p>\n\n\n\n<p>19.30 \u2013 \u00f5htune programm ja saun<\/p>\n\n\n\n<p><\/p>\n\n\n\n<p><\/p>\n\n\n\n<p><\/p>\n\n\n\n<p><strong>P\u00fchap\u00e4ev, 13. oktoober<\/strong><\/p>\n\n\n\n<p>8.30 \u2013 hommikus\u00f6\u00f6k<\/p>\n\n\n\n<p>9.30 \u2013 hommikune virgutus, asjad tubades kokku<\/p>\n\n\n\n<p>11.00 \u2013 ettekanded<\/p>\n\n\n\n<ul class=\"wp-block-list\">\n<li>Eelika Kiil \u201cKeemiline murenemine ja paleokeskkonna uuringud\u201d<\/li>\n\n\n\n<li>Kristo Oks \u201cArheometallurgiast ja rauasulatamisest\u201d<\/li>\n\n\n\n<li>Maaria Semm \u201cMaakasutuse muutustest kaitsealadel\u201d<\/li>\n<\/ul>\n\n\n\n<p>13.00 \u2013 l\u00f5pps\u00f5na, grupipilt<\/p>\n\n\n\n<p>13.30 \u2013 l\u00f5una<\/p>\n\n\n\n<p>14.30 \u2013 kojus\u00f5it<\/p>\n\n\n\n<p><\/p>\n\n\n\n<p><\/p>\n\n\n\n<p><\/p>\n\n\n\n<p><\/p>\n\n\n\n<p><\/p>\n\n\n\n<p><strong>NB! Korraldajad j\u00e4tavad endale \u00f5iguse teha ajakavas muudatusi.<\/strong><\/p>\n","protected":false},"excerpt":{"rendered":"<p>XX geoloogia s\u00fcgiskooli ajakava Reede, 11. oktoober 13.00 \u2013 buss Taevaskotta (v\u00e4ljub Ravila 14A eest) 13.30 \u2013 saabumine, registreerimine 14.00 \u2013 l\u00f5una 15.00 \u2013 sissejuhatus, ettekanded 16.15 \u2013 sirutuspaus 16.30 \u2013 ettekanded 18.00 \u2013 \u00f5htus\u00f6\u00f6k 19.30 \u2013 \u00f5htune programm Laup\u00e4ev, &#8230;<\/p>\n","protected":false},"author":334,"featured_media":0,"parent":0,"menu_order":0,"comment_status":"closed","ping_status":"closed","template":"","meta":{"_acf_changed":false,"inline_featured_image":false,"footnotes":""},"class_list":["post-501","page","type-page","status-publish","hentry"],"acf":[],"_links":{"self":[{"href":"https:\/\/sisu.ut.ee\/sygiskool\/wp-json\/wp\/v2\/pages\/501","targetHints":{"allow":["GET"]}}],"collection":[{"href":"https:\/\/sisu.ut.ee\/sygiskool\/wp-json\/wp\/v2\/pages"}],"about":[{"href":"https:\/\/sisu.ut.ee\/sygiskool\/wp-json\/wp\/v2\/types\/page"}],"author":[{"embeddable":true,"href":"https:\/\/sisu.ut.ee\/sygiskool\/wp-json\/wp\/v2\/users\/334"}],"replies":[{"embeddable":true,"href":"https:\/\/sisu.ut.ee\/sygiskool\/wp-json\/wp\/v2\/comments?post=501"}],"version-history":[{"count":15,"href":"https:\/\/sisu.ut.ee\/sygiskool\/wp-json\/wp\/v2\/pages\/501\/revisions"}],"predecessor-version":[{"id":585,"href":"https:\/\/sisu.ut.ee\/sygiskool\/wp-json\/wp\/v2\/pages\/501\/revisions\/585"}],"wp:attachment":[{"href":"https:\/\/sisu.ut.ee\/sygiskool\/wp-json\/wp\/v2\/media?parent=501"}],"curies":[{"name":"wp","href":"https:\/\/api.w.org\/{rel}","templated":true}]}}