{"id":4,"date":"2024-04-04T06:17:19","date_gmt":"2024-04-04T03:17:19","guid":{"rendered":"https:\/\/sisu.ut.ee\/sygiskool\/xv-sugiskooli-ajakava\/"},"modified":"2024-04-04T06:24:25","modified_gmt":"2024-04-04T03:24:25","slug":"xv-sugiskooli-ajakava","status":"publish","type":"page","link":"https:\/\/sisu.ut.ee\/sygiskool\/xv-sugiskooli-ajakava\/","title":{"rendered":"XV s\u00fcgiskooli ajakava"},"content":{"rendered":"<p>\n\t\u00a0\n<\/p>\n<p>\n\t<strong>18. OKTOOBER<\/strong><br>10:45 V\u00e4lja\u00f5it Tallinnast<br>\u00a08:45 V\u00e4ljas\u00f5it Tartust<br>12:30 Saabumine Rohuk\u00fclla<br>13:00 Praam (toitumine praami kohvikus omal kulul)<br>14:45 Saabumine K\u00e4rdla kultuurimajja, registreerumine, tervitusamps<br>15:20 Avas\u00f5na<br>15:30 K\u00e4rt Paiste \u2013 Maa atmosf\u00e4\u00e4ri kujunemine ja koostis<br>16:10 Sigrid Soomer \u2013 \u00dcks hetk Maa atmosf\u00e4\u00e4ri kujunemisel 2.5Ga tagasi<br>16:30 Timmu Kreitsmann \u2013 Keskkonnamuutused Maa algusaegadel<br>16:50 Kohvipaus<br>17:00 Oive Tinn \u2013 Paleosoikumi kliima<br>17:40 Siim Veski \u2013 Kliimadiskussioon ja taksojuht<br>18:20 Soovijad saavad vahepeal asjad majutuskohtadesse viia<br>19:30 \u00d5htus\u00f6\u00f6k<br>21:00 \u00d5htune kava: T\u00f5nn Paiste \u2013 Siberi reisijutud<br>23:00 Transport majutuskohtadesse\n<\/p>\n<p>\n\t<br><strong>19. OKTOOBER<\/strong><br>8:00 Hommikus\u00f6\u00f6k<br>9:00 Transport kultuurimajja<br>9:20 Lauri Laanisto \u2013 Taimede funktsionaalsed tunnused kivististes, ja kuidas nende abil paleo\u00f6koloogiat teha<br>10:00 Kalle Olli \u2013 Kliimavetikad<br>10:40 Mait Sepp \u2013 Milline on ilm 19. oktoobril 2099?<br>11:20 Kohvipaus\n<\/p>\n<p>\n\t11:45 Tarmo Soomere \u2013 L\u00e4\u00e4nemere idaranniku veetaseme paeluvad mustrid<br>12:25 Enn Kaup \u2013 Antarktise eripalgelised j\u00e4rved \u00e4\u00e4rmuslikus kliimas: seisund ja muutuste perspektiiv<br>13:05 L\u00f5unas\u00f6\u00f6k<br>14:00 Ekskursioon Hiiumaal<br>18:00 \u00d5htus\u00f6\u00f6k<br>19:00 T\u00f5nu Viik \u2013 Kliima teistel planeetidel<br>19:40 Kalle Kirsim\u00e4e \u2013 Kliima piirid<br>20:20 Kohvipaus<br>21:00 \u00d5htune kava: Enn Kaup \u2013 Eestlaste osas Antarktika teadusuuringutes<br>23:00 Transport majutuskohtadesse\n<\/p>\n<p>\n\t<br><strong>20. OKTOOBER<\/strong><br>\u00a08:00 Hommikus\u00f6\u00f6k, asjade pakkimine<br>10:40 Transport kultuurimajja<br>10:00 Martin Liira \u2013 Metaani ilmingud Arktika merep\u00f5hjasetetes<br>10:40 Piia Post \u2013 \u00d5hutemperatuuri tolerants ja kliima muutlikkus<br>11:20 Valle Raidla \u2013 Kliima s\u00f5rmej\u00e4ljed Eesti p\u00f5hjavees<br>12:05 L\u00f5pps\u00f5na, pildistamine, tagasiside<br>12:30 L\u00f5pul\u00f5una<br>14:00 Hiliseim lahkumine majutuskohtadest<br>14:30 Praam<br>15:45 Rohuk\u00fclas<br>17:15 Tallinnas<br>19:15 Tartus<\/p>\n","protected":false},"excerpt":{"rendered":"<p>\u00a0 18. OKTOOBER10:45 V\u00e4lja\u00f5it Tallinnast\u00a08:45 V\u00e4ljas\u00f5it Tartust12:30 Saabumine Rohuk\u00fclla13:00 Praam (toitumine praami kohvikus omal kulul)14:45 Saabumine K\u00e4rdla kultuurimajja, registreerumine, tervitusamps15:20 Avas\u00f5na15:30 K\u00e4rt Paiste \u2013 Maa atmosf\u00e4\u00e4ri kujunemine ja koostis16:10 Sigrid Soomer \u2013 \u00dcks hetk Maa atmosf\u00e4\u00e4ri kujunemisel 2.5Ga tagasi16:30 Timmu &#8230;<\/p>\n","protected":false},"author":219,"featured_media":0,"parent":0,"menu_order":0,"comment_status":"closed","ping_status":"closed","template":"","meta":{"_acf_changed":false,"inline_featured_image":false,"footnotes":""},"class_list":["post-4","page","type-page","status-publish","hentry"],"acf":[],"_links":{"self":[{"href":"https:\/\/sisu.ut.ee\/sygiskool\/wp-json\/wp\/v2\/pages\/4","targetHints":{"allow":["GET"]}}],"collection":[{"href":"https:\/\/sisu.ut.ee\/sygiskool\/wp-json\/wp\/v2\/pages"}],"about":[{"href":"https:\/\/sisu.ut.ee\/sygiskool\/wp-json\/wp\/v2\/types\/page"}],"author":[{"embeddable":true,"href":"https:\/\/sisu.ut.ee\/sygiskool\/wp-json\/wp\/v2\/users\/219"}],"replies":[{"embeddable":true,"href":"https:\/\/sisu.ut.ee\/sygiskool\/wp-json\/wp\/v2\/comments?post=4"}],"version-history":[{"count":1,"href":"https:\/\/sisu.ut.ee\/sygiskool\/wp-json\/wp\/v2\/pages\/4\/revisions"}],"predecessor-version":[{"id":440,"href":"https:\/\/sisu.ut.ee\/sygiskool\/wp-json\/wp\/v2\/pages\/4\/revisions\/440"}],"wp:attachment":[{"href":"https:\/\/sisu.ut.ee\/sygiskool\/wp-json\/wp\/v2\/media?parent=4"}],"curies":[{"name":"wp","href":"https:\/\/api.w.org\/{rel}","templated":true}]}}