{"id":3,"date":"2024-04-04T06:17:19","date_gmt":"2024-04-04T03:17:19","guid":{"rendered":"https:\/\/sisu.ut.ee\/sygiskool\/xv-geoloogia-sugiskool\/"},"modified":"2024-09-14T17:53:38","modified_gmt":"2024-09-14T14:53:38","slug":"xv-geoloogia-sugiskool","status":"publish","type":"page","link":"https:\/\/sisu.ut.ee\/sygiskool\/xv-geoloogia-sugiskool\/","title":{"rendered":"XV geoloogia s\u00fcgiskool"},"content":{"rendered":"<p style=\"text-align: justify;\"><img loading=\"lazy\" decoding=\"async\" width=\"215\" height=\"300\" class=\"alignnone wp-image-27\" style=\"float: right; width: 215px; height: 300px; margin: 15px;\" title=\"xv_logo.jpg\" src=\"https:\/\/sisu.ut.ee\/wp-content\/uploads\/sites\/447\/xv_logo.jpg\" alt=\"XV s\u00fcgiskooli logo\"><\/p>\n<p style=\"text-align: justify;\">\n<\/p><p style=\"text-align: justify;\">XV geoloogia s\u00fcgsikool toimus\u00a0<strong>18.-20. oktoobril 2019 Hiiumaal\u00a0K\u00e4rdla<\/strong><strong> kultuurikeskuses.<\/strong><\/p>\n<p style=\"text-align: justify;\">\nS\u00fcgiskooli l\u00e4bivaks teemaks oli\u00a0<strong>KLIIMA<\/strong>, mida avati kolmes suunas \u2013 vaadates geoloogilisse minevikku, uurides t\u00e4nap\u00e4evast olukorda ning p\u00fc\u00fcdes arutleda ka selle \u00fcle, mida v\u00f5iks tulevik meile tuua.<\/p>\n<p style=\"text-align: justify;\">S\u00fcgiskooli asjaliku vahepalana toimus ekskursioon \u00fcmbruskonna p\u00f5nevatesse geoloogilisesse paikadesse.<\/p>\n<p style=\"text-align: justify;\">\n<\/p><p style=\"text-align: justify;\">XV geoloogia s\u00fcgiskooli kogumiku leiate <a title=\"XV Schola Geologica\" href=\"https:\/\/sisu.ut.ee\/wp-content\/uploads\/sites\/447\/schola_geologica_xv_2019.pdf\" target=\"_blank\" rel=\"noopener\" data-url=\"https:\/\/sisu.ut.ee\/wp-content\/uploads\/sites\/447\/schola_geologica_xv_2019.pdf\">siit<\/a>.<\/p>\n<p style=\"text-align: justify;\">\n<\/p><hr>\n<p>Vaata XV geoloogia s\u00fcgiskooli <a title=\"\" href=\"https:\/\/sisu.ut.ee\/sygiskool\/xv-sugiskooli-pildid\/\" target=\"_blank\" rel=\"noopener\" data-url=\"https:\/\/sisu.ut.ee\/sygiskool\/galleries\/xv-s%C3%BCgiskooli-pildid\">galeriid<\/a>.<\/p>\n","protected":false},"excerpt":{"rendered":"<p>XV geoloogia s\u00fcgsikool toimus\u00a018.-20. oktoobril 2019 Hiiumaal\u00a0K\u00e4rdla kultuurikeskuses. S\u00fcgiskooli l\u00e4bivaks teemaks oli\u00a0KLIIMA, mida avati kolmes suunas \u2013 vaadates geoloogilisse minevikku, uurides t\u00e4nap\u00e4evast olukorda ning p\u00fc\u00fcdes arutleda ka selle \u00fcle, mida v\u00f5iks tulevik meile tuua. S\u00fcgiskooli asjaliku vahepalana toimus ekskursioon \u00fcmbruskonna &#8230;<\/p>\n","protected":false},"author":219,"featured_media":0,"parent":0,"menu_order":0,"comment_status":"closed","ping_status":"closed","template":"","meta":{"_acf_changed":false,"inline_featured_image":false,"footnotes":""},"class_list":["post-3","page","type-page","status-publish","hentry"],"acf":[],"_links":{"self":[{"href":"https:\/\/sisu.ut.ee\/sygiskool\/wp-json\/wp\/v2\/pages\/3","targetHints":{"allow":["GET"]}}],"collection":[{"href":"https:\/\/sisu.ut.ee\/sygiskool\/wp-json\/wp\/v2\/pages"}],"about":[{"href":"https:\/\/sisu.ut.ee\/sygiskool\/wp-json\/wp\/v2\/types\/page"}],"author":[{"embeddable":true,"href":"https:\/\/sisu.ut.ee\/sygiskool\/wp-json\/wp\/v2\/users\/219"}],"replies":[{"embeddable":true,"href":"https:\/\/sisu.ut.ee\/sygiskool\/wp-json\/wp\/v2\/comments?post=3"}],"version-history":[{"count":2,"href":"https:\/\/sisu.ut.ee\/sygiskool\/wp-json\/wp\/v2\/pages\/3\/revisions"}],"predecessor-version":[{"id":538,"href":"https:\/\/sisu.ut.ee\/sygiskool\/wp-json\/wp\/v2\/pages\/3\/revisions\/538"}],"wp:attachment":[{"href":"https:\/\/sisu.ut.ee\/sygiskool\/wp-json\/wp\/v2\/media?parent=3"}],"curies":[{"name":"wp","href":"https:\/\/api.w.org\/{rel}","templated":true}]}}