{"id":25,"date":"2024-04-04T06:17:21","date_gmt":"2024-04-04T03:17:21","guid":{"rendered":"https:\/\/sisu.ut.ee\/sygiskool\/jargmine-sugiskool\/"},"modified":"2024-10-25T11:22:03","modified_gmt":"2024-10-25T08:22:03","slug":"jargmine-sugiskool","status":"publish","type":"page","link":"https:\/\/sisu.ut.ee\/sygiskool\/jargmine-sugiskool\/","title":{"rendered":"XX geoloogia s\u00fcgiskool"},"content":{"rendered":"<p>XX geoloogia s\u00fcgiskool <strong>\u201cGeoloogia siis ja praegu\u201d <\/strong>toimus 11.-13. oktoobril 2024 Taevaskojas.<\/p>\n<p>Tuletasime \u00fcheskoos meelde, kust me tuleme ja kuhu oleme t\u00e4naseks j\u00f5udnud. Ja nagu ikka veidi ka sellest, kuhu siis edasi?<\/p>\n<div>\n<p>Pildigalerii toimunud s\u00fcgiskoolist leiab<a href=\"https:\/\/photos.app.goo.gl\/oSxQjfJeuh6J71Eo7\"> siit.<\/a><\/p>\n<p><span style=\"font-weight: var(--bs-body-font-weight); text-align: var(--bs-body-text-align);\">Kohtumiseni juba j\u00e4rgmises s\u00fcgiskoolis!<\/span><\/p>\n<\/div>\n<div class=\"x_elementToProof\"><img loading=\"lazy\" decoding=\"async\" class=\"alignnone  wp-image-604\" src=\"https:\/\/sisu.ut.ee\/wp-content\/uploads\/sites\/447\/SK_grupipilt_2024-scaled.jpeg\" alt=\"\" width=\"620\" height=\"465\" srcset=\"https:\/\/sisu.ut.ee\/wp-content\/uploads\/sites\/447\/SK_grupipilt_2024-scaled.jpeg 2560w, https:\/\/sisu.ut.ee\/wp-content\/uploads\/sites\/447\/SK_grupipilt_2024-300x225.jpeg 300w, https:\/\/sisu.ut.ee\/wp-content\/uploads\/sites\/447\/SK_grupipilt_2024-1024x768.jpeg 1024w, https:\/\/sisu.ut.ee\/wp-content\/uploads\/sites\/447\/SK_grupipilt_2024-768x576.jpeg 768w, https:\/\/sisu.ut.ee\/wp-content\/uploads\/sites\/447\/SK_grupipilt_2024-1536x1152.jpeg 1536w, https:\/\/sisu.ut.ee\/wp-content\/uploads\/sites\/447\/SK_grupipilt_2024-2048x1536.jpeg 2048w, https:\/\/sisu.ut.ee\/wp-content\/uploads\/sites\/447\/SK_grupipilt_2024-1920x1440.jpeg 1920w\" sizes=\"auto, (max-width: 620px) 100vw, 620px\"><\/div>\n<div>Foto: Krete Roop\u00f5ld<\/div>\n<div>\n<div><\/div>\n<\/div>\n<div><\/div>\n","protected":false},"excerpt":{"rendered":"<p>XX geoloogia s\u00fcgiskool \u201cGeoloogia siis ja praegu\u201d toimus 11.-13. oktoobril 2024 Taevaskojas. Tuletasime \u00fcheskoos meelde, kust me tuleme ja kuhu oleme t\u00e4naseks j\u00f5udnud. Ja nagu ikka veidi ka sellest, kuhu siis edasi? Pildigalerii toimunud s\u00fcgiskoolist leiab siit. Kohtumiseni juba j\u00e4rgmises &#8230;<\/p>\n","protected":false},"author":219,"featured_media":0,"parent":0,"menu_order":0,"comment_status":"closed","ping_status":"closed","template":"","meta":{"_acf_changed":false,"inline_featured_image":false,"footnotes":""},"class_list":["post-25","page","type-page","status-publish","hentry"],"acf":[],"_links":{"self":[{"href":"https:\/\/sisu.ut.ee\/sygiskool\/wp-json\/wp\/v2\/pages\/25","targetHints":{"allow":["GET"]}}],"collection":[{"href":"https:\/\/sisu.ut.ee\/sygiskool\/wp-json\/wp\/v2\/pages"}],"about":[{"href":"https:\/\/sisu.ut.ee\/sygiskool\/wp-json\/wp\/v2\/types\/page"}],"author":[{"embeddable":true,"href":"https:\/\/sisu.ut.ee\/sygiskool\/wp-json\/wp\/v2\/users\/219"}],"replies":[{"embeddable":true,"href":"https:\/\/sisu.ut.ee\/sygiskool\/wp-json\/wp\/v2\/comments?post=25"}],"version-history":[{"count":16,"href":"https:\/\/sisu.ut.ee\/sygiskool\/wp-json\/wp\/v2\/pages\/25\/revisions"}],"predecessor-version":[{"id":605,"href":"https:\/\/sisu.ut.ee\/sygiskool\/wp-json\/wp\/v2\/pages\/25\/revisions\/605"}],"wp:attachment":[{"href":"https:\/\/sisu.ut.ee\/sygiskool\/wp-json\/wp\/v2\/media?parent=25"}],"curies":[{"name":"wp","href":"https:\/\/api.w.org\/{rel}","templated":true}]}}