{"id":24,"date":"2024-04-04T06:17:21","date_gmt":"2024-04-04T03:17:21","guid":{"rendered":"https:\/\/sisu.ut.ee\/sygiskool\/xvi-geoloogia-sugiskool\/"},"modified":"2024-04-04T06:24:24","modified_gmt":"2024-04-04T03:24:24","slug":"xvi-geoloogia-sugiskool","status":"publish","type":"page","link":"https:\/\/sisu.ut.ee\/sygiskool\/xvi-geoloogia-sugiskool\/","title":{"rendered":"XVI geoloogia s\u00fcgiskool"},"content":{"rendered":"<p>\n\t\u00a0\n<\/p>\n<p style=\"text-align: justify\">\n\tSeekord toimusid XLVI Teoreetilise Bioloogia kevadkool ning XVI Geoloogia<img loading=\"lazy\" decoding=\"async\" width=\"2017\" height=\"2560\" class=\"alignnone wp-image-43\" style=\"float:right;width:180px;height:218px;margin:15px\" src=\"https:\/\/sisu.ut.ee\/wp-content\/uploads\/sites\/447\/xvi_logo-scaled.jpg\" title=\"xvi_logo.jpg\" alt=\"XVI s\u00fcgiskooli logo\" srcset=\"https:\/\/sisu.ut.ee\/wp-content\/uploads\/sites\/447\/xvi_logo-scaled.jpg 2017w, https:\/\/sisu.ut.ee\/wp-content\/uploads\/sites\/447\/xvi_logo-236x300.jpg 236w, https:\/\/sisu.ut.ee\/wp-content\/uploads\/sites\/447\/xvi_logo-807x1024.jpg 807w, https:\/\/sisu.ut.ee\/wp-content\/uploads\/sites\/447\/xvi_logo-768x975.jpg 768w, https:\/\/sisu.ut.ee\/wp-content\/uploads\/sites\/447\/xvi_logo-1210x1536.jpg 1210w, https:\/\/sisu.ut.ee\/wp-content\/uploads\/sites\/447\/xvi_logo-1613x2048.jpg 1613w, https:\/\/sisu.ut.ee\/wp-content\/uploads\/sites\/447\/xvi_logo-1920x2437.jpg 1920w\" sizes=\"auto, (max-width: 2017px) 100vw, 2017px\"> s\u00fcgiskool s\u00f5bralikult koos\u00a0<strong>virtuaalselt<\/strong>, 25.-26. septembril 2020. \u00dchis\u00fcrituse teemaks oli \u201cTIHEDALT KOOSELAMISE TEOORIA\u201d.\n<\/p>\n<p style=\"text-align: justify\">\n\tVirtuaalse \u00fchiskooli l\u00f5petuseks toimus 26. septembril T\u00dc geoloogia osakonna ja Viisu k\u00fclaseltsi koost\u00f6\u00f6s, Viisu m\u00f5isapargis, m\u00e4lestuskivi avamine Moritz von Engelhardtile \u2013 eesti esimesele mineraloogiaprofessorile.<br>Ettekannete salvestused:\u00a0<a href=\"https:\/\/videosild.emu.ee\/playback\/presentation\/2.0\/playback.html?meetingId=414d41ae917c2a630078bec1d0b67bf0a39fb60e-1601019089848\">1. p\u00e4ev<\/a>,\u00a0<a href=\"https:\/\/videosild.emu.ee\/playback\/presentation\/2.0\/playback.html?meetingId=414d41ae917c2a630078bec1d0b67bf0a39fb60e-1601100339806\">2. p\u00e4ev<\/a>\n<\/p>\n<p style=\"text-align: justify\">\n\t\u00a0\n<\/p>\n<p style=\"text-align: justify\">\n\tMeenutused R\u00f5stla karj\u00e4\u00e4rist ja Viisu k\u00fclast\u00a0<a href=\"https:\/\/drive.google.com\/drive\/folders\/1D-Gexib9xo8h7T2w6U2sXURtRMQ6vBPO?usp=sharing\">siit<\/a>.<\/p>\n","protected":false},"excerpt":{"rendered":"<p>\u00a0 Seekord toimusid XLVI Teoreetilise Bioloogia kevadkool ning XVI Geoloogia s\u00fcgiskool s\u00f5bralikult koos\u00a0virtuaalselt, 25.-26. septembril 2020. \u00dchis\u00fcrituse teemaks oli \u201cTIHEDALT KOOSELAMISE TEOORIA\u201d. Virtuaalse \u00fchiskooli l\u00f5petuseks toimus 26. septembril T\u00dc geoloogia osakonna ja Viisu k\u00fclaseltsi koost\u00f6\u00f6s, Viisu m\u00f5isapargis, m\u00e4lestuskivi avamine Moritz &#8230;<\/p>\n","protected":false},"author":219,"featured_media":0,"parent":0,"menu_order":0,"comment_status":"closed","ping_status":"closed","template":"","meta":{"_acf_changed":false,"inline_featured_image":false,"footnotes":""},"class_list":["post-24","page","type-page","status-publish","hentry"],"acf":[],"_links":{"self":[{"href":"https:\/\/sisu.ut.ee\/sygiskool\/wp-json\/wp\/v2\/pages\/24","targetHints":{"allow":["GET"]}}],"collection":[{"href":"https:\/\/sisu.ut.ee\/sygiskool\/wp-json\/wp\/v2\/pages"}],"about":[{"href":"https:\/\/sisu.ut.ee\/sygiskool\/wp-json\/wp\/v2\/types\/page"}],"author":[{"embeddable":true,"href":"https:\/\/sisu.ut.ee\/sygiskool\/wp-json\/wp\/v2\/users\/219"}],"replies":[{"embeddable":true,"href":"https:\/\/sisu.ut.ee\/sygiskool\/wp-json\/wp\/v2\/comments?post=24"}],"version-history":[{"count":1,"href":"https:\/\/sisu.ut.ee\/sygiskool\/wp-json\/wp\/v2\/pages\/24\/revisions"}],"predecessor-version":[{"id":420,"href":"https:\/\/sisu.ut.ee\/sygiskool\/wp-json\/wp\/v2\/pages\/24\/revisions\/420"}],"wp:attachment":[{"href":"https:\/\/sisu.ut.ee\/sygiskool\/wp-json\/wp\/v2\/media?parent=24"}],"curies":[{"name":"wp","href":"https:\/\/api.w.org\/{rel}","templated":true}]}}