{"id":21,"date":"2024-04-04T06:17:21","date_gmt":"2024-04-04T03:17:21","guid":{"rendered":"https:\/\/sisu.ut.ee\/sygiskool\/xvii-sugiskooli-ajakava\/"},"modified":"2024-04-04T06:24:24","modified_gmt":"2024-04-04T03:24:24","slug":"xvii-sugiskooli-ajakava","status":"publish","type":"page","link":"https:\/\/sisu.ut.ee\/sygiskool\/xvii-sugiskooli-ajakava\/","title":{"rendered":"XVII s\u00fcgiskooli ajakava"},"content":{"rendered":"<p>\n\t<b>VAATAME EDASI!\u00a0<\/b>\n<\/p>\n<p>\n\t<b>XVI Geoloogia s\u00fcgiskool<\/b>\u00a0leiab aset\u00a0<b>17. septembril Tartus, Emaj\u00f5e Lodjakojas.<\/b><br>Programm ja ajakava on j\u00e4rgnev:\n<\/p>\n<p>\n\t\u00a0\n<\/p>\n<p>\n\t<strong>Aeg\u2003\u2003\u2003\u2003\u2003\u2003Esineja\/tegevus<\/strong><br>10:45 \u2013 11:15 \u2003\u2003Kogunemine ja tervituskohv<br>11:15 \u2013 11:20 \u2003\u2003Avas\u00f5nad<br>11:20 \u2013 11:40 \u2003\u2003Stefi Guitor (doktorant, T\u00dc)<br>11:40 \u2013 12:00 \u2003\u2003Kaidi Sarv (doktorant, T\u00dc)<br>12:00 \u2013 12:20 \u2003\u2003Vesta Kaljuste (doktorant, TalTech)<br>12:20 \u2013 12:40 \u2003\u2003Kaarel Lumiste (doktorant, T\u00dc)<br>12:40 \u2013 13:40 \u2003\u2003L\u00d5UNA<br>13:40 \u2013 14:00 \u2003\u2003Raul Paat (doktorant, T\u00dc)<br>14:00 \u2013 14:20 \u2003\u2003Tiina Harak (tudeng, T\u00dc)<br>14:20 \u2013 14:40 \u2003\u2003Aleks Strazdin (doktorant, TalTech)<br>14:40 \u2013 15:00 \u2003\u2003Markus Ausmeel (tudeng, T\u00dc)<br>15:00 \u2013 15:30 \u2003\u2003KOHVIPAUS<br>15:30 \u2013 18:00 \u2003\u2003Ekskursioon \u201eTartu linna geoloogilised saladused\u201c<br>18:00 \u2013 18:30 \u2003\u2003Kogunemine uuesti Lodjakojas<br>18:30 \u2013 19:30 \u2003\u2003\u00d5HTUS\u00d6\u00d6K<br>19:30 \u2013 21:00 \u2003\u2003\u00d5htune programm ja paneeldiskussioon<br>19:30 \u2013 00:00\u00a0 \u00a0 \u00a0 \u00a0 \u00a0 \u00a0Saun on soe!<\/p>\n","protected":false},"excerpt":{"rendered":"<p>VAATAME EDASI!\u00a0 XVI Geoloogia s\u00fcgiskool\u00a0leiab aset\u00a017. septembril Tartus, Emaj\u00f5e Lodjakojas.Programm ja ajakava on j\u00e4rgnev: \u00a0 Aeg\u2003\u2003\u2003\u2003\u2003\u2003Esineja\/tegevus10:45 \u2013 11:15 \u2003\u2003Kogunemine ja tervituskohv11:15 \u2013 11:20 \u2003\u2003Avas\u00f5nad11:20 \u2013 11:40 \u2003\u2003Stefi Guitor (doktorant, T\u00dc)11:40 \u2013 12:00 \u2003\u2003Kaidi Sarv (doktorant, T\u00dc)12:00 \u2013 12:20 \u2003\u2003Vesta Kaljuste &#8230;<\/p>\n","protected":false},"author":219,"featured_media":0,"parent":0,"menu_order":0,"comment_status":"closed","ping_status":"closed","template":"","meta":{"_acf_changed":false,"inline_featured_image":false,"footnotes":""},"class_list":["post-21","page","type-page","status-publish","hentry"],"acf":[],"_links":{"self":[{"href":"https:\/\/sisu.ut.ee\/sygiskool\/wp-json\/wp\/v2\/pages\/21","targetHints":{"allow":["GET"]}}],"collection":[{"href":"https:\/\/sisu.ut.ee\/sygiskool\/wp-json\/wp\/v2\/pages"}],"about":[{"href":"https:\/\/sisu.ut.ee\/sygiskool\/wp-json\/wp\/v2\/types\/page"}],"author":[{"embeddable":true,"href":"https:\/\/sisu.ut.ee\/sygiskool\/wp-json\/wp\/v2\/users\/219"}],"replies":[{"embeddable":true,"href":"https:\/\/sisu.ut.ee\/sygiskool\/wp-json\/wp\/v2\/comments?post=21"}],"version-history":[{"count":1,"href":"https:\/\/sisu.ut.ee\/sygiskool\/wp-json\/wp\/v2\/pages\/21\/revisions"}],"predecessor-version":[{"id":423,"href":"https:\/\/sisu.ut.ee\/sygiskool\/wp-json\/wp\/v2\/pages\/21\/revisions\/423"}],"wp:attachment":[{"href":"https:\/\/sisu.ut.ee\/sygiskool\/wp-json\/wp\/v2\/media?parent=21"}],"curies":[{"name":"wp","href":"https:\/\/api.w.org\/{rel}","templated":true}]}}